{"id":48097,"date":"2026-05-12T06:28:55","date_gmt":"2026-05-12T06:28:55","guid":{"rendered":"https:\/\/www.hgi-cgs.hr\/?page_id=48097"},"modified":"2026-05-12T06:46:55","modified_gmt":"2026-05-12T06:46:55","slug":"godisnja-nagrada-mladim-znanstvenicima-i-umjetnicima-drustva-sveucilisnih-nastavnika-i-drugih-znanstvenika-u-zagrebu-te-prijem-kod-predsjednika-republike-zorana-milanovica","status":"publish","type":"page","link":"https:\/\/www.hgi-cgs.hr\/en\/godisnja-nagrada-mladim-znanstvenicima-i-umjetnicima-drustva-sveucilisnih-nastavnika-i-drugih-znanstvenika-u-zagrebu-te-prijem-kod-predsjednika-republike-zorana-milanovica\/","title":{"rendered":"Godi\u0161nja nagrada mladim znanstvenicima i umjetnicima Dru\u0161tva sveu\u010dili\u0161nih nastavnika i drugih znanstvenika u Zagrebu te prijem kod Predsjednika Republike Zorana Milanovi\u0107a"},"content":{"rendered":"<p>[et_pb_section fb_built=&#8221;1&#8243; _builder_version=&#8221;4.24.3&#8243; _module_preset=&#8221;default&#8221; global_colors_info=&#8221;{}&#8221; theme_builder_area=&#8221;post_content&#8221; custom_padding=&#8221;||55px|||&#8221;][et_pb_row _builder_version=&#8221;4.24.3&#8243; _module_preset=&#8221;default&#8221; global_colors_info=&#8221;{}&#8221; theme_builder_area=&#8221;post_content&#8221;][et_pb_column type=&#8221;4_4&#8243; _builder_version=&#8221;4.24.3&#8243; _module_preset=&#8221;default&#8221; global_colors_info=&#8221;{}&#8221; theme_builder_area=&#8221;post_content&#8221;][et_pb_text _builder_version=&#8221;4.27.4&#8243; text_font_size=&#8221;32px&#8221; header_2_text_color=&#8221;#1e5096&#8243; locked=&#8221;off&#8221; global_colors_info=&#8221;{}&#8221; theme_builder_area=&#8221;post_content&#8221;]<\/p>\n<h2 style=\"text-align: center; color: #1e5096;\"><strong>NOVOSTI<br \/><\/strong><\/h2>\n<p>[\/et_pb_text][et_pb_text _builder_version=&#8221;4.27.6&#8243; text_font_size=&#8221;32px&#8221; header_2_text_color=&#8221;#1e5096&#8243; header_2_line_height=&#8221;1.3em&#8221; custom_margin=&#8221;||17px|||&#8221; hover_enabled=&#8221;0&#8243; locked=&#8221;off&#8221; global_colors_info=&#8221;{}&#8221; theme_builder_area=&#8221;post_content&#8221; sticky_enabled=&#8221;0&#8243;]<\/p>\n<h2 style=\"text-align: center; color: #1e5096;\"><strong><span>Godi\u0161nja nagrada mladim znanstvenicima i umjetnicima Dru\u0161tva sveu\u010dili\u0161nih nastavnika i drugih znanstvenika u Zagrebu te prijem kod Predsjednika Republike Zorana Milanovi\u0107a<\/span><\/strong><\/h2>\n<p>[\/et_pb_text][et_pb_text _builder_version=&#8221;4.27.6&#8243; _module_preset=&#8221;default&#8221; custom_margin=&#8221;45px||45px|||&#8221; hover_enabled=&#8221;0&#8243; locked=&#8221;off&#8221; global_colors_info=&#8221;{}&#8221; theme_builder_area=&#8221;post_content&#8221; sticky_enabled=&#8221;0&#8243;]<\/p>\n<p><span>Sve\u010dana ceremonija dodjele Godi\u0161nje nagrade mladim znanstvenicima i umjetnicima Dru\u0161tva sveu\u010dili\u0161nih nastavnika i drugih znanstvenika odr\u017eana je 23. travnja 2026. godine u Zagrebu u prostorijama Dru\u0161tva (Frankopanska 5a). Ove se godine na natje\u010daj za nagradu prijavilo 27 kandidata, a odlukom recenzenata odabrano je 10 najboljih radova, devetero iz podru\u010dja znanosti i jedna na podru\u010dju umjetnosti. Me\u0111u ovogodi\u0161njim laureatima je i dr. sc. Natalia Smrkulj, znanstvena suradnica sa Zavoda za mineralne sirovine i marinsku geologiju, Hrvatskog geolo\u0161kog instituta s nagra\u0111enim radom pod naslovom \u201eHolocene paleoenvironmental changes recorded in the sediments of the karst Krka River estuary (eastern Adriatic coast, Croatia)\u201c, koji je objavila 2025. godine u \u010dasopisu Catena s koautorima, a pod mentorstvom dr. sc. Slobodana Mike.<\/span><\/p>\n<p><span>Predsjednik Republike Zoran Milanovi\u0107 primio je 7.5.2026. laureate godi\u0161njih nagrada Dru\u0161tva sveu\u010dili\u0161nih nastavnika i drugih znanstvenika te \u010dlanove Dru\u0161tva. Dobitnici nagrada predstavili su predsjedniku svoja istra\u017eivanja za koja su nagra\u0111eni, a na \u010demu im je Predsjednik \u010destitao te zahvalio Dru\u0161tvu sveu\u010dili\u0161nih nastavnika i drugih znanstvenika \u0161to na takav na\u010din poti\u010de rad mladih znanstvenika.<\/span><\/p>\n<p>[\/et_pb_text][\/et_pb_column][\/et_pb_row][et_pb_row _builder_version=&#8221;4.27.5&#8243; _module_preset=&#8221;default&#8221; global_colors_info=&#8221;{}&#8221; theme_builder_area=&#8221;post_content&#8221;][et_pb_column type=&#8221;4_4&#8243; _builder_version=&#8221;4.27.5&#8243; _module_preset=&#8221;default&#8221; global_colors_info=&#8221;{}&#8221; theme_builder_area=&#8221;post_content&#8221;][et_pb_image src=&#8221;https:\/\/www.hgi-cgs.hr\/wp-content\/uploads\/2026\/05\/DSC_4902-1-scaled.jpg&#8221; _builder_version=&#8221;4.27.6&#8243; _module_preset=&#8221;default&#8221; theme_builder_area=&#8221;post_content&#8221; title_text=&#8221;DSC_4902&#8243; width=&#8221;56%&#8221; align=&#8221;center&#8221; border_radii=&#8221;on|5px|5px|5px|5px&#8221; box_shadow_style=&#8221;preset1&#8243; box_shadow_blur=&#8221;15px&#8221; hover_enabled=&#8221;0&#8243; sticky_enabled=&#8221;0&#8243;][\/et_pb_image][et_pb_text _builder_version=&#8221;4.27.6&#8243; _module_preset=&#8221;default&#8221; text_font_size=&#8221;12px&#8221; custom_margin=&#8221;-20px||||false|false&#8221; custom_padding=&#8221;0px||||false|false&#8221; hover_enabled=&#8221;0&#8243; global_colors_info=&#8221;{}&#8221; theme_builder_area=&#8221;post_content&#8221; sticky_enabled=&#8221;0&#8243;]<\/p>\n<p style=\"text-align: center;\"><em>Dobitnici Godi\u0161nje nagrade mladim znanstvenicima i umjetnicima \/ Lara Kne\u017eevi\u0107.<\/em><\/p>\n<p>[\/et_pb_text][\/et_pb_column][\/et_pb_row][et_pb_row column_structure=&#8221;1_2,1_2&#8243; _builder_version=&#8221;4.27.4&#8243; _module_preset=&#8221;default&#8221; global_colors_info=&#8221;{}&#8221; theme_builder_area=&#8221;post_content&#8221;][et_pb_column type=&#8221;1_2&#8243; _builder_version=&#8221;4.27.4&#8243; _module_preset=&#8221;default&#8221; global_colors_info=&#8221;{}&#8221; theme_builder_area=&#8221;post_content&#8221;][et_pb_image src=&#8221;https:\/\/www.hgi-cgs.hr\/wp-content\/uploads\/2026\/05\/predsjednik-milanovi-primio-mlade-znanstvenike-i-umjetnike-dobitnike-godinjih-nagrada-drutva-sveuilinih-nastavnika_55255164725_o-scaled.jpg&#8221; alt=&#8221;Sudionici tijekom panel rasprave o Odr\u017eivom gospodarenju mineralnim sirovinama u RH na skupu Mineral Forum 2025.&#8221; title_text=&#8221;predsjednik-milanovi-primio-mlade-znanstvenike-i-umjetnike-dobitnike-godinjih-nagrada-drutva-sveuilinih-nastavnika_55255164725_o&#8221; show_in_lightbox=&#8221;on&#8221; show_bottom_space=&#8221;off&#8221; _builder_version=&#8221;4.27.6&#8243; _module_preset=&#8221;default&#8221; hover_enabled=&#8221;0&#8243; global_colors_info=&#8221;{}&#8221; theme_builder_area=&#8221;post_content&#8221; width=&#8221;100%&#8221; border_radii=&#8221;on|5px|5px|5px|5px&#8221; box_shadow_style=&#8221;preset1&#8243; box_shadow_blur=&#8221;15px&#8221; sticky_enabled=&#8221;0&#8243;][\/et_pb_image][et_pb_text _builder_version=&#8221;4.27.6&#8243; _module_preset=&#8221;default&#8221; theme_builder_area=&#8221;post_content&#8221; text_font_size=&#8221;13px&#8221; text_orientation=&#8221;center&#8221; hover_enabled=&#8221;0&#8243; sticky_enabled=&#8221;0&#8243; custom_margin=&#8221;10px||||false|false&#8221;]<\/p>\n<p><em>FOTO: Ured predsjednika Republike Hrvatske \/ Dario Andri\u0161ek.<\/em><\/p>\n<p>[\/et_pb_text][\/et_pb_column][et_pb_column type=&#8221;1_2&#8243; _builder_version=&#8221;4.27.4&#8243; _module_preset=&#8221;default&#8221; global_colors_info=&#8221;{}&#8221; theme_builder_area=&#8221;post_content&#8221;][et_pb_image src=&#8221;https:\/\/www.hgi-cgs.hr\/wp-content\/uploads\/2026\/05\/predsjednik-milanovi-primio-mlade-znanstvenike-i-umjetnike-dobitnike-godinjih-nagrada-drutva-sveuilinih-nastavnika_55255164680_o-scaled.jpg&#8221; alt=&#8221;Sudionici tijekom panel rasprave o Odr\u017eivom gospodarenju mineralnim sirovinama u RH na skupu Mineral Forum 2025.&#8221; title_text=&#8221;predsjednik-milanovi-primio-mlade-znanstvenike-i-umjetnike-dobitnike-godinjih-nagrada-drutva-sveuilinih-nastavnika_55255164680_o&#8221; show_in_lightbox=&#8221;on&#8221; show_bottom_space=&#8221;off&#8221; _builder_version=&#8221;4.27.6&#8243; _module_preset=&#8221;default&#8221; hover_enabled=&#8221;0&#8243; global_colors_info=&#8221;{}&#8221; theme_builder_area=&#8221;post_content&#8221; width=&#8221;100%&#8221; border_radii=&#8221;on|5px|5px|5px|5px&#8221; box_shadow_style=&#8221;preset1&#8243; box_shadow_blur=&#8221;15px&#8221; sticky_enabled=&#8221;0&#8243;][\/et_pb_image][et_pb_text _builder_version=&#8221;4.27.6&#8243; _module_preset=&#8221;default&#8221; theme_builder_area=&#8221;post_content&#8221; text_font_size=&#8221;13px&#8221; text_orientation=&#8221;center&#8221; hover_enabled=&#8221;0&#8243; sticky_enabled=&#8221;0&#8243; custom_margin=&#8221;10px||||false|false&#8221;]<\/p>\n<p><em>FOTO: Ured predsjednika Republike Hrvatske \/ Dario Andri\u0161ek.<\/em><\/p>\n<p>[\/et_pb_text][\/et_pb_column][\/et_pb_row][\/et_pb_section]<\/p>\n","protected":false},"excerpt":{"rendered":"<p>NOVOSTIGodi\u0161nja nagrada mladim znanstvenicima i umjetnicima Dru\u0161tva sveu\u010dili\u0161nih nastavnika i drugih znanstvenika u Zagrebu te prijem kod Predsjednika Republike Zorana Milanovi\u0107aSve\u010dana ceremonija dodjele Godi\u0161nje nagrade mladim znanstvenicima i umjetnicima Dru\u0161tva sveu\u010dili\u0161nih nastavnika i drugih znanstvenika odr\u017eana je 23. travnja 2026. godine u Zagrebu u prostorijama Dru\u0161tva (Frankopanska 5a). Ove se godine na natje\u010daj za nagradu [&hellip;]<\/p>\n","protected":false},"author":1,"featured_media":0,"parent":0,"menu_order":0,"comment_status":"closed","ping_status":"closed","template":"","meta":{"_et_pb_use_builder":"on","_et_pb_old_content":"","_et_gb_content_width":"","footnotes":""},"class_list":["post-48097","page","type-page","status-publish","hentry"],"aioseo_notices":[],"_links":{"self":[{"href":"https:\/\/www.hgi-cgs.hr\/en\/wp-json\/wp\/v2\/pages\/48097","targetHints":{"allow":["GET"]}}],"collection":[{"href":"https:\/\/www.hgi-cgs.hr\/en\/wp-json\/wp\/v2\/pages"}],"about":[{"href":"https:\/\/www.hgi-cgs.hr\/en\/wp-json\/wp\/v2\/types\/page"}],"author":[{"embeddable":true,"href":"https:\/\/www.hgi-cgs.hr\/en\/wp-json\/wp\/v2\/users\/1"}],"replies":[{"embeddable":true,"href":"https:\/\/www.hgi-cgs.hr\/en\/wp-json\/wp\/v2\/comments?post=48097"}],"version-history":[{"count":3,"href":"https:\/\/www.hgi-cgs.hr\/en\/wp-json\/wp\/v2\/pages\/48097\/revisions"}],"predecessor-version":[{"id":48105,"href":"https:\/\/www.hgi-cgs.hr\/en\/wp-json\/wp\/v2\/pages\/48097\/revisions\/48105"}],"wp:attachment":[{"href":"https:\/\/www.hgi-cgs.hr\/en\/wp-json\/wp\/v2\/media?parent=48097"}],"curies":[{"name":"wp","href":"https:\/\/api.w.org\/{rel}","templated":true}]}}