{"id":47572,"date":"2026-02-12T07:04:49","date_gmt":"2026-02-12T07:04:49","guid":{"rendered":"https:\/\/www.hgi-cgs.hr\/?page_id=47572"},"modified":"2026-02-12T07:46:18","modified_gmt":"2026-02-12T07:46:18","slug":"odrzan-treci-projekni-sastanak-projekta-iaea-tc-rer-7017","status":"publish","type":"page","link":"https:\/\/www.hgi-cgs.hr\/en\/odrzan-treci-projekni-sastanak-projekta-iaea-tc-rer-7017\/","title":{"rendered":"Odr\u017ean tre\u0107i projekni sastanak projekta IAEA TC RER 7017"},"content":{"rendered":"<p>[et_pb_section fb_built=&#8221;1&#8243; _builder_version=&#8221;4.24.3&#8243; _module_preset=&#8221;default&#8221; global_colors_info=&#8221;{}&#8221; theme_builder_area=&#8221;post_content&#8221;][et_pb_row _builder_version=&#8221;4.24.3&#8243; _module_preset=&#8221;default&#8221; global_colors_info=&#8221;{}&#8221; theme_builder_area=&#8221;post_content&#8221;][et_pb_column type=&#8221;4_4&#8243; _builder_version=&#8221;4.24.3&#8243; _module_preset=&#8221;default&#8221; global_colors_info=&#8221;{}&#8221; theme_builder_area=&#8221;post_content&#8221;][et_pb_text _builder_version=&#8221;4.27.4&#8243; text_font_size=&#8221;32px&#8221; header_2_text_color=&#8221;#1e5096&#8243; locked=&#8221;off&#8221; global_colors_info=&#8221;{}&#8221; theme_builder_area=&#8221;post_content&#8221;]<\/p>\n<h2 style=\"text-align: center; color: #1e5096;\"><strong>NOVOSTI<br \/><\/strong><\/h2>\n<p>[\/et_pb_text][et_pb_text _builder_version=&#8221;4.27.5&#8243; text_font_size=&#8221;32px&#8221; header_2_text_color=&#8221;#1e5096&#8243; header_2_line_height=&#8221;1.3em&#8221; custom_margin=&#8221;||17px|||&#8221; hover_enabled=&#8221;0&#8243; locked=&#8221;off&#8221; global_colors_info=&#8221;{}&#8221; theme_builder_area=&#8221;post_content&#8221; sticky_enabled=&#8221;0&#8243;]<\/p>\n<h2 style=\"text-align: center; color: #1e5096;\"><strong>Odr\u017ean tre\u0107i projekni sastanak projekta IAEA TC RER 7017\u00a0<\/strong><\/h2>\n<p>[\/et_pb_text][et_pb_text _builder_version=&#8221;4.27.5&#8243; _module_preset=&#8221;default&#8221; custom_margin=&#8221;45px||45px|||&#8221; hover_enabled=&#8221;0&#8243; locked=&#8221;off&#8221; global_colors_info=&#8221;{}&#8221; theme_builder_area=&#8221;post_content&#8221; sticky_enabled=&#8221;0&#8243;]<\/p>\n<p>U razdoblju od 26. do 30. sije\u010dnja 2026. godine odr\u017ean je 3. koordinacijski sastank projekta RER7017u sjedi\u0161tu Me\u0111unarodne agencije za atomsku energiju nam kojem je sudjelovala dr. Tamara Markovi\u0107, djelatnica Hrvatski geolo\u0161ki institut (HGI), kao jedna od hrvatskih predstavnica na projektu. Tijekom sastanka predstavljeni su dosada\u0161nji rezultati projekta, razmijenjena iskustva me\u0111u sudionicima te definirane aktivnosti za nastavak provedbe projekta.<\/p>\n<p>Projekt RER7017 okuplja 29 zemalja Europe i Srednje Azije te je usmjeren na primjenu izotopne hidrologije u istra\u017eivanju i upravljanju vodnim resursima u uvjetima klimatskih promjena, s posebnim naglaskom na prekograni\u010dnu suradnju i prijenos znanja.<\/p>\n<p>[\/et_pb_text][\/et_pb_column][\/et_pb_row][et_pb_row column_structure=&#8221;1_2,1_2&#8243; _builder_version=&#8221;4.27.4&#8243; _module_preset=&#8221;default&#8221; custom_margin=&#8221;||0px||false|false&#8221; global_colors_info=&#8221;{}&#8221; theme_builder_area=&#8221;post_content&#8221;][et_pb_column type=&#8221;1_2&#8243; _builder_version=&#8221;4.27.4&#8243; _module_preset=&#8221;default&#8221; global_colors_info=&#8221;{}&#8221; theme_builder_area=&#8221;post_content&#8221;][et_pb_image src=&#8221;http:\/\/www.hgi-cgs.hr\/wp-content\/uploads\/2026\/02\/RER7017-1-scaled.jpg&#8221; alt=&#8221;Dr. sc. Slobodan Miko tijekom izlaganja na skupu Mineral Forum 2025.&#8221; title_text=&#8221;RER7017 (1)&#8221; show_in_lightbox=&#8221;on&#8221; show_bottom_space=&#8221;off&#8221; force_fullwidth=&#8221;on&#8221; _builder_version=&#8221;4.27.5&#8243; _module_preset=&#8221;default&#8221; hover_enabled=&#8221;0&#8243; global_colors_info=&#8221;{}&#8221; theme_builder_area=&#8221;post_content&#8221; sticky_enabled=&#8221;0&#8243;][\/et_pb_image][\/et_pb_column][et_pb_column type=&#8221;1_2&#8243; _builder_version=&#8221;4.27.4&#8243; _module_preset=&#8221;default&#8221; global_colors_info=&#8221;{}&#8221; theme_builder_area=&#8221;post_content&#8221;][et_pb_image src=&#8221;http:\/\/www.hgi-cgs.hr\/wp-content\/uploads\/2026\/02\/IMG-9841b7d70a139c85e00302d71ed3cd07-V.jpg&#8221; alt=&#8221;Erli Kova\u010devi\u0107 Galovi\u0107 tijekom izlaganja na skupu Mineral Forum 2025.&#8221; title_text=&#8221;IMG-9841b7d70a139c85e00302d71ed3cd07-V&#8221; show_in_lightbox=&#8221;on&#8221; show_bottom_space=&#8221;off&#8221; _builder_version=&#8221;4.27.5&#8243; _module_preset=&#8221;default&#8221; width=&#8221;89%&#8221; hover_enabled=&#8221;0&#8243; global_colors_info=&#8221;{}&#8221; theme_builder_area=&#8221;post_content&#8221; sticky_enabled=&#8221;0&#8243;][\/et_pb_image][\/et_pb_column][\/et_pb_row][et_pb_row _builder_version=&#8221;4.27.4&#8243; _module_preset=&#8221;default&#8221; global_colors_info=&#8221;{}&#8221; theme_builder_area=&#8221;post_content&#8221; custom_margin=&#8221;|auto|102px|auto||&#8221;][et_pb_column type=&#8221;4_4&#8243; _builder_version=&#8221;4.27.4&#8243; _module_preset=&#8221;default&#8221; global_colors_info=&#8221;{}&#8221; theme_builder_area=&#8221;post_content&#8221;][et_pb_image src=&#8221;http:\/\/www.hgi-cgs.hr\/wp-content\/uploads\/2026\/02\/IMG-f4bfbfec58cb9356b1f3a4da5403c73b-V.jpg&#8221; alt=&#8221;Sudionici tijekom panel rasprave o Odr\u017eivom gospodarenju mineralnim sirovinama u RH na skupu Mineral Forum 2025.&#8221; title_text=&#8221;IMG-f4bfbfec58cb9356b1f3a4da5403c73b-V&#8221; show_in_lightbox=&#8221;on&#8221; show_bottom_space=&#8221;off&#8221; _builder_version=&#8221;4.27.5&#8243; _module_preset=&#8221;default&#8221; hover_enabled=&#8221;0&#8243; global_colors_info=&#8221;{}&#8221; theme_builder_area=&#8221;post_content&#8221; align=&#8221;center&#8221; min_height=&#8221;333px&#8221; width=&#8221;36%&#8221; sticky_enabled=&#8221;0&#8243;][\/et_pb_image][\/et_pb_column][\/et_pb_row][\/et_pb_section]<\/p>\n","protected":false},"excerpt":{"rendered":"<p>NOVOSTIOdr\u017ean tre\u0107i projekni sastanak projekta IAEA TC RER 7017\u00a0U razdoblju od 26. do 30. sije\u010dnja 2026. godine odr\u017ean je 3. koordinacijski sastank projekta RER7017u sjedi\u0161tu Me\u0111unarodne agencije za atomsku energiju nam kojem je sudjelovala dr. Tamara Markovi\u0107, djelatnica Hrvatski geolo\u0161ki institut (HGI), kao jedna od hrvatskih predstavnica na projektu. Tijekom sastanka predstavljeni su dosada\u0161nji rezultati [&hellip;]<\/p>\n","protected":false},"author":1,"featured_media":0,"parent":0,"menu_order":0,"comment_status":"closed","ping_status":"closed","template":"","meta":{"_et_pb_use_builder":"on","_et_pb_old_content":"","_et_gb_content_width":"","footnotes":""},"class_list":["post-47572","page","type-page","status-publish","hentry"],"aioseo_notices":[],"_links":{"self":[{"href":"https:\/\/www.hgi-cgs.hr\/en\/wp-json\/wp\/v2\/pages\/47572","targetHints":{"allow":["GET"]}}],"collection":[{"href":"https:\/\/www.hgi-cgs.hr\/en\/wp-json\/wp\/v2\/pages"}],"about":[{"href":"https:\/\/www.hgi-cgs.hr\/en\/wp-json\/wp\/v2\/types\/page"}],"author":[{"embeddable":true,"href":"https:\/\/www.hgi-cgs.hr\/en\/wp-json\/wp\/v2\/users\/1"}],"replies":[{"embeddable":true,"href":"https:\/\/www.hgi-cgs.hr\/en\/wp-json\/wp\/v2\/comments?post=47572"}],"version-history":[{"count":3,"href":"https:\/\/www.hgi-cgs.hr\/en\/wp-json\/wp\/v2\/pages\/47572\/revisions"}],"predecessor-version":[{"id":47579,"href":"https:\/\/www.hgi-cgs.hr\/en\/wp-json\/wp\/v2\/pages\/47572\/revisions\/47579"}],"wp:attachment":[{"href":"https:\/\/www.hgi-cgs.hr\/en\/wp-json\/wp\/v2\/media?parent=47572"}],"curies":[{"name":"wp","href":"https:\/\/api.w.org\/{rel}","templated":true}]}}