{"id":47526,"date":"2026-02-06T08:00:47","date_gmt":"2026-02-06T08:00:47","guid":{"rendered":"https:\/\/www.hgi-cgs.hr\/?page_id=47526"},"modified":"2026-05-11T11:23:20","modified_gmt":"2026-05-11T11:23:20","slug":"nastavak-paleolimnoloskih-istrazivanja-u-nacionalnom-parku-krka","status":"publish","type":"page","link":"https:\/\/www.hgi-cgs.hr\/en\/nastavak-paleolimnoloskih-istrazivanja-u-nacionalnom-parku-krka\/","title":{"rendered":"Ongoing paleolimnological research in Krka National Park"},"content":{"rendered":"<p>[et_pb_section fb_built=&#8221;1&#8243; _builder_version=&#8221;4.24.3&#8243; _module_preset=&#8221;default&#8221; global_colors_info=&#8221;{}&#8221;][et_pb_row _builder_version=&#8221;4.24.3&#8243; _module_preset=&#8221;default&#8221; global_colors_info=&#8221;{}&#8221;][et_pb_column type=&#8221;4_4&#8243; _builder_version=&#8221;4.24.3&#8243; _module_preset=&#8221;default&#8221; global_colors_info=&#8221;{}&#8221;][et_pb_text _builder_version=&#8221;4.27.4&#8243; text_font_size=&#8221;32px&#8221; header_2_text_color=&#8221;#1e5096&#8243; locked=&#8221;off&#8221; global_colors_info=&#8221;{}&#8221;]<\/p>\n<h2 style=\"text-align: center; color: #1e5096;\"><strong>NOVOSTI<br \/><\/strong><\/h2>\n<p>[\/et_pb_text][et_pb_image src=&#8221;http:\/\/www.hgi-cgs.hr\/wp-content\/uploads\/2026\/02\/naslovnica-scaled.jpg&#8221; alt=&#8221;Dr. sc. Slobodan Miko tijekom izlaganja na skupu Mineral Forum 2025.&#8221; title_text=&#8221;naslovnica&#8221; show_in_lightbox=&#8221;on&#8221; show_bottom_space=&#8221;off&#8221; align=&#8221;center&#8221; _builder_version=&#8221;4.27.5&#8243; _module_preset=&#8221;default&#8221; width=&#8221;48%&#8221; custom_margin=&#8221;||20px||false|false&#8221; global_colors_info=&#8221;{}&#8221;][\/et_pb_image][et_pb_text _builder_version=&#8221;4.27.5&#8243; text_font_size=&#8221;32px&#8221; header_2_text_color=&#8221;#1e5096&#8243; header_2_line_height=&#8221;1.3em&#8221; custom_margin=&#8221;||17px|||&#8221; locked=&#8221;off&#8221; global_colors_info=&#8221;{}&#8221;]<\/p>\n<h2 style=\"text-align: center; color: #1e5096;\"><strong>Nastavak paleolimnolo\u0161kih istra\u017eivanja u Nacionalnom parku Krka<\/strong><\/h2>\n<p>[\/et_pb_text][et_pb_text _builder_version=&#8221;4.27.5&#8243; _module_preset=&#8221;default&#8221; custom_margin=&#8221;45px||45px|||&#8221; locked=&#8221;off&#8221; global_colors_info=&#8221;{}&#8221;]<\/p>\n<p>Tijekom 2025. godine zapo\u010dela su paleolimnolo\u0161ka istra\u017eivanja na prostoru Nacionalnog parka Krka, na lokacijama koje do sada nisu bila obuhva\u0107ene sustavnim istra\u017eivanjima. Istra\u017eivanja su provedena na dijelu toka rijeke Krke od Ro\u0161kog slapa do manastira Krka, kao i na donjem toku rijeke Krke od Skradinskog buka do Skradina. Djelatnici Zavoda za mineralne sirovine i marinsku geologiju proveli su snimanja dna i potpovr\u0161ine rijeke Krke primjenom vi\u0161esnopnog i geolo\u0161kog dubinomjera, na oba istra\u017eivana podru\u010dja. Izbu\u0161ene su jezgre sedimenata u ujezerenom dijelu nizvodno od Skradinskog buka, te u mo\u010dvarnom podru\u010dju Rit kod manastira Krka, u blizini Kistanja. Unutar samog kompleksa manastira Krka, utvr\u0111eni su i uzorkovani sedimenti u tzv. katakombama. Manastir Krka predstavlja zna\u010dajan arheolo\u0161ki lokalitet u kanjonu rijeke Krke, na kojem su potvr\u0111eni prapovijesni, anti\u010dki i srednjovjekovni arheolo\u0161ki slojevi. Ispod unutarnjeg dijela manastira, djelomi\u010dno ispod sjeveroisto\u010dnog dijela crkve, nalaze se ranokr\u0161\u0107anske katakombe s nekoliko zabilje\u017eenih grobova. Radi dokumentiranja postoje\u0107eg stanja unutar katakombi provedeno je teresti\u010dko lasersko snimanje, koje su obavili dr. sc. Vlatko Gulam i dr. sc. Tihomir Frangen iz Zavoda za hidrogeologiju i in\u017eenjersku geologiju. Posljednje snimanje na temelju kojeg je izra\u0111en tlocrt katakombi i njihov prostorni polo\u017eaj provedeno je krajem 1980-ih godina. Istra\u017eivanja u manastiru Krka provedena su u suradnji s upraviteljem manastira, Mitropolitom dalmatinskim g. Nikodimom te arheologom dr. sc. Markom Sinobadom. Prikupljeni su novi podaci nu\u017eni za izradu batimetrijske karte ove rijeke, koja \u0107e biti objedinjena s dosada\u0161njim snimljenim dijelovima rijeke Krke i Visova\u010dkog jezera. Analiza jezerskih sedimenata omogu\u0107it \u0107e rekonstrukciju kvartarne evolucije istra\u017eivanog prostora.<\/p>\n<p>[\/et_pb_text][\/et_pb_column][\/et_pb_row][et_pb_row column_structure=&#8221;1_2,1_2&#8243; _builder_version=&#8221;4.27.4&#8243; _module_preset=&#8221;default&#8221; custom_margin=&#8221;||0px||false|false&#8221; global_colors_info=&#8221;{}&#8221;][et_pb_column type=&#8221;1_2&#8243; _builder_version=&#8221;4.27.4&#8243; _module_preset=&#8221;default&#8221; global_colors_info=&#8221;{}&#8221;][et_pb_image src=&#8221;http:\/\/www.hgi-cgs.hr\/wp-content\/uploads\/2026\/02\/1a.jpg&#8221; alt=&#8221;Dr. sc. Slobodan Miko tijekom izlaganja na skupu Mineral Forum 2025.&#8221; title_text=&#8221;1a&#8221; show_bottom_space=&#8221;off&#8221; force_fullwidth=&#8221;on&#8221; _builder_version=&#8221;4.27.6&#8243; _module_preset=&#8221;default&#8221; hover_enabled=&#8221;0&#8243; global_colors_info=&#8221;{}&#8221; sticky_enabled=&#8221;0&#8243;][\/et_pb_image][\/et_pb_column][et_pb_column type=&#8221;1_2&#8243; _builder_version=&#8221;4.27.4&#8243; _module_preset=&#8221;default&#8221; global_colors_info=&#8221;{}&#8221;][et_pb_image src=&#8221;http:\/\/www.hgi-cgs.hr\/wp-content\/uploads\/2026\/02\/1b-scaled.jpg&#8221; alt=&#8221;Erli Kova\u010devi\u0107 Galovi\u0107 tijekom izlaganja na skupu Mineral Forum 2025.&#8221; title_text=&#8221;1b&#8221; show_in_lightbox=&#8221;on&#8221; show_bottom_space=&#8221;off&#8221; _builder_version=&#8221;4.27.5&#8243; _module_preset=&#8221;default&#8221; width=&#8221;75%&#8221; global_colors_info=&#8221;{}&#8221;][\/et_pb_image][\/et_pb_column][\/et_pb_row][et_pb_row _builder_version=&#8221;4.27.5&#8243; _module_preset=&#8221;default&#8221; global_colors_info=&#8221;{}&#8221;][et_pb_column type=&#8221;4_4&#8243; _builder_version=&#8221;4.27.5&#8243; _module_preset=&#8221;default&#8221; global_colors_info=&#8221;{}&#8221;][et_pb_text _builder_version=&#8221;4.27.5&#8243; _module_preset=&#8221;default&#8221; text_font_size=&#8221;12px&#8221; custom_margin=&#8221;0px||||false|false&#8221; custom_padding=&#8221;0px||||false|false&#8221; global_colors_info=&#8221;{}&#8221;]<\/p>\n<p style=\"text-align: center;\">Ure\u0111aji geolo\u0161ki i vi\u0161esnopni dubinomjeri montirani na gumenjak HGI-a tijekom istra\u017eivanja u NP Krka.<\/p>\n<p>[\/et_pb_text][\/et_pb_column][\/et_pb_row][et_pb_row column_structure=&#8221;1_2,1_2&#8243; _builder_version=&#8221;4.27.4&#8243; _module_preset=&#8221;default&#8221; global_colors_info=&#8221;{}&#8221;][et_pb_column type=&#8221;1_2&#8243; _builder_version=&#8221;4.27.4&#8243; _module_preset=&#8221;default&#8221; global_colors_info=&#8221;{}&#8221;][et_pb_image src=&#8221;http:\/\/www.hgi-cgs.hr\/wp-content\/uploads\/2026\/02\/Picture2.jpg&#8221; alt=&#8221;Sudionici tijekom panel rasprave o Odr\u017eivom gospodarenju mineralnim sirovinama u RH na skupu Mineral Forum 2025.&#8221; title_text=&#8221;Picture2&#8243; show_in_lightbox=&#8221;on&#8221; show_bottom_space=&#8221;off&#8221; force_fullwidth=&#8221;on&#8221; _builder_version=&#8221;4.27.5&#8243; _module_preset=&#8221;default&#8221; global_colors_info=&#8221;{}&#8221;][\/et_pb_image][\/et_pb_column][et_pb_column type=&#8221;1_2&#8243; _builder_version=&#8221;4.27.4&#8243; _module_preset=&#8221;default&#8221; global_colors_info=&#8221;{}&#8221;][et_pb_image src=&#8221;http:\/\/www.hgi-cgs.hr\/wp-content\/uploads\/2026\/02\/Picture3.jpg&#8221; alt=&#8221;Sudionici skupa Mineral Forum 2025. dr. sc. Slobodan Miko, Erli Kova\u010devi\u0107 Galovi\u0107 i dr. sc. \u017deljko Dedi\u0107.&#8221; title_text=&#8221;Picture3&#8243; show_in_lightbox=&#8221;on&#8221; show_bottom_space=&#8221;off&#8221; force_fullwidth=&#8221;on&#8221; _builder_version=&#8221;4.27.5&#8243; _module_preset=&#8221;default&#8221; global_colors_info=&#8221;{}&#8221;][\/et_pb_image][\/et_pb_column][\/et_pb_row][et_pb_row _builder_version=&#8221;4.27.5&#8243; _module_preset=&#8221;default&#8221; global_colors_info=&#8221;{}&#8221;][et_pb_column type=&#8221;4_4&#8243; _builder_version=&#8221;4.27.5&#8243; _module_preset=&#8221;default&#8221; global_colors_info=&#8221;{}&#8221;][et_pb_text _builder_version=&#8221;4.27.5&#8243; _module_preset=&#8221;default&#8221; text_font_size=&#8221;12px&#8221; custom_margin=&#8221;0px||||false|false&#8221; custom_padding=&#8221;0px||||false|false&#8221; global_colors_info=&#8221;{}&#8221;]<\/p>\n<p style=\"text-align: center;\">Montiranje i pode\u0161avanje dubinomjera na gumenjaku HGI-a prije po\u010detka snimanja u NP Krka.<\/p>\n<p>[\/et_pb_text][\/et_pb_column][\/et_pb_row][et_pb_row _builder_version=&#8221;4.27.4&#8243; _module_preset=&#8221;default&#8221; custom_margin=&#8221;|auto|112px|auto||&#8221; global_colors_info=&#8221;{}&#8221;][et_pb_column type=&#8221;4_4&#8243; _builder_version=&#8221;4.27.4&#8243; _module_preset=&#8221;default&#8221; global_colors_info=&#8221;{}&#8221;][et_pb_image src=&#8221;http:\/\/www.hgi-cgs.hr\/wp-content\/uploads\/2026\/02\/Picture4.jpg&#8221; alt=&#8221;Sudionici tijekom panel rasprave o Odr\u017eivom gospodarenju mineralnim sirovinama u RH na skupu Mineral Forum 2025.&#8221; title_text=&#8221;Picture4&#8243; show_in_lightbox=&#8221;on&#8221; show_bottom_space=&#8221;off&#8221; align=&#8221;center&#8221; _builder_version=&#8221;4.27.5&#8243; _module_preset=&#8221;default&#8221; width=&#8221;40%&#8221; global_colors_info=&#8221;{}&#8221;][\/et_pb_image][\/et_pb_column][\/et_pb_row][et_pb_row _builder_version=&#8221;4.27.5&#8243; _module_preset=&#8221;default&#8221; custom_margin=&#8221;-118px|auto||auto||&#8221; global_colors_info=&#8221;{}&#8221;][et_pb_column type=&#8221;4_4&#8243; _builder_version=&#8221;4.27.5&#8243; _module_preset=&#8221;default&#8221; global_colors_info=&#8221;{}&#8221;][et_pb_text _builder_version=&#8221;4.27.5&#8243; _module_preset=&#8221;default&#8221; text_font_size=&#8221;12px&#8221; custom_margin=&#8221;0px||||false|false&#8221; custom_padding=&#8221;0px||||false|false&#8221; global_colors_info=&#8221;{}&#8221;]<\/p>\n<p style=\"text-align: center;\">Prijevoz gumenjaka HGI-a s jedne lokacije na drugu u NP Krka, sa sudionicima istra\u017eivanja.<\/p>\n<p>[\/et_pb_text][\/et_pb_column][\/et_pb_row][et_pb_row _builder_version=&#8221;4.27.5&#8243; _module_preset=&#8221;default&#8221; custom_margin=&#8221;-118px|auto||auto||&#8221; global_colors_info=&#8221;{}&#8221;][et_pb_column type=&#8221;4_4&#8243; _builder_version=&#8221;4.27.5&#8243; _module_preset=&#8221;default&#8221; global_colors_info=&#8221;{}&#8221;][\/et_pb_column][\/et_pb_row][et_pb_row column_structure=&#8221;1_3,1_3,1_3&#8243; _builder_version=&#8221;4.27.5&#8243; _module_preset=&#8221;default&#8221; global_colors_info=&#8221;{}&#8221;][et_pb_column type=&#8221;1_3&#8243; _builder_version=&#8221;4.27.5&#8243; _module_preset=&#8221;default&#8221; global_colors_info=&#8221;{}&#8221;][et_pb_image src=&#8221;http:\/\/www.hgi-cgs.hr\/wp-content\/uploads\/2026\/02\/Picture5.jpg&#8221; title_text=&#8221;Picture5&#8243; _builder_version=&#8221;4.27.5&#8243; _module_preset=&#8221;default&#8221; global_colors_info=&#8221;{}&#8221;][\/et_pb_image][\/et_pb_column][et_pb_column type=&#8221;1_3&#8243; _builder_version=&#8221;4.27.5&#8243; _module_preset=&#8221;default&#8221; global_colors_info=&#8221;{}&#8221;][et_pb_image src=&#8221;http:\/\/www.hgi-cgs.hr\/wp-content\/uploads\/2026\/02\/Picture6.jpg&#8221; title_text=&#8221;Picture6&#8243; _builder_version=&#8221;4.27.5&#8243; _module_preset=&#8221;default&#8221; global_colors_info=&#8221;{}&#8221;][\/et_pb_image][\/et_pb_column][et_pb_column type=&#8221;1_3&#8243; _builder_version=&#8221;4.27.5&#8243; _module_preset=&#8221;default&#8221; global_colors_info=&#8221;{}&#8221;][et_pb_image src=&#8221;http:\/\/www.hgi-cgs.hr\/wp-content\/uploads\/2026\/02\/Picture7.jpg&#8221; title_text=&#8221;Picture7&#8243; _builder_version=&#8221;4.27.5&#8243; _module_preset=&#8221;default&#8221; custom_margin=&#8221;215px||||false|false&#8221; global_colors_info=&#8221;{}&#8221;][\/et_pb_image][\/et_pb_column][\/et_pb_row][et_pb_row _builder_version=&#8221;4.27.5&#8243; _module_preset=&#8221;default&#8221; global_colors_info=&#8221;{}&#8221;][et_pb_column type=&#8221;4_4&#8243; _builder_version=&#8221;4.27.5&#8243; _module_preset=&#8221;default&#8221; global_colors_info=&#8221;{}&#8221;][et_pb_text _builder_version=&#8221;4.27.5&#8243; _module_preset=&#8221;default&#8221; text_font_size=&#8221;12px&#8221; custom_margin=&#8221;0px||||false|false&#8221; custom_padding=&#8221;0px||||false|false&#8221; global_colors_info=&#8221;{}&#8221;]<\/p>\n<p style=\"text-align: center;\">Snimanje katakombi u manastiru Krka teresti\u010dkim laserskim skenerom.<\/p>\n<p>[\/et_pb_text][\/et_pb_column][\/et_pb_row][\/et_pb_section]<\/p>\n","protected":false},"excerpt":{"rendered":"<p>NOVOSTINastavak paleolimnolo\u0161kih istra\u017eivanja u Nacionalnom parku KrkaTijekom 2025. godine zapo\u010dela su paleolimnolo\u0161ka istra\u017eivanja na prostoru Nacionalnog parka Krka, na lokacijama koje do sada nisu bila obuhva\u0107ene sustavnim istra\u017eivanjima. Istra\u017eivanja su provedena na dijelu toka rijeke Krke od Ro\u0161kog slapa do manastira Krka, kao i na donjem toku rijeke Krke od Skradinskog buka do Skradina. Djelatnici [&hellip;]<\/p>\n","protected":false},"author":1,"featured_media":0,"parent":0,"menu_order":0,"comment_status":"closed","ping_status":"closed","template":"","meta":{"_et_pb_use_builder":"on","_et_pb_old_content":"","_et_gb_content_width":"","footnotes":""},"class_list":["post-47526","page","type-page","status-publish","hentry"],"aioseo_notices":[],"_links":{"self":[{"href":"https:\/\/www.hgi-cgs.hr\/en\/wp-json\/wp\/v2\/pages\/47526","targetHints":{"allow":["GET"]}}],"collection":[{"href":"https:\/\/www.hgi-cgs.hr\/en\/wp-json\/wp\/v2\/pages"}],"about":[{"href":"https:\/\/www.hgi-cgs.hr\/en\/wp-json\/wp\/v2\/types\/page"}],"author":[{"embeddable":true,"href":"https:\/\/www.hgi-cgs.hr\/en\/wp-json\/wp\/v2\/users\/1"}],"replies":[{"embeddable":true,"href":"https:\/\/www.hgi-cgs.hr\/en\/wp-json\/wp\/v2\/comments?post=47526"}],"version-history":[{"count":4,"href":"https:\/\/www.hgi-cgs.hr\/en\/wp-json\/wp\/v2\/pages\/47526\/revisions"}],"predecessor-version":[{"id":48095,"href":"https:\/\/www.hgi-cgs.hr\/en\/wp-json\/wp\/v2\/pages\/47526\/revisions\/48095"}],"wp:attachment":[{"href":"https:\/\/www.hgi-cgs.hr\/en\/wp-json\/wp\/v2\/media?parent=47526"}],"curies":[{"name":"wp","href":"https:\/\/api.w.org\/{rel}","templated":true}]}}