{"id":47511,"date":"2026-02-05T14:51:18","date_gmt":"2026-02-05T14:51:18","guid":{"rendered":"https:\/\/www.hgi-cgs.hr\/?page_id=47511"},"modified":"2026-02-05T14:57:04","modified_gmt":"2026-02-05T14:57:04","slug":"sudjelovanje-strucnjaka-za-mineralne-sirovine-na-mineral-forumu-2025-2","status":"publish","type":"page","link":"https:\/\/www.hgi-cgs.hr\/en\/sudjelovanje-strucnjaka-za-mineralne-sirovine-na-mineral-forumu-2025-2\/","title":{"rendered":"Participation of Mineral Resources Experts at Mineral Forum 2025"},"content":{"rendered":"<p>[et_pb_section fb_built=&#8221;1&#8243; _builder_version=&#8221;4.24.3&#8243; _module_preset=&#8221;default&#8221; global_colors_info=&#8221;{}&#8221; theme_builder_area=&#8221;post_content&#8221;][et_pb_row _builder_version=&#8221;4.24.3&#8243; _module_preset=&#8221;default&#8221; global_colors_info=&#8221;{}&#8221; theme_builder_area=&#8221;post_content&#8221;][et_pb_column type=&#8221;4_4&#8243; _builder_version=&#8221;4.24.3&#8243; _module_preset=&#8221;default&#8221; global_colors_info=&#8221;{}&#8221; theme_builder_area=&#8221;post_content&#8221;][et_pb_text _builder_version=&#8221;4.27.4&#8243; text_font_size=&#8221;32px&#8221; header_2_text_color=&#8221;#1e5096&#8243; locked=&#8221;off&#8221; global_colors_info=&#8221;{}&#8221; theme_builder_area=&#8221;post_content&#8221;]<\/p>\n<h2 style=\"text-align: center; color: #1e5096;\"><strong>NOVOSTI<br \/><\/strong><\/h2>\n<p>[\/et_pb_text][et_pb_image src=&#8221;http:\/\/www.hgi-cgs.hr\/wp-content\/uploads\/2025\/11\/0_DSC03242-scaled.jpg&#8221; title_text=&#8221;Mineral Forum 2025.&#8221; force_fullwidth=&#8221;on&#8221; _builder_version=&#8221;4.27.4&#8243; _module_preset=&#8221;default&#8221; height=&#8221;586px&#8221; global_colors_info=&#8221;{}&#8221; theme_builder_area=&#8221;post_content&#8221;][\/et_pb_image][et_pb_text _builder_version=&#8221;4.27.4&#8243; text_font_size=&#8221;32px&#8221; header_2_text_color=&#8221;#1e5096&#8243; header_2_line_height=&#8221;1.3em&#8221; custom_margin=&#8221;||17px|||&#8221; locked=&#8221;off&#8221; global_colors_info=&#8221;{}&#8221; theme_builder_area=&#8221;post_content&#8221;]<\/p>\n<h2 style=\"text-align: center; color: #1e5096;\">Sudjelovanje stru\u010dnjaka za mineralne sirovine na Mineral Forumu 2025<\/h2>\n<p>[\/et_pb_text][et_pb_text _builder_version=&#8221;4.27.4&#8243; _module_preset=&#8221;default&#8221; custom_margin=&#8221;45px||45px|||&#8221; locked=&#8221;off&#8221; global_colors_info=&#8221;{}&#8221; theme_builder_area=&#8221;post_content&#8221;]<\/p>\n<p>Ovogodi\u0161nji stru\u010dni skup \u201eMineral Forum 2025\u201c okupio je u Zagrebu vode\u0107e stru\u010dnjake iz podru\u010dja graditeljstva, geologije, infrastrukture i javne uprave, pod temom \u201eOdr\u017eivo upravljanje resursima kao temelj budu\u0107e infrastrukture\u201c. Hrvatski geolo\u0161ki institut bio je pokrovitelj skupa Mineral Forum 2025. U sredi\u0161tu rasprave na\u0161le su se gospodarske perspektive rudarskog i gospodarskog sektora, izazovi javne nabave te odr\u017eivo upravljanje mineralnim sirovinama \u2013 resursima koji su klju\u010dni za budu\u0107i razvoj Hrvatske. Nagla\u0161eno je da su mineralne sirovine temelj svake ceste, zgrade i industrijskog postrojenja, ali i klju\u010dni element zelene tranzicije, jer bez njih nema kru\u017enog gospodarstva, energetske u\u010dinkovitosti ni moderne infrastrukture. U skladu s time i na temelju Zakona o rudarstvu, sve jedinice regionalne samouprave moraju upravljati svojim prostorom na na\u010din da osiguraju odr\u017eivo upravljanje mineralnim sirovinama. \u017dupanije prema tome moraju izraditi rudarsko-geolo\u0161ke studije i na taj na\u010din planirati i upravljati eksploatacijom odre\u0111enih mineralnih sirovina. Dr. sc. Slobodan Miko istaknuo je da studija Vara\u017edinske \u017eupanije predstavlja uzoran model, s odra\u0111enom drugom revizijom Studije, koja je u postupku zavr\u0161etka. U njoj su analizirane najva\u017enije sirovine za \u017eupaniju (tehni\u010dko-gra\u0111evni kamen, gra\u0111evni pijesak i \u0161ljunak te ciglarska glina) na na\u010din da su definirane zone pogodnosti, zone konflikta i za\u0161titnih pojaseva. Odr\u017eiva eksploatacija stoga zahtijeva usku vezu rudarsko-geolo\u0161kog planiranja i prostornog planiranja. Dr. sc. Melita Srpak iz Zavoda za prostorno ure\u0111enje Vara\u017edinske \u017eupanije naglasila je da \u017eupanijski prostorni plan ve\u0107 uklju\u010duje poglavlje o eksploataciji mineralnih sirovina, \u0161to je primjer dobre prakse koji bi trebale slijediti i druge \u017eupanije.<\/p>\n<p>Europska komisija je u posljednjih 10-ak godina uklopila zelenu i digitalnu tranziciju Europske Unije u svoje zakonodavstvo, pa tako i geolo\u0161ka istra\u017eivanja u sklopu Uredbe EU 2024\/1252 Europskog parlamenta i Vije\u0107a o uspostavi okvira za osiguravanje sigurne i odr\u017eive opskrbe kriti\u010dnim sirovinama i o izmjeni uredbi (EU) br. 168\/2013, (EU) 2018\/858, (EU) 2018\/1724 i (EU) 2019\/1020 (SL L, 2024\/1252, 3.5.2024.) (CRMA). To zahtijeva modernizaciju i uskla\u0111ivanje nacionalnih politika i klasifikacijskih sustava. O primjeni Okvirne klasifikacije Ujedinjenih naroda (UNFC) u Hrvatskoj govorila je Erli Kova\u010devi\u0107 Galovi\u0107 iz Hrvatskog geolo\u0161kog instituta. Objasnila je da je UNFC klju\u010dan element navedene Uredbe (CRMA), koja ja\u010da europski lanac vrijednosti od istra\u017eivanja do recikliranja. Hrvatska stoga radi na uskla\u0111ivanju svoje nacionalne klasifikacije mineralnih resursa s ovim me\u0111unarodnim okvirom. Danas svaka dr\u017eava ima vlastiti sustav klasificiranja resursa, \u0161to ote\u017eava usporedivost podataka, dok UNFC uvodi moderni pristup koji uklju\u010duje odr\u017eivost, tehni\u010dku izvedivost i pouzdanost podataka \u2013 kriterije klju\u010dne za investitore, europske institucije i strate\u0161ke projekte.<\/p>\n<p>Dr. sc. Nikolina Ilijani\u0107 iz Hrvatskog geolo\u0161kog instituta istaknula je da su mineralne sirovine me\u0111u klju\u010dnim resursima Europske unije, osobito za zelenu i digitalnu tranziciju, u obrambenim i zrakoplovno-svemirskim primjenama. Litij, kobalt, nikal, platina, galij, telur i kositar samo su neke od kriti\u010dnih sirovina koje bilje\u017ee sna\u017ean nesrazmjer izme\u0111u predvi\u0111ene globalne potra\u017enje i dostupne opskrbe, a popis se redovito preispituje (svake tri godine). U svom izlaganju dr. sc. Nikolina Ilijani\u0107 prikazala je geolo\u0161ki potencijal za eksploataciju kriti\u010dnih mineralnih sirovina u Hrvatskoj. Pritom je \u00a0istaknula povijesnu eksploataciju odre\u0111enih kriti\u010dnih mineralnih sirovina i evidentirana le\u017ei\u0161ta na temelju Osnovne geolo\u0161ke karte Republike Hrvatske (RH) i Karte mineralnih sirovina RH. Dodala je i da ta le\u017ei\u0161ta nemaju potvr\u0111en ekonomski zna\u010daj. Eksploatacija mineralnih sirovina kovina (metala) obustavljena je 1950.-ih zbog niskih rezervi i, za tada\u0161nje potrebe, niskih koncentracija metala te stoga ekonomske neisplativosti. Hrvatska nije neposredno blizu eksploatacije, koja je dugoro\u010dni cilj, no geolo\u0161ka istra\u017eivanja predstavljaju klju\u010dan i obvezan preduvjet za bilo kakav budu\u0107i razvoj. Dr\u017eava ima odgovornost preispitati postoje\u0107i geolo\u0161ki potencijal i kroz nova, ciljana istra\u017eivanja, uz odgovaraju\u0107e financiranje, stvoriti osnovu za konkretne projekte koji bi mogli postati privla\u010dni investitorima i doprinijeti odr\u017eivom gospodarskom razvoju Hrvatske. Potrebno je sustavno ispitivanje geolo\u0161kog potencijala kriti\u010dnih mineralnih sirovina prije konkretnog rudarskog interesa.<\/p>\n<p>Osim odr\u017eanih izlaganja, stru\u010dnjaci iz Hrvatskog geolo\u0161kog instituta sudjelovali su na panel raspravi pod temom \u201eOdr\u017eivo gospodarenje mineralnim sirovinama u Republici Hrvatskoj\u201c, zajedno s dr. sc. Draganom Krasi\u0107em, dr.sc. Ivom Gali\u0107em (Rudarsko-geolo\u0161ko-naftni fakultet, Sveu\u010dili\u0161te u Zagrebu) i dr. sc. Melitom Srpak (Zavod za prostorno ure\u0111enje Vara\u017edinske \u017eupanije, Vara\u017edin).<\/p>\n<p>Vi\u0161e o skupu Mineral Forum 2025 mo\u017eete pro\u010ditati na sljede\u0107im poveznicama:<\/p>\n<p><span><a href=\"https:\/\/www.construction.hr\/novosti\/pogledajte-kako-je-bilo-na-mineral-forumu-2025\/a\/11196\" rel=\"noopener\" target=\"_blank\">https:\/\/www.construction.hr\/novosti\/pogledajte-kako-je-bilo-na-mineral-forumu-2025\/a\/11196<\/a><\/span><\/p>\n<p><a href=\"https:\/\/www.varazdinska-zupanija.hr\/vijesti\/na-mineral-forumu-u-zagrebu-varazdinska-zupanija-istaknuta-kao-primjer-dobre-prakse-obzirom-na-odradenu-studiju-za-odrzivo-gospodarenje-mineralnim-resursima.html\">https:\/\/www.varazdinska-zupanija.hr\/vijesti\/na-mineral-forumu-u-zagrebu-varazdinska-zupanija-istaknuta-kao-primjer-dobre-prakse-obzirom-na-odradenu-studiju-za-odrzivo-gospodarenje-mineralnim-resursima.html<\/a><\/p>\n<p>&nbsp;<\/p>\n<p>[\/et_pb_text][\/et_pb_column][\/et_pb_row][et_pb_row column_structure=&#8221;1_2,1_2&#8243; _builder_version=&#8221;4.27.4&#8243; _module_preset=&#8221;default&#8221; custom_margin=&#8221;||0px||false|false&#8221; global_colors_info=&#8221;{}&#8221; theme_builder_area=&#8221;post_content&#8221;][et_pb_column type=&#8221;1_2&#8243; _builder_version=&#8221;4.27.4&#8243; _module_preset=&#8221;default&#8221; global_colors_info=&#8221;{}&#8221; theme_builder_area=&#8221;post_content&#8221;][et_pb_image src=&#8221;http:\/\/www.hgi-cgs.hr\/wp-content\/uploads\/2025\/11\/1_20251113_094259-scaled.jpg&#8221; alt=&#8221;Dr. sc. Slobodan Miko tijekom izlaganja na skupu Mineral Forum 2025.&#8221; title_text=&#8221;Dr. sc. Slobodan Miko tijekom izlaganja na skupu Mineral Forum 2025.&#8221; show_in_lightbox=&#8221;on&#8221; show_bottom_space=&#8221;off&#8221; force_fullwidth=&#8221;on&#8221; _builder_version=&#8221;4.27.4&#8243; _module_preset=&#8221;default&#8221; global_colors_info=&#8221;{}&#8221; theme_builder_area=&#8221;post_content&#8221;][\/et_pb_image][et_pb_text _builder_version=&#8221;4.27.4&#8243; _module_preset=&#8221;default&#8221; text_font_size=&#8221;12px&#8221; custom_margin=&#8221;0px||||false|false&#8221; custom_padding=&#8221;0px||||false|false&#8221; global_colors_info=&#8221;{}&#8221; theme_builder_area=&#8221;post_content&#8221;]<\/p>\n<p>Dr. sc. Slobodan Miko tijekom izlaganja na skupu Mineral Forum 2025.<\/p>\n<p>[\/et_pb_text][\/et_pb_column][et_pb_column type=&#8221;1_2&#8243; _builder_version=&#8221;4.27.4&#8243; _module_preset=&#8221;default&#8221; global_colors_info=&#8221;{}&#8221; theme_builder_area=&#8221;post_content&#8221;][et_pb_image src=&#8221;http:\/\/www.hgi-cgs.hr\/wp-content\/uploads\/2025\/11\/2_20251113_100634-scaled.jpg&#8221; alt=&#8221;Erli Kova\u010devi\u0107 Galovi\u0107 tijekom izlaganja na skupu Mineral Forum 2025.&#8221; title_text=&#8221;Erli Kova\u010devi\u0107 Galovi\u0107 tijekom izlaganja na skupu Mineral Forum 2025.&#8221; show_in_lightbox=&#8221;on&#8221; show_bottom_space=&#8221;off&#8221; force_fullwidth=&#8221;on&#8221; _builder_version=&#8221;4.27.4&#8243; _module_preset=&#8221;default&#8221; global_colors_info=&#8221;{}&#8221; theme_builder_area=&#8221;post_content&#8221;][\/et_pb_image][et_pb_text _builder_version=&#8221;4.27.4&#8243; _module_preset=&#8221;default&#8221; text_font_size=&#8221;12px&#8221; global_colors_info=&#8221;{}&#8221; theme_builder_area=&#8221;post_content&#8221;]<\/p>\n<p>Erli Kova\u010devi\u0107 Galovi\u0107 tijekom izlaganja na skupu Mineral Forum 2025.<\/p>\n<p>[\/et_pb_text][\/et_pb_column][\/et_pb_row][et_pb_row column_structure=&#8221;1_2,1_2&#8243; _builder_version=&#8221;4.27.4&#8243; _module_preset=&#8221;default&#8221; global_colors_info=&#8221;{}&#8221; theme_builder_area=&#8221;post_content&#8221;][et_pb_column type=&#8221;1_2&#8243; _builder_version=&#8221;4.27.4&#8243; _module_preset=&#8221;default&#8221; global_colors_info=&#8221;{}&#8221; theme_builder_area=&#8221;post_content&#8221;][et_pb_image src=&#8221;http:\/\/www.hgi-cgs.hr\/wp-content\/uploads\/2025\/11\/resized_2560x1920.jpg&#8221; alt=&#8221;Sudionici tijekom panel rasprave o Odr\u017eivom gospodarenju mineralnim sirovinama u RH na skupu Mineral Forum 2025.&#8221; title_text=&#8221;Sudionici tijekom panel rasprave o Odr\u017eivom gospodarenju mineralnim sirovinama u RH na skupu Mineral Forum 2025.&#8221; show_in_lightbox=&#8221;on&#8221; show_bottom_space=&#8221;off&#8221; force_fullwidth=&#8221;on&#8221; _builder_version=&#8221;4.27.4&#8243; _module_preset=&#8221;default&#8221; global_colors_info=&#8221;{}&#8221; theme_builder_area=&#8221;post_content&#8221;][\/et_pb_image][et_pb_text _builder_version=&#8221;4.27.4&#8243; _module_preset=&#8221;default&#8221; text_font_size=&#8221;12px&#8221; global_colors_info=&#8221;{}&#8221; theme_builder_area=&#8221;post_content&#8221;]<\/p>\n<p style=\"text-align: left;\">Sudionici tijekom panel rasprave o Odr\u017eivom gospodarenju mineralnim sirovinama u RH na skupu Mineral Forum 2025.<\/p>\n<p>[\/et_pb_text][\/et_pb_column][et_pb_column type=&#8221;1_2&#8243; _builder_version=&#8221;4.27.4&#8243; _module_preset=&#8221;default&#8221; global_colors_info=&#8221;{}&#8221; theme_builder_area=&#8221;post_content&#8221;][et_pb_image src=&#8221;http:\/\/www.hgi-cgs.hr\/wp-content\/uploads\/2025\/11\/4_20251113_150903-scaled.jpg&#8221; alt=&#8221;Sudionici skupa Mineral Forum 2025. dr. sc. Slobodan Miko, Erli Kova\u010devi\u0107 Galovi\u0107 i dr. sc. \u017deljko Dedi\u0107.&#8221; title_text=&#8221;Sudionici skupa Mineral Forum 2025. dr. sc. Slobodan Miko, Erli Kova\u010devi\u0107 Galovi\u0107 i dr. sc. \u017deljko Dedi\u0107.&#8221; show_in_lightbox=&#8221;on&#8221; show_bottom_space=&#8221;off&#8221; force_fullwidth=&#8221;on&#8221; _builder_version=&#8221;4.27.4&#8243; _module_preset=&#8221;default&#8221; global_colors_info=&#8221;{}&#8221; theme_builder_area=&#8221;post_content&#8221;][\/et_pb_image][et_pb_text _builder_version=&#8221;4.27.4&#8243; _module_preset=&#8221;default&#8221; text_font_size=&#8221;12px&#8221; global_colors_info=&#8221;{}&#8221; theme_builder_area=&#8221;post_content&#8221;]<\/p>\n<p>Sudionici skupa Mineral Forum 2025. dr. sc. Slobodan Miko, Erli Kova\u010devi\u0107 Galovi\u0107 i dr. sc. \u017deljko Dedi\u0107.<\/p>\n<p>[\/et_pb_text][\/et_pb_column][\/et_pb_row][\/et_pb_section]<\/p>\n","protected":false},"excerpt":{"rendered":"<p>NOVOSTISudjelovanje stru\u010dnjaka za mineralne sirovine na Mineral Forumu 2025Ovogodi\u0161nji stru\u010dni skup \u201eMineral Forum 2025\u201c okupio je u Zagrebu vode\u0107e stru\u010dnjake iz podru\u010dja graditeljstva, geologije, infrastrukture i javne uprave, pod temom \u201eOdr\u017eivo upravljanje resursima kao temelj budu\u0107e infrastrukture\u201c. Hrvatski geolo\u0161ki institut bio je pokrovitelj skupa Mineral Forum 2025. U sredi\u0161tu rasprave na\u0161le su se gospodarske perspektive [&hellip;]<\/p>\n","protected":false},"author":1,"featured_media":0,"parent":0,"menu_order":0,"comment_status":"closed","ping_status":"closed","template":"","meta":{"_et_pb_use_builder":"on","_et_pb_old_content":"","_et_gb_content_width":"","footnotes":""},"class_list":["post-47511","page","type-page","status-publish","hentry"],"aioseo_notices":[],"_links":{"self":[{"href":"https:\/\/www.hgi-cgs.hr\/en\/wp-json\/wp\/v2\/pages\/47511","targetHints":{"allow":["GET"]}}],"collection":[{"href":"https:\/\/www.hgi-cgs.hr\/en\/wp-json\/wp\/v2\/pages"}],"about":[{"href":"https:\/\/www.hgi-cgs.hr\/en\/wp-json\/wp\/v2\/types\/page"}],"author":[{"embeddable":true,"href":"https:\/\/www.hgi-cgs.hr\/en\/wp-json\/wp\/v2\/users\/1"}],"replies":[{"embeddable":true,"href":"https:\/\/www.hgi-cgs.hr\/en\/wp-json\/wp\/v2\/comments?post=47511"}],"version-history":[{"count":3,"href":"https:\/\/www.hgi-cgs.hr\/en\/wp-json\/wp\/v2\/pages\/47511\/revisions"}],"predecessor-version":[{"id":47514,"href":"https:\/\/www.hgi-cgs.hr\/en\/wp-json\/wp\/v2\/pages\/47511\/revisions\/47514"}],"wp:attachment":[{"href":"https:\/\/www.hgi-cgs.hr\/en\/wp-json\/wp\/v2\/media?parent=47511"}],"curies":[{"name":"wp","href":"https:\/\/api.w.org\/{rel}","templated":true}]}}