{"id":47449,"date":"2026-01-28T07:59:29","date_gmt":"2026-01-28T07:59:29","guid":{"rendered":"https:\/\/www.hgi-cgs.hr\/?page_id=47449"},"modified":"2026-01-28T08:11:49","modified_gmt":"2026-01-28T08:11:49","slug":"innowatcch-project-partner-meeting-in-munich","status":"publish","type":"page","link":"https:\/\/www.hgi-cgs.hr\/en\/innowatcch-project-partner-meeting-in-munich\/","title":{"rendered":"InnoWATCCH project partner meeting in Munich,"},"content":{"rendered":"<p>[et_pb_section fb_built=&#8221;1&#8243; _builder_version=&#8221;4.24.3&#8243; _module_preset=&#8221;default&#8221; custom_padding=&#8221;||99px|||&#8221; global_colors_info=&#8221;{}&#8221; theme_builder_area=&#8221;post_content&#8221;][et_pb_row _builder_version=&#8221;4.24.3&#8243; _module_preset=&#8221;default&#8221; custom_padding=&#8221;||6px|||&#8221; global_colors_info=&#8221;{}&#8221; theme_builder_area=&#8221;post_content&#8221;][et_pb_column type=&#8221;4_4&#8243; _builder_version=&#8221;4.24.3&#8243; _module_preset=&#8221;default&#8221; global_colors_info=&#8221;{}&#8221; theme_builder_area=&#8221;post_content&#8221;][et_pb_text _builder_version=&#8221;4.27.4&#8243; text_font_size=&#8221;32px&#8221; header_2_text_color=&#8221;#1e5096&#8243; locked=&#8221;off&#8221; global_colors_info=&#8221;{}&#8221; theme_builder_area=&#8221;post_content&#8221;]<\/p>\n<h2 style=\"text-align: center; color: #1e5096;\"><strong>NOVOSTI <br \/><\/strong><\/h2>\n<p>[\/et_pb_text][et_pb_text _builder_version=&#8221;4.27.5&#8243; text_font_size=&#8221;32px&#8221; header_2_text_color=&#8221;#1e5096&#8243; header_2_line_height=&#8221;1.3em&#8221; header_3_line_height=&#8221;1.2em&#8221; custom_margin=&#8221;||17px|||&#8221; hover_enabled=&#8221;0&#8243; locked=&#8221;off&#8221; global_colors_info=&#8221;{}&#8221; theme_builder_area=&#8221;post_content&#8221; sticky_enabled=&#8221;0&#8243;]<\/p>\n<h2 style=\"color: #1e5096; text-align: center;\"><strong>InnoWATCCH project partner meeting in Munich<\/strong><\/h2>\n<h3 style=\"text-align: center;\"><\/h3>\n<p>[\/et_pb_text][et_pb_text _builder_version=&#8221;4.27.5&#8243; _module_preset=&#8221;default&#8221; custom_margin=&#8221;45px||15px|||&#8221; hover_enabled=&#8221;0&#8243; locked=&#8221;off&#8221; global_colors_info=&#8221;{}&#8221; theme_builder_area=&#8221;post_content&#8221; sticky_enabled=&#8221;0&#8243;]<\/p>\n<p><o:p><\/p>\n<p>Predstavnici Hrvatskog geolo\u0161kog instituta sudjelovali su na drugom projektnom sastanku projekta InnoWATCCH financiranog u sklopu Interreg dunavskog programa, odr\u017eanog 21. sije\u010dnja 2026. godine u M\u00fcnchenu, Njema\u010dka. Projekt InnoWATCCH okuplja partnere iz zemalja podunavske regije s ciljem razvoja inovativnih pristupa i rje\u0161enja, te ja\u010danja kapaciteta u podru\u010dju upravljanja vodnim resursima i prilagodbe klimatskim promjenama, uz poseban naglasak na razumijevanje uloge paleokorita (eng. <em>paleochannels<\/em>) u hidrodinami\u010dkim procesima i prilogodbi klimatskim promjenama. Na sastanku su sudjelovali fizi\u010dki ili on-line predstavnici partnerskih institucija iz Njema\u010dke, Austrije, Ma\u0111arske, Rumunjske, Bugarske, Srbije i Bosne i Hercegovine, a raspravljalo se o dosada\u0161njim rezultatima projekta, napretku radnih paketa te planiranim aktivnostima u nadolaze\u0107em razdoblju.<\/p>\n<p>Sudjelovanjem na ovom sastanku Hrvatski geolo\u0161ki institut nastavlja aktivno doprinositi razvoju projektnih aktivnosti i ja\u010danju me\u0111unarodne suradnje u podru\u010dju odr\u017eivog upravljanja vodnim resursima u podunavskoj regiji.<\/p>\n<p><\/o:p><\/p>\n<p>&nbsp;<\/p>\n<p>[\/et_pb_text][\/et_pb_column][\/et_pb_row][et_pb_row column_structure=&#8221;1_2,1_2&#8243; _builder_version=&#8221;4.27.4&#8243; _module_preset=&#8221;default&#8221; global_colors_info=&#8221;{}&#8221; theme_builder_area=&#8221;post_content&#8221;][et_pb_column type=&#8221;1_2&#8243; _builder_version=&#8221;4.27.4&#8243; _module_preset=&#8221;default&#8221; global_colors_info=&#8221;{}&#8221; theme_builder_area=&#8221;post_content&#8221;][et_pb_image src=&#8221;http:\/\/www.hgi-cgs.hr\/wp-content\/uploads\/2026\/01\/20260121_100033-scaled.jpg&#8221; title_text=&#8221;20260121_100033&#8243; align=&#8221;right&#8221; _builder_version=&#8221;4.27.5&#8243; _module_preset=&#8221;default&#8221; width=&#8221;100%&#8221; hover_enabled=&#8221;0&#8243; border_radii=&#8221;on|5px|5px|5px|5px&#8221; box_shadow_style=&#8221;preset1&#8243; box_shadow_blur=&#8221;15px&#8221; global_colors_info=&#8221;{}&#8221; theme_builder_area=&#8221;post_content&#8221; sticky_enabled=&#8221;0&#8243;][\/et_pb_image][\/et_pb_column][et_pb_column type=&#8221;1_2&#8243; _builder_version=&#8221;4.27.4&#8243; _module_preset=&#8221;default&#8221; global_colors_info=&#8221;{}&#8221; theme_builder_area=&#8221;post_content&#8221;][et_pb_image src=&#8221;http:\/\/www.hgi-cgs.hr\/wp-content\/uploads\/2026\/01\/20260121_105302-scaled.jpg&#8221; title_text=&#8221;20260121_105302&#8243; _builder_version=&#8221;4.27.5&#8243; _module_preset=&#8221;default&#8221; width=&#8221;56%&#8221; hover_enabled=&#8221;0&#8243; border_radii=&#8221;on|5px|5px|5px|5px&#8221; box_shadow_style=&#8221;preset1&#8243; box_shadow_blur=&#8221;15px&#8221; global_colors_info=&#8221;{}&#8221; theme_builder_area=&#8221;post_content&#8221; sticky_enabled=&#8221;0&#8243; align=&#8221;center&#8221;][\/et_pb_image][\/et_pb_column][\/et_pb_row][et_pb_row _builder_version=&#8221;4.27.4&#8243; _module_preset=&#8221;default&#8221; global_colors_info=&#8221;{}&#8221; theme_builder_area=&#8221;post_content&#8221;][et_pb_column type=&#8221;4_4&#8243; _builder_version=&#8221;4.27.4&#8243; _module_preset=&#8221;default&#8221; global_colors_info=&#8221;{}&#8221; theme_builder_area=&#8221;post_content&#8221;][et_pb_image src=&#8221;http:\/\/www.hgi-cgs.hr\/wp-content\/uploads\/2026\/01\/InnoWATCCH_SC_20260121_Group_Photo_1-scaled.jpg&#8221; title_text=&#8221;InnoWATCCH_SC_20260121_Group_Photo_1&#8243; align=&#8221;center&#8221; _builder_version=&#8221;4.27.5&#8243; _module_preset=&#8221;default&#8221; width=&#8221;47%&#8221; hover_enabled=&#8221;0&#8243; border_radii=&#8221;on|5px|5px|5px|5px&#8221; box_shadow_style=&#8221;preset1&#8243; box_shadow_blur=&#8221;15px&#8221; global_colors_info=&#8221;{}&#8221; theme_builder_area=&#8221;post_content&#8221; sticky_enabled=&#8221;0&#8243;][\/et_pb_image][\/et_pb_column][\/et_pb_row][\/et_pb_section]<\/p>\n","protected":false},"excerpt":{"rendered":"<p>NOVOSTI InnoWATCCH project partner meeting in Munich Predstavnici Hrvatskog geolo\u0161kog instituta sudjelovali su na drugom projektnom sastanku projekta InnoWATCCH financiranog u sklopu Interreg dunavskog programa, odr\u017eanog 21. sije\u010dnja 2026. godine u M\u00fcnchenu, Njema\u010dka. Projekt InnoWATCCH okuplja partnere iz zemalja podunavske regije s ciljem razvoja inovativnih pristupa i rje\u0161enja, te ja\u010danja kapaciteta u podru\u010dju upravljanja vodnim [&hellip;]<\/p>\n","protected":false},"author":1,"featured_media":0,"parent":0,"menu_order":0,"comment_status":"closed","ping_status":"closed","template":"","meta":{"_et_pb_use_builder":"on","_et_pb_old_content":"","_et_gb_content_width":"","footnotes":""},"class_list":["post-47449","page","type-page","status-publish","hentry"],"aioseo_notices":[],"_links":{"self":[{"href":"https:\/\/www.hgi-cgs.hr\/en\/wp-json\/wp\/v2\/pages\/47449","targetHints":{"allow":["GET"]}}],"collection":[{"href":"https:\/\/www.hgi-cgs.hr\/en\/wp-json\/wp\/v2\/pages"}],"about":[{"href":"https:\/\/www.hgi-cgs.hr\/en\/wp-json\/wp\/v2\/types\/page"}],"author":[{"embeddable":true,"href":"https:\/\/www.hgi-cgs.hr\/en\/wp-json\/wp\/v2\/users\/1"}],"replies":[{"embeddable":true,"href":"https:\/\/www.hgi-cgs.hr\/en\/wp-json\/wp\/v2\/comments?post=47449"}],"version-history":[{"count":4,"href":"https:\/\/www.hgi-cgs.hr\/en\/wp-json\/wp\/v2\/pages\/47449\/revisions"}],"predecessor-version":[{"id":47458,"href":"https:\/\/www.hgi-cgs.hr\/en\/wp-json\/wp\/v2\/pages\/47449\/revisions\/47458"}],"wp:attachment":[{"href":"https:\/\/www.hgi-cgs.hr\/en\/wp-json\/wp\/v2\/media?parent=47449"}],"curies":[{"name":"wp","href":"https:\/\/api.w.org\/{rel}","templated":true}]}}