{"id":47357,"date":"2026-01-14T11:40:05","date_gmt":"2026-01-14T11:40:05","guid":{"rendered":"https:\/\/www.hgi-cgs.hr\/?page_id=47357"},"modified":"2026-01-14T11:54:13","modified_gmt":"2026-01-14T11:54:13","slug":"gwqualitypath2070","status":"publish","type":"page","link":"https:\/\/www.hgi-cgs.hr\/en\/gwqualitypath2070\/","title":{"rendered":"GWQualityPath2070"},"content":{"rendered":"<p>[et_pb_section fb_built=&#8221;1&#8243; _builder_version=&#8221;4.27.4&#8243; _module_preset=&#8221;default&#8221; global_colors_info=&#8221;{}&#8221; theme_builder_area=&#8221;post_content&#8221;][\/et_pb_section][et_pb_section fb_built=&#8221;1&#8243; _builder_version=&#8221;4.16&#8243; global_colors_info=&#8221;{}&#8221; theme_builder_area=&#8221;post_content&#8221;][et_pb_row _builder_version=&#8221;4.16&#8243; global_colors_info=&#8221;{}&#8221; theme_builder_area=&#8221;post_content&#8221;][et_pb_column type=&#8221;4_4&#8243; _builder_version=&#8221;4.16&#8243; global_colors_info=&#8221;{}&#8221; theme_builder_area=&#8221;post_content&#8221;][et_pb_text _builder_version=&#8221;4.27.5&#8243; text_font_size=&#8221;32px&#8221; header_2_text_color=&#8221;#1e5096&#8243; hover_enabled=&#8221;0&#8243; global_colors_info=&#8221;{}&#8221; theme_builder_area=&#8221;post_content&#8221; sticky_enabled=&#8221;0&#8243;]<\/p>\n<h2 style=\"text-align: center; color: #1e5096;\"><strong>ZAVOD ZA HIDROGEOLOGIJU I IN\u017dENJERSKU GEOLOGIJU<\/strong><\/h2>\n<h2 style=\"text-align: center; color: #1e5096;\"><strong>Nacionalni kompetativni projekti<\/strong><\/h2>\n<p>[\/et_pb_text][et_pb_image src=&#8221;http:\/\/www.hgi-cgs.hr\/wp-content\/uploads\/2018\/08\/HRZZ_Logo.jpg&#8221; title_text=&#8221;HRZZ_Logo&#8221; align=&#8221;center&#8221; _builder_version=&#8221;4.27.5&#8243; width=&#8221;20%&#8221; hover_enabled=&#8221;0&#8243; global_colors_info=&#8221;{}&#8221; theme_builder_area=&#8221;post_content&#8221; sticky_enabled=&#8221;0&#8243; alt=&#8221;Hrvatska zaklada za znanost logo&#8221;][\/et_pb_image][\/et_pb_column][\/et_pb_row][et_pb_row _builder_version=&#8221;4.16&#8243; custom_padding=&#8221;5px||50px|||&#8221; global_colors_info=&#8221;{}&#8221; theme_builder_area=&#8221;post_content&#8221;][et_pb_column type=&#8221;4_4&#8243; _builder_version=&#8221;4.16&#8243; custom_padding=&#8221;|||&#8221; global_colors_info=&#8221;{}&#8221; custom_padding__hover=&#8221;|||&#8221; theme_builder_area=&#8221;post_content&#8221;][et_pb_text _builder_version=&#8221;4.27.5&#8243; text_font=&#8221;|300|||||||&#8221; ul_font=&#8221;||||||||&#8221; header_font=&#8221;||||||||&#8221; header_text_align=&#8221;center&#8221; header_2_font=&#8221;|800|||||||&#8221; header_2_text_align=&#8221;center&#8221; header_2_text_color=&#8221;#1e5096&#8243; header_2_font_size=&#8221;54px&#8221; header_3_font=&#8221;|300|||||||&#8221; header_3_line_height=&#8221;1.3em&#8221; text_orientation=&#8221;center&#8221; min_height=&#8221;76px&#8221; custom_margin=&#8221;6px||-30px|||&#8221; custom_padding=&#8221;||0px|||&#8221; animation_direction=&#8221;bottom&#8221; hover_enabled=&#8221;0&#8243; header_2_font_size_tablet=&#8221;&#8221; header_2_font_size_phone=&#8221;30px&#8221; header_2_font_size_last_edited=&#8221;on|phone&#8221; header_2_text_shadow_style=&#8221;preset1&#8243; header_2_text_shadow_horizontal_length=&#8221;0.03em&#8221; header_2_text_shadow_vertical_length=&#8221;0.03em&#8221; header_2_text_shadow_blur_strength=&#8221;0.05em&#8221; header_2_text_shadow_color=&#8221;rgba(0,0,0,0.3)&#8221; global_colors_info=&#8221;{}&#8221; theme_builder_area=&#8221;post_content&#8221; sticky_enabled=&#8221;0&#8243;]<\/p>\n<h3><strong>GWQualityPath2070: Impact of climate change, land use and agricultural practice changes on the occurrence and fate of contaminants in the Sava transboundary aquifer (<\/strong><strong>Utjecaj klimatskih promjena, promjena kori\u0161tenja zemlji\u0161ta i poljoprivredne prakse na pojavu i sudbinu one\u010di\u0161\u0107ivala u savskom prekograni\u010dnom vodonosniku)<\/strong><\/h3>\n<h3><strong>\u00a0<\/strong><\/h3>\n<p>[\/et_pb_text][et_pb_tabs _builder_version=&#8221;4.27.5&#8243; custom_margin=&#8221;13px|||||&#8221; global_colors_info=&#8221;{}&#8221; theme_builder_area=&#8221;post_content&#8221;][et_pb_tab title=&#8221;O projektu&#8221; _builder_version=&#8221;4.27.5&#8243; hover_enabled=&#8221;0&#8243; global_colors_info=&#8221;{}&#8221; theme_builder_area=&#8221;post_content&#8221; sticky_enabled=&#8221;0&#8243;]<\/p>\n<p>Projekt Hrvatske zaklade za znanost pod rednim brojem: IPS-2024-02-5367.\u00a0<\/p>\n<p>Podzemna voda je iznimno va\u017ean izvor pitke vode, vode za navodnjavanje i industrijsku uporabu. Zato je o\u010duvanje dobrog koli\u010dinskog stanja i stanja kakvo\u0107e podzemne vode od velike va\u017enosti za dobrobit dru\u0161tva i gospodarski razvoj. Ipak, razli\u010dita one\u010di\u0161\u0107ivala, uklju\u010duju\u0107i hranjive tvari s poljoprivrednih povr\u0161ina i druga, tzv. nova one\u010di\u0161\u0107ivala (eng. <em>emerging contaminants<\/em>), ulaze u vodonosni sustav i one\u010di\u0161\u0107uju podzemne vode uslijed razli\u010ditih antropogenih aktivnosti. Unato\u010d ulo\u017eenim naporima sprje\u010davanja one\u010di\u0161\u0107enja okoli\u0161a, naru\u0161eno stanje kakvo\u0107e podzemnih voda ostalo je nerije\u0161eno u mnogim slu\u010dajevima a velika je nepoznanica kako \u0107e kako \u0107e se postoje\u0107a situacija razvijati u budu\u0107nosti pod utjecajem klimatskih promjena.<\/p>\n<p>Osnovni cilj GWQualityPath2070 projekta je pove\u0107ati razumijevanje sudbine one\u010di\u0161\u0107uju\u0107ih tvari poljoprivrednog podrijetla u prekograni\u010dnom savskom vodonosnom sustavu, koji se prote\u017ee od Kr\u0161kog do Zagreba. Specifi\u010dni ciljevi projekta su: i) identificirati glavne izvore nitrata i pesticida u podzemnim vodama, ii) istra\u017eiti mjere za zaustavljanje i preokretanje trenda one\u010di\u0161\u0107enja podzemnih voda uslijed poljoprivredne aktivnosti te razviti metodologiju za u\u010dinkovitu evaluaciju provedenih mjera, iii) unaprijediti postoje\u0107i model obnavljanja podzemnih voda, iv) procijeniti optere\u0107enje podzemnih voda du\u0161ikom i pesticidima s poljoprivrednih povr\u0161ina te istra\u017eiti razvoj nitrata u vodonosniku, v) procijeniti utjecaj na\u010dina kori\u0161tenja zemlji\u0161ta i klimatskih promjena na dinamiku i kakvo\u0107u podzemnih voda i vi) identificirati glavne izvore nesigurnosti povezane s procjenom utjecaja klimatskih promjena na koli\u010dinsko stanje i stanje kakvo\u0107e podzemne vode.<\/p>\n<p>Rezultati ovog projekta pru\u017eit \u0107e nove uvide u pronos one\u010di\u0161\u0107ivala kroz prekograni\u010dni savski aluvijalni vodonosnik izme\u0111u Slovenije i Hrvatske. Tako\u0111er, pridonijet \u0107e procjeni rizika od one\u010di\u0161\u0107enja du\u0161ikom i omogu\u0107iti procjenu njegovih dugoro\u010dnih trendova u podzemnim vodama.<\/p>\n<p>Web stranica projekta: https:\/\/gwqualitypath2070.hgi-cgs.hr\/<\/p>\n<p>[\/et_pb_tab][et_pb_tab title=&#8221;Voditelj&#8221; _builder_version=&#8221;4.27.5&#8243; hover_enabled=&#8221;0&#8243; global_colors_info=&#8221;{}&#8221; theme_builder_area=&#8221;post_content&#8221; sticky_enabled=&#8221;0&#8243;]<\/p>\n<p style=\"text-align: left;\"><strong><em><span>Glavni istra\u017eiva\u010d \/ voditelj: <\/span><\/em><\/strong>dr<strong><em><span>. <\/span><\/em><\/strong><strong><em><span><\/span><\/em><\/strong>sc. Ozren Larva<\/p>\n<p style=\"text-align: left;\"><strong><em><span>\u00a0<\/span><\/em><\/strong><\/p>\n<p>[\/et_pb_tab][et_pb_tab title=&#8221;Suradnici&#8221; _builder_version=&#8221;4.27.5&#8243; hover_enabled=&#8221;0&#8243; global_colors_info=&#8221;{}&#8221; theme_builder_area=&#8221;post_content&#8221; sticky_enabled=&#8221;0&#8243;]<\/p>\n<p>dr. sc. \u017deljka Brki\u0107<\/p>\n<p>dr. sc. Jadranka Bare\u0161i\u0107<\/p>\n<p>[\/et_pb_tab][et_pb_tab title=&#8221;Trajanje projekta&#8221; _builder_version=&#8221;4.27.5&#8243; hover_enabled=&#8221;0&#8243; global_colors_info=&#8221;{}&#8221; theme_builder_area=&#8221;post_content&#8221; sticky_enabled=&#8221;0&#8243;]<\/p>\n<p style=\"text-align: left;\"><span><strong><em>Datum po\u010detka i kraja projekta:<\/em><\/strong><\/span><\/p>\n<p>01.02.2025.-31.01.2028.<\/p>\n<p>&nbsp;<\/p>\n<p>&nbsp;<\/p>\n<p style=\"text-align: left;\"><span>\u00a0<\/span><\/p>\n<p><span>\u00a0<\/span><\/p>\n<p>[\/et_pb_tab][et_pb_tab title=&#8221;Kategorija&#8221; _builder_version=&#8221;4.27.5&#8243; hover_enabled=&#8221;0&#8243; global_colors_info=&#8221;{}&#8221; theme_builder_area=&#8221;post_content&#8221; sticky_enabled=&#8221;0&#8243;]<\/p>\n<p style=\"text-align: left;\"><span><strong><em>Kategorija projekta:<\/em><\/strong><\/span><\/p>\n<p>Kategorija projekta:<\/p>\n<p>HRZZ projekt IPS-2024-02-5367<\/p>\n<p>&nbsp;<\/p>\n<p>[\/et_pb_tab][et_pb_tab title=&#8221;Iznos financiranja&#8221; _builder_version=&#8221;4.27.5&#8243; hover_enabled=&#8221;0&#8243; global_colors_info=&#8221;{}&#8221; theme_builder_area=&#8221;post_content&#8221; sticky_enabled=&#8221;0&#8243;]<\/p>\n<p style=\"text-align: left;\"><span><strong><em>Ugovoreni iznos financiranja: <\/em><\/strong><\/span>120.251,57 EUR<\/p>\n<p style=\"text-align: left;\"><span><strong><em><\/em><\/strong><br \/><\/span><\/p>\n<p>[\/et_pb_tab][et_pb_tab title=&#8221;Status&#8221; _builder_version=&#8221;4.27.5&#8243; hover_enabled=&#8221;0&#8243; global_colors_info=&#8221;{}&#8221; theme_builder_area=&#8221;post_content&#8221; sticky_enabled=&#8221;0&#8243;]<\/p>\n<p style=\"text-align: left;\"><span><em><strong>Status:<\/strong><\/em> Aktivan<\/span><\/p>\n<p>[\/et_pb_tab][\/et_pb_tabs][\/et_pb_column][\/et_pb_row][\/et_pb_section]<\/p>\n","protected":false},"excerpt":{"rendered":"<p>ZAVOD ZA HIDROGEOLOGIJU I IN\u017dENJERSKU GEOLOGIJU Nacionalni kompetativni projektiGWQualityPath2070: Impact of climate change, land use and agricultural practice changes on the occurrence and fate of contaminants in the Sava transboundary aquifer (Utjecaj klimatskih promjena, promjena kori\u0161tenja zemlji\u0161ta i poljoprivredne prakse na pojavu i sudbinu one\u010di\u0161\u0107ivala u savskom prekograni\u010dnom vodonosniku) \u00a0Projekt Hrvatske zaklade za znanost pod [&hellip;]<\/p>\n","protected":false},"author":1,"featured_media":0,"parent":0,"menu_order":0,"comment_status":"closed","ping_status":"closed","template":"","meta":{"_et_pb_use_builder":"on","_et_pb_old_content":"","_et_gb_content_width":"","footnotes":""},"class_list":["post-47357","page","type-page","status-publish","hentry"],"aioseo_notices":[],"_links":{"self":[{"href":"https:\/\/www.hgi-cgs.hr\/en\/wp-json\/wp\/v2\/pages\/47357","targetHints":{"allow":["GET"]}}],"collection":[{"href":"https:\/\/www.hgi-cgs.hr\/en\/wp-json\/wp\/v2\/pages"}],"about":[{"href":"https:\/\/www.hgi-cgs.hr\/en\/wp-json\/wp\/v2\/types\/page"}],"author":[{"embeddable":true,"href":"https:\/\/www.hgi-cgs.hr\/en\/wp-json\/wp\/v2\/users\/1"}],"replies":[{"embeddable":true,"href":"https:\/\/www.hgi-cgs.hr\/en\/wp-json\/wp\/v2\/comments?post=47357"}],"version-history":[{"count":3,"href":"https:\/\/www.hgi-cgs.hr\/en\/wp-json\/wp\/v2\/pages\/47357\/revisions"}],"predecessor-version":[{"id":47361,"href":"https:\/\/www.hgi-cgs.hr\/en\/wp-json\/wp\/v2\/pages\/47357\/revisions\/47361"}],"wp:attachment":[{"href":"https:\/\/www.hgi-cgs.hr\/en\/wp-json\/wp\/v2\/media?parent=47357"}],"curies":[{"name":"wp","href":"https:\/\/api.w.org\/{rel}","templated":true}]}}