{"id":46975,"date":"2025-11-13T08:29:04","date_gmt":"2025-11-13T08:29:04","guid":{"rendered":"https:\/\/www.hgi-cgs.hr\/?page_id=46975"},"modified":"2026-02-27T09:50:50","modified_gmt":"2026-02-27T09:50:50","slug":"istrazivanje-eocenskih-klimatskih-promjena-istarskog-bazena-neotetisa","status":"publish","type":"page","link":"https:\/\/www.hgi-cgs.hr\/en\/istrazivanje-eocenskih-klimatskih-promjena-istarskog-bazena-neotetisa\/","title":{"rendered":"Istra\u017eivanje eocenskih klimatskih promjena Istarskog bazena Neotetisa"},"content":{"rendered":"<p>[et_pb_section fb_built=&#8221;1&#8243; _builder_version=&#8221;4.27.4&#8243; _module_preset=&#8221;default&#8221; global_colors_info=&#8221;{}&#8221;][\/et_pb_section][et_pb_section fb_built=&#8221;1&#8243; _builder_version=&#8221;4.16&#8243; global_colors_info=&#8221;{}&#8221;][et_pb_row _builder_version=&#8221;4.16&#8243; global_colors_info=&#8221;{}&#8221;][et_pb_column type=&#8221;4_4&#8243; _builder_version=&#8221;4.16&#8243; global_colors_info=&#8221;{}&#8221;][et_pb_text _builder_version=&#8221;4.16&#8243; text_font_size=&#8221;32px&#8221; header_2_text_color=&#8221;#1e5096&#8243; global_colors_info=&#8221;{}&#8221;]<\/p>\n<h2 style=\"text-align: center; color: #1e5096;\"><strong>ZAVOD ZA GEOLOGIJU<\/strong><\/h2>\n<h2 style=\"text-align: center; color: #1e5096;\"><strong>Nacionalni kompetativni projekti<\/strong><\/h2>\n<p>[\/et_pb_text][et_pb_image src=&#8221;http:\/\/www.hgi-cgs.hr\/wp-content\/uploads\/2025\/12\/logo-tech.jpg&#8221; title_text=&#8221;logo tech&#8221; align=&#8221;center&#8221; _builder_version=&#8221;4.27.4&#8243; width=&#8221;20%&#8221; global_colors_info=&#8221;{}&#8221;][\/et_pb_image][\/et_pb_column][\/et_pb_row][et_pb_row _builder_version=&#8221;4.16&#8243; custom_padding=&#8221;5px||50px|||&#8221; global_colors_info=&#8221;{}&#8221;][et_pb_column type=&#8221;4_4&#8243; _builder_version=&#8221;4.16&#8243; custom_padding=&#8221;|||&#8221; global_colors_info=&#8221;{}&#8221; custom_padding__hover=&#8221;|||&#8221;][et_pb_text _builder_version=&#8221;4.27.4&#8243; text_font=&#8221;|300|||||||&#8221; ul_font=&#8221;||||||||&#8221; header_font=&#8221;||||||||&#8221; header_text_align=&#8221;center&#8221; header_2_font=&#8221;|800|||||||&#8221; header_2_text_align=&#8221;center&#8221; header_2_text_color=&#8221;#1e5096&#8243; header_2_font_size=&#8221;54px&#8221; header_3_font=&#8221;|300|||||||&#8221; header_3_line_height=&#8221;1.3em&#8221; text_orientation=&#8221;center&#8221; min_height=&#8221;76px&#8221; custom_margin=&#8221;6px||-30px|||&#8221; custom_padding=&#8221;||0px|||&#8221; animation_direction=&#8221;bottom&#8221; header_2_font_size_tablet=&#8221;&#8221; header_2_font_size_phone=&#8221;30px&#8221; header_2_font_size_last_edited=&#8221;on|phone&#8221; header_2_text_shadow_style=&#8221;preset1&#8243; header_2_text_shadow_horizontal_length=&#8221;0.03em&#8221; header_2_text_shadow_vertical_length=&#8221;0.03em&#8221; header_2_text_shadow_blur_strength=&#8221;0.05em&#8221; header_2_text_shadow_color=&#8221;rgba(0,0,0,0.3)&#8221; global_colors_info=&#8221;{}&#8221;]<\/p>\n<h3><strong>Istra\u017eivanje eocenskih klimatskih promjena Istarskog bazena Neotetisa (TEaCh-IN)<\/strong><\/h3>\n<h3><strong>\u00a0<\/strong><\/h3>\n<p>[\/et_pb_text][et_pb_tabs _builder_version=&#8221;4.27.5&#8243; custom_margin=&#8221;13px|||||&#8221; hover_enabled=&#8221;0&#8243; global_colors_info=&#8221;{}&#8221; sticky_enabled=&#8221;0&#8243;][et_pb_tab title=&#8221;O projektu&#8221; _builder_version=&#8221;4.27.5&#8243; global_colors_info=&#8221;{}&#8221;]<\/p>\n<p>Istra\u017eivanje klimatskih promjena eocenskih naslaga i njihovo pra\u0107enje uz pomo\u0107 izotopa kisika i ugljika kao i uz pomo\u0107 geokemijskih parametara do prija\u0161njeg projekta BREEMECO uop\u0107e kao takva nisu bila zastupljena u Hrvatskoj. Navedeni izotopi su mo\u0107an alat za utvr\u0111ivanje poznatog srednjoeocenskog temperaturnog maksimuma (kasno-lutetski maximum; LLTM=41.52 Ma) i optimuma (srednjoeocenski klimatski optimum; MECO=40.08 Ma), a uz pomo\u0107 zapo\u010detog multidisciplinarnog pristupa u okviru prija\u0161njeg projekta sa geokemijskim parametrima i mikrofosilima (planktonske i benti\u010dke foraminifere) te uklju\u010divanjem palinomorfa uz dosada\u0161nji vapnena\u010dki nanoplankton, pobolj\u0161at \u0107e se preliminarni rezultati ra\u0111eni na manjim profilima u Istri (do 10 m). Sada \u0107e se na profilima od vi\u0161e 10-taka m u Istri istra\u017eivanje pro\u0161iriti i na odabrane Jadranske bu\u0161otine za koje se zna da su foraminifere puno bolje sa\u010duvane nego na dosada\u0161njim profilima. Time \u0107e se omogu\u0107iti bolje pra\u0107enje paleoklimatskih promjena uz pomo\u0107 izotopa, koje \u0107e se onda mo\u0107i usporediti i sa regionalnim te globalnim podacima. Ovim projektom \u0107e biti po prvi put uklju\u010dena i najnovija TEX86 metoda za dobivanje temperature mora (SST) \u0161to \u0107e pridonjeti boljem razumijevanju dana\u0161njeg fundamentalnog pitanja prilagodbe organizama izlo\u017eenih temperaturnim promjenama. Istra\u017eit \u0107e se kako klimatske promjene utje\u010du na navedene mikrofosile i okoli\u0161e, \u0161to bi moglo dati bolji uvid u mogu\u0107i scenarij dana\u0161njih, a i budu\u0107ih prilagodba\/izumiranje\/ ili pad raznolikosti vrsta. Biostratigrafske zonacije (kojima se utvr\u0111uje vrijeme) i paleoekolo\u0161ki parametri dominantnih vrsta u navedenim mikrofosilnim zajednicama, zajedno sa palinomorfama koje su va\u017ene za palinofacijese i odre\u0111ene klimatske modele, pobolj\u0161at \u0107e se dosada\u0161nji paleoekolo\u0161ki aspekti i dati paleoklimatski modeli za vrijeme eocena. Ishodi istra\u017eivanja projekta pridonjet \u0107e boljem cjelokupnom razumijevanju klime koja je bila zastupljena na podru\u010dju Istre, a i \u0161ire, a koja dosad kao takva nije bila u fokusu istra\u017eivanja u Hrvatskoj. Takva istra\u017eivanja su izuzetno va\u017ena za bolje razumijevanje klimatskih promjena i njihovih utjecaja, \u0161to bi trebalo pridonijeti budu\u0107im studijama odr\u017eivosti i prilagodbe na klimatske promjene, koje su ve\u0107 prisutne.<\/p>\n<p>Mre\u017ena stranica projekta: <a href=\"https:\/\/teach-in.hgi-cgs.hr\"><em>https:\/\/teach-in.hgi-cgs.hr<\/em><\/a><\/p>\n<p>[\/et_pb_tab][et_pb_tab title=&#8221;Voditelj&#8221; _builder_version=&#8221;4.27.4&#8243; global_colors_info=&#8221;{}&#8221;]<\/p>\n<p style=\"text-align: left;\"><strong><em><span>Glavni istra\u017eiva\u010d \/ voditelj:\u00a0<\/span><\/em><\/strong>dr. sc. Ines Galovi\u0107<em><\/em><strong><em><span><br \/><\/span><\/em><\/strong><\/p>\n<p>[\/et_pb_tab][et_pb_tab title=&#8221;Suradnici&#8221; _builder_version=&#8221;4.27.5&#8243; hover_enabled=&#8221;0&#8243; global_colors_info=&#8221;{}&#8221; sticky_enabled=&#8221;0&#8243;]<\/p>\n<p>dr. sc. Vlasta Premec Fu\u0107ek. n\/a (Hrvatska)<\/p>\n<p>dr. sc. Morana Hernitz Ku\u010denjak, INA d.d. (Hrvatska)<\/p>\n<p>dr. sc Przemys\u0142aw Gedl, Polish Academy of Sciences (Poland)<\/p>\n<p>dr. sc. Marija Horvat, HGI (Hrvatska)<\/p>\n<p>Stanislav Bergant, dipl. ing. geol.,\u00a0 HGI (Hrvatska)<\/p>\n<p>prof. dr. sc. Nenad Toma\u0161i\u0107, PMF (Hrvatska)<\/p>\n<p>Mario Mato\u0161evi\u0107, Vi\u0161i asistent, HGI, (Hrvatska)<\/p>\n<p>&nbsp;<\/p>\n<p>&nbsp;<\/p>\n<p>&nbsp;<\/p>\n<p>[\/et_pb_tab][et_pb_tab title=&#8221;Trajanje projekta&#8221; _builder_version=&#8221;4.27.4&#8243; global_colors_info=&#8221;{}&#8221;]<\/p>\n<p style=\"text-align: left;\"><span><strong><em>Datum po\u010detka i kraja projekta: 12.12.2025.-11.12.2028.<br \/><\/em><\/strong><\/span><\/p>\n<p>&nbsp;<\/p>\n<p>&nbsp;<\/p>\n<p style=\"text-align: left;\"><span>\u00a0<\/span><\/p>\n<p><span>\u00a0<\/span><\/p>\n<p>[\/et_pb_tab][et_pb_tab title=&#8221;Kategorija&#8221; _builder_version=&#8221;4.27.4&#8243; global_colors_info=&#8221;{}&#8221;]<\/p>\n<p style=\"text-align: left;\"><span><strong><em>Kategorija projekta:<\/em><\/strong><\/span><\/p>\n<p>Istra\u017eiva\u010dki kompetitivni nacionalni projekt <\/p>\n<p style=\"text-align: left;\"><span>\u00a0<\/span><\/p>\n<p>[\/et_pb_tab][et_pb_tab title=&#8221;Iznos financiranja&#8221; _builder_version=&#8221;4.27.4&#8243; global_colors_info=&#8221;{}&#8221;]<\/p>\n<p style=\"text-align: left;\"><span><strong><em>Ugovoreni iznos financiranja: <\/em><\/strong><\/span>188.380,00 EUR<\/p>\n<p style=\"text-align: left;\"><span><strong><em><\/em><\/strong><br \/><\/span><\/p>\n<p>[\/et_pb_tab][et_pb_tab title=&#8221;Status&#8221; _builder_version=&#8221;4.16&#8243; global_colors_info=&#8221;{}&#8221;]<\/p>\n<p style=\"text-align: left;\"><span><em><strong>Status:<\/strong><\/em> Aktivan<\/span><\/p>\n<p>[\/et_pb_tab][\/et_pb_tabs][\/et_pb_column][\/et_pb_row][\/et_pb_section]<\/p>\n","protected":false},"excerpt":{"rendered":"<p>ZAVOD ZA GEOLOGIJU Nacionalni kompetativni projektiIstra\u017eivanje eocenskih klimatskih promjena Istarskog bazena Neotetisa (TEaCh-IN) \u00a0Istra\u017eivanje klimatskih promjena eocenskih naslaga i njihovo pra\u0107enje uz pomo\u0107 izotopa kisika i ugljika kao i uz pomo\u0107 geokemijskih parametara do prija\u0161njeg projekta BREEMECO uop\u0107e kao takva nisu bila zastupljena u Hrvatskoj. Navedeni izotopi su mo\u0107an alat za utvr\u0111ivanje poznatog srednjoeocenskog temperaturnog [&hellip;]<\/p>\n","protected":false},"author":1,"featured_media":0,"parent":0,"menu_order":0,"comment_status":"closed","ping_status":"closed","template":"","meta":{"_et_pb_use_builder":"on","_et_pb_old_content":"","_et_gb_content_width":"","footnotes":""},"class_list":["post-46975","page","type-page","status-publish","hentry"],"aioseo_notices":[],"_links":{"self":[{"href":"https:\/\/www.hgi-cgs.hr\/en\/wp-json\/wp\/v2\/pages\/46975","targetHints":{"allow":["GET"]}}],"collection":[{"href":"https:\/\/www.hgi-cgs.hr\/en\/wp-json\/wp\/v2\/pages"}],"about":[{"href":"https:\/\/www.hgi-cgs.hr\/en\/wp-json\/wp\/v2\/types\/page"}],"author":[{"embeddable":true,"href":"https:\/\/www.hgi-cgs.hr\/en\/wp-json\/wp\/v2\/users\/1"}],"replies":[{"embeddable":true,"href":"https:\/\/www.hgi-cgs.hr\/en\/wp-json\/wp\/v2\/comments?post=46975"}],"version-history":[{"count":11,"href":"https:\/\/www.hgi-cgs.hr\/en\/wp-json\/wp\/v2\/pages\/46975\/revisions"}],"predecessor-version":[{"id":47662,"href":"https:\/\/www.hgi-cgs.hr\/en\/wp-json\/wp\/v2\/pages\/46975\/revisions\/47662"}],"wp:attachment":[{"href":"https:\/\/www.hgi-cgs.hr\/en\/wp-json\/wp\/v2\/media?parent=46975"}],"curies":[{"name":"wp","href":"https:\/\/api.w.org\/{rel}","templated":true}]}}