{"id":46836,"date":"2025-10-27T12:32:50","date_gmt":"2025-10-27T12:32:50","guid":{"rendered":"https:\/\/www.hgi-cgs.hr\/?page_id=46836"},"modified":"2025-10-27T12:38:30","modified_gmt":"2025-10-27T12:38:30","slug":"lady-novosti-i-obavijesti-lady-projekt-predstavljen-na-okruglom-stolu-u-krapini-hr","status":"publish","type":"page","link":"https:\/\/www.hgi-cgs.hr\/en\/lady-novosti-i-obavijesti-lady-projekt-predstavljen-na-okruglom-stolu-u-krapini-hr\/","title":{"rendered":"LADY-Novosti i obavijesti-LADY projekt predstavljen na okruglom stolu u Krapini, HR"},"content":{"rendered":"<p>[et_pb_section fb_built=&#8221;1&#8243; _builder_version=&#8221;4.24.3&#8243; _module_preset=&#8221;default&#8221; custom_padding=&#8221;||141px|||&#8221; global_colors_info=&#8221;{}&#8221; theme_builder_area=&#8221;post_content&#8221;][et_pb_row _builder_version=&#8221;4.24.3&#8243; _module_preset=&#8221;default&#8221; custom_padding=&#8221;||6px|||&#8221; global_colors_info=&#8221;{}&#8221; theme_builder_area=&#8221;post_content&#8221;][et_pb_column type=&#8221;4_4&#8243; _builder_version=&#8221;4.24.3&#8243; _module_preset=&#8221;default&#8221; global_colors_info=&#8221;{}&#8221; theme_builder_area=&#8221;post_content&#8221;][et_pb_text _builder_version=&#8221;4.27.4&#8243; text_font_size=&#8221;32px&#8221; header_2_text_color=&#8221;#1e5096&#8243; locked=&#8221;off&#8221; global_colors_info=&#8221;{}&#8221; theme_builder_area=&#8221;post_content&#8221;]<\/p>\n<h2 style=\"text-align: center; color: #1e5096;\"><strong>LADY &#8211; NOVOSTI &amp; OBAVIJESTI<br \/><\/strong><\/h2>\n<p>[\/et_pb_text][et_pb_text _builder_version=&#8221;4.27.4&#8243; text_font_size=&#8221;32px&#8221; header_2_text_color=&#8221;#1e5096&#8243; header_2_line_height=&#8221;1.3em&#8221; header_3_line_height=&#8221;1.2em&#8221; custom_margin=&#8221;||17px|||&#8221; hover_enabled=&#8221;0&#8243; locked=&#8221;off&#8221; global_colors_info=&#8221;{}&#8221; theme_builder_area=&#8221;post_content&#8221; sticky_enabled=&#8221;0&#8243;]<\/p>\n<h2 style=\"color: #1e5096; text-align: center;\">LADY projekt predstavljen na okruglom stolu u Krapini, HR<\/h2>\n<p>[\/et_pb_text][et_pb_image src=&#8221;http:\/\/www.hgi-cgs.hr\/wp-content\/uploads\/2024\/10\/Lady-logo-H2-1.png&#8221; title_text=&#8221;Lady-logo-H2&#8243; align=&#8221;center&#8221; _builder_version=&#8221;4.27.4&#8243; _module_preset=&#8221;default&#8221; width=&#8221;35%&#8221; global_colors_info=&#8221;{}&#8221; theme_builder_area=&#8221;post_content&#8221;][\/et_pb_image][et_pb_text _builder_version=&#8221;4.27.4&#8243; _module_preset=&#8221;default&#8221; custom_margin=&#8221;45px||15px|||&#8221; hover_enabled=&#8221;0&#8243; locked=&#8221;off&#8221; global_colors_info=&#8221;{}&#8221; theme_builder_area=&#8221;post_content&#8221; sticky_enabled=&#8221;0&#8243;]<\/p>\n<p>U povodu obilje\u017eavanja Me\u0111unarodnog dana smanjenja rizika od katastrofa (13. listopada), slu\u017ebe civilne za\u0161tite tijekom mjeseca listopada organiziraju niz doga\u0111anja posve\u0107enih podizanju svijesti o rizicima od prirodnih nepogoda.<\/p>\n<p>Tako je, u organizaciji Podru\u010dne slu\u017ebe civilne za\u0161tite Krapina i pod pokroviteljstvom Krapinsko-zagorske \u017eupanije, 24. listopada u Poduzetni\u010dkom centru u Krapini odr\u017ean okrugli stol na temu \u201eKlizi\u0161ta\u201c. Doga\u0111aj je, uz brojne stru\u010dnjake i predstavnike lokalnih zajednica, okupio i LADY tim iz Hrvatskog geolo\u0161kog instituta i Ravnateljstva civilne za\u0161tite.<\/p>\n<p>Okupljenima se obratio \u017eupan \u017deljko Kolar, koji je naglasio kako se Krapinsko-zagorska \u017eupanija ve\u0107 dugi niz godina suo\u010dava s problemom klizi\u0161ta. U ime organizatora, voditelj Podru\u010dne slu\u017ebe civilne za\u0161tite Krapina Miro Klasi\u010dek, upozorio je na sve \u010de\u0161\u0107e ekstremne vremenske pojave koje dodatno pove\u0107avaju rizik od njihovog nastanka.<\/p>\n<p>Uz Gordanu Greti\u0107, pro\u010delnicu \u017eupanijskog upravnog odjela za prostorno ure\u0111enje, Stjepana Siroveca, ravnatelja \u017dupanijske uprave za ceste, te Daria Cvrtila, na\u010delnika Op\u0107ine Jesenje, na okruglom stolu izlagali su i predstavnici Hrvatskog geolo\u0161kog instituta, Vlatko Gulam i Iris Bostjan\u010di\u0107, koji su se u svojim prezentacijama dotakli EU projekata u Institutu vezanih na temu klizi\u0161ta &#8211; kako onih zavr\u0161enih (safEarth i RESPONSa), tako i trenutno aktivnih:<\/p>\n<ul>\n<li>LADY (Interreg IPA Hrvatska &#8211; Bosna i Hercegovina &#8211; Crna Gora),<\/li>\n<li>AIMS (Interreg IPA Adrion)<\/li>\n<li>GeoNetSee (Interreg Danube Region).<\/li>\n<\/ul>\n<p>U radu okruglog stola sudjelovali su i predstavnici sustava civilne za\u0161tite, op\u0107ina i gradova s podru\u010dja \u017eupanije, kao i stru\u010dnjaci iz podru\u010dja prostornog planiranja, gradnje i za\u0161tite okoli\u0161a. Tijekom rasprave posebno je nagla\u0161ena va\u017enost prevencije klizi\u0161ta, edukacije stanovni\u0161tva te suradnje institucija i lokalne zajednice.<\/p>\n<p>[\/et_pb_text][\/et_pb_column][\/et_pb_row][et_pb_row _builder_version=&#8221;4.27.4&#8243; _module_preset=&#8221;default&#8221; global_colors_info=&#8221;{}&#8221; column_structure=&#8221;1_2,1_2&#8243; theme_builder_area=&#8221;post_content&#8221;][et_pb_column type=&#8221;1_2&#8243; _builder_version=&#8221;4.27.4&#8243; _module_preset=&#8221;default&#8221; global_colors_info=&#8221;{}&#8221; theme_builder_area=&#8221;post_content&#8221;][et_pb_image src=&#8221;http:\/\/www.hgi-cgs.hr\/wp-content\/uploads\/2025\/10\/2025-10-27-CZ-Radionica-Krapina-HGI-web-01.jpg&#8221; title_text=&#8221;2025-10-27-CZ-Radionica-Krapina-HGI-web-01&#8243; align=&#8221;center&#8221; _builder_version=&#8221;4.27.4&#8243; _module_preset=&#8221;default&#8221; width=&#8221;80%&#8221; hover_enabled=&#8221;0&#8243; border_radii=&#8221;on|5px|5px|5px|5px&#8221; box_shadow_style=&#8221;preset1&#8243; box_shadow_blur=&#8221;15px&#8221; global_colors_info=&#8221;{}&#8221; theme_builder_area=&#8221;post_content&#8221; sticky_enabled=&#8221;0&#8243;][\/et_pb_image][et_pb_text _builder_version=&#8221;4.27.4&#8243; _module_preset=&#8221;default&#8221; theme_builder_area=&#8221;post_content&#8221; text_font_size=&#8221;13px&#8221; hover_enabled=&#8221;0&#8243; sticky_enabled=&#8221;0&#8243; custom_margin=&#8221;-20px|||||&#8221;]<\/p>\n<p style=\"text-align: center;\"><em>Prezentacija &#8211; Iris Bostjan\u010di\u0107 (HGI)<\/em><\/p>\n<p>[\/et_pb_text][\/et_pb_column][et_pb_column type=&#8221;1_2&#8243; _builder_version=&#8221;4.27.4&#8243; _module_preset=&#8221;default&#8221; global_colors_info=&#8221;{}&#8221; theme_builder_area=&#8221;post_content&#8221;][et_pb_image src=&#8221;http:\/\/www.hgi-cgs.hr\/wp-content\/uploads\/2025\/10\/2025-10-27-CZ-Radionica-Krapina-HGI-web-02.jpg&#8221; title_text=&#8221;2025-10-27-CZ-Radionica-Krapina-HGI-web-02&#8243; align=&#8221;center&#8221; _builder_version=&#8221;4.27.4&#8243; _module_preset=&#8221;default&#8221; width=&#8221;80%&#8221; hover_enabled=&#8221;0&#8243; border_radii=&#8221;on|5px|5px|5px|5px&#8221; box_shadow_style=&#8221;preset1&#8243; box_shadow_blur=&#8221;15px&#8221; global_colors_info=&#8221;{}&#8221; theme_builder_area=&#8221;post_content&#8221; sticky_enabled=&#8221;0&#8243;][\/et_pb_image][et_pb_text _builder_version=&#8221;4.27.4&#8243; _module_preset=&#8221;default&#8221; theme_builder_area=&#8221;post_content&#8221; text_font_size=&#8221;13px&#8221; hover_enabled=&#8221;0&#8243; sticky_enabled=&#8221;0&#8243; custom_margin=&#8221;-20px|||||&#8221;]<\/p>\n<p style=\"text-align: center;\"><em>Prezentacija &#8211; Vlatko Gulam (HGI)<\/em><\/p>\n<p style=\"text-align: center;\"><em>\u00a0<\/em><\/p>\n<p>[\/et_pb_text][\/et_pb_column][\/et_pb_row][et_pb_row _builder_version=&#8221;4.27.4&#8243; _module_preset=&#8221;default&#8221; global_colors_info=&#8221;{}&#8221; column_structure=&#8221;1_2,1_2&#8243; theme_builder_area=&#8221;post_content&#8221;][et_pb_column type=&#8221;1_2&#8243; _builder_version=&#8221;4.27.4&#8243; _module_preset=&#8221;default&#8221; global_colors_info=&#8221;{}&#8221; theme_builder_area=&#8221;post_content&#8221;][et_pb_image src=&#8221;http:\/\/www.hgi-cgs.hr\/wp-content\/uploads\/2025\/10\/2025-10-27-CZ-Radionica-Krapina-HGI-web-03.jpg&#8221; title_text=&#8221;2025-10-27-CZ-Radionica-Krapina-HGI-web-03&#8243; align=&#8221;center&#8221; _builder_version=&#8221;4.27.4&#8243; _module_preset=&#8221;default&#8221; width=&#8221;80%&#8221; hover_enabled=&#8221;0&#8243; border_radii=&#8221;on|5px|5px|5px|5px&#8221; box_shadow_style=&#8221;preset1&#8243; box_shadow_blur=&#8221;15px&#8221; global_colors_info=&#8221;{}&#8221; theme_builder_area=&#8221;post_content&#8221; sticky_enabled=&#8221;0&#8243;][\/et_pb_image][et_pb_text _builder_version=&#8221;4.27.4&#8243; _module_preset=&#8221;default&#8221; theme_builder_area=&#8221;post_content&#8221; text_font_size=&#8221;13px&#8221; hover_enabled=&#8221;0&#8243; sticky_enabled=&#8221;0&#8243; custom_margin=&#8221;-20px|||||&#8221;]<\/p>\n<p style=\"text-align: center;\"><em>Sudionici okruglog stola<\/em><\/p>\n<p style=\"text-align: center;\"><em>\u00a0<\/em><\/p>\n<p>[\/et_pb_text][\/et_pb_column][et_pb_column type=&#8221;1_2&#8243; _builder_version=&#8221;4.27.4&#8243; _module_preset=&#8221;default&#8221; global_colors_info=&#8221;{}&#8221; theme_builder_area=&#8221;post_content&#8221;][et_pb_image src=&#8221;http:\/\/www.hgi-cgs.hr\/wp-content\/uploads\/2025\/10\/2025-10-27-CZ-Radionica-Krapina-HGI-web-04.jpg&#8221; title_text=&#8221;2025-10-27-CZ-Radionica-Krapina-HGI-web-04&#8243; align=&#8221;center&#8221; _builder_version=&#8221;4.27.4&#8243; _module_preset=&#8221;default&#8221; width=&#8221;80%&#8221; hover_enabled=&#8221;0&#8243; border_radii=&#8221;on|5px|5px|5px|5px&#8221; box_shadow_style=&#8221;preset1&#8243; box_shadow_blur=&#8221;15px&#8221; global_colors_info=&#8221;{}&#8221; theme_builder_area=&#8221;post_content&#8221; sticky_enabled=&#8221;0&#8243;][\/et_pb_image][et_pb_text _builder_version=&#8221;4.27.4&#8243; _module_preset=&#8221;default&#8221; theme_builder_area=&#8221;post_content&#8221; text_font_size=&#8221;13px&#8221; hover_enabled=&#8221;0&#8243; sticky_enabled=&#8221;0&#8243; custom_margin=&#8221;-20px|||||&#8221;]<\/p>\n<p style=\"text-align: center;\"><em>Dio izlaga\u010da s organizatorom okruglog stola<\/em><\/p>\n<p style=\"text-align: center;\"><em>\u00a0<\/em><\/p>\n<p style=\"text-align: center;\"><em>\u00a0<\/em><\/p>\n<p>[\/et_pb_text][\/et_pb_column][\/et_pb_row][\/et_pb_section]<\/p>\n","protected":false},"excerpt":{"rendered":"<p>LADY &#8211; NOVOSTI &amp; OBAVIJESTILADY projekt predstavljen na okruglom stolu u Krapini, HRU povodu obilje\u017eavanja Me\u0111unarodnog dana smanjenja rizika od katastrofa (13. listopada), slu\u017ebe civilne za\u0161tite tijekom mjeseca listopada organiziraju niz doga\u0111anja posve\u0107enih podizanju svijesti o rizicima od prirodnih nepogoda. Tako je, u organizaciji Podru\u010dne slu\u017ebe civilne za\u0161tite Krapina i pod pokroviteljstvom Krapinsko-zagorske \u017eupanije, 24. [&hellip;]<\/p>\n","protected":false},"author":1,"featured_media":0,"parent":0,"menu_order":0,"comment_status":"closed","ping_status":"closed","template":"","meta":{"_et_pb_use_builder":"on","_et_pb_old_content":"","_et_gb_content_width":"","footnotes":""},"class_list":["post-46836","page","type-page","status-publish","hentry"],"aioseo_notices":[],"_links":{"self":[{"href":"https:\/\/www.hgi-cgs.hr\/en\/wp-json\/wp\/v2\/pages\/46836","targetHints":{"allow":["GET"]}}],"collection":[{"href":"https:\/\/www.hgi-cgs.hr\/en\/wp-json\/wp\/v2\/pages"}],"about":[{"href":"https:\/\/www.hgi-cgs.hr\/en\/wp-json\/wp\/v2\/types\/page"}],"author":[{"embeddable":true,"href":"https:\/\/www.hgi-cgs.hr\/en\/wp-json\/wp\/v2\/users\/1"}],"replies":[{"embeddable":true,"href":"https:\/\/www.hgi-cgs.hr\/en\/wp-json\/wp\/v2\/comments?post=46836"}],"version-history":[{"count":3,"href":"https:\/\/www.hgi-cgs.hr\/en\/wp-json\/wp\/v2\/pages\/46836\/revisions"}],"predecessor-version":[{"id":46841,"href":"https:\/\/www.hgi-cgs.hr\/en\/wp-json\/wp\/v2\/pages\/46836\/revisions\/46841"}],"wp:attachment":[{"href":"https:\/\/www.hgi-cgs.hr\/en\/wp-json\/wp\/v2\/media?parent=46836"}],"curies":[{"name":"wp","href":"https:\/\/api.w.org\/{rel}","templated":true}]}}