{"id":46805,"date":"2025-10-27T06:21:13","date_gmt":"2025-10-27T06:21:13","guid":{"rendered":"https:\/\/www.hgi-cgs.hr\/?page_id=46805"},"modified":"2025-10-27T06:22:42","modified_gmt":"2025-10-27T06:22:42","slug":"rampa-novosti-i-obavijesti-izvjesce-o-znanstvenom-boravku-na-sveucilistu-roma-tre","status":"publish","type":"page","link":"https:\/\/www.hgi-cgs.hr\/en\/rampa-novosti-i-obavijesti-izvjesce-o-znanstvenom-boravku-na-sveucilistu-roma-tre\/","title":{"rendered":"RAMPA-Novosti i obavijesti-Izvje\u0161\u0107e o znanstvenom boravku na Sveu\u010dili\u0161tu Roma Tre"},"content":{"rendered":"<p>[et_pb_section fb_built=&#8221;1&#8243; _builder_version=&#8221;4.24.3&#8243; _module_preset=&#8221;default&#8221; global_colors_info=&#8221;{}&#8221; theme_builder_area=&#8221;post_content&#8221;][et_pb_row _builder_version=&#8221;4.24.3&#8243; _module_preset=&#8221;default&#8221; global_colors_info=&#8221;{}&#8221; theme_builder_area=&#8221;post_content&#8221; custom_padding=&#8221;||109px|||&#8221;][et_pb_column type=&#8221;4_4&#8243; _builder_version=&#8221;4.24.3&#8243; _module_preset=&#8221;default&#8221; global_colors_info=&#8221;{}&#8221; theme_builder_area=&#8221;post_content&#8221;][et_pb_text _builder_version=&#8221;4.27.4&#8243; text_font_size=&#8221;32px&#8221; header_2_text_color=&#8221;#1e5096&#8243; locked=&#8221;off&#8221; global_colors_info=&#8221;{}&#8221; theme_builder_area=&#8221;post_content&#8221;]<\/p>\n<h2 style=\"text-align: center; color: #1e5096;\"><strong>RAMPA &#8211; NOVOSTI I OBAVIJESTI<br \/><\/strong><\/h2>\n<p>[\/et_pb_text][et_pb_text _builder_version=&#8221;4.27.4&#8243; text_font_size=&#8221;32px&#8221; header_2_text_color=&#8221;#1e5096&#8243; header_2_line_height=&#8221;1.3em&#8221; custom_margin=&#8221;||17px|||&#8221; hover_enabled=&#8221;0&#8243; locked=&#8221;off&#8221; global_colors_info=&#8221;{}&#8221; theme_builder_area=&#8221;post_content&#8221; sticky_enabled=&#8221;0&#8243;]<\/p>\n<h2 style=\"text-align: center; color: #1e5096;\"><strong>Izvje\u0161\u0107e o znanstvenom boravku na Sveu\u010dili\u0161tu Roma Tre<\/strong><\/h2>\n<p>[\/et_pb_text][et_pb_text _builder_version=&#8221;4.27.4&#8243; _module_preset=&#8221;default&#8221; custom_margin=&#8221;45px||45px|||&#8221; hover_enabled=&#8221;0&#8243; locked=&#8221;off&#8221; global_colors_info=&#8221;{}&#8221; theme_builder_area=&#8221;post_content&#8221; sticky_enabled=&#8221;0&#8243;]<\/p>\n<p>Od<span>\u00a0<\/span><strong>15. do 26. rujna 2025. godine<\/strong><span>\u00a0<\/span>asistentica Katja Mu\u017eek posjetila je profesorica Elsu Gliozzi sa Sveu\u010dili\u0161ta Roma Tre, u okviru financiranja iz internog RAMPA projekta. Cilj znanstvenog boravka odnosno stru\u010dnog usavr\u0161avanja uklju\u010divao je<span>\u00a0<\/span><strong>prou\u010davanje zbirke neogenskih ostrakoda <\/strong><strong>iz <\/strong><strong>Lago<\/strong> <strong>Mare<\/strong><strong> faze Mediterana<\/strong>.<\/p>\n<p>Tijekom boravka Katja je prikupila zna\u010dajnu koli\u010dinu literature i<span>\u00a0<\/span><strong>SEM fotografija<\/strong>, te obavila detaljan pregled zbirke. Profesorica Gliozzi bila je<span>\u00a0<\/span><strong>uvijek dostupna i spremna pru\u017eiti pomo\u0107<\/strong>, daju\u0107i brojne savjete i stru\u010dne upute vezane uz<span>\u00a0<\/span><strong>taksonomiju <\/strong><strong>Lago Mare o<\/strong><strong>strakoda<\/strong>.<\/p>\n<p>Ovaj boravak zna\u010dajno je doprinio<span>\u00a0<\/span><strong>pove\u0107anju stru\u010dnih kompetencija<\/strong><span>\u00a0<\/span>u podru\u010dju paleontologije ostrakoda, te pru\u017eio temelj za daljnje<span>\u00a0<\/span><strong>taksonomske i paleoekolo\u0161ke analize<\/strong><span>\u00a0<\/span>u sklopu Katjinog doktorskog istra\u017eivanja.<\/p>\n<p>[\/et_pb_text][\/et_pb_column][\/et_pb_row][\/et_pb_section]<\/p>\n","protected":false},"excerpt":{"rendered":"<p>RAMPA &#8211; NOVOSTI I OBAVIJESTIIzvje\u0161\u0107e o znanstvenom boravku na Sveu\u010dili\u0161tu Roma TreOd\u00a015. do 26. rujna 2025. godine\u00a0asistentica Katja Mu\u017eek posjetila je profesorica Elsu Gliozzi sa Sveu\u010dili\u0161ta Roma Tre, u okviru financiranja iz internog RAMPA projekta. Cilj znanstvenog boravka odnosno stru\u010dnog usavr\u0161avanja uklju\u010divao je\u00a0prou\u010davanje zbirke neogenskih ostrakoda iz Lago Mare faze Mediterana. Tijekom boravka Katja je [&hellip;]<\/p>\n","protected":false},"author":1,"featured_media":0,"parent":0,"menu_order":0,"comment_status":"closed","ping_status":"closed","template":"","meta":{"_et_pb_use_builder":"on","_et_pb_old_content":"","_et_gb_content_width":"","footnotes":""},"class_list":["post-46805","page","type-page","status-publish","hentry"],"aioseo_notices":[],"_links":{"self":[{"href":"https:\/\/www.hgi-cgs.hr\/en\/wp-json\/wp\/v2\/pages\/46805","targetHints":{"allow":["GET"]}}],"collection":[{"href":"https:\/\/www.hgi-cgs.hr\/en\/wp-json\/wp\/v2\/pages"}],"about":[{"href":"https:\/\/www.hgi-cgs.hr\/en\/wp-json\/wp\/v2\/types\/page"}],"author":[{"embeddable":true,"href":"https:\/\/www.hgi-cgs.hr\/en\/wp-json\/wp\/v2\/users\/1"}],"replies":[{"embeddable":true,"href":"https:\/\/www.hgi-cgs.hr\/en\/wp-json\/wp\/v2\/comments?post=46805"}],"version-history":[{"count":3,"href":"https:\/\/www.hgi-cgs.hr\/en\/wp-json\/wp\/v2\/pages\/46805\/revisions"}],"predecessor-version":[{"id":46809,"href":"https:\/\/www.hgi-cgs.hr\/en\/wp-json\/wp\/v2\/pages\/46805\/revisions\/46809"}],"wp:attachment":[{"href":"https:\/\/www.hgi-cgs.hr\/en\/wp-json\/wp\/v2\/media?parent=46805"}],"curies":[{"name":"wp","href":"https:\/\/api.w.org\/{rel}","templated":true}]}}