{"id":46798,"date":"2025-10-27T06:15:45","date_gmt":"2025-10-27T06:15:45","guid":{"rendered":"https:\/\/www.hgi-cgs.hr\/?page_id=46798"},"modified":"2025-10-27T06:19:59","modified_gmt":"2025-10-27T06:19:59","slug":"rampa-novosti-i-obavijesti-terensko-istrazivanje-sredisnja-italija","status":"publish","type":"page","link":"https:\/\/www.hgi-cgs.hr\/en\/rampa-novosti-i-obavijesti-terensko-istrazivanje-sredisnja-italija\/","title":{"rendered":"RAMPA-Novosti i obavijesti-Terensko istra\u017eivanje sredi\u0161nja Italija"},"content":{"rendered":"<p>[et_pb_section fb_built=&#8221;1&#8243; _builder_version=&#8221;4.24.3&#8243; _module_preset=&#8221;default&#8221; global_colors_info=&#8221;{}&#8221; theme_builder_area=&#8221;post_content&#8221;][et_pb_row _builder_version=&#8221;4.24.3&#8243; _module_preset=&#8221;default&#8221; global_colors_info=&#8221;{}&#8221; theme_builder_area=&#8221;post_content&#8221;][et_pb_column type=&#8221;4_4&#8243; _builder_version=&#8221;4.24.3&#8243; _module_preset=&#8221;default&#8221; global_colors_info=&#8221;{}&#8221; theme_builder_area=&#8221;post_content&#8221;][et_pb_text _builder_version=&#8221;4.27.4&#8243; text_font_size=&#8221;32px&#8221; header_2_text_color=&#8221;#1e5096&#8243; locked=&#8221;off&#8221; global_colors_info=&#8221;{}&#8221; theme_builder_area=&#8221;post_content&#8221;]<\/p>\n<h2 style=\"text-align: center; color: #1e5096;\"><strong>RAMPA &#8211; NOVOSTI I OBAVIJESTI<br \/><\/strong><\/h2>\n<p>[\/et_pb_text][et_pb_text _builder_version=&#8221;4.27.4&#8243; text_font_size=&#8221;32px&#8221; header_2_text_color=&#8221;#1e5096&#8243; header_2_line_height=&#8221;1.3em&#8221; custom_margin=&#8221;||17px|||&#8221; hover_enabled=&#8221;0&#8243; locked=&#8221;off&#8221; global_colors_info=&#8221;{}&#8221; theme_builder_area=&#8221;post_content&#8221; sticky_enabled=&#8221;0&#8243;]<\/p>\n<h2 style=\"text-align: center; color: #1e5096;\"><strong>Terensko istra\u017eivanje sredi\u0161nja Italija<\/strong><\/h2>\n<p>[\/et_pb_text][et_pb_text _builder_version=&#8221;4.27.4&#8243; _module_preset=&#8221;default&#8221; custom_margin=&#8221;45px||45px|||&#8221; hover_enabled=&#8221;0&#8243; locked=&#8221;off&#8221; global_colors_info=&#8221;{}&#8221; theme_builder_area=&#8221;post_content&#8221; sticky_enabled=&#8221;0&#8243;]<\/p>\n<p><strong>Asistentica Katja Mu\u017eek<\/strong><span>\u00a0<\/span>je uz potporu COST akcije<span>\u00a0<\/span><strong>SALTAGES<\/strong>, u okviru kratkoro\u010dnog znanstvenog boravka (<em>STSM<\/em>) te internog projekta RAMPA, imala je priliku provesti terensko istra\u017eivanje u razdoblju od<span>\u00a0<\/span><strong>7. do 14. rujna 2025. Godine<\/strong> na podru\u010dju<span>\u00a0<\/span><strong>sredi\u0161nje Italije<\/strong>, s posebnim naglaskom na lokalitete povezane s<span>\u00a0<\/span><strong>mesinskom solnom<\/strong><strong> krizom<\/strong>.<\/p>\n<p>Detaljni sedimentolo\u0161ki profili izra\u0111eni su na lokalitetima<span>\u00a0<\/span><strong>Maccarone<\/strong><span>\u00a0<\/span>i<span>\u00a0<\/span><strong>Fonte dei Pulcini<\/strong>, gdje su uzorkovani slojevi<span>\u00a0<\/span><strong>Lago-Mare<\/strong><span>\u00a0<\/span>te naslage<span>\u00a0<\/span><strong>ranog pliocena<\/strong>. Profesorica<span>\u00a0<\/span><strong>Elsa Gliozzi<\/strong><span>\u00a0<\/span><span>sa Sveu\u010dili\u0161ta Roma Tre <\/span>pru\u017eila je zna\u010dajnu podr\u0161ku dijeljenjem relevantne literature, geolo\u0161kih karata i GPS koordinata, \u0161to je uvelike olak\u0161alo planiranje i uspje\u0161nu provedbu terenskog rada.<\/p>\n<p>Ovo istra\u017eivanje doprinosi boljem razumijevanju<span>\u00a0<\/span><strong>razmjene fauna<\/strong>,<span>\u00a0<\/span><strong>okoli\u0161nih prilagodbi<\/strong><span>\u00a0<\/span>te<span>\u00a0<\/span><strong>klimatski uvjetovane evolucije<\/strong><span>\u00a0<\/span>tijekom jedne od najva\u017enijih prijelaznih faza u Zemljinoj povijesti.<\/p>\n<p>Osim znanstvenih rezultata, STSM je potaknuo<span>\u00a0<\/span><strong>blisku suradnju<\/strong>,<span>\u00a0<\/span><strong>terensku obuku<\/strong><span>\u00a0<\/span>i<span>\u00a0<\/span><strong>razmjenu znanja<\/strong><span>\u00a0<\/span>izme\u0111u institucija, \u010dime je otvoren put budu\u0107im zajedni\u010dkim istra\u017eivanjima i publikacijama, kao i izravnom doprinosu<span>\u00a0<\/span><strong>doktorskom istra\u017eivanju Katje Mu\u017eek<\/strong>.<\/p>\n<p>[\/et_pb_text][\/et_pb_column][\/et_pb_row][et_pb_row _builder_version=&#8221;4.27.4&#8243; _module_preset=&#8221;default&#8221; custom_margin=&#8221;|auto|91px|auto||&#8221; global_colors_info=&#8221;{}&#8221; column_structure=&#8221;1_2,1_2&#8243; theme_builder_area=&#8221;post_content&#8221;][et_pb_column type=&#8221;1_2&#8243; _builder_version=&#8221;4.27.4&#8243; _module_preset=&#8221;default&#8221; global_colors_info=&#8221;{}&#8221; theme_builder_area=&#8221;post_content&#8221;][et_pb_image src=&#8221;http:\/\/www.hgi-cgs.hr\/wp-content\/uploads\/2025\/10\/katja1.png&#8221; title_text=&#8221;katja1&#8243; align=&#8221;center&#8221; _builder_version=&#8221;4.27.4&#8243; _module_preset=&#8221;default&#8221; width=&#8221;60%&#8221; module_alignment=&#8221;center&#8221; custom_margin=&#8221;||71px|||&#8221; hover_enabled=&#8221;0&#8243; border_radii=&#8221;on|5px|5px|5px|5px&#8221; box_shadow_style=&#8221;preset1&#8243; box_shadow_blur=&#8221;15px&#8221; global_colors_info=&#8221;{}&#8221; theme_builder_area=&#8221;post_content&#8221; sticky_enabled=&#8221;0&#8243;][\/et_pb_image][\/et_pb_column][et_pb_column type=&#8221;1_2&#8243; _builder_version=&#8221;4.27.4&#8243; _module_preset=&#8221;default&#8221; global_colors_info=&#8221;{}&#8221; theme_builder_area=&#8221;post_content&#8221;][et_pb_image src=&#8221;http:\/\/www.hgi-cgs.hr\/wp-content\/uploads\/2025\/10\/katja2.jpg&#8221; title_text=&#8221;katja2&#8243; _builder_version=&#8221;4.27.4&#8243; _module_preset=&#8221;default&#8221; width=&#8221;51%&#8221; module_alignment=&#8221;left&#8221; custom_margin=&#8221;||71px|||&#8221; hover_enabled=&#8221;0&#8243; border_radii=&#8221;on|5px|5px|5px|5px&#8221; box_shadow_style=&#8221;preset1&#8243; box_shadow_blur=&#8221;15px&#8221; global_colors_info=&#8221;{}&#8221; theme_builder_area=&#8221;post_content&#8221; sticky_enabled=&#8221;0&#8243;][\/et_pb_image][\/et_pb_column][\/et_pb_row][\/et_pb_section]<\/p>\n","protected":false},"excerpt":{"rendered":"<p>RAMPA &#8211; NOVOSTI I OBAVIJESTITerensko istra\u017eivanje sredi\u0161nja ItalijaAsistentica Katja Mu\u017eek\u00a0je uz potporu COST akcije\u00a0SALTAGES, u okviru kratkoro\u010dnog znanstvenog boravka (STSM) te internog projekta RAMPA, imala je priliku provesti terensko istra\u017eivanje u razdoblju od\u00a07. do 14. rujna 2025. Godine na podru\u010dju\u00a0sredi\u0161nje Italije, s posebnim naglaskom na lokalitete povezane s\u00a0mesinskom solnom krizom. Detaljni sedimentolo\u0161ki profili izra\u0111eni su [&hellip;]<\/p>\n","protected":false},"author":1,"featured_media":0,"parent":0,"menu_order":0,"comment_status":"closed","ping_status":"closed","template":"","meta":{"_et_pb_use_builder":"on","_et_pb_old_content":"","_et_gb_content_width":"","footnotes":""},"class_list":["post-46798","page","type-page","status-publish","hentry"],"aioseo_notices":[],"_links":{"self":[{"href":"https:\/\/www.hgi-cgs.hr\/en\/wp-json\/wp\/v2\/pages\/46798","targetHints":{"allow":["GET"]}}],"collection":[{"href":"https:\/\/www.hgi-cgs.hr\/en\/wp-json\/wp\/v2\/pages"}],"about":[{"href":"https:\/\/www.hgi-cgs.hr\/en\/wp-json\/wp\/v2\/types\/page"}],"author":[{"embeddable":true,"href":"https:\/\/www.hgi-cgs.hr\/en\/wp-json\/wp\/v2\/users\/1"}],"replies":[{"embeddable":true,"href":"https:\/\/www.hgi-cgs.hr\/en\/wp-json\/wp\/v2\/comments?post=46798"}],"version-history":[{"count":3,"href":"https:\/\/www.hgi-cgs.hr\/en\/wp-json\/wp\/v2\/pages\/46798\/revisions"}],"predecessor-version":[{"id":46804,"href":"https:\/\/www.hgi-cgs.hr\/en\/wp-json\/wp\/v2\/pages\/46798\/revisions\/46804"}],"wp:attachment":[{"href":"https:\/\/www.hgi-cgs.hr\/en\/wp-json\/wp\/v2\/media?parent=46798"}],"curies":[{"name":"wp","href":"https:\/\/api.w.org\/{rel}","templated":true}]}}