{"id":46783,"date":"2025-10-22T05:35:58","date_gmt":"2025-10-22T05:35:58","guid":{"rendered":"https:\/\/www.hgi-cgs.hr\/?page_id=46783"},"modified":"2025-10-22T05:40:03","modified_gmt":"2025-10-22T05:40:03","slug":"sudjelovanje-strucnjaka-hgi-ja-na-radionici-achieving-zero-pollution-of-persistent-and-mobile-substances-removal-through-technical-solutions-mytilene-grcka","status":"publish","type":"page","link":"https:\/\/www.hgi-cgs.hr\/en\/sudjelovanje-strucnjaka-hgi-ja-na-radionici-achieving-zero-pollution-of-persistent-and-mobile-substances-removal-through-technical-solutions-mytilene-grcka\/","title":{"rendered":"Sudjelovanje stru\u010dnjaka HGI-ja na radionici \u201eAchieving Zero Pollution of Persistent and Mobile Substances: Removal through Technical Solutions\u201c, Mytilene, Gr\u010dka"},"content":{"rendered":"<p>[et_pb_section fb_built=&#8221;1&#8243; _builder_version=&#8221;4.24.3&#8243; _module_preset=&#8221;default&#8221; custom_padding=&#8221;||99px|||&#8221; global_colors_info=&#8221;{}&#8221; theme_builder_area=&#8221;post_content&#8221;][et_pb_row _builder_version=&#8221;4.24.3&#8243; _module_preset=&#8221;default&#8221; custom_padding=&#8221;||6px|||&#8221; global_colors_info=&#8221;{}&#8221; theme_builder_area=&#8221;post_content&#8221;][et_pb_column type=&#8221;4_4&#8243; _builder_version=&#8221;4.24.3&#8243; _module_preset=&#8221;default&#8221; global_colors_info=&#8221;{}&#8221; theme_builder_area=&#8221;post_content&#8221;][et_pb_text _builder_version=&#8221;4.27.4&#8243; text_font_size=&#8221;32px&#8221; header_2_text_color=&#8221;#1e5096&#8243; locked=&#8221;off&#8221; global_colors_info=&#8221;{}&#8221; theme_builder_area=&#8221;post_content&#8221;]<\/p>\n<h2 style=\"text-align: center; color: #1e5096;\"><strong>NOVOSTI <br \/><\/strong><\/h2>\n<p>[\/et_pb_text][et_pb_text _builder_version=&#8221;4.27.4&#8243; text_font_size=&#8221;32px&#8221; header_2_text_color=&#8221;#1e5096&#8243; header_2_line_height=&#8221;1.3em&#8221; header_3_line_height=&#8221;1.2em&#8221; custom_margin=&#8221;||17px|||&#8221; hover_enabled=&#8221;0&#8243; locked=&#8221;off&#8221; global_colors_info=&#8221;{}&#8221; theme_builder_area=&#8221;post_content&#8221; sticky_enabled=&#8221;0&#8243;]<\/p>\n<h2 style=\"color: #1e5096; text-align: center;\"><strong>Sudjelovanje stru\u010dnjaka HGI-ja na radionici \u201e<em>Achieving Zero Pollution of Persistent and Mobile Substances: Removal through Technical Solutions<\/em>\u201c, Mytilene, Gr\u010dka<\/strong><\/h2>\n<h3 style=\"text-align: center;\"><\/h3>\n<p>[\/et_pb_text][et_pb_text _builder_version=&#8221;4.27.4&#8243; _module_preset=&#8221;default&#8221; custom_margin=&#8221;45px||15px|||&#8221; hover_enabled=&#8221;0&#8243; locked=&#8221;off&#8221; global_colors_info=&#8221;{}&#8221; theme_builder_area=&#8221;post_content&#8221; sticky_enabled=&#8221;0&#8243;]<\/p>\n<p>Dr. sc. Jasmina Luka\u010d Reberski i dr. sc. Ana Selak sa Zavoda za hidrogeologiju i in\u017eenjersku geologiju Hrvatskog geolo\u0161kog instituta (HGI) imale su priliku sudjelovati na radionici \u201e<em>Achieving Zero Pollution of Persistent and Mobile Substances: Removal through Technical Solutions<\/em>\u201c, odr\u017eanoj u sklopu Horizon 2020 projekta ZeroPM \u2013 Zero Pollution of Peristent, Mobile Substances. Radionica je odr\u017eana 7. i 8. listopada u Mytileneu, na otoku Lezbosu u Gr\u010dkoj, u organizaciji Egejskog sveu\u010dili\u0161ta (UniAeg), Njema\u010dkog centra za vode (TZW) i Norve\u0161kog geotehni\u010dkog instituta (NGI) kao vode\u0107eg partnera.<\/p>\n<p>Radionica je okupila brojne stru\u010dnjake iz razli\u010ditih sektora i zemalja koji se bave problematikom postojanih, mobilnih i toksi\u010dnih one\u010di\u0161\u0107ivala, s posebnim naglaskom na per- i polifluoroalkilne tvari (PFAS). Poznati kao \u201evje\u010dne kemikalije\u201c, PFAS-ovi \u010dine \u0161iroku skupinu sintetskih spojeva koji se zbog otpornosti na toplinu, kemijske procese i vodu intenzivno koriste u industriji. Upravo ta kemijska postojanost razlog je sve ve\u0107e zabrinutosti, budu\u0107i da se PFAS spojevi vrlo sporo razgra\u0111uju u okoli\u0161u, a njihova je prisutnost utvr\u0111ena u svim sastavnicama okoli\u0161a, bioti te u ljudskom organizmu. Unato\u010d zna\u010dajnom napretku u razvoju tehni\u010dkih rje\u0161enja za uklanjanje PFAS-ova iz okoli\u0161a, ne postoji jedinstvena i u potpunosti u\u010dinkovita metoda.<\/p>\n<p>Rezultate svojega istra\u017eivanja pojavnosti i pona\u0161anja postojanih, mobilnih i toksi\u010dnih one\u010di\u0161\u0107ivala od rastu\u0107ega zna\u010daja u kr\u0161kim podzemnim vodnim resursima koji se koriste u vodoopskrbi, dr. sc. Luka\u010d Reberski i dr. sc. Selak predstavile su poster izlaganjem pod naslovom \u201e<em>First regional assessment of persistent, mobile and toxic emerging organic contaminants in Croatian karst aquifers<\/em>\u201c.<\/p>\n<p>Ovom prilikom uspostavljena je suradnja stru\u010dnjaka HGI-ja i partnera ZeroPM projekta, TZW-a i NGI-a, koja \u0107e se dalje razvijati kroz prijavljeni COST projekt \u201e<em>Advancing transdisciplinary management strategies for PFAS contamination<\/em>\u201c.<\/p>\n<p>Vi\u0161e informacija o rezultatima istra\u017eivanja one\u010di\u0161\u0107ivala od rastu\u0107ega zna\u010daja u hrvatskim kr\u0161kim podzemnim vodama mo\u017ee se prona\u0107i na: <em><a href=\"https:\/\/doi.org\/10.1016\/j.scitotenv.2023.166240\">https:\/\/doi.org\/10.1016\/j.scitotenv.2023.166240<\/a><\/em><\/p>\n<p>[\/et_pb_text][\/et_pb_column][\/et_pb_row][et_pb_row column_structure=&#8221;1_2,1_2&#8243; _builder_version=&#8221;4.27.4&#8243; _module_preset=&#8221;default&#8221; global_colors_info=&#8221;{}&#8221; theme_builder_area=&#8221;post_content&#8221;][et_pb_column type=&#8221;1_2&#8243; _builder_version=&#8221;4.27.4&#8243; _module_preset=&#8221;default&#8221; global_colors_info=&#8221;{}&#8221; theme_builder_area=&#8221;post_content&#8221;][et_pb_image src=&#8221;http:\/\/www.hgi-cgs.hr\/wp-content\/uploads\/2025\/10\/1759835819769.jpg&#8221; title_text=&#8221;1759835819769&#8243; align=&#8221;center&#8221; _builder_version=&#8221;4.27.4&#8243; _module_preset=&#8221;default&#8221; width=&#8221;100%&#8221; hover_enabled=&#8221;0&#8243; border_radii=&#8221;on|5px|5px|5px|5px&#8221; box_shadow_style=&#8221;preset1&#8243; box_shadow_blur=&#8221;15px&#8221; global_colors_info=&#8221;{}&#8221; theme_builder_area=&#8221;post_content&#8221; sticky_enabled=&#8221;0&#8243;][\/et_pb_image][\/et_pb_column][et_pb_column type=&#8221;1_2&#8243; _builder_version=&#8221;4.27.4&#8243; _module_preset=&#8221;default&#8221; global_colors_info=&#8221;{}&#8221; theme_builder_area=&#8221;post_content&#8221;][et_pb_image src=&#8221;http:\/\/www.hgi-cgs.hr\/wp-content\/uploads\/2025\/10\/1759835820157.jpg&#8221; title_text=&#8221;1759835820157&#8243; align=&#8221;center&#8221; _builder_version=&#8221;4.27.4&#8243; _module_preset=&#8221;default&#8221; width=&#8221;95%&#8221; hover_enabled=&#8221;0&#8243; border_radii=&#8221;on|5px|5px|5px|5px&#8221; box_shadow_style=&#8221;preset1&#8243; box_shadow_blur=&#8221;15px&#8221; global_colors_info=&#8221;{}&#8221; theme_builder_area=&#8221;post_content&#8221; sticky_enabled=&#8221;0&#8243;][\/et_pb_image][\/et_pb_column][\/et_pb_row][et_pb_row column_structure=&#8221;1_2,1_2&#8243; _builder_version=&#8221;4.27.4&#8243; _module_preset=&#8221;default&#8221; global_colors_info=&#8221;{}&#8221; theme_builder_area=&#8221;post_content&#8221;][et_pb_column type=&#8221;1_2&#8243; _builder_version=&#8221;4.27.4&#8243; _module_preset=&#8221;default&#8221; global_colors_info=&#8221;{}&#8221; theme_builder_area=&#8221;post_content&#8221;][et_pb_image src=&#8221;http:\/\/www.hgi-cgs.hr\/wp-content\/uploads\/2025\/10\/1759835827991.jpg&#8221; title_text=&#8221;1759835827991&#8243; align=&#8221;center&#8221; _builder_version=&#8221;4.27.4&#8243; _module_preset=&#8221;default&#8221; width=&#8221;100%&#8221; hover_enabled=&#8221;0&#8243; border_radii=&#8221;on|5px|5px|5px|5px&#8221; box_shadow_style=&#8221;preset1&#8243; box_shadow_blur=&#8221;15px&#8221; global_colors_info=&#8221;{}&#8221; theme_builder_area=&#8221;post_content&#8221; sticky_enabled=&#8221;0&#8243;][\/et_pb_image][\/et_pb_column][et_pb_column type=&#8221;1_2&#8243; _builder_version=&#8221;4.27.4&#8243; _module_preset=&#8221;default&#8221; global_colors_info=&#8221;{}&#8221; theme_builder_area=&#8221;post_content&#8221;][et_pb_image src=&#8221;http:\/\/www.hgi-cgs.hr\/wp-content\/uploads\/2025\/10\/IMG-20251008-WA0005.jpg&#8221; title_text=&#8221;IMG-20251008-WA0005&#8243; _builder_version=&#8221;4.27.4&#8243; _module_preset=&#8221;default&#8221; width=&#8221;57%&#8221; hover_enabled=&#8221;0&#8243; border_radii=&#8221;on|5px|5px|5px|5px&#8221; box_shadow_style=&#8221;preset1&#8243; box_shadow_blur=&#8221;15px&#8221; global_colors_info=&#8221;{}&#8221; theme_builder_area=&#8221;post_content&#8221; sticky_enabled=&#8221;0&#8243;][\/et_pb_image][\/et_pb_column][\/et_pb_row][\/et_pb_section]<\/p>\n","protected":false},"excerpt":{"rendered":"<p>NOVOSTI Sudjelovanje stru\u010dnjaka HGI-ja na radionici \u201eAchieving Zero Pollution of Persistent and Mobile Substances: Removal through Technical Solutions\u201c, Mytilene, Gr\u010dka Dr. sc. Jasmina Luka\u010d Reberski i dr. sc. Ana Selak sa Zavoda za hidrogeologiju i in\u017eenjersku geologiju Hrvatskog geolo\u0161kog instituta (HGI) imale su priliku sudjelovati na radionici \u201eAchieving Zero Pollution of Persistent and Mobile Substances: [&hellip;]<\/p>\n","protected":false},"author":1,"featured_media":0,"parent":0,"menu_order":0,"comment_status":"closed","ping_status":"closed","template":"","meta":{"_et_pb_use_builder":"on","_et_pb_old_content":"","_et_gb_content_width":"","footnotes":""},"class_list":["post-46783","page","type-page","status-publish","hentry"],"aioseo_notices":[],"_links":{"self":[{"href":"https:\/\/www.hgi-cgs.hr\/en\/wp-json\/wp\/v2\/pages\/46783","targetHints":{"allow":["GET"]}}],"collection":[{"href":"https:\/\/www.hgi-cgs.hr\/en\/wp-json\/wp\/v2\/pages"}],"about":[{"href":"https:\/\/www.hgi-cgs.hr\/en\/wp-json\/wp\/v2\/types\/page"}],"author":[{"embeddable":true,"href":"https:\/\/www.hgi-cgs.hr\/en\/wp-json\/wp\/v2\/users\/1"}],"replies":[{"embeddable":true,"href":"https:\/\/www.hgi-cgs.hr\/en\/wp-json\/wp\/v2\/comments?post=46783"}],"version-history":[{"count":3,"href":"https:\/\/www.hgi-cgs.hr\/en\/wp-json\/wp\/v2\/pages\/46783\/revisions"}],"predecessor-version":[{"id":46791,"href":"https:\/\/www.hgi-cgs.hr\/en\/wp-json\/wp\/v2\/pages\/46783\/revisions\/46791"}],"wp:attachment":[{"href":"https:\/\/www.hgi-cgs.hr\/en\/wp-json\/wp\/v2\/media?parent=46783"}],"curies":[{"name":"wp","href":"https:\/\/api.w.org\/{rel}","templated":true}]}}