{"id":46519,"date":"2025-09-30T11:47:49","date_gmt":"2025-09-30T11:47:49","guid":{"rendered":"https:\/\/www.hgi-cgs.hr\/?page_id=46519"},"modified":"2025-09-30T11:49:22","modified_gmt":"2025-09-30T11:49:22","slug":"lady-novosti-i-obavijesti-projektni-sastanak-lady-projekta","status":"publish","type":"page","link":"https:\/\/www.hgi-cgs.hr\/en\/lady-novosti-i-obavijesti-projektni-sastanak-lady-projekta\/","title":{"rendered":"Lady &#8211; Novosti i obavijesti &#8211; Projektni sastanak LADY projekta"},"content":{"rendered":"<p>[et_pb_section fb_built=&#8221;1&#8243; _builder_version=&#8221;4.24.3&#8243; _module_preset=&#8221;default&#8221; custom_padding=&#8221;||141px|||&#8221; global_colors_info=&#8221;{}&#8221; theme_builder_area=&#8221;post_content&#8221;][et_pb_row _builder_version=&#8221;4.24.3&#8243; _module_preset=&#8221;default&#8221; custom_padding=&#8221;||6px|||&#8221; global_colors_info=&#8221;{}&#8221; theme_builder_area=&#8221;post_content&#8221;][et_pb_column type=&#8221;4_4&#8243; _builder_version=&#8221;4.24.3&#8243; _module_preset=&#8221;default&#8221; global_colors_info=&#8221;{}&#8221; theme_builder_area=&#8221;post_content&#8221;][et_pb_text _builder_version=&#8221;4.27.4&#8243; text_font_size=&#8221;32px&#8221; header_2_text_color=&#8221;#1e5096&#8243; hover_enabled=&#8221;0&#8243; locked=&#8221;off&#8221; global_colors_info=&#8221;{}&#8221; theme_builder_area=&#8221;post_content&#8221; sticky_enabled=&#8221;0&#8243;]<\/p>\n<h2 style=\"text-align: center; color: #1e5096;\"><strong>LADY &#8211; NOVOSTI &amp; OBAVIJESTI<br \/><\/strong><\/h2>\n<p>[\/et_pb_text][et_pb_text _builder_version=&#8221;4.27.4&#8243; text_font_size=&#8221;32px&#8221; header_2_text_color=&#8221;#1e5096&#8243; header_2_line_height=&#8221;1.3em&#8221; header_3_line_height=&#8221;1.2em&#8221; custom_margin=&#8221;||17px|||&#8221; locked=&#8221;off&#8221; global_colors_info=&#8221;{}&#8221; theme_builder_area=&#8221;post_content&#8221;]<\/p>\n<h2 style=\"color: #1e5096; text-align: center;\">Projektni sastanak LADY projekta<strong><em><\/em><\/strong><\/h2>\n<p>[\/et_pb_text][et_pb_image src=&#8221;http:\/\/www.hgi-cgs.hr\/wp-content\/uploads\/2024\/10\/Lady-logo-H2-1.png&#8221; title_text=&#8221;Lady-logo-H2&#8243; align=&#8221;center&#8221; _builder_version=&#8221;4.27.4&#8243; _module_preset=&#8221;default&#8221; width=&#8221;35%&#8221; global_colors_info=&#8221;{}&#8221; theme_builder_area=&#8221;post_content&#8221;][\/et_pb_image][et_pb_text _builder_version=&#8221;4.27.4&#8243; _module_preset=&#8221;default&#8221; custom_margin=&#8221;45px||15px|||&#8221; locked=&#8221;off&#8221; global_colors_info=&#8221;{}&#8221; theme_builder_area=&#8221;post_content&#8221;]<\/p>\n<p>Drugi projektni sastanak LADY projekta odr\u017ean je 29. rujna u Zagrebu, u prostorijama Hrvatskog geolo\u0161kog instituta, te je okupio sve projektne partnere. Sastanak je poslu\u017eio kao prilika za pregled dosada\u0161njih aktivnosti, razmjenu iskustava i zajedni\u010dko planiranje daljnjih koraka u provedbi projekta.<\/p>\n<p>Kao pripremu za predstoje\u0107i partnerski izvje\u0161taj, u jutarnjem dijelu programa svaki je partner odr\u017eao kratku prezentaciju s pregledom aktivnosti provedenih tijekom ovog projektnog perioda. Raspravljalo se o administrativnim izazovima i pote\u0161ko\u0107ama u provedbi projekta, a zajedni\u010dki su predlo\u017eene mjere i rje\u0161enja kako bi se izbjegli rizici i osigurala pravovremena realizacija planiranih aktivnosti.<\/p>\n<p>Popodnevni dio sastanka bio je posve\u0107en stru\u010dnim predavanjima. Odr\u017eana su tri zanimljiva izlaganja:<\/p>\n<p>&#8211; Katastar klizi\u0161ta temeljen na vizualnoj interpretaciji LiDAR snimaka: dosada\u0161nje aktivnosti i metodologija za nastavak istra\u017eivanja (HGI),<\/p>\n<p>&#8211; Katastar klizi\u0161ta i ML algoritmi: dosada\u0161nji eksperimenti i ideje za daljnji razvoj (FER),<\/p>\n<p>&#8211; Metodologija procjene rizika od klizanja: procjena dru\u0161tveno-gospodarske ranjivosti i indeks rizika od klizanja (MUP RCZ).<\/p>\n<p>Sastanak je pokazao va\u017enost redovite komunikacije i suradnje izme\u0111u partnera, a predstavljenim rezultatima i planovima potvr\u0111ena je visoka razina stru\u010dnosti i predanosti svih uklju\u010denih institucija. O\u010dekuje se da \u0107e dogovorene aktivnosti pridonijeti uspje\u0161noj provedbi projekta u sljede\u0107im fazama.<\/p>\n<p>&nbsp;<\/p>\n<p>[\/et_pb_text][\/et_pb_column][\/et_pb_row][et_pb_row _builder_version=&#8221;4.27.4&#8243; _module_preset=&#8221;default&#8221; global_colors_info=&#8221;{}&#8221; theme_builder_area=&#8221;post_content&#8221;][et_pb_column type=&#8221;4_4&#8243; _builder_version=&#8221;4.27.4&#8243; _module_preset=&#8221;default&#8221; global_colors_info=&#8221;{}&#8221; theme_builder_area=&#8221;post_content&#8221;][et_pb_image src=&#8221;http:\/\/www.hgi-cgs.hr\/wp-content\/uploads\/2025\/09\/IMG_0258-scaled.jpg&#8221; title_text=&#8221;IMG_0258&#8243; align=&#8221;center&#8221; _builder_version=&#8221;4.27.4&#8243; _module_preset=&#8221;default&#8221; width=&#8221;50%&#8221; border_radii=&#8221;on|5px|5px|5px|5px&#8221; box_shadow_style=&#8221;preset1&#8243; box_shadow_blur=&#8221;15px&#8221; global_colors_info=&#8221;{}&#8221; theme_builder_area=&#8221;post_content&#8221;][\/et_pb_image][\/et_pb_column][\/et_pb_row][\/et_pb_section]<\/p>\n","protected":false},"excerpt":{"rendered":"<p>LADY &#8211; NOVOSTI &amp; OBAVIJESTIProjektni sastanak LADY projektaDrugi projektni sastanak LADY projekta odr\u017ean je 29. rujna u Zagrebu, u prostorijama Hrvatskog geolo\u0161kog instituta, te je okupio sve projektne partnere. Sastanak je poslu\u017eio kao prilika za pregled dosada\u0161njih aktivnosti, razmjenu iskustava i zajedni\u010dko planiranje daljnjih koraka u provedbi projekta. Kao pripremu za predstoje\u0107i partnerski izvje\u0161taj, u [&hellip;]<\/p>\n","protected":false},"author":1,"featured_media":0,"parent":0,"menu_order":0,"comment_status":"closed","ping_status":"closed","template":"","meta":{"_et_pb_use_builder":"on","_et_pb_old_content":"","_et_gb_content_width":"","footnotes":""},"class_list":["post-46519","page","type-page","status-publish","hentry"],"aioseo_notices":[],"_links":{"self":[{"href":"https:\/\/www.hgi-cgs.hr\/en\/wp-json\/wp\/v2\/pages\/46519","targetHints":{"allow":["GET"]}}],"collection":[{"href":"https:\/\/www.hgi-cgs.hr\/en\/wp-json\/wp\/v2\/pages"}],"about":[{"href":"https:\/\/www.hgi-cgs.hr\/en\/wp-json\/wp\/v2\/types\/page"}],"author":[{"embeddable":true,"href":"https:\/\/www.hgi-cgs.hr\/en\/wp-json\/wp\/v2\/users\/1"}],"replies":[{"embeddable":true,"href":"https:\/\/www.hgi-cgs.hr\/en\/wp-json\/wp\/v2\/comments?post=46519"}],"version-history":[{"count":3,"href":"https:\/\/www.hgi-cgs.hr\/en\/wp-json\/wp\/v2\/pages\/46519\/revisions"}],"predecessor-version":[{"id":46523,"href":"https:\/\/www.hgi-cgs.hr\/en\/wp-json\/wp\/v2\/pages\/46519\/revisions\/46523"}],"wp:attachment":[{"href":"https:\/\/www.hgi-cgs.hr\/en\/wp-json\/wp\/v2\/media?parent=46519"}],"curies":[{"name":"wp","href":"https:\/\/api.w.org\/{rel}","templated":true}]}}