{"id":46031,"date":"2025-07-17T11:09:10","date_gmt":"2025-07-17T11:09:10","guid":{"rendered":"https:\/\/www.hgi-cgs.hr\/?page_id=46031"},"modified":"2025-07-17T12:14:58","modified_gmt":"2025-07-17T12:14:58","slug":"trump-ce-kriticneminerale-osiguratirudarenjem-podmorja","status":"publish","type":"page","link":"https:\/\/www.hgi-cgs.hr\/en\/trump-ce-kriticneminerale-osiguratirudarenjem-podmorja\/","title":{"rendered":"Trump \u0107e kriti\u010dneminerale osiguratirudarenjem podmorja"},"content":{"rendered":"<p>[et_pb_section fb_built=&#8221;1&#8243; _builder_version=&#8221;4.24.3&#8243; _module_preset=&#8221;default&#8221; custom_padding=&#8221;||99px|||&#8221; global_colors_info=&#8221;{}&#8221;][et_pb_row _builder_version=&#8221;4.24.3&#8243; _module_preset=&#8221;default&#8221; global_colors_info=&#8221;{}&#8221;][et_pb_column type=&#8221;4_4&#8243; _builder_version=&#8221;4.24.3&#8243; _module_preset=&#8221;default&#8221; global_colors_info=&#8221;{}&#8221;][et_pb_text _builder_version=&#8221;4.27.4&#8243; text_font_size=&#8221;32px&#8221; header_2_text_color=&#8221;#1e5096&#8243; locked=&#8221;off&#8221; global_colors_info=&#8221;{}&#8221;]<\/p>\n<h2 style=\"text-align: center; color: #1e5096;\"><strong>NOVOSTI <br \/><\/strong><\/h2>\n<p>[\/et_pb_text][et_pb_text _builder_version=&#8221;4.27.4&#8243; text_font_size=&#8221;32px&#8221; header_2_text_color=&#8221;#1e5096&#8243; header_2_line_height=&#8221;1.3em&#8221; custom_margin=&#8221;||17px|||&#8221; hover_enabled=&#8221;0&#8243; locked=&#8221;off&#8221; global_colors_info=&#8221;{}&#8221; sticky_enabled=&#8221;0&#8243;]<\/p>\n<h2 style=\"color: #1e5096; text-align: center;\">S. Miko i N. Ilijani\u0107 za Ve\u010dernji list o eksploataciji sirovina iz podmorja (dubokomorsko rudarenje)<\/h2>\n<p>[\/et_pb_text][et_pb_image src=&#8221;http:\/\/www.hgi-cgs.hr\/wp-content\/uploads\/2025\/07\/rudarenje-podmorja.jpg&#8221; title_text=&#8221;rudarenje podmorja&#8221; align=&#8221;center&#8221; _builder_version=&#8221;4.27.4&#8243; _module_preset=&#8221;default&#8221; width=&#8221;54%&#8221; global_colors_info=&#8221;{}&#8221;][\/et_pb_image][et_pb_text _builder_version=&#8221;4.27.4&#8243; _module_preset=&#8221;default&#8221; text_font_size=&#8221;13px&#8221; custom_margin=&#8221;-23px|||||&#8221; global_colors_info=&#8221;{}&#8221;]<\/p>\n<p style=\"text-align: center;\"><em>Izvor: Ve\u010dernji list<\/em><\/p>\n<p>[\/et_pb_text][et_pb_text _builder_version=&#8221;4.27.4&#8243; _module_preset=&#8221;default&#8221; custom_margin=&#8221;45px||45px|||&#8221; locked=&#8221;off&#8221; global_colors_info=&#8221;{}&#8221;]<\/p>\n<p>Stru\u010dnjaci s Hrvatskog geolo\u0161kog instituta, dr. sc. Slobodan Miko i dr. sc. Nikolina Ilijani\u0107, poja\u0161njavaju za Ve\u010dernji list kako je rudarenje u podmorju uobi\u010dajena praksa u zemljama koja imaju manjak ruda na kopnu, a ponajprije se odnosi na pijesak i \u0161ljunak iz podmorja. Europski primjeri su Belgija, Nizozemska, Ujedinjeno Kraljevstvo i Norve\u0161ka koje pod koncesijama vade vi\u0161e od 50 milijuna kubnih metara pijeska i \u0161ljunka godi\u0161nje. EU je svjestan potrebe za osiguravanjem vlastitih izvora kriti\u010dnih mineralnih sirovina i smanjenjem ovisnosti o Kini, te je nakon poduljeg procesa Europska komisija u svibnju 2024. godine donijela Uredbu o kriti\u010dnim sirovinama. U skladu s Uredbom u travnju 2025. odobreno je 47 strate\u0161kih projekata vezanih za pridobivanje kriti\u010dnih mineralnih sirovina u EU, \u0161to predstavlja va\u017enu prekretnicu u provedbi CRMA. Europska komisija izradila je popis kriti\u010dnih sirovina za EU, koji je podlo\u017ean redovitom pregledu i a\u017euriranju svake tri godine. Posljednji popis iz 2023. obuhva\u0107a 34 elementa i minerala. Tako\u0111er, navedena Uredba nala\u017ee svakoj dr\u017eavi \u010dlanici EU da do kraja svibnja 2025. izradi Nacionalni program istra\u017eivanja kriti\u010dnih mineralnih sirovina. U Hrvatskoj su za to nadle\u017eni Ministarstvo gospodarstva, Uprava za rudarstvo i Hrvatski geolo\u0161ki institut \u2013 poja\u0161njavaju s Instituta. Kriti\u010dne mineralne sirovine klju\u010dne su za zelenu i digitalnu tranziciju Europe, te za podr\u017eavanje europske obrambene i zrakoplovne industrije, no njihova opskrba optere\u0107ena je poreme\u0107ajima u tr\u017ei\u0161tu, ograni\u010denom dostupno\u0161\u0107u le\u017ei\u0161ta pojedinih minerala i me\u0111unarodnim politikama, govore stru\u010dnjaci. Postoji li onda neki oblik alternative?<\/p>\n<p>\u2013 Alternativa je recikliranje, ali za sada razvijene metode nisu dovoljno efikasne i nedovoljno je sekundarnih sirovina za recikliranje. Zbog poja\u010dane potra\u017enje primarni izvori le\u017ei\u0161ta i eksploatacija imat \u0107e i dalje presudnu ulogu u opskrbi. Naravno, eksploatacija na kopnu i moru dolazi uz cijenu nepovoljnog utjecaja na okoli\u0161, ali uz strogu kontrolu i propise taj je utjecaj mogu\u0107e ubla\u017eiti i u\u010diniti eksploataciju opravdanom. Mineralne sirovine ostat \u0107e neophodne i u budu\u0107nosti, dapa\u010de, s obzirom na sve \u0161iru primjenu naprednih tehnologija i obnovljivih izvora energije, potra\u017enja za mineralnim sirovinama va\u017enija je nego ikad i ostat \u0107e neizostavan dio svakodnevnog \u017eivota \u2013 od proizvodnje elektri\u010dne energije do pametnih telefona \u2013 zaklju\u010duju iz Hrvatskog geolo\u0161kog instituta.<\/p>\n<p>&nbsp;<\/p>\n<p>Originalni \u010dlanak mo\u017eete pro\u010ditati <strong><em><a href=\"http:\/\/www.hgi-cgs.hr\/wp-content\/uploads\/2025\/07\/merged.pdf\">ovdje<\/a> <\/em><\/strong>.<\/p>\n<p>&nbsp;<\/p>\n<p>[\/et_pb_text][\/et_pb_column][\/et_pb_row][\/et_pb_section]<\/p>\n","protected":false},"excerpt":{"rendered":"<p>NOVOSTI S. Miko i N. Ilijani\u0107 za Ve\u010dernji list o eksploataciji sirovina iz podmorja (dubokomorsko rudarenje)Izvor: Ve\u010dernji listStru\u010dnjaci s Hrvatskog geolo\u0161kog instituta, dr. sc. Slobodan Miko i dr. sc. Nikolina Ilijani\u0107, poja\u0161njavaju za Ve\u010dernji list kako je rudarenje u podmorju uobi\u010dajena praksa u zemljama koja imaju manjak ruda na kopnu, a ponajprije se odnosi na [&hellip;]<\/p>\n","protected":false},"author":1,"featured_media":0,"parent":0,"menu_order":0,"comment_status":"closed","ping_status":"closed","template":"","meta":{"_et_pb_use_builder":"on","_et_pb_old_content":"","_et_gb_content_width":"","footnotes":""},"class_list":["post-46031","page","type-page","status-publish","hentry"],"aioseo_notices":[],"_links":{"self":[{"href":"https:\/\/www.hgi-cgs.hr\/en\/wp-json\/wp\/v2\/pages\/46031","targetHints":{"allow":["GET"]}}],"collection":[{"href":"https:\/\/www.hgi-cgs.hr\/en\/wp-json\/wp\/v2\/pages"}],"about":[{"href":"https:\/\/www.hgi-cgs.hr\/en\/wp-json\/wp\/v2\/types\/page"}],"author":[{"embeddable":true,"href":"https:\/\/www.hgi-cgs.hr\/en\/wp-json\/wp\/v2\/users\/1"}],"replies":[{"embeddable":true,"href":"https:\/\/www.hgi-cgs.hr\/en\/wp-json\/wp\/v2\/comments?post=46031"}],"version-history":[{"count":5,"href":"https:\/\/www.hgi-cgs.hr\/en\/wp-json\/wp\/v2\/pages\/46031\/revisions"}],"predecessor-version":[{"id":46046,"href":"https:\/\/www.hgi-cgs.hr\/en\/wp-json\/wp\/v2\/pages\/46031\/revisions\/46046"}],"wp:attachment":[{"href":"https:\/\/www.hgi-cgs.hr\/en\/wp-json\/wp\/v2\/media?parent=46031"}],"curies":[{"name":"wp","href":"https:\/\/api.w.org\/{rel}","templated":true}]}}