{"id":46016,"date":"2025-07-14T13:11:39","date_gmt":"2025-07-14T13:11:39","guid":{"rendered":"https:\/\/www.hgi-cgs.hr\/?page_id=46016"},"modified":"2025-07-14T13:14:41","modified_gmt":"2025-07-14T13:14:41","slug":"vlada-republike-hrvatske-donijela-nacionalni-program-istrazivanja-kriticnih-sirovina-2026-2030","status":"publish","type":"page","link":"https:\/\/www.hgi-cgs.hr\/en\/vlada-republike-hrvatske-donijela-nacionalni-program-istrazivanja-kriticnih-sirovina-2026-2030\/","title":{"rendered":"Vlada Republike Hrvatske donijela Nacionalni program istra\u017eivanja kriti\u010dnih sirovina 2026.-2030."},"content":{"rendered":"<p>[et_pb_section fb_built=&#8221;1&#8243; _builder_version=&#8221;4.24.3&#8243; _module_preset=&#8221;default&#8221; custom_padding=&#8221;||99px|||&#8221; global_colors_info=&#8221;{}&#8221; theme_builder_area=&#8221;post_content&#8221;][et_pb_row _builder_version=&#8221;4.24.3&#8243; _module_preset=&#8221;default&#8221; global_colors_info=&#8221;{}&#8221; theme_builder_area=&#8221;post_content&#8221;][et_pb_column type=&#8221;4_4&#8243; _builder_version=&#8221;4.24.3&#8243; _module_preset=&#8221;default&#8221; global_colors_info=&#8221;{}&#8221; theme_builder_area=&#8221;post_content&#8221;][et_pb_text _builder_version=&#8221;4.27.4&#8243; text_font_size=&#8221;32px&#8221; header_2_text_color=&#8221;#1e5096&#8243; locked=&#8221;off&#8221; global_colors_info=&#8221;{}&#8221; theme_builder_area=&#8221;post_content&#8221;]<\/p>\n<h2 style=\"text-align: center; color: #1e5096;\"><strong>NOVOSTI <br \/><\/strong><\/h2>\n<p>[\/et_pb_text][et_pb_text _builder_version=&#8221;4.27.4&#8243; text_font_size=&#8221;32px&#8221; header_2_text_color=&#8221;#1e5096&#8243; header_2_line_height=&#8221;1.3em&#8221; custom_margin=&#8221;||17px|||&#8221; hover_enabled=&#8221;0&#8243; locked=&#8221;off&#8221; global_colors_info=&#8221;{}&#8221; theme_builder_area=&#8221;post_content&#8221; sticky_enabled=&#8221;0&#8243;]<\/p>\n<h2 style=\"text-align: center; color: #1e5096;\">Vlada Republike Hrvatske donijela Nacionalni program istra\u017eivanja kriti\u010dnih sirovina 2026.-2030.<\/h2>\n<p>[\/et_pb_text][et_pb_text _builder_version=&#8221;4.27.4&#8243; _module_preset=&#8221;default&#8221; custom_margin=&#8221;45px||45px|||&#8221; hover_enabled=&#8221;0&#8243; locked=&#8221;off&#8221; global_colors_info=&#8221;{}&#8221; theme_builder_area=&#8221;post_content&#8221; sticky_enabled=&#8221;0&#8243;]<\/p>\n<p>&nbsp;<\/p>\n<p>Vlada Republike Hrvatske (RH) donijela je Odluku o dono\u0161enju Nacionalnog programa istra\u017eivanja kriti\u010dnih sirovina 2026.-2030. (NN 93\/25) na sjednici odr\u017eanoj 18. lipnja 2025., u svezi sa \u010dlankom 19. stavkom 1. Uredbe (EU) 2024\/1252 Europskog parlamenta i Vije\u0107a od 11. travnja 2024. o uspostavi okvira za osiguravanje sigurne i odr\u017eive opskrbe kriti\u010dnim sirovinama i o izmjeni uredbi (EU) br. 168\/2013, (EU) 2018\/858, (EU) 2018\/1724 i (EU) 2019\/1020 (SL L, 2024\/1252, 3. 5. 2024.) (u daljnjem tekstu Uredba). Na temelju ove Odluke, Ministarstvo gospodarstva \u0107e Nacionalni program istra\u017eivanja kriti\u010dnih sirovina 2026.-2030. (NPIKS) dostaviti Europskoj komisiji i objaviti na svojim mre\u017enim stranicama.<\/p>\n<p>Tvrdnja u donesenom NPIKS-u da se na temelju Geolo\u0161ke karte RH, Karte mineralnih sirovina RH i Karte geolo\u0161ke potencijalnosti RH dokazuje da u RH nema nalazi\u0161ta kriti\u010dnih sirovina je neto\u010dna. Geolo\u0161ka karta RH, Karta mineralnih sirovina RH i Karta geolo\u0161ke potencijalnosti RH sadr\u017eajno se ne bave ekonomskom isplativo\u0161\u0107u le\u017ei\u0161ta kriti\u010dnih mineralnih sirovina. Ekonomska evaluacija le\u017ei\u0161ta provodi se sukladno Zakonu o rudarstvu i pripadaju\u0107im pravilnicima, a nije predmet istra\u017eivanja navedenih karata.<\/p>\n<p>Hrvatski geolo\u0161ki institut prepoznaje va\u017enost \u010dlanka 19. Uredbe, kojim su definirana geolo\u0161ka istra\u017eivanja za op\u0107e istra\u017eivanje usmjereno na kriti\u010dne sirovine i stijene ili le\u017ei\u0161ta kriti\u010dnih sirovina, te kojim je predlo\u017eena izrada nacionalnog programa svake dr\u017eave \u010dlanice. Zbog iznesenih \u010dinjenica, <strong><u>Hrvatski geolo\u0161ki institut se ogra\u0111uje od donesenog NPIKS-a i ne podr\u017eava dokument u postoje\u0107em obliku.<\/u><\/strong><\/p>\n<p>Tekst donesenog NPIKS-a dostupan je na slu\u017ebenim mre\u017enim stranicama Vlade RH na sljede\u0107oj poveznici: <a href=\"https:\/\/vlada.gov.hr\/UserDocsImages\/2016\/Sjednice\/2025\/Lipanj\/100_sjednica_VRH\/100%20-%205%20Nacionalni_program.docx\">https:\/\/vlada.gov.hr\/UserDocsImages\/\/2016\/Sjednice\/2025\/Lipanj\/100_sjednica_VRH\/\/100%20-%205%20Nacionalni_program.docx<\/a><\/p>\n<p>&nbsp;<\/p>\n<p>[\/et_pb_text][\/et_pb_column][\/et_pb_row][\/et_pb_section]<\/p>\n","protected":false},"excerpt":{"rendered":"<p>NOVOSTI Vlada Republike Hrvatske donijela Nacionalni program istra\u017eivanja kriti\u010dnih sirovina 2026.-2030.&nbsp; Vlada Republike Hrvatske (RH) donijela je Odluku o dono\u0161enju Nacionalnog programa istra\u017eivanja kriti\u010dnih sirovina 2026.-2030. (NN 93\/25) na sjednici odr\u017eanoj 18. lipnja 2025., u svezi sa \u010dlankom 19. stavkom 1. Uredbe (EU) 2024\/1252 Europskog parlamenta i Vije\u0107a od 11. travnja 2024. o uspostavi okvira [&hellip;]<\/p>\n","protected":false},"author":1,"featured_media":0,"parent":0,"menu_order":0,"comment_status":"closed","ping_status":"closed","template":"","meta":{"_et_pb_use_builder":"on","_et_pb_old_content":"","_et_gb_content_width":"","footnotes":""},"class_list":["post-46016","page","type-page","status-publish","hentry"],"aioseo_notices":[],"_links":{"self":[{"href":"https:\/\/www.hgi-cgs.hr\/en\/wp-json\/wp\/v2\/pages\/46016","targetHints":{"allow":["GET"]}}],"collection":[{"href":"https:\/\/www.hgi-cgs.hr\/en\/wp-json\/wp\/v2\/pages"}],"about":[{"href":"https:\/\/www.hgi-cgs.hr\/en\/wp-json\/wp\/v2\/types\/page"}],"author":[{"embeddable":true,"href":"https:\/\/www.hgi-cgs.hr\/en\/wp-json\/wp\/v2\/users\/1"}],"replies":[{"embeddable":true,"href":"https:\/\/www.hgi-cgs.hr\/en\/wp-json\/wp\/v2\/comments?post=46016"}],"version-history":[{"count":3,"href":"https:\/\/www.hgi-cgs.hr\/en\/wp-json\/wp\/v2\/pages\/46016\/revisions"}],"predecessor-version":[{"id":46020,"href":"https:\/\/www.hgi-cgs.hr\/en\/wp-json\/wp\/v2\/pages\/46016\/revisions\/46020"}],"wp:attachment":[{"href":"https:\/\/www.hgi-cgs.hr\/en\/wp-json\/wp\/v2\/media?parent=46016"}],"curies":[{"name":"wp","href":"https:\/\/api.w.org\/{rel}","templated":true}]}}