{"id":45469,"date":"2025-06-02T11:38:57","date_gmt":"2025-06-02T11:38:57","guid":{"rendered":"https:\/\/www.hgi-cgs.hr\/?page_id=45469"},"modified":"2026-04-28T09:50:18","modified_gmt":"2026-04-28T09:50:18","slug":"zavrseni-projekti-nacionalni-kompetitivni-projekti","status":"publish","type":"page","link":"https:\/\/www.hgi-cgs.hr\/en\/zavrseni-projekti-nacionalni-kompetitivni-projekti\/","title":{"rendered":"Zavr\u0161eni projekti-Nacionalni kompetitivni projekti"},"content":{"rendered":"<p>[et_pb_section fb_built=&#8221;1&#8243; fullwidth=&#8221;on&#8221; _builder_version=&#8221;4.16&#8243; custom_padding=&#8221;0px||0px|||&#8221; global_colors_info=&#8221;{}&#8221;][et_pb_fullwidth_slider _builder_version=&#8221;4.16&#8243; min_height=&#8221;112px&#8221; height=&#8221;400px&#8221; custom_margin=&#8221;0px||||false|false&#8221; custom_padding=&#8221;0px||18px||false|false&#8221; auto=&#8221;on&#8221; auto_ignore_hover=&#8221;on&#8221; locked=&#8221;off&#8221; global_colors_info=&#8221;{}&#8221;][et_pb_slide heading=&#8221;Hrvatski geolo\u0161ki institut&#8221; _builder_version=&#8221;4.16&#8243; header_font=&#8221;|||on|||||&#8221; background_image=&#8221;https:\/\/www.hgi-cgs.hr\/wp-content\/uploads\/2020\/03\/Br\u010di\u0107_Drvenik02-scaled.jpg&#8221; background_enable_image=&#8221;on&#8221; locked=&#8221;off&#8221; global_colors_info=&#8221;{}&#8221; sticky_transition=&#8221;on&#8221;][\/et_pb_slide][et_pb_slide heading=&#8221;Hrvatski geolo\u0161ki institut&#8221; _builder_version=&#8221;4.16&#8243; header_font=&#8221;|||on|||||&#8221; background_image=&#8221;https:\/\/www.hgi-cgs.hr\/wp-content\/uploads\/2020\/03\/ban2-scaled.jpg&#8221; background_enable_image=&#8221;on&#8221; locked=&#8221;off&#8221; global_colors_info=&#8221;{}&#8221; sticky_transition=&#8221;on&#8221;][\/et_pb_slide][et_pb_slide heading=&#8221;Hrvatski geolo\u0161ki institut&#8221; _builder_version=&#8221;4.16&#8243; header_font=&#8221;|||on|||||&#8221; background_image=&#8221;https:\/\/www.hgi-cgs.hr\/wp-content\/uploads\/2020\/03\/20190228_094232-scaled.jpg&#8221; background_enable_image=&#8221;on&#8221; locked=&#8221;off&#8221; global_colors_info=&#8221;{}&#8221; sticky_transition=&#8221;on&#8221;][\/et_pb_slide][et_pb_slide heading=&#8221;Hrvatski geolo\u0161ki institut&#8221; _builder_version=&#8221;4.16&#8243; header_font=&#8221;|||on|||||&#8221; background_image=&#8221;https:\/\/www.hgi-cgs.hr\/wp-content\/uploads\/2020\/03\/ban3-scaled.jpg&#8221; background_enable_image=&#8221;on&#8221; locked=&#8221;off&#8221; global_colors_info=&#8221;{}&#8221; sticky_transition=&#8221;on&#8221;][\/et_pb_slide][et_pb_slide heading=&#8221;Hrvatski geolo\u0161ki institut&#8221; _builder_version=&#8221;4.16&#8243; header_font=&#8221;|||on|||||&#8221; background_image=&#8221;https:\/\/www.hgi-cgs.hr\/wp-content\/uploads\/2020\/03\/Bijele_stijene-Gorski_kotar-scaled.jpg&#8221; background_enable_image=&#8221;on&#8221; locked=&#8221;off&#8221; global_colors_info=&#8221;{}&#8221; sticky_transition=&#8221;on&#8221;][\/et_pb_slide][et_pb_slide heading=&#8221;Hrvatski geolo\u0161ki institut&#8221; _builder_version=&#8221;4.16&#8243; header_font=&#8221;|||on|||||&#8221; background_image=&#8221;https:\/\/www.hgi-cgs.hr\/wp-content\/uploads\/2020\/03\/ban4-scaled.jpg&#8221; background_enable_image=&#8221;on&#8221; locked=&#8221;off&#8221; global_colors_info=&#8221;{}&#8221; sticky_transition=&#8221;on&#8221;][\/et_pb_slide][et_pb_slide heading=&#8221;Hrvatski geolo\u0161ki institut&#8221; _builder_version=&#8221;4.16&#8243; header_font=&#8221;|||on|||||&#8221; background_image=&#8221;https:\/\/www.hgi-cgs.hr\/wp-content\/uploads\/2020\/03\/ban5-scaled.jpg&#8221; background_enable_image=&#8221;on&#8221; locked=&#8221;off&#8221; global_colors_info=&#8221;{}&#8221; sticky_transition=&#8221;on&#8221;][\/et_pb_slide][\/et_pb_fullwidth_slider][\/et_pb_section][et_pb_section fb_built=&#8221;1&#8243; _builder_version=&#8221;4.16&#8243; global_colors_info=&#8221;{}&#8221;][et_pb_row _builder_version=&#8221;4.16&#8243; global_colors_info=&#8221;{}&#8221;][et_pb_column type=&#8221;4_4&#8243; _builder_version=&#8221;4.16&#8243; global_colors_info=&#8221;{}&#8221;][et_pb_text _builder_version=&#8221;4.27.4&#8243; text_font_size=&#8221;32px&#8221; header_2_text_color=&#8221;#1e5096&#8243; global_colors_info=&#8221;{}&#8221;]<\/p>\n<h2 style=\"text-align: center; color: #1e5096;\"><strong>ZAVR\u0160ENI PROJEKTI<br \/><\/strong><\/h2>\n<p>[\/et_pb_text][\/et_pb_column][\/et_pb_row][et_pb_row _builder_version=&#8221;4.16&#8243; global_colors_info=&#8221;{}&#8221;][et_pb_column type=&#8221;4_4&#8243; _builder_version=&#8221;4.16&#8243; global_colors_info=&#8221;{}&#8221;][et_pb_text _builder_version=&#8221;4.27.4&#8243; text_font_size=&#8221;32px&#8221; header_2_text_color=&#8221;#1e5096&#8243; header_2_line_height=&#8221;1.3em&#8221; global_colors_info=&#8221;{}&#8221;]<\/p>\n<h2 style=\"text-align: center; color: #1e5096;\">Nacionalni kompetitivni projekti <\/h2>\n<p>[\/et_pb_text][\/et_pb_column][\/et_pb_row][\/et_pb_section][et_pb_section fb_built=&#8221;1&#8243; _builder_version=&#8221;4.16&#8243; custom_padding=&#8221;20px||41px|||&#8221; global_colors_info=&#8221;{}&#8221;][et_pb_row _builder_version=&#8221;4.16&#8243; min_height=&#8221;192px&#8221; custom_margin=&#8221;12px|auto||auto||&#8221; custom_padding=&#8221;0px|||||&#8221; global_colors_info=&#8221;{}&#8221;][et_pb_column type=&#8221;4_4&#8243; _builder_version=&#8221;4.16&#8243; global_colors_info=&#8221;{}&#8221;][et_pb_text _builder_version=&#8221;4.27.6&#8243; text_font=&#8221;||||||||&#8221; link_font=&#8221;||||||||&#8221; link_text_color=&#8221;#e09900&#8243; custom_margin=&#8221;18px|||||&#8221; custom_padding=&#8221;|10px||10px|false|true&#8221; hover_enabled=&#8221;0&#8243; global_colors_info=&#8221;{}&#8221; sticky_enabled=&#8221;0&#8243;]<\/p>\n<p><em><strong><a href=\"https:\/\/www.hgi-cgs.hr\/nagle-klimatske-promjene-dokazi-iz-kvartarnih-sedimentoloskih-zapisa-u-hrvatskoj-abrupt-climate-changes-evidence-from-quaternary-sedimentological-sequences-in-croatia-accent\/\">ACCENT &#8211; Nagle klimatske promjene \u2013 Dokazi iz kvartarnih sedimentolo\u0161kih zapisa u Hrvatskoj (Abrupt climate changes \u2013 Evidence from Quaternary sedimentological sequences in Croatia)<\/a><\/strong><\/em><\/p>\n<p><em><strong><a href=\"https:\/\/www.hgi-cgs.hr\/nacionalni-kompetitivni-projekti-hythec\/\" target=\"_blank\" rel=\"noopener noreferrer\">HyTheC:\u00a0Multidisciplinarni pristup izradi konceptualnih modela hidrotermalnih sustava<\/a><\/strong><\/em><\/p>\n<p><em><a href=\"https:\/\/www.hgi-cgs.hr\/pyroska\/\" role=\"link\"><strong>PYROSKA \u2013 Miocenska sin-riftna evolucija Sjevernohrvatskog bazena (Karpatsko-Panonska regija): \u201cmulti-proxy\u201d pristup, korelacija i integriranje sedimentnog i vulkanskog zapisa (UIP-2019-04-7761)<\/strong><\/a><\/em><\/p>\n<p><strong><em><a href=\"https:\/\/www.hgi-cgs.hr\/nacionalni-kompetativni-projekti-geosekva\/\" role=\"link\">GEOSEKVA: Geological and seismological aspect of geodynamics in Kvarner area \u2013 unveiling of the Kvarner fault<\/a><\/em><\/strong><\/p>\n<p><strong><em><a href=\"https:\/\/www.hgi-cgs.hr\/gost\/\" target=\"\" rel=\"noopener noreferrer\" role=\"link\">GOST (Vulkano-sedimentne sukcesije sjeverozapadne Hrvatske i njihova uloga u razumijevanju geodinamike Paleotetisa tijekom srednjeg trijasa)<\/a><\/em><\/strong><\/p>\n<p><a href=\"https:\/\/www.hgi-cgs.hr\/sapiq\/\" role=\"link\"><em><strong>SAPIQ: Standardisation and applyed investigation of quaternary sediments in Croatia<\/strong><\/em><\/a><\/p>\n<p><em><strong><a href=\"https:\/\/www.hgi-cgs.hr\/diacromixpest\/\" role=\"link\">DIACROMIXPEST: Razvoj formulacija novih prirodnih insekticida na osnovi inertnih i botani\u010dkih insekticida i njihovih kombinacija kao zamjena za sintetske konvencionalne insekticide<\/a><\/strong><\/em><\/p>\n<p><em><strong><a href=\"https:\/\/www.hgi-cgs.hr\/rgsp-rfmp\/\" role=\"link\">RGSP\/RFMP: Rimski grobni spomenici jugozapadne Panonije u svom materijalnom, dru\u0161tvenom i religijskom kontekstu<\/a><\/strong><\/em><\/p>\n<p><a href=\"https:\/\/www.hgi-cgs.hr\/nacionalni-kompetativni-projekti-tranital\/\" target=\"\" rel=\"noopener noreferrer\" role=\"link\"><em><strong>TRANITAL:\u00a0<\/strong><\/em><em><strong>Podrijetlo, pona\u0161anje i modeliranje transporta nitrata u vara\u017edinskom aluvijalnom vodonosniku<\/strong><\/em><\/a><\/p>\n<p><a href=\"https:\/\/www.hgi-cgs.hr\/nacionalni-kompetativni-projekti-issah\/\" target=\"\" rel=\"noopener noreferrer\" role=\"link\"><strong><em>ISSAH:\u00a0<\/em><\/strong><em><strong>Utjecaj specifi\u010dne povr\u0161ine oplo\u0161ja \u010destice na hidrogeolo\u0161ka svojstva prapora i na njima razvijenih tala isto\u010dne Hrvatske<\/strong><\/em><\/a><\/p>\n<p><a href=\"https:\/\/www.hgi-cgs.hr\/visefazni-pristup-za-desifriranje-mikrobne-ekologije-i-biotehnoloskog-potencijala-mamebio\/\" role=\"link\"><em><strong>MAMEBio: Vi\u0161efazni pristup za de\u0161ifriranje mikrobne ekologije i biotehnolo\u0161kog potencijala geotermalnih izvora u Hrvatskoj<\/strong><\/em><\/a><\/p>\n<p><em><strong><a href=\"https:\/\/www.hgi-cgs.hr\/projekt-razvoja-karijera-mladih-istrazivaca-izobrazba-novih-doktora-znanosti-qmad\/\" role=\"link\">Projekt razvoja karijera mladih istra\u017eiva\u010da \u2013 izobrazba novih doktora znanosti<\/a><\/strong><\/em><\/p>\n<p><em><strong><a href=\"https:\/\/www.hgi-cgs.hr\/qmad\/\" target=\"\" rel=\"noopener noreferrer\" role=\"link\"><\/a><a href=\"https:\/\/www.hgi-cgs.hr\/qmad\/\" role=\"link\">QMAD: Porijeklo i talo\u017eenje sedimenata u vrijeme kasno kvartarnih promjena morske razine: Sustav rijeke Krke i Srednjojadranske kotline (Sediments between source and sink during a Late Quaternary eustatic cycle: The Krka and the Mid Adriatic Deep System-QMAD)<\/a><\/strong><\/em><\/p>\n<p><em><strong><a href=\"https:\/\/www.hgi-cgs.hr\/loladria-lost-lake-landscapes-of-the-eastern-adriatic-shelf\/\" role=\"link\">LoLADRIA: Lost Lake Landscapes of the Eastern Adriatic Shelf<\/a> <\/strong><\/em><\/p>\n<p>[\/et_pb_text][\/et_pb_column][\/et_pb_row][\/et_pb_section]<\/p>\n","protected":false},"excerpt":{"rendered":"<p>ZAVR\u0160ENI PROJEKTINacionalni kompetitivni projekti ACCENT &#8211; Nagle klimatske promjene \u2013 Dokazi iz kvartarnih sedimentolo\u0161kih zapisa u Hrvatskoj (Abrupt climate changes \u2013 Evidence from Quaternary sedimentological sequences in Croatia) HyTheC:\u00a0Multidisciplinarni pristup izradi konceptualnih modela hidrotermalnih sustava PYROSKA \u2013 Miocenska sin-riftna evolucija Sjevernohrvatskog bazena (Karpatsko-Panonska regija): \u201cmulti-proxy\u201d pristup, korelacija i integriranje sedimentnog i vulkanskog zapisa (UIP-2019-04-7761) GEOSEKVA: [&hellip;]<\/p>\n","protected":false},"author":1,"featured_media":0,"parent":0,"menu_order":0,"comment_status":"closed","ping_status":"closed","template":"","meta":{"_et_pb_use_builder":"on","_et_pb_old_content":"","_et_gb_content_width":"","footnotes":""},"class_list":["post-45469","page","type-page","status-publish","hentry"],"aioseo_notices":[],"_links":{"self":[{"href":"https:\/\/www.hgi-cgs.hr\/en\/wp-json\/wp\/v2\/pages\/45469","targetHints":{"allow":["GET"]}}],"collection":[{"href":"https:\/\/www.hgi-cgs.hr\/en\/wp-json\/wp\/v2\/pages"}],"about":[{"href":"https:\/\/www.hgi-cgs.hr\/en\/wp-json\/wp\/v2\/types\/page"}],"author":[{"embeddable":true,"href":"https:\/\/www.hgi-cgs.hr\/en\/wp-json\/wp\/v2\/users\/1"}],"replies":[{"embeddable":true,"href":"https:\/\/www.hgi-cgs.hr\/en\/wp-json\/wp\/v2\/comments?post=45469"}],"version-history":[{"count":6,"href":"https:\/\/www.hgi-cgs.hr\/en\/wp-json\/wp\/v2\/pages\/45469\/revisions"}],"predecessor-version":[{"id":48078,"href":"https:\/\/www.hgi-cgs.hr\/en\/wp-json\/wp\/v2\/pages\/45469\/revisions\/48078"}],"wp:attachment":[{"href":"https:\/\/www.hgi-cgs.hr\/en\/wp-json\/wp\/v2\/media?parent=45469"}],"curies":[{"name":"wp","href":"https:\/\/api.w.org\/{rel}","templated":true}]}}