{"id":44960,"date":"2025-04-01T08:30:44","date_gmt":"2025-04-01T08:30:44","guid":{"rendered":"https:\/\/www.hgi-cgs.hr\/?page_id=44960"},"modified":"2025-04-01T08:41:09","modified_gmt":"2025-04-01T08:41:09","slug":"rampa-novosti-i-obavijesti-terenski-rad-u-juznim-karpatima-rumunjska-14-20-srpnja-2024-i-srbiji-26-29-rujna-2024","status":"publish","type":"page","link":"https:\/\/www.hgi-cgs.hr\/en\/rampa-novosti-i-obavijesti-terenski-rad-u-juznim-karpatima-rumunjska-14-20-srpnja-2024-i-srbiji-26-29-rujna-2024\/","title":{"rendered":"RAMPA &#8211; Novosti i obavijesti\/Terenski rad u Ju\u017enim Karpatima, Rumunjska (14.\u201320. srpnja 2024.) i Srbiji (26.\u201329. rujna 2024.)"},"content":{"rendered":"<p>[et_pb_section fb_built=&#8221;1&#8243; _builder_version=&#8221;4.24.3&#8243; _module_preset=&#8221;default&#8221; global_colors_info=&#8221;{}&#8221; theme_builder_area=&#8221;post_content&#8221; custom_padding=&#8221;||54px|||&#8221;][et_pb_row _builder_version=&#8221;4.24.3&#8243; _module_preset=&#8221;default&#8221; global_colors_info=&#8221;{}&#8221; theme_builder_area=&#8221;post_content&#8221; custom_padding=&#8221;||61px|||&#8221;][et_pb_column type=&#8221;4_4&#8243; _builder_version=&#8221;4.24.3&#8243; _module_preset=&#8221;default&#8221; global_colors_info=&#8221;{}&#8221; theme_builder_area=&#8221;post_content&#8221;][et_pb_text _builder_version=&#8221;4.27.4&#8243; text_font_size=&#8221;32px&#8221; header_2_text_color=&#8221;#1e5096&#8243; locked=&#8221;off&#8221; global_colors_info=&#8221;{}&#8221; theme_builder_area=&#8221;post_content&#8221;]<\/p>\n<h2 style=\"text-align: center; color: #1e5096;\"><strong>RAMPA &#8211; NOVOSTI I OBAVIJESTI<br \/><\/strong><\/h2>\n<p>[\/et_pb_text][et_pb_text _builder_version=&#8221;4.27.4&#8243; text_font_size=&#8221;32px&#8221; header_2_text_color=&#8221;#1e5096&#8243; header_2_line_height=&#8221;1.3em&#8221; custom_margin=&#8221;||17px|||&#8221; hover_enabled=&#8221;0&#8243; locked=&#8221;off&#8221; global_colors_info=&#8221;{}&#8221; theme_builder_area=&#8221;post_content&#8221; sticky_enabled=&#8221;0&#8243;]<\/p>\n<h2 style=\"text-align: center; color: #1e5096;\"><strong>Terenski rad u Ju\u017enim Karpatima, Rumunjska (14.\u201320. srpnja 2024.) i Srbiji (26.\u201329. rujna 2024.)<\/strong><\/h2>\n<p>[\/et_pb_text][et_pb_image src=&#8221;http:\/\/www.hgi-cgs.hr\/wp-content\/uploads\/2024\/03\/rampa-1.png&#8221; title_text=&#8221;rampa&#8221; align=&#8221;center&#8221; _builder_version=&#8221;4.27.4&#8243; _module_preset=&#8221;default&#8221; width=&#8221;35%&#8221; global_colors_info=&#8221;{}&#8221; theme_builder_area=&#8221;post_content&#8221;][\/et_pb_image][et_pb_text _builder_version=&#8221;4.27.4&#8243; _module_preset=&#8221;default&#8221; custom_margin=&#8221;45px||45px|||&#8221; hover_enabled=&#8221;0&#8243; locked=&#8221;off&#8221; global_colors_info=&#8221;{}&#8221; theme_builder_area=&#8221;post_content&#8221; sticky_enabled=&#8221;0&#8243;]<\/p>\n<p>U sklopu doktorskog istra\u017eivanja, doktorandica Katja Mu\u017eek provela je dva terenska istra\u017eivanja u Rumunjskoj i Srbiji, usmjerena na analizu panonske i pontske (pont u kontekstu Isto\u010dnog Paratetisa) faune ostrakoda i meku\u0161aca iz Dacijskog bazena i jezera Panon. Oba terena financirana su iz internog istra\u017eiva\u010dkog projekta\u00a0\u201eRazvoj miocenskih paleookoli\u0161a na prostoru Hrvatske i njihova povezanost s globalnim doga\u0111ajima (RAMPA)\u201c.<\/p>\n<p>[\/et_pb_text][et_pb_image src=&#8221;http:\/\/www.hgi-cgs.hr\/wp-content\/uploads\/2025\/04\/snimanje.jpg&#8221; title_text=&#8221;snimanje&#8221; align=&#8221;center&#8221; _builder_version=&#8221;4.27.4&#8243; _module_preset=&#8221;default&#8221; width=&#8221;45%&#8221; hover_enabled=&#8221;0&#8243; border_radii=&#8221;on|5px|5px|5px|5px&#8221; box_shadow_style=&#8221;preset1&#8243; box_shadow_blur=&#8221;15px&#8221; global_colors_info=&#8221;{}&#8221; theme_builder_area=&#8221;post_content&#8221; sticky_enabled=&#8221;0&#8243;][\/et_pb_image][et_pb_text _builder_version=&#8221;4.27.4&#8243; _module_preset=&#8221;default&#8221; text_font_size=&#8221;13px&#8221; custom_margin=&#8221;-20px|||||&#8221; hover_enabled=&#8221;0&#8243; global_colors_info=&#8221;{}&#8221; theme_builder_area=&#8221;post_content&#8221; sticky_enabled=&#8221;0&#8243;]<\/p>\n<p style=\"text-align: center;\"><em>Snimanje parcijalnog stupa Turia I (Rumunjska)<\/em><\/p>\n<p>[\/et_pb_text][et_pb_text _builder_version=&#8221;4.27.4&#8243; _module_preset=&#8221;default&#8221; theme_builder_area=&#8221;post_content&#8221; hover_enabled=&#8221;0&#8243; sticky_enabled=&#8221;0&#8243;]<\/p>\n<p>Terenski rad u Rumunjskoj (14.\u201320. srpnja 2024.) obuhvatio je uzorkovanje pontskih naslaga i snimanje stupova na razli\u010ditim lokalitetima unutar Dacijskog bazena, dok je terenski rad u Srbiji (26.\u201329. rujna 2024.) fokusiran na uzorkovanje panonskih naslaga u okolici Beograda (Mislo\u0111in).<\/p>\n<p>U Rumunjskoj terenska istra\u017eivanja provedena su na lokalitetima\u00a0Doftana Valley, Buz\u0103u Valley, Turia\u00a0(gdje je snimljeno 14 parcijalnih stupova) te\u00a0Badislava Valley. Cilj istra\u017eivanja bio je uzorkovati pontske naslage Dacijskog bazena s naglaskom na prvu migracijsku fazu ostrakoda i meku\u0161aca, prije pribli\u017eno 6 Ma. Tijekom te faze do\u0161lo je do privremenog prekida izolacije jezera Panon, \u010dime se uspostavila veza s Dacijskim bazenom, rezultiraju\u0107i migracijom faunalnih zajednica.<\/p>\n<p>[\/et_pb_text][et_pb_image src=&#8221;http:\/\/www.hgi-cgs.hr\/wp-content\/uploads\/2025\/04\/juzni-Karpati.jpg&#8221; title_text=&#8221;ju\u017eni Karpati&#8221; align=&#8221;center&#8221; _builder_version=&#8221;4.27.4&#8243; _module_preset=&#8221;default&#8221; width=&#8221;45%&#8221; hover_enabled=&#8221;0&#8243; border_radii=&#8221;on|5px|5px|5px|5px&#8221; box_shadow_style=&#8221;preset1&#8243; box_shadow_blur=&#8221;15px&#8221; global_colors_info=&#8221;{}&#8221; theme_builder_area=&#8221;post_content&#8221; sticky_enabled=&#8221;0&#8243;][\/et_pb_image][et_pb_text _builder_version=&#8221;4.27.4&#8243; _module_preset=&#8221;default&#8221; text_font_size=&#8221;13px&#8221; custom_margin=&#8221;-20px|||||&#8221; hover_enabled=&#8221;0&#8243; global_colors_info=&#8221;{}&#8221; theme_builder_area=&#8221;post_content&#8221; sticky_enabled=&#8221;0&#8243;]<\/p>\n<p style=\"text-align: center;\"><em>Ju\u017eni Karpati, Rumunjska <\/em><\/p>\n<p>[\/et_pb_text][et_pb_text _builder_version=&#8221;4.27.4&#8243; _module_preset=&#8221;default&#8221; theme_builder_area=&#8221;post_content&#8221; hover_enabled=&#8221;0&#8243; sticky_enabled=&#8221;0&#8243;]<\/p>\n<p>Terensko istra\u017eivanje u Srbiji provedeno je s ciljem uzorkovanja naslaga jezera Panon na lokalitetu Mislo\u0111in. Uzorci prikupljeni na ovim lokalitetima omogu\u0107it \u0107e taksonomsku analizu ostrakoda i meku\u0161aca te usporedbu faune ostrakoda i meku\u0161aca Dacijskog bazena i jezera Panon. Glavni cilj istra\u017eivanja je utvrditi filogenetske sli\u010dnosti izme\u0111u dviju faunalnih zajednica na temelju morfolo\u0161kih karakteristika te ste\u0107i uvid u paleoekolo\u0161ke uvjete koji su pratili migracijske procese.<\/p>\n<p>Ova istra\u017eivanja doprinose razumijevanju paleobiogeografije te omogu\u0107uju rekonstrukciju paleookoli\u0161nih uvjeta tijekom neogena.<\/p>\n<p>[\/et_pb_text][et_pb_image src=&#8221;http:\/\/www.hgi-cgs.hr\/wp-content\/uploads\/2025\/04\/dofana.jpg&#8221; title_text=&#8221;dofana&#8221; align=&#8221;center&#8221; _builder_version=&#8221;4.27.4&#8243; _module_preset=&#8221;default&#8221; width=&#8221;45%&#8221; hover_enabled=&#8221;0&#8243; border_radii=&#8221;on|5px|5px|5px|5px&#8221; box_shadow_style=&#8221;preset1&#8243; box_shadow_blur=&#8221;15px&#8221; global_colors_info=&#8221;{}&#8221; theme_builder_area=&#8221;post_content&#8221; sticky_enabled=&#8221;0&#8243;][\/et_pb_image][et_pb_text _builder_version=&#8221;4.27.4&#8243; _module_preset=&#8221;default&#8221; text_font_size=&#8221;13px&#8221; custom_margin=&#8221;-20px|||||&#8221; hover_enabled=&#8221;0&#8243; global_colors_info=&#8221;{}&#8221; theme_builder_area=&#8221;post_content&#8221; sticky_enabled=&#8221;0&#8243;]<\/p>\n<p style=\"text-align: center;\"><em>Doftana Valley, Rumunjska <\/em><\/p>\n<p>[\/et_pb_text][\/et_pb_column][\/et_pb_row][\/et_pb_section]<\/p>\n","protected":false},"excerpt":{"rendered":"<p>RAMPA &#8211; NOVOSTI I OBAVIJESTITerenski rad u Ju\u017enim Karpatima, Rumunjska (14.\u201320. srpnja 2024.) i Srbiji (26.\u201329. rujna 2024.)U sklopu doktorskog istra\u017eivanja, doktorandica Katja Mu\u017eek provela je dva terenska istra\u017eivanja u Rumunjskoj i Srbiji, usmjerena na analizu panonske i pontske (pont u kontekstu Isto\u010dnog Paratetisa) faune ostrakoda i meku\u0161aca iz Dacijskog bazena i jezera Panon. Oba [&hellip;]<\/p>\n","protected":false},"author":1,"featured_media":0,"parent":0,"menu_order":0,"comment_status":"closed","ping_status":"closed","template":"","meta":{"_et_pb_use_builder":"on","_et_pb_old_content":"","_et_gb_content_width":"","footnotes":""},"class_list":["post-44960","page","type-page","status-publish","hentry"],"aioseo_notices":[],"_links":{"self":[{"href":"https:\/\/www.hgi-cgs.hr\/en\/wp-json\/wp\/v2\/pages\/44960","targetHints":{"allow":["GET"]}}],"collection":[{"href":"https:\/\/www.hgi-cgs.hr\/en\/wp-json\/wp\/v2\/pages"}],"about":[{"href":"https:\/\/www.hgi-cgs.hr\/en\/wp-json\/wp\/v2\/types\/page"}],"author":[{"embeddable":true,"href":"https:\/\/www.hgi-cgs.hr\/en\/wp-json\/wp\/v2\/users\/1"}],"replies":[{"embeddable":true,"href":"https:\/\/www.hgi-cgs.hr\/en\/wp-json\/wp\/v2\/comments?post=44960"}],"version-history":[{"count":3,"href":"https:\/\/www.hgi-cgs.hr\/en\/wp-json\/wp\/v2\/pages\/44960\/revisions"}],"predecessor-version":[{"id":44967,"href":"https:\/\/www.hgi-cgs.hr\/en\/wp-json\/wp\/v2\/pages\/44960\/revisions\/44967"}],"wp:attachment":[{"href":"https:\/\/www.hgi-cgs.hr\/en\/wp-json\/wp\/v2\/media?parent=44960"}],"curies":[{"name":"wp","href":"https:\/\/api.w.org\/{rel}","templated":true}]}}