{"id":44951,"date":"2025-04-01T08:19:47","date_gmt":"2025-04-01T08:19:47","guid":{"rendered":"https:\/\/www.hgi-cgs.hr\/?page_id=44951"},"modified":"2025-04-01T08:27:17","modified_gmt":"2025-04-01T08:27:17","slug":"rampa-novosti-i-obavijesti-9-europska-skola-ostrakoda-patras-grcka","status":"publish","type":"page","link":"https:\/\/www.hgi-cgs.hr\/en\/rampa-novosti-i-obavijesti-9-europska-skola-ostrakoda-patras-grcka\/","title":{"rendered":"RAMPA-Novosti i obavijesti\/9. Europska \u0161kola ostrakoda, Patras, Gr\u010dka"},"content":{"rendered":"<p>[et_pb_section fb_built=&#8221;1&#8243; _builder_version=&#8221;4.24.3&#8243; _module_preset=&#8221;default&#8221; hover_enabled=&#8221;0&#8243; global_colors_info=&#8221;{}&#8221; theme_builder_area=&#8221;post_content&#8221; sticky_enabled=&#8221;0&#8243;][et_pb_row _builder_version=&#8221;4.24.3&#8243; _module_preset=&#8221;default&#8221; global_colors_info=&#8221;{}&#8221; theme_builder_area=&#8221;post_content&#8221; min_height=&#8221;701px&#8221;][et_pb_column type=&#8221;4_4&#8243; _builder_version=&#8221;4.24.3&#8243; _module_preset=&#8221;default&#8221; global_colors_info=&#8221;{}&#8221; theme_builder_area=&#8221;post_content&#8221;][et_pb_text _builder_version=&#8221;4.27.4&#8243; text_font_size=&#8221;32px&#8221; header_2_text_color=&#8221;#1e5096&#8243; locked=&#8221;off&#8221; global_colors_info=&#8221;{}&#8221; theme_builder_area=&#8221;post_content&#8221;]<\/p>\n<h2 style=\"text-align: center; color: #1e5096;\"><strong>RAMPA &#8211; NOVOSTI I OBAVIJESTI<br \/><\/strong><\/h2>\n<p>[\/et_pb_text][et_pb_text _builder_version=&#8221;4.27.4&#8243; text_font_size=&#8221;32px&#8221; header_2_text_color=&#8221;#1e5096&#8243; header_2_line_height=&#8221;1.3em&#8221; custom_margin=&#8221;||17px|||&#8221; hover_enabled=&#8221;0&#8243; locked=&#8221;off&#8221; global_colors_info=&#8221;{}&#8221; theme_builder_area=&#8221;post_content&#8221; sticky_enabled=&#8221;0&#8243;]<\/p>\n<h2 style=\"text-align: center; color: #1e5096;\"><strong>9. <\/strong><strong>Europska \u0161kola ostrakoda, Patras, Gr\u010dka <\/strong><\/h2>\n<p>[\/et_pb_text][et_pb_image src=&#8221;http:\/\/www.hgi-cgs.hr\/wp-content\/uploads\/2024\/03\/rampa-1.png&#8221; title_text=&#8221;rampa&#8221; align=&#8221;center&#8221; _builder_version=&#8221;4.27.4&#8243; _module_preset=&#8221;default&#8221; width=&#8221;35%&#8221; global_colors_info=&#8221;{}&#8221; theme_builder_area=&#8221;post_content&#8221;][\/et_pb_image][et_pb_text _builder_version=&#8221;4.27.4&#8243; _module_preset=&#8221;default&#8221; custom_margin=&#8221;45px||14px|||&#8221; hover_enabled=&#8221;0&#8243; locked=&#8221;off&#8221; global_colors_info=&#8221;{}&#8221; theme_builder_area=&#8221;post_content&#8221; sticky_enabled=&#8221;0&#8243;]<\/p>\n<p>U razdoblju od 18. do 22. o\u017eujka 2024. doktorantica Katja Mu\u017eek sudjelovala je u Europskoj \u0161koli ostrakoda (ESO) odr\u017eanoj na Sveu\u010dili\u0161tu u Patrasu, u Gr\u010dkoj. Poha\u0111anje \u0161kole omogu\u0107eno je zahvaljuju\u0107i stipendiji Mikropaleontolo\u0161kog dru\u0161tva te financijskim sredstvima iz internog istra\u017eiva\u010dkog projekta \u201eRazvoj miocenskih paleookoli\u0161a na prostoru Hrvatske i njihova povezanost s globalnim doga\u0111ajima (RAMPA)\u201c. Program \u0161kole koncipiran je kao sveobuhvatan pregled ostrakodne faune, s naglaskom na taksonomiju, morfologiju, paleoekologiju i analizu stabilnih izotopa, uz pratki\u010dne mikropaleontolo\u0161ke vje\u017ebe i terenski rad.<\/p>\n<p>Posebno su bila zna\u010dajna predavanja koja su se tematski nadovezivala na doktorsko istra\u017eivanje doktorantice. Primjerice, predmet \u201eMorfologija ostrakoda\u201c pru\u017eio je dublji uvid u gra\u0111u lju\u0161ture (karapaksa) i mekih dijelova tijela ovih organizama. Nadalje, predavanje o stabilnim izotopima omogu\u0107ila su bolje razumijevanje primjene stabilnih izotopa kisika i ugljika u rekonstrukciji paleookoli\u0161a. Tako\u0111er, predmet o distribuciji i ekologiji ostrakoda pridonio je pro\u0161irenju znanja o njihovoj paleobiogeografiji i okoli\u0161nim uvjetima koji su utjecali na njihovu pro\u0161lost i sada\u0161nju rasprostranjenost.<\/p>\n<p>Osim teorijskog dijela, zna\u010dajan dio kurikuluma \u0161kole \u010dinile su prakti\u010dne vje\u017ebe. Mikroskopiranje ostrakoda razli\u010ditih starosti omogu\u0107ilo je detaljan paleontolo\u0161ki pregled, dok je seciranje recentnih primjeraka predstavljalo vrijedno iskustvo u prepoznavanju morfolo\u0161kih karakteristika mekih tkiva, s kojim se doktorandica susrela po prvi put. U program \u0161kole uklju\u010den je i terenski rad koji je omogu\u0107io sudionicima uzorkovanje ostrakoda.<\/p>\n<p>[\/et_pb_text][\/et_pb_column][\/et_pb_row][et_pb_row _builder_version=&#8221;4.27.4&#8243; _module_preset=&#8221;default&#8221; custom_margin=&#8221;|auto|55px|auto||&#8221; global_colors_info=&#8221;{}&#8221; theme_builder_area=&#8221;post_content&#8221; min_height=&#8221;447.6px&#8221;][et_pb_column type=&#8221;4_4&#8243; _builder_version=&#8221;4.27.4&#8243; _module_preset=&#8221;default&#8221; global_colors_info=&#8221;{}&#8221; theme_builder_area=&#8221;post_content&#8221;][et_pb_image src=&#8221;http:\/\/www.hgi-cgs.hr\/wp-content\/uploads\/2025\/04\/ostacoda.jpg&#8221; title_text=&#8221;ostacoda&#8221; align=&#8221;center&#8221; _builder_version=&#8221;4.27.4&#8243; _module_preset=&#8221;default&#8221; width=&#8221;25%&#8221; hover_enabled=&#8221;0&#8243; border_radii=&#8221;on|5px|5px|5px|5px&#8221; box_shadow_style=&#8221;preset1&#8243; box_shadow_blur=&#8221;15px&#8221; global_colors_info=&#8221;{}&#8221; theme_builder_area=&#8221;post_content&#8221; sticky_enabled=&#8221;0&#8243;][\/et_pb_image][et_pb_text _builder_version=&#8221;4.27.4&#8243; _module_preset=&#8221;default&#8221; text_font_size=&#8221;13px&#8221; custom_margin=&#8221;-20px|||||&#8221; hover_enabled=&#8221;0&#8243; global_colors_info=&#8221;{}&#8221; theme_builder_area=&#8221;post_content&#8221; sticky_enabled=&#8221;0&#8243;]<\/p>\n<p style=\"text-align: center;\"><em>Prakti\u010dne vje\u017ebe seciranja ostrakoda<\/em><\/p>\n<p>[\/et_pb_text][et_pb_text _builder_version=&#8221;4.27.4&#8243; _module_preset=&#8221;default&#8221; theme_builder_area=&#8221;post_content&#8221; hover_enabled=&#8221;0&#8243; sticky_enabled=&#8221;0&#8243;]<\/p>\n<p>Sudjelovanje u Europskoj \u0161koli ostrakoda omogu\u0107ilo je ne samo usvajanje novih znanja i vje\u0161tina u podru\u010dju mikropaleontologije, ve\u0107 i upoznavanje doktoranata i znanstvenika iz cijelog svijeta. Ste\u010dena iskustva i kontakti predstavljaju zna\u010dajan doprinos daljnjem istra\u017eiva\u010dkom radu i razvoju doktorandice.<\/p>\n<p>[\/et_pb_text][et_pb_image src=&#8221;http:\/\/www.hgi-cgs.hr\/wp-content\/uploads\/2025\/04\/sudionici.jpg&#8221; title_text=&#8221;sudionici&#8221; align=&#8221;center&#8221; _builder_version=&#8221;4.27.4&#8243; _module_preset=&#8221;default&#8221; width=&#8221;77%&#8221; hover_enabled=&#8221;0&#8243; border_radii=&#8221;on|5px|5px|5px|5px&#8221; box_shadow_style=&#8221;preset1&#8243; box_shadow_blur=&#8221;15px&#8221; global_colors_info=&#8221;{}&#8221; theme_builder_area=&#8221;post_content&#8221; sticky_enabled=&#8221;0&#8243;][\/et_pb_image][et_pb_text _builder_version=&#8221;4.27.4&#8243; _module_preset=&#8221;default&#8221; text_font_size=&#8221;13px&#8221; custom_margin=&#8221;-20px|||||&#8221; hover_enabled=&#8221;0&#8243; global_colors_info=&#8221;{}&#8221; theme_builder_area=&#8221;post_content&#8221; sticky_enabled=&#8221;0&#8243;]<\/p>\n<p style=\"text-align: center;\"><em>Sudionici i profesori 9. Europske \u0161kole ostrakoda<\/em><\/p>\n<p>[\/et_pb_text][\/et_pb_column][\/et_pb_row][\/et_pb_section]<\/p>\n","protected":false},"excerpt":{"rendered":"<p>RAMPA &#8211; NOVOSTI I OBAVIJESTI9. Europska \u0161kola ostrakoda, Patras, Gr\u010dka U razdoblju od 18. do 22. o\u017eujka 2024. doktorantica Katja Mu\u017eek sudjelovala je u Europskoj \u0161koli ostrakoda (ESO) odr\u017eanoj na Sveu\u010dili\u0161tu u Patrasu, u Gr\u010dkoj. Poha\u0111anje \u0161kole omogu\u0107eno je zahvaljuju\u0107i stipendiji Mikropaleontolo\u0161kog dru\u0161tva te financijskim sredstvima iz internog istra\u017eiva\u010dkog projekta \u201eRazvoj miocenskih paleookoli\u0161a na prostoru [&hellip;]<\/p>\n","protected":false},"author":1,"featured_media":0,"parent":0,"menu_order":0,"comment_status":"closed","ping_status":"closed","template":"","meta":{"_et_pb_use_builder":"on","_et_pb_old_content":"","_et_gb_content_width":"","footnotes":""},"class_list":["post-44951","page","type-page","status-publish","hentry"],"aioseo_notices":[],"_links":{"self":[{"href":"https:\/\/www.hgi-cgs.hr\/en\/wp-json\/wp\/v2\/pages\/44951","targetHints":{"allow":["GET"]}}],"collection":[{"href":"https:\/\/www.hgi-cgs.hr\/en\/wp-json\/wp\/v2\/pages"}],"about":[{"href":"https:\/\/www.hgi-cgs.hr\/en\/wp-json\/wp\/v2\/types\/page"}],"author":[{"embeddable":true,"href":"https:\/\/www.hgi-cgs.hr\/en\/wp-json\/wp\/v2\/users\/1"}],"replies":[{"embeddable":true,"href":"https:\/\/www.hgi-cgs.hr\/en\/wp-json\/wp\/v2\/comments?post=44951"}],"version-history":[{"count":3,"href":"https:\/\/www.hgi-cgs.hr\/en\/wp-json\/wp\/v2\/pages\/44951\/revisions"}],"predecessor-version":[{"id":44957,"href":"https:\/\/www.hgi-cgs.hr\/en\/wp-json\/wp\/v2\/pages\/44951\/revisions\/44957"}],"wp:attachment":[{"href":"https:\/\/www.hgi-cgs.hr\/en\/wp-json\/wp\/v2\/media?parent=44951"}],"curies":[{"name":"wp","href":"https:\/\/api.w.org\/{rel}","templated":true}]}}