{"id":44943,"date":"2025-04-01T08:06:39","date_gmt":"2025-04-01T08:06:39","guid":{"rendered":"https:\/\/www.hgi-cgs.hr\/?page_id=44943"},"modified":"2025-08-19T07:34:15","modified_gmt":"2025-08-19T07:34:15","slug":"rampa-novosti-i-obavjiesti-studijski-boravak-na-prirodoslonom-muzeju-u-becu-ozujak-svibanj-2024","status":"publish","type":"page","link":"https:\/\/www.hgi-cgs.hr\/en\/rampa-novosti-i-obavjiesti-studijski-boravak-na-prirodoslonom-muzeju-u-becu-ozujak-svibanj-2024\/","title":{"rendered":"RAMPA- Novosti i obavjiesti\/Studijski boravak na Prirodoslonom muzeju u Be\u010du (o\u017eujak \u2013 svibanj 2024.)"},"content":{"rendered":"<p>[et_pb_section fb_built=&#8221;1&#8243; _builder_version=&#8221;4.24.3&#8243; _module_preset=&#8221;default&#8221; global_colors_info=&#8221;{}&#8221;][et_pb_row _builder_version=&#8221;4.24.3&#8243; _module_preset=&#8221;default&#8221; global_colors_info=&#8221;{}&#8221;][et_pb_column type=&#8221;4_4&#8243; _builder_version=&#8221;4.24.3&#8243; _module_preset=&#8221;default&#8221; global_colors_info=&#8221;{}&#8221;][et_pb_text _builder_version=&#8221;4.27.4&#8243; text_font_size=&#8221;32px&#8221; header_2_text_color=&#8221;#1e5096&#8243; locked=&#8221;off&#8221; global_colors_info=&#8221;{}&#8221;]<\/p>\n<h2 style=\"text-align: center; color: #1e5096;\"><strong>RAMPA &#8211; NOVOSTI I OBAVIJESTI<br \/><\/strong><\/h2>\n<p>[\/et_pb_text][et_pb_text _builder_version=&#8221;4.27.4&#8243; text_font_size=&#8221;32px&#8221; header_2_text_color=&#8221;#1e5096&#8243; header_2_line_height=&#8221;1.3em&#8221; custom_margin=&#8221;||17px|||&#8221; hover_enabled=&#8221;0&#8243; locked=&#8221;off&#8221; global_colors_info=&#8221;{}&#8221; sticky_enabled=&#8221;0&#8243;]<\/p>\n<h2 style=\"text-align: center; color: #1e5096;\"><strong>Studijski boravak na Prirodoslovnom muzeju u Be\u010du (o\u017eujak \u2013 svibanj 2024.)<\/strong><\/h2>\n<p>[\/et_pb_text][et_pb_image src=&#8221;http:\/\/www.hgi-cgs.hr\/wp-content\/uploads\/2024\/03\/rampa-1.png&#8221; title_text=&#8221;rampa&#8221; align=&#8221;center&#8221; _builder_version=&#8221;4.27.4&#8243; _module_preset=&#8221;default&#8221; width=&#8221;35%&#8221; global_colors_info=&#8221;{}&#8221;][\/et_pb_image][et_pb_text _builder_version=&#8221;4.27.4&#8243; _module_preset=&#8221;default&#8221; custom_margin=&#8221;45px||45px|||&#8221; locked=&#8221;off&#8221; global_colors_info=&#8221;{}&#8221;]<\/p>\n<p>U sklopu mobilnosti financirane iz internog istra\u017eiva\u010dkog projekta pod nadzorom Ministarstva znanosti i obrazovanja Republike Hrvatske, provedenog u okviru Nacionalnog plana oporavka i otpornosti 2021.\u20132026. \u2013 NextGenerationEU (Razvoj miocenskih paleookoli\u0161a na prostoru Hrvatske i njihova povezanost s globalnim doga\u0111ajima \u2013 RAMPA), doktorantica Katja Mu\u017eek je od o\u017eujka do svibnja 2024. boravila na Prirodoslovnom muzeju u Be\u010du (Naturhistorisches Museum Wien).<\/p>\n<p>U sklopu istra\u017eivanja za prvi znanstveni \u010dlanak doktorskog studija, aktivnosti doktorantice obuhva\u0107ale su laboratorijsku obradu uzoraka \u2013 metodom mokrog pranja pomo\u0107u vodikovog peroksida, te u\u010denje nove metode koriste\u0107i Rewoquat. Nakon pripreme uzoraka, slijedilo je izdvajanje fosila ostrakoda i meku\u0161aca te taksonomska analiza istih.<\/p>\n<p>Paralelno s laboratorijskim i taksonomskim radom, doktorantica je pripremala i pisala expos\u00e9 za obranu teme doktorske disertacije koju je i uspje\u0161no obranila. Tako\u0111er, prilikom boravka u Be\u010du aktivno se pripremala za sudjelovanje na godi\u0161njoj konferenciji EGU u sklopu sekcije \u201eSalt Ages: Unravelling Geologic, Oceanographic, Climatic and Biotic Consequences of Restricted Marine Gateways and Salt Giants\u201c gdje je odr\u017eala prezentaciju. Ovaj studijski boravak omogu\u0107io je usavr\u0161avanje metodolo\u0161kih pristupa u obradi sedimentolo\u0161kih i paleontolo\u0161kih uzoraka, produbljivanje znanja o taksonomskim odredbama te razvoj znanstvenih vje\u0161tina kroz pisanje i obranu expos\u00e9-a.<\/p>\n<p>[\/et_pb_text][\/et_pb_column][\/et_pb_row][et_pb_row _builder_version=&#8221;4.27.4&#8243; _module_preset=&#8221;default&#8221; custom_margin=&#8221;|auto|55px|auto||&#8221; global_colors_info=&#8221;{}&#8221;][et_pb_column type=&#8221;4_4&#8243; _builder_version=&#8221;4.27.4&#8243; _module_preset=&#8221;default&#8221; global_colors_info=&#8221;{}&#8221;][et_pb_image src=&#8221;http:\/\/www.hgi-cgs.hr\/wp-content\/uploads\/2025\/04\/muzej-Bec.jpg&#8221; title_text=&#8221;muzej Be\u010d&#8221; align=&#8221;center&#8221; _builder_version=&#8221;4.27.4&#8243; _module_preset=&#8221;default&#8221; width=&#8221;50%&#8221; border_radii=&#8221;on|5px|5px|5px|5px&#8221; box_shadow_style=&#8221;preset1&#8243; box_shadow_blur=&#8221;15px&#8221; global_colors_info=&#8221;{}&#8221;][\/et_pb_image][et_pb_text _builder_version=&#8221;4.27.4&#8243; _module_preset=&#8221;default&#8221; text_font_size=&#8221;13px&#8221; custom_margin=&#8221;-20px|||||&#8221; global_colors_info=&#8221;{}&#8221;]<\/p>\n<p style=\"text-align: center;\"><em>Prirodoslovni muzej u Be\u010du<\/em><\/p>\n<p>[\/et_pb_text][\/et_pb_column][\/et_pb_row][\/et_pb_section]<\/p>\n","protected":false},"excerpt":{"rendered":"<p>RAMPA &#8211; NOVOSTI I OBAVIJESTIStudijski boravak na Prirodoslovnom muzeju u Be\u010du (o\u017eujak \u2013 svibanj 2024.)U sklopu mobilnosti financirane iz internog istra\u017eiva\u010dkog projekta pod nadzorom Ministarstva znanosti i obrazovanja Republike Hrvatske, provedenog u okviru Nacionalnog plana oporavka i otpornosti 2021.\u20132026. \u2013 NextGenerationEU (Razvoj miocenskih paleookoli\u0161a na prostoru Hrvatske i njihova povezanost s globalnim doga\u0111ajima \u2013 RAMPA), [&hellip;]<\/p>\n","protected":false},"author":1,"featured_media":0,"parent":0,"menu_order":0,"comment_status":"closed","ping_status":"closed","template":"","meta":{"_et_pb_use_builder":"on","_et_pb_old_content":"","_et_gb_content_width":"","footnotes":""},"class_list":["post-44943","page","type-page","status-publish","hentry"],"aioseo_notices":[],"_links":{"self":[{"href":"https:\/\/www.hgi-cgs.hr\/en\/wp-json\/wp\/v2\/pages\/44943","targetHints":{"allow":["GET"]}}],"collection":[{"href":"https:\/\/www.hgi-cgs.hr\/en\/wp-json\/wp\/v2\/pages"}],"about":[{"href":"https:\/\/www.hgi-cgs.hr\/en\/wp-json\/wp\/v2\/types\/page"}],"author":[{"embeddable":true,"href":"https:\/\/www.hgi-cgs.hr\/en\/wp-json\/wp\/v2\/users\/1"}],"replies":[{"embeddable":true,"href":"https:\/\/www.hgi-cgs.hr\/en\/wp-json\/wp\/v2\/comments?post=44943"}],"version-history":[{"count":4,"href":"https:\/\/www.hgi-cgs.hr\/en\/wp-json\/wp\/v2\/pages\/44943\/revisions"}],"predecessor-version":[{"id":46093,"href":"https:\/\/www.hgi-cgs.hr\/en\/wp-json\/wp\/v2\/pages\/44943\/revisions\/46093"}],"wp:attachment":[{"href":"https:\/\/www.hgi-cgs.hr\/en\/wp-json\/wp\/v2\/media?parent=44943"}],"curies":[{"name":"wp","href":"https:\/\/api.w.org\/{rel}","templated":true}]}}