{"id":44912,"date":"2025-03-28T09:25:29","date_gmt":"2025-03-28T09:25:29","guid":{"rendered":"https:\/\/www.hgi-cgs.hr\/?page_id=44912"},"modified":"2025-03-28T09:44:46","modified_gmt":"2025-03-28T09:44:46","slug":"otvoreni-dani-laboratorija-za-palinologiju-i-nanoplankton","status":"publish","type":"page","link":"https:\/\/www.hgi-cgs.hr\/en\/otvoreni-dani-laboratorija-za-palinologiju-i-nanoplankton\/","title":{"rendered":"Otvoreni dani Laboratorija za palinologiju i nanoplankton"},"content":{"rendered":"<p>[et_pb_section fb_built=&#8221;1&#8243; _builder_version=&#8221;4.24.3&#8243; _module_preset=&#8221;default&#8221; global_colors_info=&#8221;{}&#8221; theme_builder_area=&#8221;post_content&#8221;][et_pb_row _builder_version=&#8221;4.24.3&#8243; _module_preset=&#8221;default&#8221; global_colors_info=&#8221;{}&#8221; theme_builder_area=&#8221;post_content&#8221;][et_pb_column type=&#8221;4_4&#8243; _builder_version=&#8221;4.24.3&#8243; _module_preset=&#8221;default&#8221; global_colors_info=&#8221;{}&#8221; theme_builder_area=&#8221;post_content&#8221;][et_pb_text _builder_version=&#8221;4.20.4&#8243; text_font_size=&#8221;32px&#8221; header_2_text_color=&#8221;#1e5096&#8243; locked=&#8221;off&#8221; global_colors_info=&#8221;{}&#8221; theme_builder_area=&#8221;post_content&#8221;]<\/p>\n<h2 style=\"text-align: center; color: #1e5096;\"><strong>NOVOSTI<br \/><\/strong><\/h2>\n<p>[\/et_pb_text][et_pb_text _builder_version=&#8221;4.27.4&#8243; text_font_size=&#8221;32px&#8221; header_2_text_color=&#8221;#1e5096&#8243; header_2_line_height=&#8221;1.3em&#8221; custom_margin=&#8221;||17px|||&#8221; hover_enabled=&#8221;0&#8243; locked=&#8221;off&#8221; global_colors_info=&#8221;{}&#8221; theme_builder_area=&#8221;post_content&#8221; sticky_enabled=&#8221;0&#8243;]<\/p>\n<h2 style=\"text-align: center; color: #1e5096;\"><strong>Otvoreni dani Laboratorija za palinologiju i nanoplankton<\/strong><\/h2>\n<p>[\/et_pb_text][et_pb_text _builder_version=&#8221;4.27.4&#8243; _module_preset=&#8221;default&#8221; custom_margin=&#8221;45px||45px|||&#8221; hover_enabled=&#8221;0&#8243; locked=&#8221;off&#8221; global_colors_info=&#8221;{}&#8221; theme_builder_area=&#8221;post_content&#8221; sticky_enabled=&#8221;0&#8243;]<\/p>\n<p>Dana 17. i 18. o\u017eujka 2024., u prostorijama Hrvatskoga geolo\u0161kog instituta (HGI), odr\u017eani su Otvoreni dani Laboratorija za palinologiju i nanoplankton. Doga\u0111aj je zapo\u010deo uvodnim govorima ravnatelja HGI-a, dr. sc. Slobodana Mike, te predstojnice Zavoda za geologiju i voditeljice projekta ZG-LAB, dr. sc. Anite Grizelj.<\/p>\n<p>\u00a0U sklopu doga\u0111anja predstavljen je novi Laboratorij za palinologiju i nanoplankton. Laboratorij je obnovljen sredstvima zavoda za Geologiju (HGI), te opremljen u sklopu projekta ZG-LAB Hrvatskoga geolo\u0161kog instituta, pra\u0107en od strane Ministarstva znanosti i obrazovanja i mladih Republike Hrvatske, a financiran sredstvima iz Nacionalnog plana oporavka i otpornosti 2021.\u20132026. \u2013 NextGenerationEU.<\/p>\n<p>\u00a0Tako\u0111er, tijekom dva dana odr\u017eano je niz znanstvenih predavanja na temu palinologije i nanoplanktona koja su bila dostupna i online putem platforme MS Teams:<\/p>\n<p><u>\u00a0<\/u><\/p>\n<ol start=\"17\">\n<li><u> o\u017eujka<\/u>:<\/li>\n<\/ol>\n<p>&#8220;Palinolo\u0161ka istra\u017eivanja \u2013 uvodno predavanje&#8221; (dr. sc. Koraljka Bakra\u010d)<\/p>\n<p>&#8220;Palynology in deep time: Tracing Early Jurassic climatic and environmental perturbations with the help of palynology&#8221; (dr. sc. Viktoria Baranyi)<\/p>\n<p>&#8220;Vegetacijski signal u sedimentima \u2013 lipidni biomarkeri i drevna DNK&#8221; (Ivona Bani\u010dek, mag. geol.)<\/p>\n<p><u>\u00a0<\/u><\/p>\n<ol start=\"18\">\n<li><u> o\u017eujka<\/u>:<\/li>\n<\/ol>\n<p>&#8220;Palinolo\u0161ka istra\u017eivanja \u2013 primjena u arheologiji&#8221; (dr. sc. Koraljka Bakra\u010d)<\/p>\n<p>&#8220;Kokolitoforidi kao paleoceanografski indikatori&#8221; (dr. sc. Ines Galovi\u0107)<\/p>\n<p>&#8220;Neo\u010dekivani opra\u0161iva\u010di: \u017dohari iz doba dinosaura&#8221; (dr. sc. Jan Hinkelman)<\/p>\n<p>&#8220;Predstavljanje HRZZ projekta Non-Poll&#8221; (dr. sc. Koraljka Bakra\u010d)<\/p>\n<p>&nbsp;<\/p>\n<p>Osim predavanja, sudionici su imali priliku razgledati novi palinolo\u0161ki laboratorij, gdje su predstavljene suvremene metode analize palinolo\u0161kih i nanoplantonskih uzoraka.<\/p>\n<p>Otvoreni dani omogu\u0107ili su razmjenu znanja i iskustava me\u0111u istra\u017eiva\u010dima i studentima, istaknuv\u0161i klju\u010dnu ulogu palinologije i nanoplanktona u paleoekolo\u0161kim i geoarheolo\u0161kim istra\u017eivanjima.<\/p>\n<p>[\/et_pb_text][\/et_pb_column][\/et_pb_row][et_pb_row column_structure=&#8221;1_2,1_2&#8243; _builder_version=&#8221;4.27.4&#8243; _module_preset=&#8221;default&#8221; global_colors_info=&#8221;{}&#8221; theme_builder_area=&#8221;post_content&#8221;][et_pb_column type=&#8221;1_2&#8243; _builder_version=&#8221;4.27.4&#8243; _module_preset=&#8221;default&#8221; global_colors_info=&#8221;{}&#8221; theme_builder_area=&#8221;post_content&#8221;][et_pb_image src=&#8221;http:\/\/www.hgi-cgs.hr\/wp-content\/uploads\/2025\/03\/OTVORENI-DANI-1-scaled.jpg&#8221; title_text=&#8221;OTVORENI DANI 1&#8243; align=&#8221;center&#8221; _builder_version=&#8221;4.27.4&#8243; _module_preset=&#8221;default&#8221; width=&#8221;75%&#8221; hover_enabled=&#8221;0&#8243; border_radii=&#8221;on|5px|5px|5px|5px&#8221; box_shadow_style=&#8221;preset1&#8243; box_shadow_blur=&#8221;15px&#8221; global_colors_info=&#8221;{}&#8221; theme_builder_area=&#8221;post_content&#8221; sticky_enabled=&#8221;0&#8243;][\/et_pb_image][\/et_pb_column][et_pb_column type=&#8221;1_2&#8243; _builder_version=&#8221;4.27.4&#8243; _module_preset=&#8221;default&#8221; global_colors_info=&#8221;{}&#8221; theme_builder_area=&#8221;post_content&#8221;][et_pb_image src=&#8221;http:\/\/www.hgi-cgs.hr\/wp-content\/uploads\/2025\/03\/OTORENI-DANI-2-1-scaled.jpg&#8221; title_text=&#8221;OTORENI DANI 2&#8243; align=&#8221;center&#8221; _builder_version=&#8221;4.27.4&#8243; _module_preset=&#8221;default&#8221; width=&#8221;75%&#8221; hover_enabled=&#8221;0&#8243; border_radii=&#8221;on|5px|5px|5px|5px&#8221; box_shadow_style=&#8221;preset1&#8243; box_shadow_blur=&#8221;15px&#8221; global_colors_info=&#8221;{}&#8221; theme_builder_area=&#8221;post_content&#8221; sticky_enabled=&#8221;0&#8243;][\/et_pb_image][\/et_pb_column][\/et_pb_row][et_pb_row column_structure=&#8221;1_2,1_2&#8243; _builder_version=&#8221;4.27.4&#8243; _module_preset=&#8221;default&#8221; global_colors_info=&#8221;{}&#8221; theme_builder_area=&#8221;post_content&#8221;][et_pb_column type=&#8221;1_2&#8243; _builder_version=&#8221;4.27.4&#8243; _module_preset=&#8221;default&#8221; global_colors_info=&#8221;{}&#8221; theme_builder_area=&#8221;post_content&#8221;][et_pb_image src=&#8221;http:\/\/www.hgi-cgs.hr\/wp-content\/uploads\/2025\/03\/OTVORENI-DANI-3-scaled.jpg&#8221; title_text=&#8221;OTVORENI DANI 3&#8243; align=&#8221;center&#8221; _builder_version=&#8221;4.27.4&#8243; _module_preset=&#8221;default&#8221; width=&#8221;75%&#8221; hover_enabled=&#8221;0&#8243; border_radii=&#8221;on|5px|5px|5px|5px&#8221; box_shadow_style=&#8221;preset1&#8243; box_shadow_blur=&#8221;15px&#8221; global_colors_info=&#8221;{}&#8221; theme_builder_area=&#8221;post_content&#8221; sticky_enabled=&#8221;0&#8243;][\/et_pb_image][\/et_pb_column][et_pb_column type=&#8221;1_2&#8243; _builder_version=&#8221;4.27.4&#8243; _module_preset=&#8221;default&#8221; global_colors_info=&#8221;{}&#8221; theme_builder_area=&#8221;post_content&#8221;][et_pb_image src=&#8221;http:\/\/www.hgi-cgs.hr\/wp-content\/uploads\/2025\/03\/OTVORENI-DANI-4-scaled.jpg&#8221; title_text=&#8221;OTVORENI DANI 4&#8243; align=&#8221;center&#8221; _builder_version=&#8221;4.27.4&#8243; _module_preset=&#8221;default&#8221; width=&#8221;75%&#8221; hover_enabled=&#8221;0&#8243; border_radii=&#8221;on|5px|5px|5px|5px&#8221; box_shadow_style=&#8221;preset1&#8243; box_shadow_blur=&#8221;15px&#8221; global_colors_info=&#8221;{}&#8221; theme_builder_area=&#8221;post_content&#8221; sticky_enabled=&#8221;0&#8243;][\/et_pb_image][\/et_pb_column][\/et_pb_row][\/et_pb_section]<\/p>\n","protected":false},"excerpt":{"rendered":"<p>NOVOSTIOtvoreni dani Laboratorija za palinologiju i nanoplanktonDana 17. i 18. o\u017eujka 2024., u prostorijama Hrvatskoga geolo\u0161kog instituta (HGI), odr\u017eani su Otvoreni dani Laboratorija za palinologiju i nanoplankton. Doga\u0111aj je zapo\u010deo uvodnim govorima ravnatelja HGI-a, dr. sc. Slobodana Mike, te predstojnice Zavoda za geologiju i voditeljice projekta ZG-LAB, dr. sc. Anite Grizelj. \u00a0U sklopu doga\u0111anja predstavljen [&hellip;]<\/p>\n","protected":false},"author":1,"featured_media":0,"parent":0,"menu_order":0,"comment_status":"closed","ping_status":"closed","template":"","meta":{"_et_pb_use_builder":"on","_et_pb_old_content":"","_et_gb_content_width":"","footnotes":""},"class_list":["post-44912","page","type-page","status-publish","hentry"],"aioseo_notices":[],"_links":{"self":[{"href":"https:\/\/www.hgi-cgs.hr\/en\/wp-json\/wp\/v2\/pages\/44912","targetHints":{"allow":["GET"]}}],"collection":[{"href":"https:\/\/www.hgi-cgs.hr\/en\/wp-json\/wp\/v2\/pages"}],"about":[{"href":"https:\/\/www.hgi-cgs.hr\/en\/wp-json\/wp\/v2\/types\/page"}],"author":[{"embeddable":true,"href":"https:\/\/www.hgi-cgs.hr\/en\/wp-json\/wp\/v2\/users\/1"}],"replies":[{"embeddable":true,"href":"https:\/\/www.hgi-cgs.hr\/en\/wp-json\/wp\/v2\/comments?post=44912"}],"version-history":[{"count":4,"href":"https:\/\/www.hgi-cgs.hr\/en\/wp-json\/wp\/v2\/pages\/44912\/revisions"}],"predecessor-version":[{"id":44923,"href":"https:\/\/www.hgi-cgs.hr\/en\/wp-json\/wp\/v2\/pages\/44912\/revisions\/44923"}],"wp:attachment":[{"href":"https:\/\/www.hgi-cgs.hr\/en\/wp-json\/wp\/v2\/media?parent=44912"}],"curies":[{"name":"wp","href":"https:\/\/api.w.org\/{rel}","templated":true}]}}