{"id":44899,"date":"2025-03-28T09:00:40","date_gmt":"2025-03-28T09:00:40","guid":{"rendered":"https:\/\/www.hgi-cgs.hr\/?page_id=44899"},"modified":"2025-03-28T09:22:16","modified_gmt":"2025-03-28T09:22:16","slug":"kick-off-meeting-projekta-non-poll","status":"publish","type":"page","link":"https:\/\/www.hgi-cgs.hr\/en\/kick-off-meeting-projekta-non-poll\/","title":{"rendered":"Kick-off meeting projekta Non-poll"},"content":{"rendered":"<p>[et_pb_section fb_built=&#8221;1&#8243; _builder_version=&#8221;4.24.3&#8243; _module_preset=&#8221;default&#8221; global_colors_info=&#8221;{}&#8221; theme_builder_area=&#8221;post_content&#8221;][et_pb_row _builder_version=&#8221;4.24.3&#8243; _module_preset=&#8221;default&#8221; global_colors_info=&#8221;{}&#8221; theme_builder_area=&#8221;post_content&#8221;][et_pb_column type=&#8221;4_4&#8243; _builder_version=&#8221;4.24.3&#8243; _module_preset=&#8221;default&#8221; global_colors_info=&#8221;{}&#8221; theme_builder_area=&#8221;post_content&#8221;][et_pb_text _builder_version=&#8221;4.20.4&#8243; text_font_size=&#8221;32px&#8221; header_2_text_color=&#8221;#1e5096&#8243; locked=&#8221;off&#8221; global_colors_info=&#8221;{}&#8221; theme_builder_area=&#8221;post_content&#8221;]<\/p>\n<h2 style=\"text-align: center; color: #1e5096;\"><strong>NOVOSTI<br \/><\/strong><\/h2>\n<p>[\/et_pb_text][et_pb_text _builder_version=&#8221;4.27.4&#8243; text_font_size=&#8221;32px&#8221; header_2_text_color=&#8221;#1e5096&#8243; header_2_line_height=&#8221;1.3em&#8221; custom_margin=&#8221;||17px|||&#8221; hover_enabled=&#8221;0&#8243; locked=&#8221;off&#8221; global_colors_info=&#8221;{}&#8221; theme_builder_area=&#8221;post_content&#8221; sticky_enabled=&#8221;0&#8243;]<\/p>\n<h2 style=\"text-align: center; color: #1e5096;\"><strong>Kick-off meeting projekta Non-poll<\/strong><\/h2>\n<p>[\/et_pb_text][et_pb_image src=&#8221;http:\/\/www.hgi-cgs.hr\/wp-content\/uploads\/2025\/03\/thumbnail_LOGO.jpg&#8221; _builder_version=&#8221;4.27.4&#8243; _module_preset=&#8221;default&#8221; theme_builder_area=&#8221;post_content&#8221; title_text=&#8221;thumbnail_LOGO&#8221; align=&#8221;center&#8221; width=&#8221;15%&#8221; hover_enabled=&#8221;0&#8243; sticky_enabled=&#8221;0&#8243;][\/et_pb_image][et_pb_text _builder_version=&#8221;4.27.4&#8243; _module_preset=&#8221;default&#8221; custom_margin=&#8221;45px||45px|||&#8221; hover_enabled=&#8221;0&#8243; locked=&#8221;off&#8221; global_colors_info=&#8221;{}&#8221; theme_builder_area=&#8221;post_content&#8221; sticky_enabled=&#8221;0&#8243;]<\/p>\n<p><span>Dana <strong>20. o\u017eujka 2024. u 9 sati<\/strong> u <strong>Hrvatskom geolo\u0161kom institutu (HGI)<\/strong> odr\u017ean je po\u010detni sastanak projekta <strong>Non-Poll, <\/strong>financiranog od strane <strong>Hrvatske zaklade za znanost <\/strong><strong>(HRZZ<\/strong> <strong>IP-2024-05- 1687)<\/strong>. Voditeljica projekta, <strong>dr. sc. Koraljka Bakra\u010d<\/strong>, predstavila je ciljeve i vremenski plan projekta svim \u010dlanovima tima, u\u017eivo i online.<\/span><\/p>\n<p><span>Glavni cilj projekta je istra\u017eiti potencijal nepeludnih palinomorfa (NPP) i palinofacijesa u paleookoli\u0161nim i paleoklimatskim rekonstrukcijama, kao i njihovu primjenu u analizi arheolo\u0161kih materijala.<\/span><\/p>\n<p><span>Tijekom sastanka predstavljeni su istra\u017eiva\u010dki ciljevi, kao i \u010dlanovi interdisciplinarnog istra\u017eiva\u010dkog tima, koji uklju\u010duje palinologe, botani\u010dare, geologe, paleontologe, arheologe, zoologe i fizi\u010dare. Svaki \u010dlan tima doprinosit \u0107e svojim stru\u010dnim znanjem uspjehu projekta. Tako\u0111er je predstavljen trogodi\u0161nji istra\u017eiva\u010dki plan, koji obuhva\u0107a analize arhiviranih sedimenata i istra\u017eivanja na dva klju\u010dna lokaliteta \u2013 <strong>\u0161pilji Vela Spila (Kor\u010dula)<\/strong> i <strong>arheolo\u0161kom nalazi\u0161tu Vu\u010dedol<\/strong>.<\/span><\/p>\n<p><span>Projekt integrira <strong>palinolo\u0161ke, mineralolo\u0161ke, petrografske, geokemijske i sedimentolo\u0161ke analize<\/strong>, s posebnim naglaskom na <strong>tafonomiju i mogu\u0107u recentnu kontaminaciju<\/strong>, koja mo\u017ee utjecati na interpretaciju pro\u0161lih okoli\u0161nih promjena. O\u010dekivani rezultati zna\u010dajno \u0107e pobolj\u0161ati <strong>ekolo\u0161ku i taksonomsku klasifikaciju NPP-ova<\/strong> te unaprijediti njihovu primjenu u prou\u010davanju <strong>pro\u0161lih okoli\u0161nih promjena i interakcije \u010dovjeka i prirode tijekom holocena<\/strong>.<\/span><\/p>\n<p><span>Rezultati istra\u017eivanja bit \u0107e objavljeni u brojnim znanstvenim radovima u me\u0111unarodnim \u010dasopisima visokog impakta (Q1 i Q2), \u010dime \u0107e se zna\u010dajno doprinijeti vidljivosti i razvoju istra\u017eivanja NPP-ova u paleoekolo\u0161kim i arheolo\u0161kim kontekstima na podru\u010dju Hrvatskoj.<\/span><\/p>\n<p>Projekt <strong>Non-Poll<\/strong> predstavlja <strong>va\u017ean doprinos interdisciplinarnoj suradnji<\/strong> izme\u0111u <strong>geologije, biologije i arheologije<\/strong>, s potencijalnim primjenama u \u0161irokom spektru znanstvenih disciplina.<\/p>\n<p>[\/et_pb_text][\/et_pb_column][\/et_pb_row][et_pb_row _builder_version=&#8221;4.27.4&#8243; _module_preset=&#8221;default&#8221; column_structure=&#8221;1_2,1_2&#8243; theme_builder_area=&#8221;post_content&#8221;][et_pb_column _builder_version=&#8221;4.27.4&#8243; _module_preset=&#8221;default&#8221; type=&#8221;1_2&#8243; theme_builder_area=&#8221;post_content&#8221;][et_pb_image src=&#8221;http:\/\/www.hgi-cgs.hr\/wp-content\/uploads\/2025\/03\/KICK-OFF-1.jpg&#8221; title_text=&#8221;KICK OFF 1&#8243; align=&#8221;center&#8221; _builder_version=&#8221;4.27.4&#8243; _module_preset=&#8221;default&#8221; width=&#8221;75%&#8221; hover_enabled=&#8221;0&#8243; border_radii=&#8221;on|5px|5px|5px|5px&#8221; box_shadow_style=&#8221;preset1&#8243; box_shadow_blur=&#8221;15px&#8221; global_colors_info=&#8221;{}&#8221; theme_builder_area=&#8221;post_content&#8221; sticky_enabled=&#8221;0&#8243;][\/et_pb_image][\/et_pb_column][et_pb_column _builder_version=&#8221;4.27.4&#8243; _module_preset=&#8221;default&#8221; type=&#8221;1_2&#8243; theme_builder_area=&#8221;post_content&#8221;][et_pb_image src=&#8221;http:\/\/www.hgi-cgs.hr\/wp-content\/uploads\/2025\/03\/KICK-OFF-2.jpg&#8221; title_text=&#8221;KICK OFF 2&#8243; align=&#8221;center&#8221; _builder_version=&#8221;4.27.4&#8243; _module_preset=&#8221;default&#8221; width=&#8221;75%&#8221; hover_enabled=&#8221;0&#8243; border_radii=&#8221;on|5px|5px|5px|5px&#8221; box_shadow_style=&#8221;preset1&#8243; box_shadow_blur=&#8221;15px&#8221; global_colors_info=&#8221;{}&#8221; theme_builder_area=&#8221;post_content&#8221; sticky_enabled=&#8221;0&#8243;][\/et_pb_image][\/et_pb_column][\/et_pb_row][et_pb_row _builder_version=&#8221;4.27.4&#8243; _module_preset=&#8221;default&#8221; column_structure=&#8221;1_2,1_2&#8243; theme_builder_area=&#8221;post_content&#8221;][et_pb_column _builder_version=&#8221;4.27.4&#8243; _module_preset=&#8221;default&#8221; type=&#8221;1_2&#8243; theme_builder_area=&#8221;post_content&#8221;][et_pb_image src=&#8221;http:\/\/www.hgi-cgs.hr\/wp-content\/uploads\/2025\/03\/KICK-OFF-3.jpg&#8221; title_text=&#8221;KICK OFF 3&#8243; align=&#8221;center&#8221; _builder_version=&#8221;4.27.4&#8243; _module_preset=&#8221;default&#8221; width=&#8221;75%&#8221; hover_enabled=&#8221;0&#8243; border_radii=&#8221;on|5px|5px|5px|5px&#8221; box_shadow_style=&#8221;preset1&#8243; box_shadow_blur=&#8221;15px&#8221; global_colors_info=&#8221;{}&#8221; theme_builder_area=&#8221;post_content&#8221; sticky_enabled=&#8221;0&#8243;][\/et_pb_image][\/et_pb_column][et_pb_column _builder_version=&#8221;4.27.4&#8243; _module_preset=&#8221;default&#8221; type=&#8221;1_2&#8243; theme_builder_area=&#8221;post_content&#8221;][et_pb_image src=&#8221;http:\/\/www.hgi-cgs.hr\/wp-content\/uploads\/2025\/03\/KICK-OFF-4.jpg&#8221; title_text=&#8221;KICK OFF 4&#8243; align=&#8221;center&#8221; _builder_version=&#8221;4.27.4&#8243; _module_preset=&#8221;default&#8221; width=&#8221;75%&#8221; hover_enabled=&#8221;0&#8243; border_radii=&#8221;on|5px|5px|5px|5px&#8221; box_shadow_style=&#8221;preset1&#8243; box_shadow_blur=&#8221;15px&#8221; global_colors_info=&#8221;{}&#8221; theme_builder_area=&#8221;post_content&#8221; sticky_enabled=&#8221;0&#8243;][\/et_pb_image][\/et_pb_column][\/et_pb_row][\/et_pb_section]<\/p>\n","protected":false},"excerpt":{"rendered":"<p>NOVOSTIKick-off meeting projekta Non-pollDana 20. o\u017eujka 2024. u 9 sati u Hrvatskom geolo\u0161kom institutu (HGI) odr\u017ean je po\u010detni sastanak projekta Non-Poll, financiranog od strane Hrvatske zaklade za znanost (HRZZ IP-2024-05- 1687). Voditeljica projekta, dr. sc. Koraljka Bakra\u010d, predstavila je ciljeve i vremenski plan projekta svim \u010dlanovima tima, u\u017eivo i online. Glavni cilj projekta je istra\u017eiti [&hellip;]<\/p>\n","protected":false},"author":1,"featured_media":0,"parent":0,"menu_order":0,"comment_status":"closed","ping_status":"closed","template":"","meta":{"_et_pb_use_builder":"on","_et_pb_old_content":"","_et_gb_content_width":"","footnotes":""},"class_list":["post-44899","page","type-page","status-publish","hentry"],"aioseo_notices":[],"_links":{"self":[{"href":"https:\/\/www.hgi-cgs.hr\/en\/wp-json\/wp\/v2\/pages\/44899","targetHints":{"allow":["GET"]}}],"collection":[{"href":"https:\/\/www.hgi-cgs.hr\/en\/wp-json\/wp\/v2\/pages"}],"about":[{"href":"https:\/\/www.hgi-cgs.hr\/en\/wp-json\/wp\/v2\/types\/page"}],"author":[{"embeddable":true,"href":"https:\/\/www.hgi-cgs.hr\/en\/wp-json\/wp\/v2\/users\/1"}],"replies":[{"embeddable":true,"href":"https:\/\/www.hgi-cgs.hr\/en\/wp-json\/wp\/v2\/comments?post=44899"}],"version-history":[{"count":4,"href":"https:\/\/www.hgi-cgs.hr\/en\/wp-json\/wp\/v2\/pages\/44899\/revisions"}],"predecessor-version":[{"id":44911,"href":"https:\/\/www.hgi-cgs.hr\/en\/wp-json\/wp\/v2\/pages\/44899\/revisions\/44911"}],"wp:attachment":[{"href":"https:\/\/www.hgi-cgs.hr\/en\/wp-json\/wp\/v2\/media?parent=44899"}],"curies":[{"name":"wp","href":"https:\/\/api.w.org\/{rel}","templated":true}]}}