{"id":44860,"date":"2025-03-20T09:51:54","date_gmt":"2025-03-20T09:51:54","guid":{"rendered":"https:\/\/www.hgi-cgs.hr\/?page_id=44860"},"modified":"2025-03-20T10:21:04","modified_gmt":"2025-03-20T10:21:04","slug":"sveuciliste-u-zagrebu-svecana-promocija-novih-doktorica-i-doktora-znanosti-s-hrvatskog-geoloskog-instituta","status":"publish","type":"page","link":"https:\/\/www.hgi-cgs.hr\/en\/sveuciliste-u-zagrebu-svecana-promocija-novih-doktorica-i-doktora-znanosti-s-hrvatskog-geoloskog-instituta\/","title":{"rendered":"Sveu\u010dili\u0161te u Zagrebu: sve\u010dana promocija novih doktorica i doktora znanosti s Hrvatskog geolo\u0161kog instituta"},"content":{"rendered":"<p>[et_pb_section fb_built=&#8221;1&#8243; _builder_version=&#8221;4.24.3&#8243; _module_preset=&#8221;default&#8221; custom_padding=&#8221;||99px|||&#8221; global_colors_info=&#8221;{}&#8221; theme_builder_area=&#8221;post_content&#8221;][et_pb_row _builder_version=&#8221;4.24.3&#8243; _module_preset=&#8221;default&#8221; global_colors_info=&#8221;{}&#8221; theme_builder_area=&#8221;post_content&#8221;][et_pb_column type=&#8221;4_4&#8243; _builder_version=&#8221;4.24.3&#8243; _module_preset=&#8221;default&#8221; global_colors_info=&#8221;{}&#8221; theme_builder_area=&#8221;post_content&#8221;][et_pb_text _builder_version=&#8221;4.27.4&#8243; text_font_size=&#8221;32px&#8221; header_2_text_color=&#8221;#1e5096&#8243; hover_enabled=&#8221;0&#8243; locked=&#8221;off&#8221; global_colors_info=&#8221;{}&#8221; theme_builder_area=&#8221;post_content&#8221; sticky_enabled=&#8221;0&#8243;]<\/p>\n<h2 style=\"text-align: center; color: #1e5096;\"><strong>NOVOSTI <br \/><\/strong><\/h2>\n<p>[\/et_pb_text][et_pb_text _builder_version=&#8221;4.27.4&#8243; text_font_size=&#8221;32px&#8221; header_2_text_color=&#8221;#1e5096&#8243; header_2_line_height=&#8221;1.3em&#8221; custom_margin=&#8221;||17px|||&#8221; hover_enabled=&#8221;0&#8243; locked=&#8221;off&#8221; global_colors_info=&#8221;{}&#8221; theme_builder_area=&#8221;post_content&#8221; sticky_enabled=&#8221;0&#8243;]<\/p>\n<h2 style=\"text-align: center; color: #1e5096;\"><strong>Sveu\u010dili\u0161te u Zagrebu: sve\u010dana promocija novih doktorica i doktora znanosti s Hrvatskog geolo\u0161kog instituta<\/strong><\/h2>\n<p>[\/et_pb_text][et_pb_text _builder_version=&#8221;4.27.4&#8243; _module_preset=&#8221;default&#8221; custom_margin=&#8221;45px||45px|||&#8221; hover_enabled=&#8221;0&#8243; locked=&#8221;off&#8221; global_colors_info=&#8221;{}&#8221; theme_builder_area=&#8221;post_content&#8221; sticky_enabled=&#8221;0&#8243;]<\/p>\n<p>U subotu 15. o\u017eujka 2025. godine u 10 i 14 sati u sve\u010danoj dvorani Sveu\u010dili\u0161ta u Zagrebu, u zgradi Regionalnoga centra za razvoj poduzetni\u010dkih kompetencija za zemlje JI Europe \u2013 SEECEL, odr\u017eane su dvije sve\u010dane promocije doktora znanosti i doktora umjetnosti. Tijekom promocija rektor prof. dr. sc. Stjepan Laku\u0161i\u0107 promovirao je ukupno 304 nova doktora znanosti i doktora umjetnosti Sveu\u010dili\u0161ta u Zagrebu. U doktorice i doktore znanosti sve\u010dano su promovirani doktorice i doktori s Hrvatskog geolo\u0161kog instituta: dr. sc. Ivana Boljat (RGNF), dr. sc. Ivan Kosovi\u0107 (RGNF), dr. sc. Natalia Smrkulj (PMF) i dr. sc. Matija Vukovski (RGNF). U svom govoru, rektor je \u010destitao novim doktorima, njihovim mentorima i obiteljima. Nakon \u0161to su kandidati, odjeveni u sve\u010dane toge, izgovorili tekst, rektor ih je proglasio doktorima znanosti i doktorima umjetnosti. Uslijedilo je uru\u010divanje diploma i doktorskih medalja, kao i upis promoviranih u Knjigu doktora. Sve\u010danost je zavr\u0161ila izvo\u0111enjem akademske himne Gaudeamus igitur i zajedni\u010dkim fotografiranjem.<\/p>\n<p>Dr. sc. Ivana Boljat doktorirala je pod mentorstvom prof. dr. sc. \u017deljka Dui\u0107a i dr. sc. Josipa Terzi\u0107a s doktorskim radom pod naslovom \u201eHydrogeological relations in the northern part of the Croatian Dinaric karst with a recent erosion base&#8221;. Dr. sc. Ivan Kosovi\u0107 doktorirao je pod mentorstvom izv. prof. dr. sc. Bojana Mato\u0161a i dr. sc. Marca Pola s doktorskim radom pod naslovom \u201eMultidisciplinary investigations for the hydrogeological \u00a0parametrization of fractured carbonate aquifers: the case study of the Daruvar hydrothermal system\u201d. Dr. sc. Natalia Smrkulj doktorirala je pod mentorstvom dr. sc. Slobodana Mike i prof. dr. sc Georgea Papatheodoroua s doktorskim radom pod naslovom \u201eEvolution of coastal depositional systems of the Krka River estuary in response to the late Pleistocene-Holocene sea-level changes\u201c. Dr. sc. Matija vukovski doktorirao je pod mentorstvom prof. dr. sc. Brune Tomljenovi\u0107a i dr. sc. Damira Slovenca s doktorskim radom pod naslovom \u201eStructural-geological setting of Ivan\u0161\u010dica Mountain and its tectonic position at the junction of the Alps, Dinarides and Pannonian basin\u201c. Dr. sc. Natalia Smrkulj i dr. sc. Matija Vukovski svoje doktorske disertacije izradili su kao asistenti na projektima QMAD (IP-2019-04-8505) i GOST (IP-2019-04-3824) koje je financirala Hrvatska zaklada za znanost (HRZZ).<\/p>\n<p>\u010cestitamo promoviranim doktoricama i doktorima znanosti s Hrvatskog geolo\u0161kog instituta!<\/p>\n<p>[\/et_pb_text][\/et_pb_column][\/et_pb_row][et_pb_row column_structure=&#8221;1_2,1_2&#8243; _builder_version=&#8221;4.27.2&#8243; _module_preset=&#8221;default&#8221; global_colors_info=&#8221;{}&#8221; theme_builder_area=&#8221;post_content&#8221;][et_pb_column type=&#8221;1_2&#8243; _builder_version=&#8221;4.27.2&#8243; _module_preset=&#8221;default&#8221; global_colors_info=&#8221;{}&#8221; theme_builder_area=&#8221;post_content&#8221;][et_pb_image src=&#8221;http:\/\/www.hgi-cgs.hr\/wp-content\/uploads\/2025\/03\/sl1.jpg&#8221; title_text=&#8221;sl1&#8243; align=&#8221;center&#8221; _builder_version=&#8221;4.27.4&#8243; _module_preset=&#8221;default&#8221; width=&#8221;100%&#8221; module_alignment=&#8221;right&#8221; hover_enabled=&#8221;0&#8243; border_radii=&#8221;on|5px|5px|5px|5px&#8221; box_shadow_style=&#8221;preset1&#8243; global_colors_info=&#8221;{}&#8221; theme_builder_area=&#8221;post_content&#8221; sticky_enabled=&#8221;0&#8243;][\/et_pb_image][\/et_pb_column][et_pb_column type=&#8221;1_2&#8243; _builder_version=&#8221;4.27.2&#8243; _module_preset=&#8221;default&#8221; global_colors_info=&#8221;{}&#8221; theme_builder_area=&#8221;post_content&#8221;][et_pb_image src=&#8221;http:\/\/www.hgi-cgs.hr\/wp-content\/uploads\/2025\/03\/sl2.jpg&#8221; title_text=&#8221;sl2&#8243; align=&#8221;center&#8221; _builder_version=&#8221;4.27.4&#8243; _module_preset=&#8221;default&#8221; width=&#8221;100%&#8221; hover_enabled=&#8221;0&#8243; border_radii=&#8221;on|5px|5px|5px|5px&#8221; box_shadow_style=&#8221;preset1&#8243; global_colors_info=&#8221;{}&#8221; theme_builder_area=&#8221;post_content&#8221; sticky_enabled=&#8221;0&#8243;][\/et_pb_image][\/et_pb_column][\/et_pb_row][et_pb_row column_structure=&#8221;1_2,1_2&#8243; _builder_version=&#8221;4.27.2&#8243; _module_preset=&#8221;default&#8221; global_colors_info=&#8221;{}&#8221; theme_builder_area=&#8221;post_content&#8221;][et_pb_column type=&#8221;1_2&#8243; _builder_version=&#8221;4.27.2&#8243; _module_preset=&#8221;default&#8221; global_colors_info=&#8221;{}&#8221; theme_builder_area=&#8221;post_content&#8221;][et_pb_image src=&#8221;http:\/\/www.hgi-cgs.hr\/wp-content\/uploads\/2025\/03\/sl3.jpg&#8221; title_text=&#8221;sl3&#8243; align=&#8221;center&#8221; _builder_version=&#8221;4.27.4&#8243; _module_preset=&#8221;default&#8221; width=&#8221;100%&#8221; module_alignment=&#8221;right&#8221; hover_enabled=&#8221;0&#8243; border_radii=&#8221;on|5px|5px|5px|5px&#8221; box_shadow_style=&#8221;preset1&#8243; global_colors_info=&#8221;{}&#8221; theme_builder_area=&#8221;post_content&#8221; sticky_enabled=&#8221;0&#8243;][\/et_pb_image][\/et_pb_column][et_pb_column type=&#8221;1_2&#8243; _builder_version=&#8221;4.27.2&#8243; _module_preset=&#8221;default&#8221; global_colors_info=&#8221;{}&#8221; theme_builder_area=&#8221;post_content&#8221;][et_pb_image src=&#8221;http:\/\/www.hgi-cgs.hr\/wp-content\/uploads\/2025\/03\/sl4.jpg&#8221; title_text=&#8221;sl4&#8243; align=&#8221;center&#8221; _builder_version=&#8221;4.27.4&#8243; _module_preset=&#8221;default&#8221; width=&#8221;100%&#8221; hover_enabled=&#8221;0&#8243; border_radii=&#8221;on|5px|5px|5px|5px&#8221; box_shadow_style=&#8221;preset1&#8243; global_colors_info=&#8221;{}&#8221; theme_builder_area=&#8221;post_content&#8221; sticky_enabled=&#8221;0&#8243;][\/et_pb_image][\/et_pb_column][\/et_pb_row][et_pb_row _builder_version=&#8221;4.27.2&#8243; _module_preset=&#8221;default&#8221; global_colors_info=&#8221;{}&#8221; theme_builder_area=&#8221;post_content&#8221;][et_pb_column type=&#8221;4_4&#8243; _builder_version=&#8221;4.27.2&#8243; _module_preset=&#8221;default&#8221; global_colors_info=&#8221;{}&#8221; theme_builder_area=&#8221;post_content&#8221;][et_pb_image src=&#8221;http:\/\/www.hgi-cgs.hr\/wp-content\/uploads\/2025\/03\/sl5.jpg&#8221; title_text=&#8221;sl5&#8243; _builder_version=&#8221;4.27.4&#8243; _module_preset=&#8221;default&#8221; width=&#8221;40%&#8221; module_alignment=&#8221;center&#8221; hover_enabled=&#8221;0&#8243; border_radii=&#8221;on|5px|5px|5px|5px&#8221; box_shadow_style=&#8221;preset1&#8243; global_colors_info=&#8221;{}&#8221; theme_builder_area=&#8221;post_content&#8221; sticky_enabled=&#8221;0&#8243;][\/et_pb_image][\/et_pb_column][\/et_pb_row][\/et_pb_section]<\/p>\n","protected":false},"excerpt":{"rendered":"<p>NOVOSTI Sveu\u010dili\u0161te u Zagrebu: sve\u010dana promocija novih doktorica i doktora znanosti s Hrvatskog geolo\u0161kog institutaU subotu 15. o\u017eujka 2025. godine u 10 i 14 sati u sve\u010danoj dvorani Sveu\u010dili\u0161ta u Zagrebu, u zgradi Regionalnoga centra za razvoj poduzetni\u010dkih kompetencija za zemlje JI Europe \u2013 SEECEL, odr\u017eane su dvije sve\u010dane promocije doktora znanosti i doktora umjetnosti. [&hellip;]<\/p>\n","protected":false},"author":1,"featured_media":0,"parent":0,"menu_order":0,"comment_status":"closed","ping_status":"closed","template":"","meta":{"_et_pb_use_builder":"on","_et_pb_old_content":"","_et_gb_content_width":"","footnotes":""},"class_list":["post-44860","page","type-page","status-publish","hentry"],"aioseo_notices":[],"_links":{"self":[{"href":"https:\/\/www.hgi-cgs.hr\/en\/wp-json\/wp\/v2\/pages\/44860","targetHints":{"allow":["GET"]}}],"collection":[{"href":"https:\/\/www.hgi-cgs.hr\/en\/wp-json\/wp\/v2\/pages"}],"about":[{"href":"https:\/\/www.hgi-cgs.hr\/en\/wp-json\/wp\/v2\/types\/page"}],"author":[{"embeddable":true,"href":"https:\/\/www.hgi-cgs.hr\/en\/wp-json\/wp\/v2\/users\/1"}],"replies":[{"embeddable":true,"href":"https:\/\/www.hgi-cgs.hr\/en\/wp-json\/wp\/v2\/comments?post=44860"}],"version-history":[{"count":3,"href":"https:\/\/www.hgi-cgs.hr\/en\/wp-json\/wp\/v2\/pages\/44860\/revisions"}],"predecessor-version":[{"id":44869,"href":"https:\/\/www.hgi-cgs.hr\/en\/wp-json\/wp\/v2\/pages\/44860\/revisions\/44869"}],"wp:attachment":[{"href":"https:\/\/www.hgi-cgs.hr\/en\/wp-json\/wp\/v2\/media?parent=44860"}],"curies":[{"name":"wp","href":"https:\/\/api.w.org\/{rel}","templated":true}]}}