{"id":44398,"date":"2024-12-20T08:47:38","date_gmt":"2024-12-20T08:47:38","guid":{"rendered":"https:\/\/www.hgi-cgs.hr\/?page_id=44398"},"modified":"2025-04-07T10:00:27","modified_gmt":"2025-04-07T10:00:27","slug":"non-poll-nepeludni-palinomorfi-i-palinofacijes-u-rekonstrukciji-paleookolisa","status":"publish","type":"page","link":"https:\/\/www.hgi-cgs.hr\/en\/non-poll-nepeludni-palinomorfi-i-palinofacijes-u-rekonstrukciji-paleookolisa\/","title":{"rendered":"Non-Poll: Non-pollen palynomorphs and palynofacies in paleoenvironmental reconstruction"},"content":{"rendered":"<p>[et_pb_section fb_built=&#8221;1&#8243; _builder_version=&#8221;4.27.4&#8243; _module_preset=&#8221;default&#8221; global_colors_info=&#8221;{}&#8221;][\/et_pb_section][et_pb_section fb_built=&#8221;1&#8243; _builder_version=&#8221;4.16&#8243; global_colors_info=&#8221;{}&#8221;][et_pb_row _builder_version=&#8221;4.16&#8243; global_colors_info=&#8221;{}&#8221;][et_pb_column type=&#8221;4_4&#8243; _builder_version=&#8221;4.16&#8243; global_colors_info=&#8221;{}&#8221;][et_pb_text _builder_version=&#8221;4.16&#8243; text_font_size=&#8221;32px&#8221; header_2_text_color=&#8221;#1e5096&#8243; global_colors_info=&#8221;{}&#8221;]<\/p>\n<h2 style=\"text-align: center; color: #1e5096;\"><strong>ZAVOD ZA GEOLOGIJU<\/strong><\/h2>\n<h2 style=\"text-align: center; color: #1e5096;\"><strong>Nacionalni kompetativni projekti<\/strong><\/h2>\n<p>[\/et_pb_text][et_pb_image src=&#8221;https:\/\/www.hgi-cgs.hr\/wp-content\/uploads\/2018\/08\/HRZZ_Logo.jpg&#8221; title_text=&#8221;HRZZ_Logo&#8221; align=&#8221;center&#8221; _builder_version=&#8221;4.16&#8243; width=&#8221;20%&#8221; global_colors_info=&#8221;{}&#8221;][\/et_pb_image][\/et_pb_column][\/et_pb_row][et_pb_row _builder_version=&#8221;4.16&#8243; custom_padding=&#8221;5px||50px|||&#8221; global_colors_info=&#8221;{}&#8221;][et_pb_column type=&#8221;4_4&#8243; _builder_version=&#8221;4.16&#8243; custom_padding=&#8221;|||&#8221; global_colors_info=&#8221;{}&#8221; custom_padding__hover=&#8221;|||&#8221;][et_pb_text _builder_version=&#8221;4.27.4&#8243; text_font=&#8221;|300|||||||&#8221; ul_font=&#8221;||||||||&#8221; header_font=&#8221;||||||||&#8221; header_text_align=&#8221;center&#8221; header_2_font=&#8221;|800|||||||&#8221; header_2_text_align=&#8221;center&#8221; header_2_text_color=&#8221;#1e5096&#8243; header_2_font_size=&#8221;54px&#8221; header_3_font=&#8221;|300|||||||&#8221; header_3_line_height=&#8221;1.3em&#8221; text_orientation=&#8221;center&#8221; min_height=&#8221;76px&#8221; custom_margin=&#8221;6px||-30px|||&#8221; custom_padding=&#8221;||0px|||&#8221; animation_direction=&#8221;bottom&#8221; header_2_font_size_tablet=&#8221;&#8221; header_2_font_size_phone=&#8221;30px&#8221; header_2_font_size_last_edited=&#8221;on|phone&#8221; header_2_text_shadow_style=&#8221;preset1&#8243; header_2_text_shadow_horizontal_length=&#8221;0.03em&#8221; header_2_text_shadow_vertical_length=&#8221;0.03em&#8221; header_2_text_shadow_blur_strength=&#8221;0.05em&#8221; header_2_text_shadow_color=&#8221;rgba(0,0,0,0.3)&#8221; global_colors_info=&#8221;{}&#8221;]<\/p>\n<h3><strong>Non-Poll: Nepeludni palinomorfi i palinofacijes u rekonstrukciji paleookoli\u0161a <\/strong><\/h3>\n<h3><strong>\u00a0<\/strong><\/h3>\n<p>[\/et_pb_text][et_pb_image src=&#8221;http:\/\/www.hgi-cgs.hr\/wp-content\/uploads\/2025\/03\/thumbnail_LOGO.jpg&#8221; title_text=&#8221;thumbnail_LOGO&#8221; _builder_version=&#8221;4.27.4&#8243; width=&#8221;15%&#8221; module_alignment=&#8221;center&#8221; custom_margin=&#8221;35px|||||&#8221; global_colors_info=&#8221;{}&#8221;][\/et_pb_image][et_pb_tabs _builder_version=&#8221;4.27.4&#8243; custom_margin=&#8221;13px|||||&#8221; hover_enabled=&#8221;0&#8243; global_colors_info=&#8221;{}&#8221; sticky_enabled=&#8221;0&#8243;][et_pb_tab title=&#8221;O projektu&#8221; _builder_version=&#8221;4.27.4&#8243; hover_enabled=&#8221;0&#8243; global_colors_info=&#8221;{}&#8221; sticky_enabled=&#8221;0&#8243;]<\/p>\n<p>U svijetu, pa tako i u Hrvatskoj, postoji veliki interes za rekonstrukciju paleookoli\u0161a i paleoklime kroz prou\u010davanje paleovegetacije. Ako je u sedimentu prisutno dovoljno sporomorfi (spore, pelud), mo\u017eemo lako rekonstruirati klimu i okoli\u0161. Me\u0111utim, u nedostatku sporomorfi, analiza preostalih mikroskopskih ostataka s organskim stjenkama, tj. palinofacijesa i nepeludnih palinomorfi (NPP) tako\u0111er mo\u017ee dati va\u017ene tragove za rekonstrukciju paleookoli\u0161a. Palinofacijes predstavlja ukupni organski ostatak sedimenta dok su nepeludni palinomorfi (NPP) mikrofosili razli\u010ditog podrijetla (biljke\/\u017eivotinje\/alge\/gljive) prona\u0111eni u palinolo\u0161kim preparatima u rasponu veli\u010dina peludnih zrnaca (10-250 \u00b5m). Zajednica nepeludnih palinomorfa mo\u017ee ukazivati na uvjete okoli\u0161a u vrijeme talo\u017eenja i mo\u017ee se koristiti kao pokazatelj antropogenog utjecaja, a vrlo je korisna \u010dinjenica da se nalaze u svim vrstama sedimenata, od morskih do kopnenih, uklju\u010duju\u0107i \u0161piljske sedimente i arheolo\u0161ke artefakte. Projekt \u0107e se usredoto\u010diti na identifikaciju i interpretaciju NPP i palinofacijesa uzoraka iz sedimentnih sukcesija i arheolo\u0161kog materijala gdje je bilo nedovoljno biljnih ostataka. Primjenjivost NPP-a i palinofacijesa u rekonstrukciji paleookoli\u0161a testirat \u0107e se na dva pilot podru\u010dja, uklju\u010duju\u0107i \u0161pilju Vela spila iznad Vele Luke (Kor\u010dula) i arheolo\u0161ko nalazi\u0161te Vu\u010dedol. Integrirat \u0107emo palinolo\u0161ku, mineralo\u0161ku, petrolo\u0161ku, geokemijsku i sedimentolo\u0161ku analizu kako bismo pru\u017eili kompleksno razumijevanje okoli\u0161nih procesa. Posebna pozornost posvetit \u0107e se tafonomskim procesima i podrijetlu recentne kontaminacije koja mo\u017ee promijeniti palinofacijesne obrasce i dovesti do pogre\u0161nih zaklju\u010daka u rekonstrukciji okoli\u0161a. Ishodi projekta mogu doprinijeti i prirodnim i humanisti\u010dkim znanostima (arheologiji) i pobolj\u0161ati na\u0161e znanje o promjenama u okoli\u0161u koje su se dogodile u pro\u0161losti\u00a0 i interakcijama \u010dovjeka i prirode.<\/p>\n<p><em>Mre\u017ena stranica projekta: <a href=\"https:\/\/sites.google.com\/view\/non-poll\">https:\/\/sites.google.com\/view\/non-poll<\/a><\/em><\/p>\n<p><strong><a href=\"https:\/\/www.hgi-cgs.hr\/nonpoll-novosti-i-obavijesti\/\"><em>Non-POll &#8211; Novosti i obavijesti<\/em><\/a><\/strong><\/p>\n<p>[\/et_pb_tab][et_pb_tab title=&#8221;Voditelj&#8221; _builder_version=&#8221;4.27.4&#8243; global_colors_info=&#8221;{}&#8221;]<\/p>\n<p style=\"text-align: left;\"><strong><em><span>Glavni istra\u017eiva\u010d \/ voditelj: <\/span><\/em><\/strong><em>dr. sc. Koraljka Bakra\u010d<\/em><strong><em><br \/><\/em><\/strong><\/p>\n<p style=\"text-align: left;\"><a href=\"mailto:kbakrac@hgi-cgs.hr\"><em>kbakrac@hgi-cgs.hr<\/em><\/a><\/p>\n<p>[\/et_pb_tab][et_pb_tab title=&#8221;Suradnici&#8221; _builder_version=&#8221;4.27.4&#8243; global_colors_info=&#8221;{}&#8221;]<\/p>\n<p>Dario Hru\u0161evar<\/p>\n<p>Ivona Bani\u010dek<\/p>\n<p>Bo\u017eena Miti\u0107<\/p>\n<p>Anita Grizelj<\/p>\n<p>Danijel Ivani\u0161evi\u0107<\/p>\n<p>Ankica Oros Sr\u0161en<\/p>\n<p>Zdravka Hincak Daris<\/p>\n<p>Danijela Roksandi\u0107 Vukadin<\/p>\n<p>Dinko Radi\u0107<\/p>\n<p>Luka Bakra\u010d<\/p>\n<p>[\/et_pb_tab][et_pb_tab title=&#8221;Trajanje projekta&#8221; _builder_version=&#8221;4.27.4&#8243; global_colors_info=&#8221;{}&#8221;]<\/p>\n<p style=\"text-align: left;\"><span><strong><em>Datum po\u010detka i kraja projekta:<\/em><\/strong><\/span><\/p>\n<p>16.12.2024. \u2013 15.12.2027.<\/p>\n<p>&nbsp;<\/p>\n<p style=\"text-align: left;\"><span>\u00a0<\/span><\/p>\n<p><span>\u00a0<\/span><\/p>\n<p>[\/et_pb_tab][et_pb_tab title=&#8221;Kategorija&#8221; _builder_version=&#8221;4.27.4&#8243; global_colors_info=&#8221;{}&#8221;]<\/p>\n<p style=\"text-align: left;\"><span><strong><em>Kategorija projekta:<\/em><\/strong><\/span><\/p>\n<p>Istra\u017eiva\u010dki kompetitivni nacionalni projekt (HRZZ) HRZZ IP-2024-05- 1687<\/p>\n<p style=\"text-align: left;\"><span>\u00a0<\/span><\/p>\n<p>[\/et_pb_tab][et_pb_tab title=&#8221;Iznos financiranja&#8221; _builder_version=&#8221;4.27.4&#8243; global_colors_info=&#8221;{}&#8221;]<\/p>\n<p style=\"text-align: left;\"><span><strong><em>Ugovoreni iznos financiranja:<\/em><\/strong><\/span><\/p>\n<p>179.590,00 EUR<\/p>\n<p style=\"text-align: left;\"><span><strong><em><\/em><\/strong><br \/><\/span><\/p>\n<p>[\/et_pb_tab][et_pb_tab title=&#8221;Status&#8221; _builder_version=&#8221;4.16&#8243; global_colors_info=&#8221;{}&#8221;]<\/p>\n<p style=\"text-align: left;\"><span><em><strong>Status:<\/strong><\/em> Aktivan<\/span><\/p>\n<p>[\/et_pb_tab][\/et_pb_tabs][\/et_pb_column][\/et_pb_row][\/et_pb_section]<\/p>\n","protected":false},"excerpt":{"rendered":"<p>ZAVOD ZA GEOLOGIJU Nacionalni kompetativni projektiNon-Poll: Nepeludni palinomorfi i palinofacijes u rekonstrukciji paleookoli\u0161a \u00a0U svijetu, pa tako i u Hrvatskoj, postoji veliki interes za rekonstrukciju paleookoli\u0161a i paleoklime kroz prou\u010davanje paleovegetacije. Ako je u sedimentu prisutno dovoljno sporomorfi (spore, pelud), mo\u017eemo lako rekonstruirati klimu i okoli\u0161. Me\u0111utim, u nedostatku sporomorfi, analiza preostalih mikroskopskih ostataka s [&hellip;]<\/p>\n","protected":false},"author":1,"featured_media":0,"parent":0,"menu_order":0,"comment_status":"closed","ping_status":"closed","template":"","meta":{"_et_pb_use_builder":"on","_et_pb_old_content":"","_et_gb_content_width":"","footnotes":""},"class_list":["post-44398","page","type-page","status-publish","hentry"],"aioseo_notices":[],"_links":{"self":[{"href":"https:\/\/www.hgi-cgs.hr\/en\/wp-json\/wp\/v2\/pages\/44398","targetHints":{"allow":["GET"]}}],"collection":[{"href":"https:\/\/www.hgi-cgs.hr\/en\/wp-json\/wp\/v2\/pages"}],"about":[{"href":"https:\/\/www.hgi-cgs.hr\/en\/wp-json\/wp\/v2\/types\/page"}],"author":[{"embeddable":true,"href":"https:\/\/www.hgi-cgs.hr\/en\/wp-json\/wp\/v2\/users\/1"}],"replies":[{"embeddable":true,"href":"https:\/\/www.hgi-cgs.hr\/en\/wp-json\/wp\/v2\/comments?post=44398"}],"version-history":[{"count":6,"href":"https:\/\/www.hgi-cgs.hr\/en\/wp-json\/wp\/v2\/pages\/44398\/revisions"}],"predecessor-version":[{"id":45003,"href":"https:\/\/www.hgi-cgs.hr\/en\/wp-json\/wp\/v2\/pages\/44398\/revisions\/45003"}],"wp:attachment":[{"href":"https:\/\/www.hgi-cgs.hr\/en\/wp-json\/wp\/v2\/media?parent=44398"}],"curies":[{"name":"wp","href":"https:\/\/api.w.org\/{rel}","templated":true}]}}