{"id":44386,"date":"2024-12-18T09:06:18","date_gmt":"2024-12-18T09:06:18","guid":{"rendered":"https:\/\/www.hgi-cgs.hr\/?page_id=44386"},"modified":"2025-11-03T12:29:54","modified_gmt":"2025-11-03T12:29:54","slug":"saltecta","status":"publish","type":"page","link":"https:\/\/www.hgi-cgs.hr\/en\/saltecta\/","title":{"rendered":"SALTECTA"},"content":{"rendered":"<p>[et_pb_section fb_built=&#8221;1&#8243; fullwidth=&#8221;on&#8221; _builder_version=&#8221;4.16&#8243; custom_padding=&#8221;0px||0px|||&#8221; global_colors_info=&#8221;{}&#8221;][et_pb_fullwidth_slider _builder_version=&#8221;4.16&#8243; min_height=&#8221;112px&#8221; height=&#8221;400px&#8221; custom_margin=&#8221;0px||||false|false&#8221; custom_padding=&#8221;0px||18px||false|false&#8221; auto=&#8221;on&#8221; auto_ignore_hover=&#8221;on&#8221; locked=&#8221;off&#8221; global_colors_info=&#8221;{}&#8221;][et_pb_slide heading=&#8221;Hrvatski geolo\u0161ki institut&#8221; _builder_version=&#8221;4.16&#8243; header_font=&#8221;|||on|||||&#8221; background_image=&#8221;https:\/\/www.hgi-cgs.hr\/wp-content\/uploads\/2020\/03\/Br\u010di\u0107_Drvenik02-scaled.jpg&#8221; background_enable_image=&#8221;on&#8221; locked=&#8221;off&#8221; global_colors_info=&#8221;{}&#8221; sticky_transition=&#8221;on&#8221;][\/et_pb_slide][et_pb_slide heading=&#8221;Hrvatski geolo\u0161ki institut&#8221; _builder_version=&#8221;4.16&#8243; header_font=&#8221;|||on|||||&#8221; background_image=&#8221;https:\/\/www.hgi-cgs.hr\/wp-content\/uploads\/2020\/03\/ban2-scaled.jpg&#8221; background_enable_image=&#8221;on&#8221; locked=&#8221;off&#8221; global_colors_info=&#8221;{}&#8221; sticky_transition=&#8221;on&#8221;][\/et_pb_slide][et_pb_slide heading=&#8221;Hrvatski geolo\u0161ki institut&#8221; _builder_version=&#8221;4.16&#8243; header_font=&#8221;|||on|||||&#8221; background_image=&#8221;https:\/\/www.hgi-cgs.hr\/wp-content\/uploads\/2020\/03\/20190228_094232-scaled.jpg&#8221; background_enable_image=&#8221;on&#8221; locked=&#8221;off&#8221; global_colors_info=&#8221;{}&#8221; sticky_transition=&#8221;on&#8221;][\/et_pb_slide][et_pb_slide heading=&#8221;Hrvatski geolo\u0161ki institut&#8221; _builder_version=&#8221;4.16&#8243; header_font=&#8221;|||on|||||&#8221; background_image=&#8221;https:\/\/www.hgi-cgs.hr\/wp-content\/uploads\/2020\/03\/ban3-scaled.jpg&#8221; background_enable_image=&#8221;on&#8221; locked=&#8221;off&#8221; global_colors_info=&#8221;{}&#8221; sticky_transition=&#8221;on&#8221;][\/et_pb_slide][et_pb_slide heading=&#8221;Hrvatski geolo\u0161ki institut&#8221; _builder_version=&#8221;4.16&#8243; header_font=&#8221;|||on|||||&#8221; background_image=&#8221;https:\/\/www.hgi-cgs.hr\/wp-content\/uploads\/2020\/03\/Bijele_stijene-Gorski_kotar-scaled.jpg&#8221; background_enable_image=&#8221;on&#8221; locked=&#8221;off&#8221; global_colors_info=&#8221;{}&#8221; sticky_transition=&#8221;on&#8221;][\/et_pb_slide][et_pb_slide heading=&#8221;Hrvatski geolo\u0161ki institut&#8221; _builder_version=&#8221;4.16&#8243; header_font=&#8221;|||on|||||&#8221; background_image=&#8221;https:\/\/www.hgi-cgs.hr\/wp-content\/uploads\/2020\/03\/ban4-scaled.jpg&#8221; background_enable_image=&#8221;on&#8221; locked=&#8221;off&#8221; global_colors_info=&#8221;{}&#8221; sticky_transition=&#8221;on&#8221;][\/et_pb_slide][et_pb_slide heading=&#8221;Hrvatski geolo\u0161ki institut&#8221; _builder_version=&#8221;4.16&#8243; header_font=&#8221;|||on|||||&#8221; background_image=&#8221;https:\/\/www.hgi-cgs.hr\/wp-content\/uploads\/2020\/03\/ban5-scaled.jpg&#8221; background_enable_image=&#8221;on&#8221; locked=&#8221;off&#8221; global_colors_info=&#8221;{}&#8221; sticky_transition=&#8221;on&#8221;][\/et_pb_slide][\/et_pb_fullwidth_slider][\/et_pb_section][et_pb_section fb_built=&#8221;1&#8243; _builder_version=&#8221;4.16&#8243; global_colors_info=&#8221;{}&#8221;][et_pb_row _builder_version=&#8221;4.16&#8243; global_colors_info=&#8221;{}&#8221;][et_pb_column type=&#8221;4_4&#8243; _builder_version=&#8221;4.16&#8243; global_colors_info=&#8221;{}&#8221;][et_pb_text _builder_version=&#8221;4.16&#8243; text_font_size=&#8221;32px&#8221; header_2_text_color=&#8221;#1e5096&#8243; global_colors_info=&#8221;{}&#8221;]<\/p>\n<h2 style=\"text-align: center; color: #1e5096;\"><strong>ZAVOD ZA GEOLOGIJU<\/strong><\/h2>\n<h2 style=\"text-align: center; color: #1e5096;\"><strong>Nacionalni kompetativni projekti<\/strong><\/h2>\n<p>[\/et_pb_text][et_pb_image src=&#8221;https:\/\/www.hgi-cgs.hr\/wp-content\/uploads\/2018\/08\/HRZZ_Logo.jpg&#8221; title_text=&#8221;HRZZ_Logo&#8221; align=&#8221;center&#8221; _builder_version=&#8221;4.16&#8243; width=&#8221;20%&#8221; global_colors_info=&#8221;{}&#8221;][\/et_pb_image][\/et_pb_column][\/et_pb_row][et_pb_row _builder_version=&#8221;4.16&#8243; custom_padding=&#8221;5px||50px|||&#8221; global_colors_info=&#8221;{}&#8221;][et_pb_column type=&#8221;4_4&#8243; _builder_version=&#8221;4.16&#8243; custom_padding=&#8221;|||&#8221; global_colors_info=&#8221;{}&#8221; custom_padding__hover=&#8221;|||&#8221;][et_pb_text _builder_version=&#8221;4.27.4&#8243; text_font=&#8221;|300|||||||&#8221; ul_font=&#8221;||||||||&#8221; header_font=&#8221;||||||||&#8221; header_text_align=&#8221;center&#8221; header_2_font=&#8221;|800|||||||&#8221; header_2_text_align=&#8221;center&#8221; header_2_text_color=&#8221;#1e5096&#8243; header_2_font_size=&#8221;54px&#8221; header_3_font=&#8221;|300|||||||&#8221; header_3_line_height=&#8221;1.3em&#8221; text_orientation=&#8221;center&#8221; min_height=&#8221;76px&#8221; custom_margin=&#8221;6px||-30px|||&#8221; custom_padding=&#8221;||0px|||&#8221; animation_direction=&#8221;bottom&#8221; header_2_font_size_tablet=&#8221;&#8221; header_2_font_size_phone=&#8221;30px&#8221; header_2_font_size_last_edited=&#8221;on|phone&#8221; header_2_text_shadow_style=&#8221;preset1&#8243; header_2_text_shadow_horizontal_length=&#8221;0.03em&#8221; header_2_text_shadow_vertical_length=&#8221;0.03em&#8221; header_2_text_shadow_blur_strength=&#8221;0.05em&#8221; header_2_text_shadow_color=&#8221;rgba(0,0,0,0.3)&#8221; global_colors_info=&#8221;{}&#8221;]<\/p>\n<h3><strong>SOLNI DIJAPIRI I AKTIVNA TEKTONIKA SREDNJEG JADRANA (SALTECTA)<br \/><\/strong><\/h3>\n<p>[\/et_pb_text][et_pb_image src=&#8221;https:\/\/www.hgi-cgs.hr\/wp-content\/uploads\/2024\/12\/SALTECTA_logo_mali.jpg&#8221; title_text=&#8221;SALTECTA_logo_mali&#8221; _builder_version=&#8221;4.27.4&#8243; width=&#8221;20%&#8221; module_alignment=&#8221;center&#8221; custom_margin=&#8221;60px|||||&#8221; global_colors_info=&#8221;{}&#8221;][\/et_pb_image][et_pb_tabs _builder_version=&#8221;4.27.4&#8243; custom_margin=&#8221;13px|||||&#8221; hover_enabled=&#8221;0&#8243; global_colors_info=&#8221;{}&#8221; sticky_enabled=&#8221;0&#8243;][et_pb_tab title=&#8221;O projektu&#8221; _builder_version=&#8221;4.27.4&#8243; hover_enabled=&#8221;0&#8243; global_colors_info=&#8221;{}&#8221; sticky_enabled=&#8221;0&#8243;]<\/p>\n<p><span>Srednji Jadran je predgorje dvaju orogenih sustava \u2013 Dinarida na sjeveroistoku i Apenina na jugozapadu. Osim specifi\u010dne predgorske tektonike, to podru\u010dje obilje\u017eavaju i brojni solni dijapiri koji su uglavnom razli\u010dito prikazivani na objavljenim preglednim kartama i ilustracijama geolo\u0161kih profila, a tek sporadi\u010dno na interpretiranim seizmi\u010dkim profilima. Solni dijapiri \u010dine impozantne potpovr\u0161inske strukture koje mjestimice izbijaju na povr\u0161inu i tako utje\u010du na morfologiju (batimetriju) tog podru\u010dja. Solne strukture srednjeg Jadrana su znanstveno nedovoljno istra\u017eene, a nije istra\u017eivana niti uzro\u010dno-posljedi\u010dna veza solnih dijapira i umjerene seizmi\u010dke aktivnosti koja obilje\u017eava to podru\u010dje. Pretpostavlja se da je aktivnost dijapira vezana uz neotektonsku reaktivaciju mezozojskih rasjeda, od kojih su neki vjerojatno i danas aktivni. Projektom se namjeravaju interpretirati najnoviji 2D seizmi\u010dki profili snimljeni na tom podru\u010dju, reinterpretirati gravimetrijski podatci, definirati glavni rasjedi te 3D modelirati geometrija odabranih solnih struktura. Nastojat \u0107e se kvalitetnije definirati strukturno-tektonski sklop na pu\u010dinskim otocima srednjeg Jadrana. Uspore\u0111ivanjem prostornog rasporeda epicentara i hipocentara zabilje\u017eenih potresa s interpretiranim geolo\u0161kim strukturama, poku\u0161at \u0107e se razjasniti povezanost aktivne tektonike sa solnim dijapirima. Istra\u017eivanjem i datiranjem solnih stijena iz dijapira poku\u0161at \u0107e se definirati talo\u017eni okoli\u0161a i starost tih klju\u010dnih naslaga, a datiranjem pokrovnih kenozojskih naslaga \u0107e se poku\u0161ati odrediti vrijeme pojave solnih dijapira i s njima udru\u017eenih stijena na povr\u0161ini.<\/span><\/p>\n<p><span>Mre\u017ena stranica projekta: <\/span><em><a href=\"https:\/\/sites.google.com\/view\/hrzz-saltecta\/home\">https:\/\/sites.google.com\/view\/hrzz-saltecta\/home<\/a><\/em><\/p>\n<p>[\/et_pb_tab][et_pb_tab title=&#8221;Voditelj&#8221; _builder_version=&#8221;4.27.4&#8243; global_colors_info=&#8221;{}&#8221;]<\/p>\n<p style=\"text-align: left;\"><strong><em><span>Glavni istra\u017eiva\u010d \/ voditelj: <\/span><\/em><\/strong><em>dr. sc. Tvrtko Korbar, <a href=\"mailto:tkorbar@hgi-cgs.hr\">tkorbar@hgi-cgs.hr<\/a><\/em><strong><em><\/em><\/strong><em><\/em><\/p>\n<p>[\/et_pb_tab][et_pb_tab title=&#8221;Suradnici&#8221; _builder_version=&#8221;4.27.4&#8243; hover_enabled=&#8221;0&#8243; global_colors_info=&#8221;{}&#8221; sticky_enabled=&#8221;0&#8243;]<\/p>\n<p>Tiago Alves,<\/p>\n<p>Dea Brunovi\u0107,<\/p>\n<p>Marko Budi\u0107,<\/p>\n<p>Ana Kamenski,<\/p>\n<p>Snje\u017eana Marku\u0161i\u0107,<\/p>\n<p>Damir Palenik,<\/p>\n<p>David Rukavina,<\/p>\n<p>Lara Wacha,<\/p>\n<p>Chahreddine Neji<\/p>\n<p>[\/et_pb_tab][et_pb_tab title=&#8221;Trajanje projekta&#8221; _builder_version=&#8221;4.27.4&#8243; global_colors_info=&#8221;{}&#8221;]<\/p>\n<p style=\"text-align: left;\"><span><strong><em>Datum po\u010detka i kraja projekta:<\/em><\/strong> 16.12.2024. &#8211; 15.12.2027.<br \/><\/span><\/p>\n<p><span>\u00a0<\/span><\/p>\n<p>[\/et_pb_tab][et_pb_tab title=&#8221;Kategorija&#8221; _builder_version=&#8221;4.27.4&#8243; global_colors_info=&#8221;{}&#8221;]<\/p>\n<p style=\"text-align: left;\"><span><strong><em>Kategorija projekta:<\/em><\/strong> Istra\u017eiva\u010dki kompetitivni nacionalni projekt (HRZZ) HRZZ IP-2024-05-2957<br \/><\/span><\/p>\n<p>[\/et_pb_tab][et_pb_tab title=&#8221;Iznos financiranja&#8221; _builder_version=&#8221;4.27.4&#8243; global_colors_info=&#8221;{}&#8221;]<\/p>\n<p style=\"text-align: left;\"><span><strong><em>Ugovoreni iznos financiranja: <\/em><\/strong><em>188.990,00 EUR<\/em><br \/><\/span><\/p>\n<p>[\/et_pb_tab][et_pb_tab title=&#8221;Status&#8221; _builder_version=&#8221;4.27.4&#8243; global_colors_info=&#8221;{}&#8221;]<\/p>\n<p style=\"text-align: left;\"><span><em><strong>Status:<\/strong><\/em> Aktivan<\/span><\/p>\n<p>[\/et_pb_tab][\/et_pb_tabs][et_pb_image src=&#8221;https:\/\/www.hgi-cgs.hr\/wp-content\/uploads\/2024\/12\/SALTECTA_partners_logo.jpg&#8221; title_text=&#8221;SALTECTA_partners_logo&#8221; _builder_version=&#8221;4.27.4&#8243; _module_preset=&#8221;default&#8221; global_colors_info=&#8221;{}&#8221;][\/et_pb_image][\/et_pb_column][\/et_pb_row][\/et_pb_section]<\/p>\n","protected":false},"excerpt":{"rendered":"<p>ZAVOD ZA GEOLOGIJU Nacionalni kompetativni projektiSOLNI DIJAPIRI I AKTIVNA TEKTONIKA SREDNJEG JADRANA (SALTECTA)Srednji Jadran je predgorje dvaju orogenih sustava \u2013 Dinarida na sjeveroistoku i Apenina na jugozapadu. Osim specifi\u010dne predgorske tektonike, to podru\u010dje obilje\u017eavaju i brojni solni dijapiri koji su uglavnom razli\u010dito prikazivani na objavljenim preglednim kartama i ilustracijama geolo\u0161kih profila, a tek sporadi\u010dno na [&hellip;]<\/p>\n","protected":false},"author":1,"featured_media":0,"parent":0,"menu_order":0,"comment_status":"closed","ping_status":"closed","template":"","meta":{"_et_pb_use_builder":"on","_et_pb_old_content":"","_et_gb_content_width":"","footnotes":""},"class_list":["post-44386","page","type-page","status-publish","hentry"],"aioseo_notices":[],"_links":{"self":[{"href":"https:\/\/www.hgi-cgs.hr\/en\/wp-json\/wp\/v2\/pages\/44386","targetHints":{"allow":["GET"]}}],"collection":[{"href":"https:\/\/www.hgi-cgs.hr\/en\/wp-json\/wp\/v2\/pages"}],"about":[{"href":"https:\/\/www.hgi-cgs.hr\/en\/wp-json\/wp\/v2\/types\/page"}],"author":[{"embeddable":true,"href":"https:\/\/www.hgi-cgs.hr\/en\/wp-json\/wp\/v2\/users\/1"}],"replies":[{"embeddable":true,"href":"https:\/\/www.hgi-cgs.hr\/en\/wp-json\/wp\/v2\/comments?post=44386"}],"version-history":[{"count":5,"href":"https:\/\/www.hgi-cgs.hr\/en\/wp-json\/wp\/v2\/pages\/44386\/revisions"}],"predecessor-version":[{"id":46917,"href":"https:\/\/www.hgi-cgs.hr\/en\/wp-json\/wp\/v2\/pages\/44386\/revisions\/46917"}],"wp:attachment":[{"href":"https:\/\/www.hgi-cgs.hr\/en\/wp-json\/wp\/v2\/media?parent=44386"}],"curies":[{"name":"wp","href":"https:\/\/api.w.org\/{rel}","templated":true}]}}