{"id":44363,"date":"2024-12-16T12:19:26","date_gmt":"2024-12-16T12:19:26","guid":{"rendered":"https:\/\/www.hgi-cgs.hr\/?page_id=44363"},"modified":"2024-12-16T12:32:53","modified_gmt":"2024-12-16T12:32:53","slug":"radionica-na-temu-iscrtavanje-klizista-iz-lidar-podloga-hrvatski-geoloski-institut","status":"publish","type":"page","link":"https:\/\/www.hgi-cgs.hr\/en\/radionica-na-temu-iscrtavanje-klizista-iz-lidar-podloga-hrvatski-geoloski-institut\/","title":{"rendered":"Radionica na temu \u201eIscrtavanje klizi\u0161ta iz LiDAR podloga\u201d, Hrvatski geolo\u0161ki institut"},"content":{"rendered":"<p>[et_pb_section fb_built=&#8221;1&#8243; _builder_version=&#8221;4.24.3&#8243; _module_preset=&#8221;default&#8221; custom_padding=&#8221;||99px|||&#8221; global_colors_info=&#8221;{}&#8221;][et_pb_row _builder_version=&#8221;4.24.3&#8243; _module_preset=&#8221;default&#8221; global_colors_info=&#8221;{}&#8221;][et_pb_column type=&#8221;4_4&#8243; _builder_version=&#8221;4.24.3&#8243; _module_preset=&#8221;default&#8221; global_colors_info=&#8221;{}&#8221;][et_pb_text _builder_version=&#8221;4.27.2&#8243; text_font_size=&#8221;32px&#8221; header_2_text_color=&#8221;#1e5096&#8243; locked=&#8221;off&#8221; global_colors_info=&#8221;{}&#8221;]<\/p>\n<h2 style=\"text-align: center; color: #1e5096;\"><strong>LADY &#8211; NOVOSTI &amp; OBAVIJESTI<br \/><\/strong><\/h2>\n<p>[\/et_pb_text][et_pb_text _builder_version=&#8221;4.27.4&#8243; text_font_size=&#8221;32px&#8221; header_2_text_color=&#8221;#1e5096&#8243; header_2_line_height=&#8221;1.3em&#8221; custom_margin=&#8221;||17px|||&#8221; locked=&#8221;off&#8221; global_colors_info=&#8221;{}&#8221;]<\/p>\n<h2 style=\"text-align: center; color: #1e5096;\">Radionica na temu \u201eIscrtavanje klizi\u0161ta iz LiDAR podloga\u201d, Hrvatski geolo\u0161ki institut<\/h2>\n<p>[\/et_pb_text][et_pb_text _builder_version=&#8221;4.27.4&#8243; _module_preset=&#8221;default&#8221; custom_margin=&#8221;45px||45px|||&#8221; locked=&#8221;off&#8221; global_colors_info=&#8221;{}&#8221;]<\/p>\n<p>U Hrvatskom geolo\u0161kom institutu, 5. prosinca 2024. odr\u017eana je radionica na temu \u201eIscrtavanje klizi\u0161ta iz LiDAR podloga\u201d. Organizacija radionice potaknuta je uklju\u010divanjem velikog broja stru\u010dnjaka (geologa, in\u017eenjerskih geologa i geolo\u0161kih tehni\u010dara) u izradu ru\u010dnog katastra klizi\u0161ta.<\/p>\n<p>S obzirom na to da je iscrtavanje klizi\u0161ta prili\u010dno subjektivan proces, nu\u017eno je definirati upute za njegovu izradu. Cilj radionice bio je postaviti jasne smjernice koje \u0107e ujedna\u010diti kriterije iscrtavanja i subjektivnost svesti na minimum.<\/p>\n<p>Ru\u010dno izra\u0111eni katastar klizi\u0161ta poslu\u017eit \u0107e kao temelj za razvoj AI aplikacije za automatsko iscrtavanje klizi\u0161ta.<\/p>\n<p>[\/et_pb_text][\/et_pb_column][\/et_pb_row][et_pb_row column_structure=&#8221;1_2,1_2&#8243; _builder_version=&#8221;4.27.2&#8243; _module_preset=&#8221;default&#8221; global_colors_info=&#8221;{}&#8221;][et_pb_column type=&#8221;1_2&#8243; _builder_version=&#8221;4.27.2&#8243; _module_preset=&#8221;default&#8221; global_colors_info=&#8221;{}&#8221;][et_pb_image src=&#8221;https:\/\/www.hgi-cgs.hr\/wp-content\/uploads\/2024\/12\/LADY_HGIweb-03-LADYweb-HGI-sastanak-01-scaled.jpg&#8221; title_text=&#8221;LADY_HGIweb-03-LADYweb-HGI-sastanak-01&#8243; align=&#8221;center&#8221; _builder_version=&#8221;4.27.4&#8243; _module_preset=&#8221;default&#8221; width=&#8221;81%&#8221; module_alignment=&#8221;right&#8221; border_radii=&#8221;on|5px|5px|5px|5px&#8221; box_shadow_style=&#8221;preset1&#8243; global_colors_info=&#8221;{}&#8221;][\/et_pb_image][et_pb_text _builder_version=&#8221;4.27.4&#8243; _module_preset=&#8221;default&#8221; text_font_size=&#8221;13px&#8221; custom_margin=&#8221;-18px|||80px|false|false&#8221; hover_enabled=&#8221;0&#8243; global_colors_info=&#8221;{}&#8221; sticky_enabled=&#8221;0&#8243;]<\/p>\n<p style=\"text-align: center;\"><em>Prezentacija na radionici, dr.sc. Davor Pollak.<\/em><\/p>\n<p>[\/et_pb_text][\/et_pb_column][et_pb_column type=&#8221;1_2&#8243; _builder_version=&#8221;4.27.2&#8243; _module_preset=&#8221;default&#8221; global_colors_info=&#8221;{}&#8221;][et_pb_image src=&#8221;https:\/\/www.hgi-cgs.hr\/wp-content\/uploads\/2024\/12\/LADY_HGIweb-03-LADYweb-HGI-sastanak-02-scaled.jpg&#8221; title_text=&#8221;LADY_HGIweb-03-LADYweb-HGI-sastanak-02&#8243; align=&#8221;center&#8221; _builder_version=&#8221;4.27.4&#8243; _module_preset=&#8221;default&#8221; width=&#8221;100%&#8221; border_radii=&#8221;on|5px|5px|5px|5px&#8221; box_shadow_style=&#8221;preset1&#8243; global_colors_info=&#8221;{}&#8221;][\/et_pb_image][et_pb_text _builder_version=&#8221;4.27.4&#8243; _module_preset=&#8221;default&#8221; text_font_size=&#8221;13px&#8221; custom_margin=&#8221;-18px|||0px|false|false&#8221; hover_enabled=&#8221;0&#8243; global_colors_info=&#8221;{}&#8221; sticky_enabled=&#8221;0&#8243;]<\/p>\n<p style=\"text-align: center;\"><em>Prezentacija na radionici, dr.sc. Vlatko Gulam<br \/><\/em><\/p>\n<p>[\/et_pb_text][\/et_pb_column][\/et_pb_row][\/et_pb_section]<\/p>\n","protected":false},"excerpt":{"rendered":"<p>LADY &#8211; NOVOSTI &amp; OBAVIJESTIRadionica na temu \u201eIscrtavanje klizi\u0161ta iz LiDAR podloga\u201d, Hrvatski geolo\u0161ki institutU Hrvatskom geolo\u0161kom institutu, 5. prosinca 2024. odr\u017eana je radionica na temu \u201eIscrtavanje klizi\u0161ta iz LiDAR podloga\u201d. Organizacija radionice potaknuta je uklju\u010divanjem velikog broja stru\u010dnjaka (geologa, in\u017eenjerskih geologa i geolo\u0161kih tehni\u010dara) u izradu ru\u010dnog katastra klizi\u0161ta. S obzirom na to da [&hellip;]<\/p>\n","protected":false},"author":1,"featured_media":0,"parent":0,"menu_order":0,"comment_status":"closed","ping_status":"closed","template":"","meta":{"_et_pb_use_builder":"on","_et_pb_old_content":"","_et_gb_content_width":"","footnotes":""},"class_list":["post-44363","page","type-page","status-publish","hentry"],"aioseo_notices":[],"_links":{"self":[{"href":"https:\/\/www.hgi-cgs.hr\/en\/wp-json\/wp\/v2\/pages\/44363","targetHints":{"allow":["GET"]}}],"collection":[{"href":"https:\/\/www.hgi-cgs.hr\/en\/wp-json\/wp\/v2\/pages"}],"about":[{"href":"https:\/\/www.hgi-cgs.hr\/en\/wp-json\/wp\/v2\/types\/page"}],"author":[{"embeddable":true,"href":"https:\/\/www.hgi-cgs.hr\/en\/wp-json\/wp\/v2\/users\/1"}],"replies":[{"embeddable":true,"href":"https:\/\/www.hgi-cgs.hr\/en\/wp-json\/wp\/v2\/comments?post=44363"}],"version-history":[{"count":4,"href":"https:\/\/www.hgi-cgs.hr\/en\/wp-json\/wp\/v2\/pages\/44363\/revisions"}],"predecessor-version":[{"id":44372,"href":"https:\/\/www.hgi-cgs.hr\/en\/wp-json\/wp\/v2\/pages\/44363\/revisions\/44372"}],"wp:attachment":[{"href":"https:\/\/www.hgi-cgs.hr\/en\/wp-json\/wp\/v2\/media?parent=44363"}],"curies":[{"name":"wp","href":"https:\/\/api.w.org\/{rel}","templated":true}]}}