{"id":44324,"date":"2024-12-11T10:33:33","date_gmt":"2024-12-11T10:33:33","guid":{"rendered":"https:\/\/www.hgi-cgs.hr\/?page_id=44324"},"modified":"2025-01-15T09:39:07","modified_gmt":"2025-01-15T09:39:07","slug":"projekt-microdrink-pregled-nedavnih-aktivnosti-i-poziv-na-webinar","status":"publish","type":"page","link":"https:\/\/www.hgi-cgs.hr\/en\/projekt-microdrink-pregled-nedavnih-aktivnosti-i-poziv-na-webinar\/","title":{"rendered":"MicroDrink Project: Overview of Recent Activities and Invitation to Webinar"},"content":{"rendered":"<p>[et_pb_section fb_built=&#8221;1&#8243; _builder_version=&#8221;4.27.4&#8243; _module_preset=&#8221;default&#8221; global_colors_info=&#8221;{}&#8221;][\/et_pb_section][et_pb_section fb_built=&#8221;1&#8243; _builder_version=&#8221;4.24.3&#8243; _module_preset=&#8221;default&#8221; custom_padding=&#8221;||99px|||&#8221; global_colors_info=&#8221;{}&#8221;][et_pb_row _builder_version=&#8221;4.24.3&#8243; _module_preset=&#8221;default&#8221; global_colors_info=&#8221;{}&#8221;][et_pb_column type=&#8221;4_4&#8243; _builder_version=&#8221;4.24.3&#8243; _module_preset=&#8221;default&#8221; global_colors_info=&#8221;{}&#8221;][et_pb_text _builder_version=&#8221;4.20.4&#8243; text_font_size=&#8221;32px&#8221; header_2_text_color=&#8221;#1e5096&#8243; locked=&#8221;off&#8221; global_colors_info=&#8221;{}&#8221;]<\/p>\n<h2 style=\"text-align: center; color: #1e5096;\"><strong>NOVOSTI<br \/><\/strong><\/h2>\n<p>[\/et_pb_text][et_pb_text _builder_version=&#8221;4.27.4&#8243; text_font_size=&#8221;32px&#8221; header_2_text_color=&#8221;#1e5096&#8243; header_2_line_height=&#8221;1.3em&#8221; custom_margin=&#8221;||17px|||&#8221; hover_enabled=&#8221;0&#8243; locked=&#8221;off&#8221; global_colors_info=&#8221;{}&#8221; sticky_enabled=&#8221;0&#8243;]<\/p>\n<h2 style=\"text-align: center; color: #1e5096;\">Projekt MicroDrink: pregled nedavnih aktivnosti<\/h2>\n<p>[\/et_pb_text][et_pb_text _builder_version=&#8221;4.27.4&#8243; _module_preset=&#8221;default&#8221; custom_margin=&#8221;45px||45px|||&#8221; hover_enabled=&#8221;0&#8243; locked=&#8221;off&#8221; global_colors_info=&#8221;{}&#8221; sticky_enabled=&#8221;0&#8243;]<\/p>\n<p>Tijekom proteklih mjeseci, partnerstvo projekta MicroDrink intenzivno je radilo na klju\u010dnim aktivnostima projekta i \u0161irenju informacija o projektu, \u010dime je obilje\u017een i po\u010detak kampanja uzorkovanja koje \u0107e se provoditi tijekom 2025. godine.<\/p>\n<p>U listopadu je odr\u017ean drugi sastanak partnerstva u Budimpe\u0161ti, na kojem su partneri raspravili budu\u0107e planove i organizaciju predstoje\u0107ih aktivnosti. Sastanak je uklju\u010divao posjet Eurofins laboratoriju, gdje su partneri imali priliku vidjeti instrument koji \u0107e centralni laboratorij koristiti za analizu uzoraka prikupljenih tijekom kampanja uzorkovanja. Osim toga, odr\u017eana je i obuka pod nazivom <em>International joint sampling training session<\/em>, javni doga\u0111aj na kojem su projektni i pridru\u017eeni partneri, kao i istra\u017eiva\u010di i stru\u010dnjaci za vodu, stekli uvid u inovativni pristup uzorkovanju koji se primjenjuje u projektu MicroDrink. Kako bi se dodatno pribli\u017eila metoda uzorkovanja vode za pi\u0107e za detekciju mikroplastike, projekt MicroDrink je pripremio i <a href=\"https:\/\/www.youtube.com\/watch?v=atAYwaUDxas\">kratak edukativni video<\/a>.<\/p>\n<p>U protekla tri mjeseca, u svakoj partnerskoj zemlji organizirane su nacionalne radionice za dionike s ciljem \u0161irenja aktualnih saznanja o mikroplastici. Radionice su obuhvatile pregled nacionalnog i EU zakonodavstva vezanog uz mikroplastiku, a dionici su upoznati i s ciljevima projekta MicroDrink, koji uklju\u010duju popunjavanje praznina u istra\u017eivanjima, kao i razvoj ujedna\u010denog pristupa istra\u017eivanja mikroplastike. Dionicima je tako\u0111er predstavljena <a href=\"https:\/\/microdrink.wordpress.com\/\">MicroDrink Knowledge baza podataka<\/a>, centralizirana platforma s najnovijim informacijama o opremi za uzorkovanje, opremljenim laboratorijima, analiti\u010dkim metodama te projektima povezanim s istra\u017eivanjem mikroplastike.<\/p>\n<p>U prosincu su organizirani webinari usmjereni na \u0161irenje znanja o mikroplastici. Prvi webinar, odr\u017ean 4. prosinca, bavio se metodama uzorkovanja i analize te je okupljeno gotovo 120 sudionika, \u0161to je rezultiralo zanimljivom i korisnom raspravom. Na drugom webinaru, odr\u017eanom 16. prosinca, prikazana je trenutna situacija pojave mikroplastike u dunavskoj regiji te su raspravljane legislative i regulacije povezane uz problematiku mikroplastike. <a href=\"https:\/\/www.youtube.com\/@MicroDrink_Interreg_DRP\">Snimka webinara dostupna je na slu\u017ebenom YouTube kanalu projekta MicroDrink<\/a>. <\/p>\n<p>Za dodatne informacije o projektu MicroDrink <a href=\"https:\/\/interreg-danube.eu\/projects\/microdrink\">posjetite na\u0161u slu\u017ebenu web stranicu<\/a>!<\/p>\n<p>[\/et_pb_text][\/et_pb_column][\/et_pb_row][et_pb_row column_structure=&#8221;1_2,1_2&#8243; _builder_version=&#8221;4.27.2&#8243; _module_preset=&#8221;default&#8221; global_colors_info=&#8221;{}&#8221;][et_pb_column type=&#8221;1_2&#8243; _builder_version=&#8221;4.27.2&#8243; _module_preset=&#8221;default&#8221; global_colors_info=&#8221;{}&#8221;][et_pb_image src=&#8221;https:\/\/www.hgi-cgs.hr\/wp-content\/uploads\/2024\/12\/1-2ndMeeting.png&#8221; title_text=&#8221;1 &#8211; 2ndMeeting&#8221; align=&#8221;center&#8221; _builder_version=&#8221;4.27.4&#8243; _module_preset=&#8221;default&#8221; border_radii=&#8221;on|5px|5px|5px|5px&#8221; box_shadow_style=&#8221;preset1&#8243; global_colors_info=&#8221;{}&#8221;][\/et_pb_image][et_pb_text _builder_version=&#8221;4.27.4&#8243; _module_preset=&#8221;default&#8221; text_font_size=&#8221;13px&#8221; custom_margin=&#8221;-22px|||||&#8221; global_colors_info=&#8221;{}&#8221;]<\/p>\n<p style=\"text-align: center;\"><em>Drugi sastanak partnerstva u Budimpe\u0161ti, odr\u017ean od 8. do 10. listopada<\/em><\/p>\n<p>[\/et_pb_text][\/et_pb_column][et_pb_column type=&#8221;1_2&#8243; _builder_version=&#8221;4.27.2&#8243; _module_preset=&#8221;default&#8221; global_colors_info=&#8221;{}&#8221;][et_pb_image src=&#8221;https:\/\/www.hgi-cgs.hr\/wp-content\/uploads\/2024\/12\/2-Lab-tour.png&#8221; title_text=&#8221;2 &#8211; Lab tour&#8221; _builder_version=&#8221;4.27.4&#8243; _module_preset=&#8221;default&#8221; width=&#8221;75%&#8221; border_radii=&#8221;on|5px|5px|5px|5px&#8221; box_shadow_style=&#8221;preset1&#8243; global_colors_info=&#8221;{}&#8221;][\/et_pb_image][et_pb_text _builder_version=&#8221;4.27.4&#8243; _module_preset=&#8221;default&#8221; text_font_size=&#8221;13px&#8221; custom_margin=&#8221;-22px|100px|||false|false&#8221; global_colors_info=&#8221;{}&#8221;]<\/p>\n<p style=\"text-align: center;\"><em>Obilazak centralnog laboratorija Eurofinsa<\/em><\/p>\n<p>[\/et_pb_text][\/et_pb_column][\/et_pb_row][et_pb_row column_structure=&#8221;1_2,1_2&#8243; _builder_version=&#8221;4.27.2&#8243; _module_preset=&#8221;default&#8221; global_colors_info=&#8221;{}&#8221;][et_pb_column type=&#8221;1_2&#8243; _builder_version=&#8221;4.27.2&#8243; _module_preset=&#8221;default&#8221; global_colors_info=&#8221;{}&#8221;][et_pb_image src=&#8221;https:\/\/www.hgi-cgs.hr\/wp-content\/uploads\/2024\/12\/3-Joint-sampling.png&#8221; title_text=&#8221;3 &#8211; Joint sampling&#8221; align=&#8221;center&#8221; _builder_version=&#8221;4.27.4&#8243; _module_preset=&#8221;default&#8221; width=&#8221;70%&#8221; border_radii=&#8221;on|5px|5px|5px|5px&#8221; box_shadow_style=&#8221;preset1&#8243; global_colors_info=&#8221;{}&#8221;][\/et_pb_image][et_pb_text _builder_version=&#8221;4.27.4&#8243; _module_preset=&#8221;default&#8221; text_font_size=&#8221;13px&#8221; custom_margin=&#8221;-22px|||||&#8221; global_colors_info=&#8221;{}&#8221;]<\/p>\n<p style=\"text-align: center;\"><em>Oprema za uzorkovanje prikazana na obuci International joint sampling training session<\/em><\/p>\n<p>[\/et_pb_text][\/et_pb_column][et_pb_column type=&#8221;1_2&#8243; _builder_version=&#8221;4.27.2&#8243; _module_preset=&#8221;default&#8221; global_colors_info=&#8221;{}&#8221;][et_pb_image src=&#8221;https:\/\/www.hgi-cgs.hr\/wp-content\/uploads\/2024\/12\/4-National-stakeholder-workshop.png&#8221; title_text=&#8221;4 &#8211; National stakeholder workshop&#8221; _builder_version=&#8221;4.27.4&#8243; _module_preset=&#8221;default&#8221; width=&#8221;60%&#8221; border_radii=&#8221;on|5px|5px|5px|5px&#8221; box_shadow_style=&#8221;preset1&#8243; global_colors_info=&#8221;{}&#8221;][\/et_pb_image][et_pb_text _builder_version=&#8221;4.27.4&#8243; _module_preset=&#8221;default&#8221; text_font_size=&#8221;13px&#8221; custom_margin=&#8221;-22px|100px|||false|false&#8221; global_colors_info=&#8221;{}&#8221;]<\/p>\n<p><em>Nacionalna radionica za dionike odr\u017eana u Zadru 24. listopada<\/em><\/p>\n<p style=\"text-align: center;\"><em>\u00a0<\/em><\/p>\n<p>[\/et_pb_text][\/et_pb_column][\/et_pb_row][et_pb_row column_structure=&#8221;1_2,1_2&#8243; _builder_version=&#8221;4.27.2&#8243; _module_preset=&#8221;default&#8221; global_colors_info=&#8221;{}&#8221;][et_pb_column type=&#8221;1_2&#8243; _builder_version=&#8221;4.27.2&#8243; _module_preset=&#8221;default&#8221; global_colors_info=&#8221;{}&#8221;][et_pb_image src=&#8221;https:\/\/www.hgi-cgs.hr\/wp-content\/uploads\/2024\/12\/5-Webinars.png&#8221; title_text=&#8221;5 &#8211; Webinars&#8221; align=&#8221;center&#8221; _builder_version=&#8221;4.27.4&#8243; _module_preset=&#8221;default&#8221; width=&#8221;80%&#8221; border_radii=&#8221;on|5px|5px|5px|5px&#8221; box_shadow_style=&#8221;preset1&#8243; global_colors_info=&#8221;{}&#8221;][\/et_pb_image][et_pb_text _builder_version=&#8221;4.27.4&#8243; _module_preset=&#8221;default&#8221; text_font_size=&#8221;13px&#8221; custom_margin=&#8221;-22px||||false|false&#8221; global_colors_info=&#8221;{}&#8221;]<\/p>\n<p style=\"text-align: center;\"><em>Micro(knowledge) transfer webinari odr\u017eani tijekom prosinca 2024. godine<\/em><\/p>\n<p>[\/et_pb_text][\/et_pb_column][et_pb_column type=&#8221;1_2&#8243; _builder_version=&#8221;4.27.2&#8243; _module_preset=&#8221;default&#8221; global_colors_info=&#8221;{}&#8221;][\/et_pb_column][\/et_pb_row][\/et_pb_section]<\/p>\n","protected":false},"excerpt":{"rendered":"<p>NOVOSTIProjekt MicroDrink: pregled nedavnih aktivnostiTijekom proteklih mjeseci, partnerstvo projekta MicroDrink intenzivno je radilo na klju\u010dnim aktivnostima projekta i \u0161irenju informacija o projektu, \u010dime je obilje\u017een i po\u010detak kampanja uzorkovanja koje \u0107e se provoditi tijekom 2025. godine. U listopadu je odr\u017ean drugi sastanak partnerstva u Budimpe\u0161ti, na kojem su partneri raspravili budu\u0107e planove i organizaciju predstoje\u0107ih [&hellip;]<\/p>\n","protected":false},"author":1,"featured_media":0,"parent":0,"menu_order":0,"comment_status":"closed","ping_status":"closed","template":"","meta":{"_et_pb_use_builder":"on","_et_pb_old_content":"","_et_gb_content_width":"","footnotes":""},"class_list":["post-44324","page","type-page","status-publish","hentry"],"aioseo_notices":[],"_links":{"self":[{"href":"https:\/\/www.hgi-cgs.hr\/en\/wp-json\/wp\/v2\/pages\/44324","targetHints":{"allow":["GET"]}}],"collection":[{"href":"https:\/\/www.hgi-cgs.hr\/en\/wp-json\/wp\/v2\/pages"}],"about":[{"href":"https:\/\/www.hgi-cgs.hr\/en\/wp-json\/wp\/v2\/types\/page"}],"author":[{"embeddable":true,"href":"https:\/\/www.hgi-cgs.hr\/en\/wp-json\/wp\/v2\/users\/1"}],"replies":[{"embeddable":true,"href":"https:\/\/www.hgi-cgs.hr\/en\/wp-json\/wp\/v2\/comments?post=44324"}],"version-history":[{"count":6,"href":"https:\/\/www.hgi-cgs.hr\/en\/wp-json\/wp\/v2\/pages\/44324\/revisions"}],"predecessor-version":[{"id":44445,"href":"https:\/\/www.hgi-cgs.hr\/en\/wp-json\/wp\/v2\/pages\/44324\/revisions\/44445"}],"wp:attachment":[{"href":"https:\/\/www.hgi-cgs.hr\/en\/wp-json\/wp\/v2\/media?parent=44324"}],"curies":[{"name":"wp","href":"https:\/\/api.w.org\/{rel}","templated":true}]}}