{"id":44310,"date":"2024-12-10T11:31:33","date_gmt":"2024-12-10T11:31:33","guid":{"rendered":"https:\/\/www.hgi-cgs.hr\/?page_id=44310"},"modified":"2024-12-10T11:40:56","modified_gmt":"2024-12-10T11:40:56","slug":"godisnje-nagrade-za-2023-godinu","status":"publish","type":"page","link":"https:\/\/www.hgi-cgs.hr\/en\/godisnje-nagrade-za-2023-godinu\/","title":{"rendered":"Godi\u0161nje nagrade za 2023. godinu"},"content":{"rendered":"<p>[et_pb_section fb_built=&#8221;1&#8243; _builder_version=&#8221;4.24.3&#8243; _module_preset=&#8221;default&#8221; custom_padding=&#8221;||99px|||&#8221; global_colors_info=&#8221;{}&#8221; theme_builder_area=&#8221;post_content&#8221;][et_pb_row _builder_version=&#8221;4.24.3&#8243; _module_preset=&#8221;default&#8221; global_colors_info=&#8221;{}&#8221; theme_builder_area=&#8221;post_content&#8221;][et_pb_column type=&#8221;4_4&#8243; _builder_version=&#8221;4.24.3&#8243; _module_preset=&#8221;default&#8221; global_colors_info=&#8221;{}&#8221; theme_builder_area=&#8221;post_content&#8221;][et_pb_text _builder_version=&#8221;4.20.4&#8243; text_font_size=&#8221;32px&#8221; header_2_text_color=&#8221;#1e5096&#8243; locked=&#8221;off&#8221; global_colors_info=&#8221;{}&#8221; theme_builder_area=&#8221;post_content&#8221;]<\/p>\n<h2 style=\"text-align: center; color: #1e5096;\"><strong>NOVOSTI<br \/><\/strong><\/h2>\n<p>[\/et_pb_text][et_pb_text _builder_version=&#8221;4.27.4&#8243; text_font_size=&#8221;32px&#8221; header_2_text_color=&#8221;#1e5096&#8243; header_2_line_height=&#8221;1.3em&#8221; custom_margin=&#8221;||17px|||&#8221; hover_enabled=&#8221;0&#8243; locked=&#8221;off&#8221; global_colors_info=&#8221;{}&#8221; theme_builder_area=&#8221;post_content&#8221; sticky_enabled=&#8221;0&#8243;]<\/p>\n<h2 style=\"text-align: center; color: #1e5096;\"><strong>Godi\u0161nje nagrade za 2023. godinu<br \/><\/strong><\/h2>\n<p>[\/et_pb_text][et_pb_text _builder_version=&#8221;4.27.4&#8243; _module_preset=&#8221;default&#8221; custom_margin=&#8221;45px||45px|||&#8221; hover_enabled=&#8221;0&#8243; locked=&#8221;off&#8221; global_colors_info=&#8221;{}&#8221; theme_builder_area=&#8221;post_content&#8221; sticky_enabled=&#8221;0&#8243;]<\/p>\n<p>Povjerenstvo za nagrade i priznanja Hrvatskog geolo\u0161og instituta dodjelilo je slijede\u0107e godi\u0161nje nagrade zaposlenicima za 2023. godinu;<\/p>\n<h4><strong><\/strong><\/h4>\n<h4><strong><\/strong><\/h4>\n<h4><strong>Godi\u0161nju nagradu za znanstvena postignu\u0107a<\/strong><\/h4>\n<p>Godi\u0161nja nagrada za znanstvena postignu\u0107a dodjeljuje se zaposleniku Instituta za najve\u0107i broj preglednih, izvornih znanstvenih i stru\u010dnih radova objavljenih u 2023. godini.<\/p>\n<p>Nagrada za <em>podru\u010dje prirodnih znanosti<\/em>, polje geologije za 2023. godinu dodjeljena je <strong>Duji Kuko\u010du.<\/strong><\/p>\n<p>Nagrada je dodjeljena <strong>Tamari Markovi\u0107 <\/strong>za <em>podru\u010dje tehni\u010dkih znanosti, polje geolo\u0161ko in\u017eenjerstvo.<\/em><\/p>\n<p><em><\/em><\/p>\n<h4><strong><\/strong><\/h4>\n<h4><strong><\/strong><\/h4>\n<h4><strong>Godi\u0161nju nagrada mladom znanstveniku za znanstvena postignu\u0107a<\/strong>\u00a0<\/h4>\n<p>Godi\u0161nja nagrada mladom znanstveniku za znanstvena postignu\u0107a za 2023. godinu se dodjeljena je <strong>\u00a0Nini Trinajsti\u0107 i Matiji Vukovskom <\/strong><em>u podru\u010dju prirodnih znanosti.<\/em><\/p>\n<p>Godi\u0161nja nagrada mladom znanstveniku za znanstvena postignu\u0107a za 2023. godinu se dodjeljena je <strong>Ani Selak <\/strong><em>u <\/em><em>podru\u010dju tehni\u010dkih znanosti, polje geolo\u0161ko in\u017eenjerstvo.<\/em><\/p>\n<p><strong>\u00a0<\/strong><\/p>\n<h4><strong>Godi\u0161nja nagrada za znanstveni rad objavljen u \u010dasopisu s najve\u0107im odjekom. <\/strong>\u00a0<\/h4>\n<p>Godi\u0161nja nagrada za rad s najve\u0107im znanstvenim odjekom dodjeljuje se za znanstveni rad objavljen u \u010dasopisu s najve\u0107im odjekom (faktorom odjeka prema WOS-u) u 2023. godini.\u00a0<\/p>\n<p>Nagrada je dodjeljena <strong>Mihovilu Brleku <\/strong>u podru\u010dju <em>prirodnih znanosti polje geologije<\/em>.<strong>\u00a0<\/strong><\/p>\n<p>Nagrada je dodjeljena <strong>Ani Selak <\/strong>u podru\u010dju <em>tehni\u010dkih znanosti, polje geolo\u0161ko in\u017eenjerstvo.<\/em><\/p>\n<p><em>\u00a0<\/em><\/p>\n<h4><strong>Godi\u0161nja nagrada za rad s najve\u0107im znanstvenim odjekom <\/strong><\/h4>\n<p>Godi\u0161nja nagrada za rad s najve\u0107im znanstvenim odjekom dodjeljuje se za znanstveni rad, pregledni rad ili stru\u010dni rad koji je do 31. prosinca prethodne kalendarske godine citiran najmanje 15 puta.<\/p>\n<p>Nagrada je dodjeljena <strong>Lari Wachi.<\/strong><\/p>\n<p><strong>\u00a0<\/strong><\/p>\n<h4><span><strong>Godi\u0161nja nagrada za rad objavljen u \u201eGeologia Croatica\u201c s najve\u0107im znanstvenim odjekom<\/strong><\/span><\/h4>\n<p>Godi\u0161nja nagrada za rad objavljen u \u201eGeologia Croatica\u201c s najve\u0107im znanstvenim odjekom dodjeljuje se za znanstveni ili stru\u010dni rad, \u010diji je prvi autor djelatnik Instituta te koji je do 31. prosinca prethodne kalendarske godine najvi\u0161e citiran u citatnim bazama podataka <em>Web of Science <\/em>ili <em>SCOPUS<\/em>.\u00a0<\/p>\n<p>Nagrada je dodjeljena <strong>Tomislavu Kure\u010di\u0107u<\/strong>.<\/p>\n<p>&nbsp;<\/p>\n<h4><strong>Godi\u0161nja nagrada za izuzetan doprinos geolo\u0161koj struci <\/strong><\/h4>\n<p>Godi\u0161nja nagrada za izuzetan doprinos geolo\u0161koj struci, stru\u010dnih suradnika; autorstvo i vo\u0111enje listova geolo\u0161kih karata, broja elaborata i studija, vo\u0111enje financijski zna\u010dajnih projekata drugi izuzetan doprinos unaprje\u0111enju rada Instituta.<\/p>\n<p>Nagrada je dodjeljena <strong>Marku Budi\u0107u.<\/strong><\/p>\n<p><strong>\u00a0<\/strong><\/p>\n<h4><strong>Godi\u0161nja nagrada za izuzetno zalaganje tehni\u010dkom i administrativnom osoblju<\/strong><\/h4>\n<p>Nagrada je dodjeljena<strong> Antunu \u0160krti\u0107u.<\/strong><\/p>\n<p><strong>\u00a0<\/strong><\/p>\n<h4><strong>Jubilarna nagrada najuspje\u0161nijem znanstveniku za petogodi\u0161nje razdoblje<\/strong><\/h4>\n<p>Sukladno \u010dlanku 6. Pravilniku o nagradama i priznanjima Hrvatskog geolo\u0161kog instituta dodjeljuje se jedna jubilarna nagrada svake pete godine zaposleniku koji je u prethodnih pet kalendarskih godina\u00a0 svojim znanstvenim, stru\u010dnim i svekolikim djelovanjem pridonio porastu ugleda Instituta.<\/p>\n<p>Nagrada je dodjeljena <strong>Damiru Slovenecu<\/strong>.\u00a0<\/p>\n<p>&nbsp;<\/p>\n<p>\u010cestitke svima nagra\u0111enima!<\/p>\n<p><strong>\u00a0<\/strong><\/p>\n<p>[\/et_pb_text][\/et_pb_column][\/et_pb_row][\/et_pb_section]<\/p>\n","protected":false},"excerpt":{"rendered":"<p>NOVOSTIGodi\u0161nje nagrade za 2023. godinuPovjerenstvo za nagrade i priznanja Hrvatskog geolo\u0161og instituta dodjelilo je slijede\u0107e godi\u0161nje nagrade zaposlenicima za 2023. godinu; Godi\u0161nju nagradu za znanstvena postignu\u0107a Godi\u0161nja nagrada za znanstvena postignu\u0107a dodjeljuje se zaposleniku Instituta za najve\u0107i broj preglednih, izvornih znanstvenih i stru\u010dnih radova objavljenih u 2023. godini. Nagrada za podru\u010dje prirodnih znanosti, polje geologije [&hellip;]<\/p>\n","protected":false},"author":1,"featured_media":0,"parent":0,"menu_order":0,"comment_status":"closed","ping_status":"closed","template":"","meta":{"_et_pb_use_builder":"on","_et_pb_old_content":"","_et_gb_content_width":"","footnotes":""},"class_list":["post-44310","page","type-page","status-publish","hentry"],"aioseo_notices":[],"_links":{"self":[{"href":"https:\/\/www.hgi-cgs.hr\/en\/wp-json\/wp\/v2\/pages\/44310","targetHints":{"allow":["GET"]}}],"collection":[{"href":"https:\/\/www.hgi-cgs.hr\/en\/wp-json\/wp\/v2\/pages"}],"about":[{"href":"https:\/\/www.hgi-cgs.hr\/en\/wp-json\/wp\/v2\/types\/page"}],"author":[{"embeddable":true,"href":"https:\/\/www.hgi-cgs.hr\/en\/wp-json\/wp\/v2\/users\/1"}],"replies":[{"embeddable":true,"href":"https:\/\/www.hgi-cgs.hr\/en\/wp-json\/wp\/v2\/comments?post=44310"}],"version-history":[{"count":4,"href":"https:\/\/www.hgi-cgs.hr\/en\/wp-json\/wp\/v2\/pages\/44310\/revisions"}],"predecessor-version":[{"id":44315,"href":"https:\/\/www.hgi-cgs.hr\/en\/wp-json\/wp\/v2\/pages\/44310\/revisions\/44315"}],"wp:attachment":[{"href":"https:\/\/www.hgi-cgs.hr\/en\/wp-json\/wp\/v2\/media?parent=44310"}],"curies":[{"name":"wp","href":"https:\/\/api.w.org\/{rel}","templated":true}]}}