{"id":44169,"date":"2024-10-18T10:36:38","date_gmt":"2024-10-18T10:36:38","guid":{"rendered":"https:\/\/www.hgi-cgs.hr\/?page_id=44169"},"modified":"2024-10-21T07:05:44","modified_gmt":"2024-10-21T07:05:44","slug":"sastanak-hrvatskih-projektnih-partnera-hrvatskog-geoloskog-instituta-hgi-a-i-fakulteta-elektrotehnike-i-racunarstva-fer-a","status":"publish","type":"page","link":"https:\/\/www.hgi-cgs.hr\/en\/sastanak-hrvatskih-projektnih-partnera-hrvatskog-geoloskog-instituta-hgi-a-i-fakulteta-elektrotehnike-i-racunarstva-fer-a\/","title":{"rendered":"Sastanak hrvatskih projektnih partnera Hrvatskog geolo\u0161kog instituta (HGI-a) i Fakulteta elektrotehnike i ra\u010dunarstva (FER-a)"},"content":{"rendered":"<p>[et_pb_section fb_built=&#8221;1&#8243; _builder_version=&#8221;4.24.3&#8243; _module_preset=&#8221;default&#8221; custom_padding=&#8221;||99px|||&#8221; global_colors_info=&#8221;{}&#8221;][et_pb_row _builder_version=&#8221;4.24.3&#8243; _module_preset=&#8221;default&#8221; global_colors_info=&#8221;{}&#8221;][et_pb_column type=&#8221;4_4&#8243; _builder_version=&#8221;4.24.3&#8243; _module_preset=&#8221;default&#8221; global_colors_info=&#8221;{}&#8221;][et_pb_text _builder_version=&#8221;4.27.2&#8243; text_font_size=&#8221;32px&#8221; header_2_text_color=&#8221;#1e5096&#8243; locked=&#8221;off&#8221; global_colors_info=&#8221;{}&#8221;]<\/p>\n<h2 style=\"text-align: center; color: #1e5096;\"><strong>LADY &#8211; NOVOSTI &amp; OBAVIJESTI<br \/><\/strong><\/h2>\n<p>[\/et_pb_text][et_pb_text _builder_version=&#8221;4.27.2&#8243; text_font_size=&#8221;32px&#8221; header_2_text_color=&#8221;#1e5096&#8243; header_2_line_height=&#8221;1.3em&#8221; custom_margin=&#8221;||17px|||&#8221; locked=&#8221;off&#8221; global_colors_info=&#8221;{}&#8221;]<\/p>\n<h2 style=\"text-align: center; color: #1e5096;\">Sastanak hrvatskih projektnih partnera Hrvatskog geolo\u0161kog instituta (HGI-a) i Fakulteta elektrotehnike i ra\u010dunarstva (FER-a)<\/h2>\n<p>[\/et_pb_text][et_pb_text _builder_version=&#8221;4.27.2&#8243; _module_preset=&#8221;default&#8221; custom_margin=&#8221;45px||45px|||&#8221; hover_enabled=&#8221;0&#8243; locked=&#8221;off&#8221; global_colors_info=&#8221;{}&#8221; sticky_enabled=&#8221;0&#8243;]<\/p>\n<p>Cilj prvog implementacijskog sastanka projekta Lady, 18. listopada 2024. godine, bio je zapo\u010deti inicijalni razgovor o kori\u0161tenju strojnog u\u010denja (machine learning) pri izradi katastra klizi\u0161ta. Krajnja ideja projekta je razviti novu aplikaciju koja \u0107e omogu\u0107iti automatizaciju iscrtavanja klizi\u0161ta iz dostupnih Lidar podloga za podru\u010dje Sjeverne Hrvatske. Pri tome \u0107e se kreirati katastar klizi\u0161ta koji je potreban za izradu krajnjeg rezultata ovog projekta, razvoja standardizirane metodologije za procjenu rizika od klizi\u0161ta.<\/p>\n<p>[\/et_pb_text][\/et_pb_column][\/et_pb_row][et_pb_row _builder_version=&#8221;4.27.2&#8243; _module_preset=&#8221;default&#8221; global_colors_info=&#8221;{}&#8221;][et_pb_column type=&#8221;4_4&#8243; _builder_version=&#8221;4.27.2&#8243; _module_preset=&#8221;default&#8221; global_colors_info=&#8221;{}&#8221;][et_pb_image src=&#8221;https:\/\/www.hgi-cgs.hr\/wp-content\/uploads\/2024\/10\/lady.jpg&#8221; title_text=&#8221;lady&#8221; align=&#8221;center&#8221; _builder_version=&#8221;4.27.2&#8243; _module_preset=&#8221;default&#8221; width=&#8221;100%&#8221; border_radii=&#8221;on|5px|5px|5px|5px&#8221; box_shadow_style=&#8221;preset1&#8243; global_colors_info=&#8221;{}&#8221;][\/et_pb_image][et_pb_text _builder_version=&#8221;4.27.2&#8243; _module_preset=&#8221;default&#8221; text_font_size=&#8221;13px&#8221; custom_margin=&#8221;-18px|||||&#8221; global_colors_info=&#8221;{}&#8221;]<\/p>\n<p style=\"text-align: center;\"><em>Partneri FER-a (Mario Trop\u010di\u0107, Juraj Petrovi\u0107, Marko Suba\u0161i\u0107) i HGI-a (Vlatko Gulam, Davor Pollak, Tihomir Frangen)<\/em><\/p>\n<p>[\/et_pb_text][\/et_pb_column][\/et_pb_row][\/et_pb_section]<\/p>\n","protected":false},"excerpt":{"rendered":"<p>LADY &#8211; NOVOSTI &amp; OBAVIJESTISastanak hrvatskih projektnih partnera Hrvatskog geolo\u0161kog instituta (HGI-a) i Fakulteta elektrotehnike i ra\u010dunarstva (FER-a)Cilj prvog implementacijskog sastanka projekta Lady, 18. listopada 2024. godine, bio je zapo\u010deti inicijalni razgovor o kori\u0161tenju strojnog u\u010denja (machine learning) pri izradi katastra klizi\u0161ta. Krajnja ideja projekta je razviti novu aplikaciju koja \u0107e omogu\u0107iti automatizaciju iscrtavanja klizi\u0161ta [&hellip;]<\/p>\n","protected":false},"author":1,"featured_media":0,"parent":0,"menu_order":0,"comment_status":"closed","ping_status":"closed","template":"","meta":{"_et_pb_use_builder":"on","_et_pb_old_content":"","_et_gb_content_width":"","footnotes":""},"class_list":["post-44169","page","type-page","status-publish","hentry"],"aioseo_notices":[],"_links":{"self":[{"href":"https:\/\/www.hgi-cgs.hr\/en\/wp-json\/wp\/v2\/pages\/44169","targetHints":{"allow":["GET"]}}],"collection":[{"href":"https:\/\/www.hgi-cgs.hr\/en\/wp-json\/wp\/v2\/pages"}],"about":[{"href":"https:\/\/www.hgi-cgs.hr\/en\/wp-json\/wp\/v2\/types\/page"}],"author":[{"embeddable":true,"href":"https:\/\/www.hgi-cgs.hr\/en\/wp-json\/wp\/v2\/users\/1"}],"replies":[{"embeddable":true,"href":"https:\/\/www.hgi-cgs.hr\/en\/wp-json\/wp\/v2\/comments?post=44169"}],"version-history":[{"count":4,"href":"https:\/\/www.hgi-cgs.hr\/en\/wp-json\/wp\/v2\/pages\/44169\/revisions"}],"predecessor-version":[{"id":44177,"href":"https:\/\/www.hgi-cgs.hr\/en\/wp-json\/wp\/v2\/pages\/44169\/revisions\/44177"}],"wp:attachment":[{"href":"https:\/\/www.hgi-cgs.hr\/en\/wp-json\/wp\/v2\/media?parent=44169"}],"curies":[{"name":"wp","href":"https:\/\/api.w.org\/{rel}","templated":true}]}}