{"id":44115,"date":"2024-10-11T10:54:53","date_gmt":"2024-10-11T10:54:53","guid":{"rendered":"https:\/\/www.hgi-cgs.hr\/?page_id=44115"},"modified":"2024-10-11T11:08:07","modified_gmt":"2024-10-11T11:08:07","slug":"on-line-uvodni-sastanak-projekta-lady","status":"publish","type":"page","link":"https:\/\/www.hgi-cgs.hr\/en\/on-line-uvodni-sastanak-projekta-lady\/","title":{"rendered":"On-line uvodni sastanak projekta LADY"},"content":{"rendered":"<p>[et_pb_section fb_built=&#8221;1&#8243; _builder_version=&#8221;4.24.3&#8243; _module_preset=&#8221;default&#8221; custom_padding=&#8221;||99px|||&#8221; global_colors_info=&#8221;{}&#8221;][et_pb_row _builder_version=&#8221;4.24.3&#8243; _module_preset=&#8221;default&#8221; global_colors_info=&#8221;{}&#8221;][et_pb_column type=&#8221;4_4&#8243; _builder_version=&#8221;4.24.3&#8243; _module_preset=&#8221;default&#8221; global_colors_info=&#8221;{}&#8221;][et_pb_text _builder_version=&#8221;4.27.2&#8243; text_font_size=&#8221;32px&#8221; header_2_text_color=&#8221;#1e5096&#8243; locked=&#8221;off&#8221; global_colors_info=&#8221;{}&#8221;]<\/p>\n<h2 style=\"text-align: center; color: #1e5096;\"><strong>LADY &#8211; NOVOSTI &amp; OBAVIJESTI<br \/><\/strong><\/h2>\n<p>[\/et_pb_text][et_pb_text _builder_version=&#8221;4.27.2&#8243; text_font_size=&#8221;32px&#8221; header_2_text_color=&#8221;#1e5096&#8243; header_2_line_height=&#8221;1.3em&#8221; custom_margin=&#8221;||17px|||&#8221; locked=&#8221;off&#8221; global_colors_info=&#8221;{}&#8221;]<\/p>\n<h2 style=\"text-align: center; color: #1e5096;\">On-line uvodni sastanak projekta LADY<\/h2>\n<p>[\/et_pb_text][et_pb_image src=&#8221;https:\/\/www.hgi-cgs.hr\/wp-content\/uploads\/2024\/10\/Lady-logo-H2-1.png&#8221; title_text=&#8221;Lady-logo-H2&#8243; align=&#8221;center&#8221; _builder_version=&#8221;4.27.2&#8243; _module_preset=&#8221;default&#8221; width=&#8221;40%&#8221; global_colors_info=&#8221;{}&#8221;][\/et_pb_image][et_pb_text _builder_version=&#8221;4.27.2&#8243; _module_preset=&#8221;default&#8221; custom_margin=&#8221;45px||45px|||&#8221; locked=&#8221;off&#8221; global_colors_info=&#8221;{}&#8221;]<\/p>\n<p>Projekt akronima LADY (A cross-border approach to improve landslide risk assessment using LiDAR-based landslide inventory) jedan je od projekata koji su odobreni u prvom pozivu Interreg VI-A IPA Programa Hrvatska-Bosna i Hercegovina-Crna Gora 2021-2027. Projekt, u trajanju od 3 godine, slu\u017ebeno je zapo\u010deo 1. listopada 2024.<\/p>\n<p>Inicijalni on-line sastanak projektnih partnera odr\u017ean je 9. listopada 2024. prema sljede\u0107em dnevnom redu:<\/p>\n<p>&#8211; Uvodna prezentacija projekta LADY<\/p>\n<p>&#8211; Aktivnosti, isporuke, outputi i rezultati<\/p>\n<p>&#8211; Bud\u017eet i javna nabava<\/p>\n<p>&#8211; Komunikacija<\/p>\n<p>\u00a0\u00a0\u00a0\u00a0\u00a0\u00a0\u00a0\u00a0\u00a0\u00a0\u00a0\u00a0\u00a0\u00a0\u00a0 &#8211; Brendiranje i \u0161prance<\/p>\n<p>\u00a0\u00a0\u00a0\u00a0\u00a0\u00a0\u00a0\u00a0\u00a0\u00a0\u00a0\u00a0\u00a0\u00a0\u00a0 &#8211; Dru\u0161tvene mre\u017ee<\/p>\n<p>\u00a0\u00a0\u00a0\u00a0\u00a0\u00a0\u00a0\u00a0\u00a0\u00a0\u00a0\u00a0\u00a0\u00a0\u00a0 &#8211; Interna komunikacija<\/p>\n<p>&#8211; Projektni ugovor i me\u0111upartnerski sporazum<\/p>\n<p>&#8211; Kick-off sastanak u Zagrebu\u00a0<\/p>\n<p>Sastanku su prisustvovali predstavnici svih \u0161est projektnih partnera:<\/p>\n<p>&#8211; Hrvatski geolo\u0161ki institu (Vlatko Gulam, Marina Filipovi\u0107, Iris Bostjan\u010di\u0107),<\/p>\n<p>&#8211; Rudarsko geolo\u0161ko gra\u0111evinski fakultet Univerziteta u Tuzli (Kenan Mand\u017ei\u0107, Adnan Ibrahimovi\u0107),<\/p>\n<p>&#8211; Fakultet elektrotehnike i ra\u010dunarstva Sveu\u010dili\u0161ta u Zagrebu (Marko Suba\u0161i\u0107),<\/p>\n<p>&#8211; Ravnateljstvo civilne za\u0161tite Ministarstva unutarnjih poslova RH (Zavi\u0161a \u0160imac, Nata\u0161a Holcinger),<\/p>\n<p>&#8211; Razvojno-garantni fond Br\u010dko distrikta (Zlatan Musi\u0107, Mirosla Mari\u0107),<\/p>\n<p>&#8211; Direktorat za za\u0161titu i spa\u0161avanje Ministarstva unutra\u0161njih poslova Crne Gore (Methija Kuburovi\u0107, Lidija Petrone).<\/p>\n<p>[\/et_pb_text][\/et_pb_column][\/et_pb_row][et_pb_row _builder_version=&#8221;4.27.2&#8243; _module_preset=&#8221;default&#8221; global_colors_info=&#8221;{}&#8221;][et_pb_column type=&#8221;4_4&#8243; _builder_version=&#8221;4.27.2&#8243; _module_preset=&#8221;default&#8221; global_colors_info=&#8221;{}&#8221;][et_pb_image src=&#8221;https:\/\/www.hgi-cgs.hr\/wp-content\/uploads\/2024\/10\/Screenshot-2024-10-09-115245.jpg&#8221; title_text=&#8221;Screenshot 2024-10-09 115245&#8243; align=&#8221;center&#8221; _builder_version=&#8221;4.27.2&#8243; _module_preset=&#8221;default&#8221; width=&#8221;65%&#8221; border_radii=&#8221;on|5px|5px|5px|5px&#8221; box_shadow_style=&#8221;preset1&#8243; global_colors_info=&#8221;{}&#8221;][\/et_pb_image][\/et_pb_column][\/et_pb_row][\/et_pb_section]<\/p>\n","protected":false},"excerpt":{"rendered":"<p>LADY &#8211; NOVOSTI &amp; OBAVIJESTIOn-line uvodni sastanak projekta LADYProjekt akronima LADY (A cross-border approach to improve landslide risk assessment using LiDAR-based landslide inventory) jedan je od projekata koji su odobreni u prvom pozivu Interreg VI-A IPA Programa Hrvatska-Bosna i Hercegovina-Crna Gora 2021-2027. Projekt, u trajanju od 3 godine, slu\u017ebeno je zapo\u010deo 1. listopada 2024. Inicijalni [&hellip;]<\/p>\n","protected":false},"author":1,"featured_media":0,"parent":0,"menu_order":0,"comment_status":"closed","ping_status":"closed","template":"","meta":{"_et_pb_use_builder":"on","_et_pb_old_content":"","_et_gb_content_width":"","footnotes":""},"class_list":["post-44115","page","type-page","status-publish","hentry"],"aioseo_notices":[],"_links":{"self":[{"href":"https:\/\/www.hgi-cgs.hr\/en\/wp-json\/wp\/v2\/pages\/44115","targetHints":{"allow":["GET"]}}],"collection":[{"href":"https:\/\/www.hgi-cgs.hr\/en\/wp-json\/wp\/v2\/pages"}],"about":[{"href":"https:\/\/www.hgi-cgs.hr\/en\/wp-json\/wp\/v2\/types\/page"}],"author":[{"embeddable":true,"href":"https:\/\/www.hgi-cgs.hr\/en\/wp-json\/wp\/v2\/users\/1"}],"replies":[{"embeddable":true,"href":"https:\/\/www.hgi-cgs.hr\/en\/wp-json\/wp\/v2\/comments?post=44115"}],"version-history":[{"count":6,"href":"https:\/\/www.hgi-cgs.hr\/en\/wp-json\/wp\/v2\/pages\/44115\/revisions"}],"predecessor-version":[{"id":44124,"href":"https:\/\/www.hgi-cgs.hr\/en\/wp-json\/wp\/v2\/pages\/44115\/revisions\/44124"}],"wp:attachment":[{"href":"https:\/\/www.hgi-cgs.hr\/en\/wp-json\/wp\/v2\/media?parent=44115"}],"curies":[{"name":"wp","href":"https:\/\/api.w.org\/{rel}","templated":true}]}}