{"id":44092,"date":"2024-10-11T06:49:36","date_gmt":"2024-10-11T06:49:36","guid":{"rendered":"https:\/\/www.hgi-cgs.hr\/?page_id=44092"},"modified":"2024-10-11T06:55:12","modified_gmt":"2024-10-11T06:55:12","slug":"kick-off-sastanak-projekta-aims","status":"publish","type":"page","link":"https:\/\/www.hgi-cgs.hr\/en\/kick-off-sastanak-projekta-aims\/","title":{"rendered":"Kick-off sastanak projekta AIMS"},"content":{"rendered":"<p>[et_pb_section fb_built=&#8221;1&#8243; _builder_version=&#8221;4.24.3&#8243; _module_preset=&#8221;default&#8221; custom_padding=&#8221;||99px|||&#8221; global_colors_info=&#8221;{}&#8221; theme_builder_area=&#8221;post_content&#8221;][et_pb_row _builder_version=&#8221;4.24.3&#8243; _module_preset=&#8221;default&#8221; global_colors_info=&#8221;{}&#8221; theme_builder_area=&#8221;post_content&#8221;][et_pb_column type=&#8221;4_4&#8243; _builder_version=&#8221;4.24.3&#8243; _module_preset=&#8221;default&#8221; global_colors_info=&#8221;{}&#8221; theme_builder_area=&#8221;post_content&#8221;][et_pb_text _builder_version=&#8221;4.20.4&#8243; text_font_size=&#8221;32px&#8221; header_2_text_color=&#8221;#1e5096&#8243; locked=&#8221;off&#8221; global_colors_info=&#8221;{}&#8221; theme_builder_area=&#8221;post_content&#8221;]<\/p>\n<h2 style=\"text-align: center; color: #1e5096;\"><strong>NOVOSTI<br \/><\/strong><\/h2>\n<p>[\/et_pb_text][et_pb_text _builder_version=&#8221;4.27.2&#8243; text_font_size=&#8221;32px&#8221; header_2_text_color=&#8221;#1e5096&#8243; header_2_line_height=&#8221;1.3em&#8221; custom_margin=&#8221;||17px|||&#8221; hover_enabled=&#8221;0&#8243; locked=&#8221;off&#8221; global_colors_info=&#8221;{}&#8221; theme_builder_area=&#8221;post_content&#8221; sticky_enabled=&#8221;0&#8243;]<\/p>\n<h2 style=\"text-align: center; color: #1e5096;\">Kick-off sastanak projekta AIMS<\/h2>\n<p>[\/et_pb_text][et_pb_image src=&#8221;https:\/\/www.hgi-cgs.hr\/wp-content\/uploads\/2024\/09\/Logo_interreg_AIMS_ORR.png&#8221; title_text=&#8221;Logo_interreg_AIMS_ORR&#8221; align=&#8221;center&#8221; _builder_version=&#8221;4.27.2&#8243; _module_preset=&#8221;default&#8221; width=&#8221;40%&#8221; hover_enabled=&#8221;0&#8243; global_colors_info=&#8221;{}&#8221; theme_builder_area=&#8221;post_content&#8221; sticky_enabled=&#8221;0&#8243;][\/et_pb_image][et_pb_text _builder_version=&#8221;4.27.2&#8243; _module_preset=&#8221;default&#8221; custom_margin=&#8221;45px||45px|||&#8221; hover_enabled=&#8221;0&#8243; locked=&#8221;off&#8221; global_colors_info=&#8221;{}&#8221; theme_builder_area=&#8221;post_content&#8221; sticky_enabled=&#8221;0&#8243;]<\/p>\n<p>Iako je projekt slu\u017ebeno zapo\u010deo 1. lipnja ove godine, 26. i 27. rujna odr\u017ean je po\u010detni sastanak projekta AIMS u Anconi, Italija, kada su se po prvi put u\u017eivo sastali predstavnici projektnih partnera iz Italije, Slovenije, Albanije, Bosne i Hercegovine, Hrvatske, Srbije i Gr\u010dke.<\/p>\n<p>Tijekom prvog dana sastanka, projektni partneri su se fokusirali na plan rada projekta i metodologiju koja \u0107e se koristiti u provedbi projektnih aktivnosti. Tako\u0111er, uz set tematskih prezentacija, partneri su raspravljali o aktivnostima upravljanja i izvje\u0161tavanja koje \u0107e biti potrebne za uspje\u0161nu provedbu projekta te su se dogovorili o komunikacijskim aktivnostima.<\/p>\n<p>Drugog dana sastanka, sudionici su sudjelovali u studijskom posjetu velikom klizi\u0161tu u Anconi \u2013 lokacija Posatora na sjevernom ulazu u grad Anconu. Na tom je klizi\u0161tu uslijed njegove aktivacije 1982. evakuirano 3661 osoba, 865 rezidencija je uni\u0161teno, o\u0161te\u0107ene su \u017eeljezni\u010dka pruga i regionalna cesta te su prekinute opskrbe plinom i vodom. Danas se na ovom podru\u010dju provodi kontinuirani monitoring klizi\u0161ta s brojnim instrumentima koji su grupirani u nekoliko razina, a podaci se sa senzora u stvarnom vremenu dostavljaju u kontrolni centar koji je smje\u0161ten u uredima op\u0107ine Ancona.<\/p>\n<p>Projekt \u201eAIMS &#8211; Razvoj i testiranje zajedni\u010dkog, AI-baziranog prediktivnog modela za koordinirano kori\u0161tenje velikih podataka i zajedni\u010dki sustav pra\u0107enja rizika od klizi\u0161ta u Jadransko-jonskoj regiji\u201c provodi se kroz Interreg ADRION program i bavi se pra\u0107enjem i prevencijom klizi\u0161ta s glavnim ciljem razvoja prilago\u0111ene metodologije za predvi\u0111anje i rano upozoravanje koja se mo\u017ee koristiti u razli\u010ditim podru\u010djima ADRION-a. Prijedlog polazi od izazova koje postavlja visoka hidrolo\u0161ka ranjivost Jadransko-jonske regije kako bi se razvili novi prediktivni modeli bazirani na umjetnoj inteligenciji, s ciljem pru\u017eanja korisnih alata za ubla\u017eavanje rizika.<\/p>\n<p>Vode\u0107i partner projekta AIMS i doma\u0107in po\u010detnog sastanka je Politehni\u010dko sveu\u010dili\u0161te Marche (ITA), a u projektu sudjeluje jo\u0161 sedam partnera: Geolo\u0161ki zavod Slovenije (SLO), Geolo\u0161ki zavod Albanije (ALB), Centar za resurse i okoli\u0161 Bosne i Hercegovine (BIH), Hrvatski geolo\u0161ki institut (HRV), Sveu\u010dili\u0161te u Patrasu (GRC), Romagna Tech (ITA) i Regionalna agencija za razvoj Isto\u010dne Srbije (SRB).<\/p>\n<p>[\/et_pb_text][\/et_pb_column][\/et_pb_row][et_pb_row _builder_version=&#8221;4.27.2&#8243; _module_preset=&#8221;default&#8221; column_structure=&#8221;1_2,1_2&#8243; theme_builder_area=&#8221;post_content&#8221;][et_pb_column _builder_version=&#8221;4.27.2&#8243; _module_preset=&#8221;default&#8221; type=&#8221;1_2&#8243; theme_builder_area=&#8221;post_content&#8221;][et_pb_image src=&#8221;https:\/\/www.hgi-cgs.hr\/wp-content\/uploads\/2024\/10\/AIMS_HGIweb-01-KOK-Ancona_Slika1.jpeg&#8221; _builder_version=&#8221;4.27.2&#8243; _module_preset=&#8221;default&#8221; theme_builder_area=&#8221;post_content&#8221; title_text=&#8221;AIMS_HGIweb-01-KOK-Ancona_Slika1&#8243; align=&#8221;center&#8221; border_radii=&#8221;on|5px|5px|5px|5px&#8221; box_shadow_style=&#8221;preset1&#8243; hover_enabled=&#8221;0&#8243; sticky_enabled=&#8221;0&#8243;][\/et_pb_image][et_pb_text _builder_version=&#8221;4.27.2&#8243; _module_preset=&#8221;default&#8221; theme_builder_area=&#8221;post_content&#8221; text_font_size=&#8221;13px&#8221; hover_enabled=&#8221;0&#8243; sticky_enabled=&#8221;0&#8243; custom_margin=&#8221;-22px|||||&#8221;]<\/p>\n<p style=\"text-align: center;\"><em>Sudionici kick-off sastanka, Politehni\u010dko sveu\u010dili\u0161te Marche (ITA).<\/em><\/p>\n<p>[\/et_pb_text][\/et_pb_column][et_pb_column _builder_version=&#8221;4.27.2&#8243; _module_preset=&#8221;default&#8221; type=&#8221;1_2&#8243; theme_builder_area=&#8221;post_content&#8221;][et_pb_image src=&#8221;https:\/\/www.hgi-cgs.hr\/wp-content\/uploads\/2024\/10\/AIMS_HGIweb-01-KOK-Ancona_Slika2.jpg&#8221; _builder_version=&#8221;4.27.2&#8243; _module_preset=&#8221;default&#8221; theme_builder_area=&#8221;post_content&#8221; title_text=&#8221;AIMS_HGIweb-01-KOK-Ancona_Slika2&#8243; align=&#8221;center&#8221; border_radii=&#8221;on|5px|5px|5px|5px&#8221; box_shadow_style=&#8221;preset1&#8243; hover_enabled=&#8221;0&#8243; sticky_enabled=&#8221;0&#8243; width=&#8221;90%&#8221;][\/et_pb_image][et_pb_text _builder_version=&#8221;4.27.2&#8243; _module_preset=&#8221;default&#8221; theme_builder_area=&#8221;post_content&#8221; text_font_size=&#8221;13px&#8221; hover_enabled=&#8221;0&#8243; sticky_enabled=&#8221;0&#8243; custom_margin=&#8221;-22px|||||&#8221;]<\/p>\n<p style=\"text-align: center;\"><em>Posjet klizi\u0161tu u Anconi<\/em><\/p>\n<p>[\/et_pb_text][\/et_pb_column][\/et_pb_row][\/et_pb_section]<\/p>\n","protected":false},"excerpt":{"rendered":"<p>NOVOSTIKick-off sastanak projekta AIMSIako je projekt slu\u017ebeno zapo\u010deo 1. lipnja ove godine, 26. i 27. rujna odr\u017ean je po\u010detni sastanak projekta AIMS u Anconi, Italija, kada su se po prvi put u\u017eivo sastali predstavnici projektnih partnera iz Italije, Slovenije, Albanije, Bosne i Hercegovine, Hrvatske, Srbije i Gr\u010dke. Tijekom prvog dana sastanka, projektni partneri su se [&hellip;]<\/p>\n","protected":false},"author":1,"featured_media":0,"parent":0,"menu_order":0,"comment_status":"closed","ping_status":"closed","template":"","meta":{"_et_pb_use_builder":"on","_et_pb_old_content":"","_et_gb_content_width":"","footnotes":""},"class_list":["post-44092","page","type-page","status-publish","hentry"],"aioseo_notices":[],"_links":{"self":[{"href":"https:\/\/www.hgi-cgs.hr\/en\/wp-json\/wp\/v2\/pages\/44092","targetHints":{"allow":["GET"]}}],"collection":[{"href":"https:\/\/www.hgi-cgs.hr\/en\/wp-json\/wp\/v2\/pages"}],"about":[{"href":"https:\/\/www.hgi-cgs.hr\/en\/wp-json\/wp\/v2\/types\/page"}],"author":[{"embeddable":true,"href":"https:\/\/www.hgi-cgs.hr\/en\/wp-json\/wp\/v2\/users\/1"}],"replies":[{"embeddable":true,"href":"https:\/\/www.hgi-cgs.hr\/en\/wp-json\/wp\/v2\/comments?post=44092"}],"version-history":[{"count":3,"href":"https:\/\/www.hgi-cgs.hr\/en\/wp-json\/wp\/v2\/pages\/44092\/revisions"}],"predecessor-version":[{"id":44104,"href":"https:\/\/www.hgi-cgs.hr\/en\/wp-json\/wp\/v2\/pages\/44092\/revisions\/44104"}],"wp:attachment":[{"href":"https:\/\/www.hgi-cgs.hr\/en\/wp-json\/wp\/v2\/media?parent=44092"}],"curies":[{"name":"wp","href":"https:\/\/api.w.org\/{rel}","templated":true}]}}