{"id":44056,"date":"2024-10-10T07:04:16","date_gmt":"2024-10-10T07:04:16","guid":{"rendered":"https:\/\/www.hgi-cgs.hr\/?page_id=44056"},"modified":"2025-04-03T12:57:18","modified_gmt":"2025-04-03T12:57:18","slug":"lady","status":"publish","type":"page","link":"https:\/\/www.hgi-cgs.hr\/en\/lady\/","title":{"rendered":"Lady"},"content":{"rendered":"<p>[et_pb_section fb_built=&#8221;1&#8243; fullwidth=&#8221;on&#8221; _builder_version=&#8221;4.16&#8243; custom_padding=&#8221;0px||0px|||&#8221; global_colors_info=&#8221;{}&#8221;][et_pb_fullwidth_slider _builder_version=&#8221;4.16&#8243; min_height=&#8221;112px&#8221; height=&#8221;400px&#8221; custom_margin=&#8221;0px||||false|false&#8221; custom_padding=&#8221;0px||18px||false|false&#8221; auto=&#8221;on&#8221; auto_ignore_hover=&#8221;on&#8221; locked=&#8221;off&#8221; global_colors_info=&#8221;{}&#8221;][et_pb_slide heading=&#8221;Hrvatski geolo\u0161ki institut&#8221; _builder_version=&#8221;4.16&#8243; header_font=&#8221;|||on|||||&#8221; background_image=&#8221;https:\/\/www.hgi-cgs.hr\/wp-content\/uploads\/2020\/03\/Br\u010di\u0107_Drvenik02-scaled.jpg&#8221; background_enable_image=&#8221;on&#8221; locked=&#8221;off&#8221; global_colors_info=&#8221;{}&#8221; sticky_transition=&#8221;on&#8221;][\/et_pb_slide][et_pb_slide heading=&#8221;Hrvatski geolo\u0161ki institut&#8221; _builder_version=&#8221;4.16&#8243; header_font=&#8221;|||on|||||&#8221; background_image=&#8221;https:\/\/www.hgi-cgs.hr\/wp-content\/uploads\/2020\/03\/ban2-scaled.jpg&#8221; background_enable_image=&#8221;on&#8221; locked=&#8221;off&#8221; global_colors_info=&#8221;{}&#8221; sticky_transition=&#8221;on&#8221;][\/et_pb_slide][et_pb_slide heading=&#8221;Hrvatski geolo\u0161ki institut&#8221; _builder_version=&#8221;4.16&#8243; header_font=&#8221;|||on|||||&#8221; background_image=&#8221;https:\/\/www.hgi-cgs.hr\/wp-content\/uploads\/2020\/03\/20190228_094232-scaled.jpg&#8221; background_enable_image=&#8221;on&#8221; locked=&#8221;off&#8221; global_colors_info=&#8221;{}&#8221; sticky_transition=&#8221;on&#8221;][\/et_pb_slide][et_pb_slide heading=&#8221;Hrvatski geolo\u0161ki institut&#8221; _builder_version=&#8221;4.16&#8243; header_font=&#8221;|||on|||||&#8221; background_image=&#8221;https:\/\/www.hgi-cgs.hr\/wp-content\/uploads\/2020\/03\/ban3-scaled.jpg&#8221; background_enable_image=&#8221;on&#8221; locked=&#8221;off&#8221; global_colors_info=&#8221;{}&#8221; sticky_transition=&#8221;on&#8221;][\/et_pb_slide][et_pb_slide heading=&#8221;Hrvatski geolo\u0161ki institut&#8221; _builder_version=&#8221;4.16&#8243; header_font=&#8221;|||on|||||&#8221; background_image=&#8221;https:\/\/www.hgi-cgs.hr\/wp-content\/uploads\/2020\/03\/Bijele_stijene-Gorski_kotar-scaled.jpg&#8221; background_enable_image=&#8221;on&#8221; locked=&#8221;off&#8221; global_colors_info=&#8221;{}&#8221; sticky_transition=&#8221;on&#8221;][\/et_pb_slide][et_pb_slide heading=&#8221;Hrvatski geolo\u0161ki institut&#8221; _builder_version=&#8221;4.16&#8243; header_font=&#8221;|||on|||||&#8221; background_image=&#8221;https:\/\/www.hgi-cgs.hr\/wp-content\/uploads\/2020\/03\/ban4-scaled.jpg&#8221; background_enable_image=&#8221;on&#8221; locked=&#8221;off&#8221; global_colors_info=&#8221;{}&#8221; sticky_transition=&#8221;on&#8221;][\/et_pb_slide][et_pb_slide heading=&#8221;Hrvatski geolo\u0161ki institut&#8221; _builder_version=&#8221;4.16&#8243; header_font=&#8221;|||on|||||&#8221; background_image=&#8221;https:\/\/www.hgi-cgs.hr\/wp-content\/uploads\/2020\/03\/ban5-scaled.jpg&#8221; background_enable_image=&#8221;on&#8221; locked=&#8221;off&#8221; global_colors_info=&#8221;{}&#8221; sticky_transition=&#8221;on&#8221;][\/et_pb_slide][\/et_pb_fullwidth_slider][\/et_pb_section][et_pb_section fb_built=&#8221;1&#8243; _builder_version=&#8221;4.16&#8243; custom_padding=&#8221;||7px|||&#8221; global_colors_info=&#8221;{}&#8221;][et_pb_row _builder_version=&#8221;4.16&#8243; global_colors_info=&#8221;{}&#8221;][et_pb_column type=&#8221;4_4&#8243; _builder_version=&#8221;4.16&#8243; global_colors_info=&#8221;{}&#8221;][et_pb_text _builder_version=&#8221;4.16&#8243; text_font_size=&#8221;32px&#8221; header_2_text_color=&#8221;#1e5096&#8243; global_colors_info=&#8221;{}&#8221;]<\/p>\n<h2 style=\"text-align: center; color: #1e5096;\"><strong>ZAVOD ZA HIDROGEOLOGIJU I IN\u017dENJERSKU GEOLOGIJU<\/strong><\/h2>\n<h2 style=\"text-align: center; color: #1e5096;\"><strong>Projekti EU fondova<\/strong><\/h2>\n<p>[\/et_pb_text][\/et_pb_column][\/et_pb_row][\/et_pb_section][et_pb_section fb_built=&#8221;1&#8243; _builder_version=&#8221;4.16&#8243; custom_padding=&#8221;5px||41px|||&#8221; global_colors_info=&#8221;{}&#8221;][et_pb_row _builder_version=&#8221;4.16&#8243; custom_margin=&#8221;||20px&#8221; custom_padding=&#8221;||50px&#8221; global_colors_info=&#8221;{}&#8221;][et_pb_column type=&#8221;4_4&#8243; _builder_version=&#8221;4.16&#8243; custom_padding=&#8221;|||&#8221; global_colors_info=&#8221;{}&#8221; custom_padding__hover=&#8221;|||&#8221;][et_pb_text _builder_version=&#8221;4.27.2&#8243; text_font=&#8221;|300|||||||&#8221; ul_font=&#8221;||||||||&#8221; header_font=&#8221;||||||||&#8221; header_text_align=&#8221;center&#8221; header_2_font=&#8221;|800|||||||&#8221; header_2_text_align=&#8221;center&#8221; header_2_text_color=&#8221;#1e5096&#8243; header_2_font_size=&#8221;54px&#8221; header_3_font=&#8221;|300|||||||&#8221; text_orientation=&#8221;center&#8221; custom_margin=&#8221;-4px||18px|||&#8221; custom_padding=&#8221;||0px|||&#8221; animation_direction=&#8221;bottom&#8221; header_2_font_size_tablet=&#8221;&#8221; header_2_font_size_phone=&#8221;30px&#8221; header_2_font_size_last_edited=&#8221;on|phone&#8221; header_2_text_shadow_style=&#8221;preset1&#8243; header_2_text_shadow_horizontal_length=&#8221;0.03em&#8221; header_2_text_shadow_vertical_length=&#8221;0.03em&#8221; header_2_text_shadow_blur_strength=&#8221;0.05em&#8221; header_2_text_shadow_color=&#8221;rgba(0,0,0,0.3)&#8221; global_colors_info=&#8221;{}&#8221;]<\/p>\n<h3><strong>A cross-border approach to improve landslide risk assessment using LiDAR-based landslide inventory (LADY)<\/strong><\/h3>\n<h3><\/h3>\n<p>[\/et_pb_text][et_pb_image src=&#8221;https:\/\/www.hgi-cgs.hr\/wp-content\/uploads\/2024\/10\/Lady-logo-H2.png&#8221; alt=&#8221;Deepwater-CE logo&#8221; title_text=&#8221;Lady-logo-H2&#8243; url_new_window=&#8221;on&#8221; align=&#8221;center&#8221; _builder_version=&#8221;4.27.2&#8243; width=&#8221;50%&#8221; custom_margin=&#8221;||50px||false|false&#8221; custom_padding=&#8221;||0px|||&#8221; global_colors_info=&#8221;{}&#8221;][\/et_pb_image][et_pb_tabs _builder_version=&#8221;4.27.4&#8243; custom_margin=&#8221;-15px||||false|false&#8221; hover_enabled=&#8221;0&#8243; global_colors_info=&#8221;{}&#8221; sticky_enabled=&#8221;0&#8243;][et_pb_tab title=&#8221;O projektu&#8221; _builder_version=&#8221;4.27.2&#8243; _module_preset=&#8221;default&#8221; global_colors_info=&#8221;{}&#8221;]<\/p>\n<p><strong>Motivacija<\/strong><\/p>\n<p>Razoran utjecaj klizi\u0161ta jedan je od glavnih problema s kojima se suo\u010dava LADY. Upe\u010datljiv primjer ovoga dogodio se tijekom klimatske ekstremne situacije 2014. godine, koja je imala veliki utjecaj na podru\u010dje Programa. Cijela regija bila je pogo\u0111ena, posebno podru\u010dje grada Tuzle i Distrikta Br\u010dko, gdje je aktivirano pribli\u017eno 6.800 klizi\u0161ta, a procijenjena \u0161teta iznosila je oko 500 milijuna eura. Ozbiljnost \u0161teta nagla\u0161ava nedostatak spremnosti dru\u0161tva, otkrivaju\u0107i nisku otpornost na rizik od klizi\u0161ta. Prepoznata ranjivost nije ograni\u010dena na samo jednu zemlju, ve\u0107 predstavlja zajedni\u010dki izazov za sve partnerske zemlje koje LADY nastoji adresirati.<\/p>\n<p><strong>Ciljevi i aktivnosti<\/strong><\/p>\n<p>Projekt je usmjeren na pobolj\u0161anje procjene rizika od klizi\u0161ta u partnerskim zemljama. U tom smislu, jedan od najizazovnijih zadataka je osigurati detaljan katastar klizi\u0161ta na velikom podru\u010dju te \u0107e se inicijalne aktivnosti vezati za izradu katastra klizi\u0161ta uz kori\u0161tenje LiDAR tehnologije. Ru\u010dno izra\u0111en katastar poslu\u017eit \u0107e kao osnova za razvoj aplikacije za strojno u\u010denje, koja \u0107e automatizirati proces kreiranja katastra klizi\u0161ta i osigurati objektivne rezultate. Projekt \u0107e tako\u0111er razviti standardiziranu metodologiju za procjenu rizika od klizi\u0161ta, \u0161to \u0107e omogu\u0107iti u\u010dinkovitije upravljanje rizicima. Uz tehni\u010dke aspekte, projekt ima za cilj i podizanje svijesti o rizicima klizi\u0161ta i pripremljenosti na katastrofe me\u0111u raznim dionicima, od djece \u0161kolske dobi do \u0161ire javnosti.<\/p>\n<p><a href=\"https:\/\/www.hgi-cgs.hr\/lady-novosti-i-obavijesti\/?et_fb=1&amp;PageSpeed=off\"><em><strong>LADY &#8211; Novosti &amp; obavijesti<\/strong><\/em><\/a><\/p>\n<p>[\/et_pb_tab][et_pb_tab title=&#8221;Voditelj&#8221; _builder_version=&#8221;4.27.2&#8243; global_colors_info=&#8221;{}&#8221;]<\/p>\n<p><strong><em>Voditelj projekta:<\/em> <\/strong>dr.sc. Vlatko Gulam, Zavod za hidrogeologiju i in\u017eenjersku geologiju<\/p>\n<p>&nbsp;<\/p>\n<p><strong><em>\u00a0<\/em><\/strong><\/p>\n<p>[\/et_pb_tab][et_pb_tab title=&#8221;Suradnici&#8221; _builder_version=&#8221;4.27.4&#8243; hover_enabled=&#8221;0&#8243; global_colors_info=&#8221;{}&#8221; sticky_enabled=&#8221;0&#8243;]<\/p>\n<p><strong><em>Projektni partneri:<\/em><\/strong><\/p>\n<p>Hrvatski geolo\u0161ki institut, HRV, vode\u0107i partner<\/p>\n<p>Rudarsko Geolo\u0161ko Gra\u0111evinski Fakultet Univerziteta u Tuzli, BIH<\/p>\n<p>Sveu\u010dili\u0161te u Zagrebu Fakultet elektrotehnike i ra\u010dunarstva, HRV<\/p>\n<p>Ministarstva unutarnjih poslova, Ravnateljstvo civilne za\u0161tite, HRV<\/p>\n<p>Razvojno-garantni fond Br\u010dko distrikta, BIH<\/p>\n<p>Ministarstvo unutra\u0161njih poslova Crne Gore, Direktorat za za\u0161titu i spa\u0161avanje, MNE<\/p>\n<p><strong><em>Suradnici ispred Hrvatskog geolo\u0161kog instituta:<\/em><\/strong><\/p>\n<p>Nikola Beli\u0107<\/p>\n<p>Iris Bostjan\u010di\u0107<\/p>\n<p>Marko Budi\u0107<\/p>\n<p>Hrvoje Buri\u0107<\/p>\n<p>Mario Doli\u0107<\/p>\n<p>Marina Filipovi\u0107<\/p>\n<p>Radovan Filjak<\/p>\n<p>Tihomir Frangen<\/p>\n<p>Vlatko Gulam<\/p>\n<p>Danijel Ivani\u0161evi\u0107<\/p>\n<p>Tomislav Kure\u010di\u0107<\/p>\n<p>Jasminka Martinjak<\/p>\n<p>Tomislav Novosel<\/p>\n<p>Kre\u0161imir Petrinjak<\/p>\n<p>Laszlo Podolszki<\/p>\n<p>Davor Pollak<\/p>\n<p>Nata\u0161a Pomper<\/p>\n<p>Ivan Soka\u010d<\/p>\n<p>Nedeljko Stani\u0107<\/p>\n<p>Tanja Zebi\u0107<\/p>\n<p>[\/et_pb_tab][et_pb_tab title=&#8221;Trajanje projekta&#8221; _builder_version=&#8221;4.27.2&#8243; global_colors_info=&#8221;{}&#8221;]<\/p>\n<p><strong><em>Datum po\u010detka i kraja projekta:<\/em><\/strong> 1.10.2024. &#8211; 30.09.2027.<\/p>\n<p>&nbsp;<\/p>\n<p style=\"text-align: left;\"><span><strong><\/strong><br \/><\/span><\/p>\n<p><span>\u00a0<\/span><\/p>\n<p>[\/et_pb_tab][et_pb_tab title=&#8221;Kategorija&#8221; _builder_version=&#8221;4.27.2&#8243; global_colors_info=&#8221;{}&#8221;]<\/p>\n<p><strong><em>Kategorija projekta:<\/em> <\/strong>EU Interreg IPA Croatia \u2013 Bosnia and Herzegovina \u2013 Montenegro<\/p>\n<p><span>\u00a0<\/span><\/p>\n<p><span>\u00a0<\/span><\/p>\n<p>[\/et_pb_tab][et_pb_tab title=&#8221;Iznos financiranja&#8221; _builder_version=&#8221;4.27.2&#8243; global_colors_info=&#8221;{}&#8221;]<\/p>\n<p><em><strong>Ugovoreni iznos financiranja:<\/strong>\u00a0<\/em>2.385.336,00 \u20ac<\/p>\n<p>[\/et_pb_tab][et_pb_tab title=&#8221;Status&#8221; _builder_version=&#8221;4.27.2&#8243; global_colors_info=&#8221;{}&#8221;]<\/p>\n<p><span><strong>Status:<\/strong> Aktivan<em><\/em><\/span><\/p>\n<p>[\/et_pb_tab][\/et_pb_tabs][\/et_pb_column][\/et_pb_row][\/et_pb_section]<\/p>\n","protected":false},"excerpt":{"rendered":"<p>ZAVOD ZA HIDROGEOLOGIJU I IN\u017dENJERSKU GEOLOGIJU Projekti EU fondovaA cross-border approach to improve landslide risk assessment using LiDAR-based landslide inventory (LADY) Motivacija Razoran utjecaj klizi\u0161ta jedan je od glavnih problema s kojima se suo\u010dava LADY. Upe\u010datljiv primjer ovoga dogodio se tijekom klimatske ekstremne situacije 2014. godine, koja je imala veliki utjecaj na podru\u010dje Programa. Cijela [&hellip;]<\/p>\n","protected":false},"author":1,"featured_media":0,"parent":0,"menu_order":0,"comment_status":"closed","ping_status":"closed","template":"","meta":{"_et_pb_use_builder":"on","_et_pb_old_content":"","_et_gb_content_width":"","footnotes":""},"class_list":["post-44056","page","type-page","status-publish","hentry"],"aioseo_notices":[],"_links":{"self":[{"href":"https:\/\/www.hgi-cgs.hr\/en\/wp-json\/wp\/v2\/pages\/44056","targetHints":{"allow":["GET"]}}],"collection":[{"href":"https:\/\/www.hgi-cgs.hr\/en\/wp-json\/wp\/v2\/pages"}],"about":[{"href":"https:\/\/www.hgi-cgs.hr\/en\/wp-json\/wp\/v2\/types\/page"}],"author":[{"embeddable":true,"href":"https:\/\/www.hgi-cgs.hr\/en\/wp-json\/wp\/v2\/users\/1"}],"replies":[{"embeddable":true,"href":"https:\/\/www.hgi-cgs.hr\/en\/wp-json\/wp\/v2\/comments?post=44056"}],"version-history":[{"count":6,"href":"https:\/\/www.hgi-cgs.hr\/en\/wp-json\/wp\/v2\/pages\/44056\/revisions"}],"predecessor-version":[{"id":44997,"href":"https:\/\/www.hgi-cgs.hr\/en\/wp-json\/wp\/v2\/pages\/44056\/revisions\/44997"}],"wp:attachment":[{"href":"https:\/\/www.hgi-cgs.hr\/en\/wp-json\/wp\/v2\/media?parent=44056"}],"curies":[{"name":"wp","href":"https:\/\/api.w.org\/{rel}","templated":true}]}}