{"id":44032,"date":"2024-09-30T09:27:18","date_gmt":"2024-09-30T09:27:18","guid":{"rendered":"https:\/\/www.hgi-cgs.hr\/?page_id=44032"},"modified":"2024-12-02T13:09:20","modified_gmt":"2024-12-02T13:09:20","slug":"development-and-testing-of-a-shared-ai-based-predictive-model-for-a-coordinated-use-of-big-data-and-for-a-joint-monitoring-system-of-landslides-risk-in-the-adriatic-ionian-region-aims","status":"publish","type":"page","link":"https:\/\/www.hgi-cgs.hr\/en\/development-and-testing-of-a-shared-ai-based-predictive-model-for-a-coordinated-use-of-big-data-and-for-a-joint-monitoring-system-of-landslides-risk-in-the-adriatic-ionian-region-aims\/","title":{"rendered":"Development and testing of a shared, AI-based predictive model for a coordinated use of big data and for a joint Monitoring System of landslides risk in the Adriatic-Ionian region (AIMS)"},"content":{"rendered":"<p>[et_pb_section fb_built=&#8221;1&#8243; fullwidth=&#8221;on&#8221; _builder_version=&#8221;4.16&#8243; custom_padding=&#8221;0px||0px|||&#8221; global_colors_info=&#8221;{}&#8221;][et_pb_fullwidth_slider _builder_version=&#8221;4.16&#8243; min_height=&#8221;112px&#8221; height=&#8221;400px&#8221; custom_margin=&#8221;0px||||false|false&#8221; custom_padding=&#8221;0px||18px||false|false&#8221; auto=&#8221;on&#8221; auto_ignore_hover=&#8221;on&#8221; locked=&#8221;off&#8221; global_colors_info=&#8221;{}&#8221;][et_pb_slide heading=&#8221;Hrvatski geolo\u0161ki institut&#8221; _builder_version=&#8221;4.16&#8243; header_font=&#8221;|||on|||||&#8221; background_image=&#8221;https:\/\/www.hgi-cgs.hr\/wp-content\/uploads\/2020\/03\/Br\u010di\u0107_Drvenik02-scaled.jpg&#8221; background_enable_image=&#8221;on&#8221; locked=&#8221;off&#8221; global_colors_info=&#8221;{}&#8221; sticky_transition=&#8221;on&#8221;][\/et_pb_slide][et_pb_slide heading=&#8221;Hrvatski geolo\u0161ki institut&#8221; _builder_version=&#8221;4.16&#8243; header_font=&#8221;|||on|||||&#8221; background_image=&#8221;https:\/\/www.hgi-cgs.hr\/wp-content\/uploads\/2020\/03\/ban2-scaled.jpg&#8221; background_enable_image=&#8221;on&#8221; locked=&#8221;off&#8221; global_colors_info=&#8221;{}&#8221; sticky_transition=&#8221;on&#8221;][\/et_pb_slide][et_pb_slide heading=&#8221;Hrvatski geolo\u0161ki institut&#8221; _builder_version=&#8221;4.16&#8243; header_font=&#8221;|||on|||||&#8221; background_image=&#8221;https:\/\/www.hgi-cgs.hr\/wp-content\/uploads\/2020\/03\/20190228_094232-scaled.jpg&#8221; background_enable_image=&#8221;on&#8221; locked=&#8221;off&#8221; global_colors_info=&#8221;{}&#8221; sticky_transition=&#8221;on&#8221;][\/et_pb_slide][et_pb_slide heading=&#8221;Hrvatski geolo\u0161ki institut&#8221; _builder_version=&#8221;4.16&#8243; header_font=&#8221;|||on|||||&#8221; background_image=&#8221;https:\/\/www.hgi-cgs.hr\/wp-content\/uploads\/2020\/03\/ban3-scaled.jpg&#8221; background_enable_image=&#8221;on&#8221; locked=&#8221;off&#8221; global_colors_info=&#8221;{}&#8221; sticky_transition=&#8221;on&#8221;][\/et_pb_slide][et_pb_slide heading=&#8221;Hrvatski geolo\u0161ki institut&#8221; _builder_version=&#8221;4.16&#8243; header_font=&#8221;|||on|||||&#8221; background_image=&#8221;https:\/\/www.hgi-cgs.hr\/wp-content\/uploads\/2020\/03\/Bijele_stijene-Gorski_kotar-scaled.jpg&#8221; background_enable_image=&#8221;on&#8221; locked=&#8221;off&#8221; global_colors_info=&#8221;{}&#8221; sticky_transition=&#8221;on&#8221;][\/et_pb_slide][et_pb_slide heading=&#8221;Hrvatski geolo\u0161ki institut&#8221; _builder_version=&#8221;4.16&#8243; header_font=&#8221;|||on|||||&#8221; background_image=&#8221;https:\/\/www.hgi-cgs.hr\/wp-content\/uploads\/2020\/03\/ban4-scaled.jpg&#8221; background_enable_image=&#8221;on&#8221; locked=&#8221;off&#8221; global_colors_info=&#8221;{}&#8221; sticky_transition=&#8221;on&#8221;][\/et_pb_slide][et_pb_slide heading=&#8221;Hrvatski geolo\u0161ki institut&#8221; _builder_version=&#8221;4.16&#8243; header_font=&#8221;|||on|||||&#8221; background_image=&#8221;https:\/\/www.hgi-cgs.hr\/wp-content\/uploads\/2020\/03\/ban5-scaled.jpg&#8221; background_enable_image=&#8221;on&#8221; locked=&#8221;off&#8221; global_colors_info=&#8221;{}&#8221; sticky_transition=&#8221;on&#8221;][\/et_pb_slide][\/et_pb_fullwidth_slider][\/et_pb_section][et_pb_section fb_built=&#8221;1&#8243; _builder_version=&#8221;4.16&#8243; custom_padding=&#8221;||7px|||&#8221; global_colors_info=&#8221;{}&#8221;][et_pb_row _builder_version=&#8221;4.16&#8243; global_colors_info=&#8221;{}&#8221;][et_pb_column type=&#8221;4_4&#8243; _builder_version=&#8221;4.16&#8243; global_colors_info=&#8221;{}&#8221;][et_pb_text _builder_version=&#8221;4.16&#8243; text_font_size=&#8221;32px&#8221; header_2_text_color=&#8221;#1e5096&#8243; global_colors_info=&#8221;{}&#8221;]<\/p>\n<h2 style=\"text-align: center; color: #1e5096;\"><strong>ZAVOD ZA HIDROGEOLOGIJU I IN\u017dENJERSKU GEOLOGIJU<\/strong><\/h2>\n<h2 style=\"text-align: center; color: #1e5096;\"><strong>Projekti EU fondova<\/strong><\/h2>\n<p>[\/et_pb_text][\/et_pb_column][\/et_pb_row][\/et_pb_section][et_pb_section fb_built=&#8221;1&#8243; _builder_version=&#8221;4.16&#8243; custom_padding=&#8221;5px||41px|||&#8221; global_colors_info=&#8221;{}&#8221;][et_pb_row _builder_version=&#8221;4.16&#8243; custom_margin=&#8221;||20px&#8221; custom_padding=&#8221;||50px&#8221; global_colors_info=&#8221;{}&#8221;][et_pb_column type=&#8221;4_4&#8243; _builder_version=&#8221;4.16&#8243; custom_padding=&#8221;|||&#8221; global_colors_info=&#8221;{}&#8221; custom_padding__hover=&#8221;|||&#8221;][et_pb_text _builder_version=&#8221;4.27.0&#8243; text_font=&#8221;|300|||||||&#8221; ul_font=&#8221;||||||||&#8221; header_font=&#8221;||||||||&#8221; header_text_align=&#8221;center&#8221; header_2_font=&#8221;|800|||||||&#8221; header_2_text_align=&#8221;center&#8221; header_2_text_color=&#8221;#1e5096&#8243; header_2_font_size=&#8221;54px&#8221; header_3_font=&#8221;|300|||||||&#8221; text_orientation=&#8221;center&#8221; custom_margin=&#8221;-4px||18px|||&#8221; custom_padding=&#8221;||0px|||&#8221; animation_direction=&#8221;bottom&#8221; header_2_font_size_tablet=&#8221;&#8221; header_2_font_size_phone=&#8221;30px&#8221; header_2_font_size_last_edited=&#8221;on|phone&#8221; header_2_text_shadow_style=&#8221;preset1&#8243; header_2_text_shadow_horizontal_length=&#8221;0.03em&#8221; header_2_text_shadow_vertical_length=&#8221;0.03em&#8221; header_2_text_shadow_blur_strength=&#8221;0.05em&#8221; header_2_text_shadow_color=&#8221;rgba(0,0,0,0.3)&#8221; global_colors_info=&#8221;{}&#8221;]<\/p>\n<h3><strong>Development and testing of a shared, AI-based predictive model for a coordinated use of big data and for a joint Monitoring System of landslides risk in the Adriatic-Ionian region (AIMS)<\/strong><\/h3>\n<h3><\/h3>\n<p>[\/et_pb_text][et_pb_image src=&#8221;https:\/\/www.hgi-cgs.hr\/wp-content\/uploads\/2024\/09\/Logo_interreg_AIMS_ORR.png&#8221; alt=&#8221;Deepwater-CE logo&#8221; title_text=&#8221;Logo_interreg_AIMS_ORR&#8221; url_new_window=&#8221;on&#8221; align=&#8221;center&#8221; _builder_version=&#8221;4.27.0&#8243; width=&#8221;50%&#8221; custom_margin=&#8221;||50px||false|false&#8221; custom_padding=&#8221;||0px|||&#8221; global_colors_info=&#8221;{}&#8221;][\/et_pb_image][et_pb_tabs _builder_version=&#8221;4.27.4&#8243; custom_margin=&#8221;-15px||||false|false&#8221; hover_enabled=&#8221;0&#8243; global_colors_info=&#8221;{}&#8221; sticky_enabled=&#8221;0&#8243;][et_pb_tab title=&#8221;O projektu&#8221; _builder_version=&#8221;4.27.4&#8243; _module_preset=&#8221;default&#8221; hover_enabled=&#8221;0&#8243; global_colors_info=&#8221;{}&#8221; sticky_enabled=&#8221;0&#8243;]<\/p>\n<p>Projekt AIMS bavi se pra\u0107enjem i sprje\u010davanjem pojave klizi\u0161ta s glavnim ciljem razvijanja prilago\u0111ene metodologije za predvi\u0111anje i ranu prognozu koja bi bila upotrebljiva u razli\u010ditim ADRION podru\u010djima. Prijedlog se temelji na izazovima koje postavlja visoka ranjivost Jadransko-jonske regije kako bi se izradili novi prediktivni modeli temeljeni na umjetnoj inteligenciji, istra\u017euju\u0107i povezanost doga\u0111aja vezanih uz klimatske promjene s pove\u0107anim rizikom od klizi\u0161ta, s idejom pru\u017eanja korisnih instrumenata za ubla\u017eavanje rizika.<\/p>\n<p>Kako bi to postigli, AIMS razvija sljede\u0107e rezultate:<\/p>\n<p>&#8211; Zajedni\u010dku strategiju za zajedni\u010dki ADRION pristup u pra\u0107enju i ranom predvi\u0111anju klizi\u0161ta,<\/p>\n<p>&#8211; Transnacionalno pilot testiranje usmjereno na prikupljanje i agregiranje podataka s 6 odre\u0111enih geolo\u0161ki zanimljivih lokacija,<\/p>\n<p>&#8211; Sustav za pra\u0107enje i rano predvi\u0111anje klizi\u0161ta temeljen na umjetnoj inteligenciji, primjenjiv na razli\u010dite morfolo\u0161ke kontekste makro-regije.<\/p>\n<p>Aktivnosti AIMS-a razvijaju se kroz pristup u 3 faze: (1) Istra\u017eivanje zajedni\u010dkih izazova i prikladnih tehnologija za u\u010dinkovite prediktivne modele; (2) Razvoj, testiranje i pode\u0161avanje zajedni\u010dkog mehanizma za rano predvi\u0111anje klizi\u0161ta za cijelu Jadransko-jonsku regiju; (3) Ja\u010danje kapaciteta i prijenos znanja za usvajanje razvijenog sustava za pra\u0107enje i rano predvi\u0111anje.<\/p>\n<p><strong><em><a href=\"https:\/\/www.hgi-cgs.hr\/wp-content\/uploads\/2024\/12\/AIMS-Newsletter-final.pdf\">Newsletter projekta<\/a> <\/em><\/strong><\/p>\n<p>[\/et_pb_tab][et_pb_tab title=&#8221;Voditelj&#8221; _builder_version=&#8221;4.27.0&#8243; global_colors_info=&#8221;{}&#8221;]<\/p>\n<p><strong><em>Vode\u0107i partner:<\/em><\/strong> Universit\u00e0 Politecnica delle Marche, Ancona<\/p>\n<p><strong><em>Voditeljica ispred Hrvatskog geolo\u0161kog instituta:<\/em> <\/strong>dr.sc. Iris Bostjan\u010di\u0107, Zavod za hidrogeologiju i in\u017eenjersku geologiju<\/p>\n<p><strong><em>\u00a0<\/em><\/strong><\/p>\n<p>[\/et_pb_tab][et_pb_tab title=&#8221;Suradnici&#8221; _builder_version=&#8221;4.27.0&#8243; global_colors_info=&#8221;{}&#8221;]<\/p>\n<p><strong><em>Projektni partneri:<\/em><\/strong><\/p>\n<p>Universit\u00e0 Politecnica delle Marche, ITA<\/p>\n<p>Geological Survey of Slovenia, SVN<\/p>\n<p>Albanian Geological Survey, ALB<\/p>\n<p>Resource Environmental Centre, BIH<\/p>\n<p>Croatian geological survey, HRV<\/p>\n<p>University of Patras, GRC<\/p>\n<p>Romagna Tech, ITA<\/p>\n<p>Regional Development Agency Eastern Serbia, SRB<\/p>\n<p>&nbsp;<\/p>\n<p><strong><em>Suradnici ispred Hrvatskog geolo\u0161kog instituta:<\/em><\/strong><\/p>\n<p>Iris Bostjan\u010di\u0107<\/p>\n<p>Mario Doli\u0107<\/p>\n<p>Tihomir Frangen<\/p>\n<p>Vlatko Gulam<\/p>\n<p>Davor Pollak<\/p>\n<p>[\/et_pb_tab][et_pb_tab title=&#8221;Trajanje projekta&#8221; _builder_version=&#8221;4.27.0&#8243; global_colors_info=&#8221;{}&#8221;]<\/p>\n<p><strong><em>Datum po\u010detka i kraja projekta:<\/em> <\/strong>1.6.2024. \u2013 28.02.2027.<\/p>\n<p>&nbsp;<\/p>\n<p style=\"text-align: left;\"><span><strong><\/strong><br \/><\/span><\/p>\n<p><span>\u00a0<\/span><\/p>\n<p>[\/et_pb_tab][et_pb_tab title=&#8221;Kategorija&#8221; _builder_version=&#8221;4.27.0&#8243; global_colors_info=&#8221;{}&#8221;]<\/p>\n<p><span><strong>Kategorija projekta:<\/strong> EU Interreg IPA Adrion<br \/><\/span><\/p>\n<p><span>\u00a0<\/span><\/p>\n<p>[\/et_pb_tab][et_pb_tab title=&#8221;Iznos financiranja&#8221; _builder_version=&#8221;4.27.0&#8243; global_colors_info=&#8221;{}&#8221;]<\/p>\n<p><strong><em>Ugovoreni iznos financiranja: <\/em><\/strong>986,735.00 \u20ac<\/p>\n<p>\u201eProjekt je sufinanciran sredstvima Europske Unije.\u201c<\/p>\n<p><span>\u00a0<\/span><\/p>\n<p>[\/et_pb_tab][et_pb_tab title=&#8221;Status&#8221; _builder_version=&#8221;4.27.0&#8243; global_colors_info=&#8221;{}&#8221;]<\/p>\n<p><span><strong>Status:<\/strong> Aktivan<em><\/em><\/span><\/p>\n<p>[\/et_pb_tab][\/et_pb_tabs][\/et_pb_column][\/et_pb_row][\/et_pb_section]<\/p>\n","protected":false},"excerpt":{"rendered":"<p>ZAVOD ZA HIDROGEOLOGIJU I IN\u017dENJERSKU GEOLOGIJU Projekti EU fondovaDevelopment and testing of a shared, AI-based predictive model for a coordinated use of big data and for a joint Monitoring System of landslides risk in the Adriatic-Ionian region (AIMS) Projekt AIMS bavi se pra\u0107enjem i sprje\u010davanjem pojave klizi\u0161ta s glavnim ciljem razvijanja prilago\u0111ene metodologije za predvi\u0111anje [&hellip;]<\/p>\n","protected":false},"author":1,"featured_media":0,"parent":0,"menu_order":0,"comment_status":"closed","ping_status":"closed","template":"","meta":{"_et_pb_use_builder":"on","_et_pb_old_content":"","_et_gb_content_width":"","footnotes":""},"class_list":["post-44032","page","type-page","status-publish","hentry"],"aioseo_notices":[],"_links":{"self":[{"href":"https:\/\/www.hgi-cgs.hr\/en\/wp-json\/wp\/v2\/pages\/44032","targetHints":{"allow":["GET"]}}],"collection":[{"href":"https:\/\/www.hgi-cgs.hr\/en\/wp-json\/wp\/v2\/pages"}],"about":[{"href":"https:\/\/www.hgi-cgs.hr\/en\/wp-json\/wp\/v2\/types\/page"}],"author":[{"embeddable":true,"href":"https:\/\/www.hgi-cgs.hr\/en\/wp-json\/wp\/v2\/users\/1"}],"replies":[{"embeddable":true,"href":"https:\/\/www.hgi-cgs.hr\/en\/wp-json\/wp\/v2\/comments?post=44032"}],"version-history":[{"count":3,"href":"https:\/\/www.hgi-cgs.hr\/en\/wp-json\/wp\/v2\/pages\/44032\/revisions"}],"predecessor-version":[{"id":44295,"href":"https:\/\/www.hgi-cgs.hr\/en\/wp-json\/wp\/v2\/pages\/44032\/revisions\/44295"}],"wp:attachment":[{"href":"https:\/\/www.hgi-cgs.hr\/en\/wp-json\/wp\/v2\/media?parent=44032"}],"curies":[{"name":"wp","href":"https:\/\/api.w.org\/{rel}","templated":true}]}}