{"id":43535,"date":"2024-04-11T09:10:34","date_gmt":"2024-04-11T09:10:34","guid":{"rendered":"https:\/\/www.hgi-cgs.hr\/?page_id=43535"},"modified":"2024-04-11T09:10:40","modified_gmt":"2024-04-11T09:10:40","slug":"sporazumi-i-ugovori-hrvatskog-geoloskog-instituta-sa-medunarodnim-institucijama-i-i-institucijama-u-republici-hrvatskoj","status":"publish","type":"page","link":"https:\/\/www.hgi-cgs.hr\/en\/sporazumi-i-ugovori-hrvatskog-geoloskog-instituta-sa-medunarodnim-institucijama-i-i-institucijama-u-republici-hrvatskoj\/","title":{"rendered":"Sporazumi i ugovori Hrvatskog geolo\u0161kog instituta sa me\u0111unarodnim institucijama i i institucijama u Republici Hrvatskoj"},"content":{"rendered":"<p>[et_pb_section fb_built=&#8221;1&#8243; _builder_version=&#8221;4.19.1&#8243; _module_preset=&#8221;default&#8221; global_colors_info=&#8221;{}&#8221; theme_builder_area=&#8221;post_content&#8221;][\/et_pb_section][et_pb_section fb_built=&#8221;1&#8243; fullwidth=&#8221;on&#8221; _builder_version=&#8221;4.16&#8243; custom_padding=&#8221;0px||0px|||&#8221; global_colors_info=&#8221;{}&#8221; theme_builder_area=&#8221;post_content&#8221;][et_pb_fullwidth_slider _builder_version=&#8221;4.16&#8243; min_height=&#8221;112px&#8221; height=&#8221;400px&#8221; custom_margin=&#8221;0px||||false|false&#8221; custom_padding=&#8221;0px||18px||false|false&#8221; auto=&#8221;on&#8221; auto_ignore_hover=&#8221;on&#8221; locked=&#8221;off&#8221; global_colors_info=&#8221;{}&#8221; theme_builder_area=&#8221;post_content&#8221;][et_pb_slide heading=&#8221;Hrvatski geolo\u0161ki institut&#8221; _builder_version=&#8221;4.16&#8243; header_font=&#8221;|||on|||||&#8221; background_image=&#8221;https:\/\/www.hgi-cgs.hr\/wp-content\/uploads\/2020\/03\/Br\u010di\u0107_Drvenik02-scaled.jpg&#8221; background_enable_image=&#8221;on&#8221; locked=&#8221;off&#8221; global_colors_info=&#8221;{}&#8221; sticky_transition=&#8221;on&#8221; theme_builder_area=&#8221;post_content&#8221;][\/et_pb_slide][et_pb_slide heading=&#8221;Hrvatski geolo\u0161ki institut&#8221; _builder_version=&#8221;4.16&#8243; header_font=&#8221;|||on|||||&#8221; background_image=&#8221;https:\/\/www.hgi-cgs.hr\/wp-content\/uploads\/2020\/03\/ban2-scaled.jpg&#8221; background_enable_image=&#8221;on&#8221; locked=&#8221;off&#8221; global_colors_info=&#8221;{}&#8221; sticky_transition=&#8221;on&#8221; theme_builder_area=&#8221;post_content&#8221;][\/et_pb_slide][et_pb_slide heading=&#8221;Hrvatski geolo\u0161ki institut&#8221; _builder_version=&#8221;4.16&#8243; header_font=&#8221;|||on|||||&#8221; background_image=&#8221;https:\/\/www.hgi-cgs.hr\/wp-content\/uploads\/2020\/03\/20190228_094232-scaled.jpg&#8221; background_enable_image=&#8221;on&#8221; locked=&#8221;off&#8221; global_colors_info=&#8221;{}&#8221; sticky_transition=&#8221;on&#8221; theme_builder_area=&#8221;post_content&#8221;][\/et_pb_slide][et_pb_slide heading=&#8221;Hrvatski geolo\u0161ki institut&#8221; _builder_version=&#8221;4.16&#8243; header_font=&#8221;|||on|||||&#8221; background_image=&#8221;https:\/\/www.hgi-cgs.hr\/wp-content\/uploads\/2020\/03\/ban3-scaled.jpg&#8221; background_enable_image=&#8221;on&#8221; locked=&#8221;off&#8221; global_colors_info=&#8221;{}&#8221; sticky_transition=&#8221;on&#8221; theme_builder_area=&#8221;post_content&#8221;][\/et_pb_slide][et_pb_slide heading=&#8221;Hrvatski geolo\u0161ki institut&#8221; _builder_version=&#8221;4.16&#8243; header_font=&#8221;|||on|||||&#8221; background_image=&#8221;https:\/\/www.hgi-cgs.hr\/wp-content\/uploads\/2020\/03\/Bijele_stijene-Gorski_kotar-scaled.jpg&#8221; background_enable_image=&#8221;on&#8221; locked=&#8221;off&#8221; global_colors_info=&#8221;{}&#8221; sticky_transition=&#8221;on&#8221; theme_builder_area=&#8221;post_content&#8221;][\/et_pb_slide][et_pb_slide heading=&#8221;Hrvatski geolo\u0161ki institut&#8221; _builder_version=&#8221;4.16&#8243; header_font=&#8221;|||on|||||&#8221; background_image=&#8221;https:\/\/www.hgi-cgs.hr\/wp-content\/uploads\/2020\/03\/ban4-scaled.jpg&#8221; background_enable_image=&#8221;on&#8221; locked=&#8221;off&#8221; global_colors_info=&#8221;{}&#8221; sticky_transition=&#8221;on&#8221; theme_builder_area=&#8221;post_content&#8221;][\/et_pb_slide][et_pb_slide heading=&#8221;Hrvatski geolo\u0161ki institut&#8221; _builder_version=&#8221;4.16&#8243; header_font=&#8221;|||on|||||&#8221; background_image=&#8221;https:\/\/www.hgi-cgs.hr\/wp-content\/uploads\/2020\/03\/ban5-scaled.jpg&#8221; background_enable_image=&#8221;on&#8221; locked=&#8221;off&#8221; global_colors_info=&#8221;{}&#8221; sticky_transition=&#8221;on&#8221; theme_builder_area=&#8221;post_content&#8221;][\/et_pb_slide][\/et_pb_fullwidth_slider][\/et_pb_section][et_pb_section fb_built=&#8221;1&#8243; _builder_version=&#8221;4.16&#8243; custom_padding=&#8221;||0px|||&#8221; global_colors_info=&#8221;{}&#8221; theme_builder_area=&#8221;post_content&#8221;][et_pb_row _builder_version=&#8221;4.16&#8243; global_colors_info=&#8221;{}&#8221; theme_builder_area=&#8221;post_content&#8221;][et_pb_column type=&#8221;4_4&#8243; _builder_version=&#8221;4.16&#8243; global_colors_info=&#8221;{}&#8221; theme_builder_area=&#8221;post_content&#8221;][et_pb_text _builder_version=&#8221;4.24.3&#8243; text_font_size=&#8221;32px&#8221; header_2_text_color=&#8221;#1e5096&#8243; hover_enabled=&#8221;0&#8243; global_colors_info=&#8221;{}&#8221; theme_builder_area=&#8221;post_content&#8221; sticky_enabled=&#8221;0&#8243;]<\/p>\n<h2 style=\"text-align: center; color: #1e5096;\"><strong>DOKUMENTI<br \/><\/strong><\/h2>\n<p>[\/et_pb_text][\/et_pb_column][\/et_pb_row][et_pb_row _builder_version=&#8221;4.16&#8243; global_colors_info=&#8221;{}&#8221; theme_builder_area=&#8221;post_content&#8221;][et_pb_column type=&#8221;4_4&#8243; _builder_version=&#8221;4.16&#8243; global_colors_info=&#8221;{}&#8221; theme_builder_area=&#8221;post_content&#8221;][et_pb_text _builder_version=&#8221;4.24.3&#8243; text_font_size=&#8221;32px&#8221; header_2_text_color=&#8221;#1e5096&#8243; header_2_line_height=&#8221;1.3em&#8221; custom_margin=&#8221;||17px|||&#8221; hover_enabled=&#8221;0&#8243; global_colors_info=&#8221;{}&#8221; theme_builder_area=&#8221;post_content&#8221; sticky_enabled=&#8221;0&#8243;]<\/p>\n<h2 style=\"text-align: center; color: #1e5096;\"><strong><\/strong><strong>Sporazumi i ugovori Hrvatskog geolo\u0161kog instituta sa me\u0111unarodnim institucijama i i institucijama u Republici Hrvatskoj<\/strong><\/h2>\n<p>[\/et_pb_text][\/et_pb_column][\/et_pb_row][\/et_pb_section][et_pb_section fb_built=&#8221;1&#8243; _builder_version=&#8221;4.16&#8243; custom_padding=&#8221;0px||41px|||&#8221; global_colors_info=&#8221;{}&#8221; theme_builder_area=&#8221;post_content&#8221;][et_pb_row _builder_version=&#8221;4.16&#8243; min_height=&#8221;192px&#8221; custom_margin=&#8221;12px|auto||auto||&#8221; custom_padding=&#8221;0px||0px|||&#8221; global_colors_info=&#8221;{}&#8221; theme_builder_area=&#8221;post_content&#8221;][et_pb_column type=&#8221;4_4&#8243; _builder_version=&#8221;4.16&#8243; global_colors_info=&#8221;{}&#8221; theme_builder_area=&#8221;post_content&#8221;][et_pb_text _builder_version=&#8221;4.24.3&#8243; _module_preset=&#8221;default&#8221; custom_margin=&#8221;||45px|||&#8221; hover_enabled=&#8221;0&#8243; global_colors_info=&#8221;{}&#8221; theme_builder_area=&#8221;post_content&#8221; sticky_enabled=&#8221;0&#8243;]<\/p>\n<h4><\/h4>\n<h4>Me\u0111unarodni sporazumi i ugovori Hrvatskog geolo\u0161kog instituta o znanstvenoj i poslovno-tehni\u010dkoj suradnji:<\/h4>\n<p>&nbsp;<\/p>\n<p><strong>Geolo\u0161ki Zavod Republike Makedonije<\/strong> &#8211; Memorandum o znanstveno-tehni\u010dkoj suradnji<\/p>\n<p><strong>Rudarsko-geolo\u0161ko-gra\u0111evinski fakultet Univerziteta u Tuzli<\/strong> &#8211; Sporazum o poslovno-tehni\u010dkoj suradnji<\/p>\n<p><strong> Geological Survey of Austria<\/strong> &#8211; Memorandum of understanding (MoU) on Mutual Cooperation in Earth Sciences<\/p>\n<p><strong>Geolo\u0161ki zavod Slovenije (Geological Survey of Slovenia)<\/strong> \u2013 Agreement of Co-operation<\/p>\n<p><strong>Geological and Geophysical Instutute of Hungary<\/strong> &#8211; Memorandum of understanding (MoU) on mutual cooperation in Earth Sciences<\/p>\n<p><strong>The State Geological Institute of Dionyz Stur &#8211; \u0160t\u00e1tny geologick\u00fd \u00fastav Dion\u00fdza \u0160t\u00fara (\u0160G\u00daD\u0160)<\/strong> \u2013 Agreement of Co-operation<\/p>\n<p><strong>Federalni zavod za geologiju Federacije Bosne i Hercegovine<\/strong> &#8211; Sporazum o suradnji na podru\u010dju geolo\u0161kih znanosti<\/p>\n<p><strong>Geolo\u0161ki zavod Srbije<\/strong> \u2013 Sporazum o suradnji<\/p>\n<p><strong> Geolo\u0161ki Zavod Crne Gore<\/strong> &#8211; Sporazum o suradnji<\/p>\n<p><strong>Geolo\u0161ka Agencija Republike Kosova (Agjencis\u00eb Gjeologjike t\u00eb Kosov\u00ebs)<\/strong> &#8211; Memorandum o suradnji u geolo\u0161kim znanostima (Memorandum bashk\u00ebpunimi n\u00eb shkencat gjeologjike)<\/p>\n<p><strong>University in \u0160tip \u201eGoce Del\u010dev\u201c, R. Macedonia<\/strong> &#8211; Memorandum of understanding (MoU) on mutual cooperation in Earth Sciences<\/p>\n<p><strong>Republi\u010dki zavod za geolo\u0161ka istra\u017eivanja Republike Srpske, Bosna i Hercegovina<\/strong> &#8211; Memorandum o suradnji<\/p>\n<p><strong>IMK N.P.N. BALLKAN PROJEKT, Pri\u0161tina, Republika Kosovo<\/strong> &#8211; Ugovor o poslovno-tehi\u010dkoj suradnji<\/p>\n<h4><\/h4>\n<h4><\/h4>\n<h4><\/h4>\n<h4><\/h4>\n<h4><\/h4>\n<h4><\/h4>\n<h4>Sporazumi i ugovori o suradnji sa institucijama u Republici Hrvatskoj:<\/h4>\n<p>&nbsp;<\/p>\n<p><strong>Dr\u017eavna uprava za za\u0161titu i spa\u0161avanje (DUZS)<\/strong> &#8211; Okvirni sporazum o suradnji<\/p>\n<p><strong>Fond za financiranje i zbrinjavanje radioaktivnog otpada i istro\u0161enog nuklearnog goriva nuklearne elektrane Kr\u0161ko<\/strong> &#8211; Sporazum o poslovnoj suradnji<\/p>\n<p><strong> Lje\u010dili\u0161te Topusko<\/strong> &#8211; Pismo namjere o budu\u0107oj suradnji<\/p>\n<p><strong>Agencija za ugljikovodike (AZU)<\/strong> &#8211; Sporazum o poslovnij suradnji<\/p>\n<p><strong>Geotehni\u010dki fakultet Sveu\u010dili\u0161ta u Zagrebu<\/strong> &#8211; Sporazum o znanstvenoj i stru\u010dnoj suradnji<\/p>\n<p><strong>Osnovna \u0161kola Gornja Ve\u017eica, Rijeka<\/strong> &#8211; Sporazum o uspostavi geolo\u0161ke zbirke<\/p>\n<p><strong>Rudarsko-geolo\u0161ko-naftni fakultet Sveu\u010dili\u0161ta u Zagrebu<\/strong> &#8211; Sporazum o znanstvenoj i stru\u010dnoj suradnji<\/p>\n<p><strong>Agencija za za\u0161titu okoli\u0161a (AZO)<\/strong> \u2013 Sporazum o poslovnoj suradnji<\/p>\n<p><strong>Dr\u017eavni hidrometeorolo\u0161ki zavod (DHMZ)<\/strong> \u2013 Ugovor o suradnji<\/p>\n<p><strong>Javna ustanova Park prirode Papuk<\/strong> \u2013 Sporazum o suradnji<\/p>\n<p><strong>Udruga za prirodoslovna istra\u017eivanja (UPRIS)<\/strong> \u2013 Sporazum o suradnji<\/p>\n<p><strong>Hrvatski hidrografksi institut (HHI)<\/strong> \u2013 Ugovor o poslovno-tehni\u010dkoj suradnji<\/p>\n<p><strong>Sveu\u010dili\u0161te u Zagrebu Metalur\u0161ki fakultet (MF Sisak)<\/strong> \u2013 Sporazum o suradnji<\/p>\n<p>[\/et_pb_text][\/et_pb_column][\/et_pb_row][et_pb_row column_structure=&#8221;1_2,1_2&#8243; _builder_version=&#8221;4.24.2&#8243; _module_preset=&#8221;default&#8221; global_colors_info=&#8221;{}&#8221; theme_builder_area=&#8221;post_content&#8221;][et_pb_column type=&#8221;1_2&#8243; _builder_version=&#8221;4.24.2&#8243; _module_preset=&#8221;default&#8221; global_colors_info=&#8221;{}&#8221; theme_builder_area=&#8221;post_content&#8221;][et_pb_image src=&#8221;https:\/\/www.hgi-cgs.hr\/wp-content\/uploads\/2024\/03\/Picture1.jpg&#8221; title_text=&#8221;Picture1&#8243; _builder_version=&#8221;4.24.2&#8243; _module_preset=&#8221;default&#8221; global_colors_info=&#8221;{}&#8221; theme_builder_area=&#8221;post_content&#8221;][\/et_pb_image][et_pb_text _builder_version=&#8221;4.24.2&#8243; _module_preset=&#8221;default&#8221; text_font_size=&#8221;13px&#8221; custom_margin=&#8221;-20px||||false|false&#8221; global_colors_info=&#8221;{}&#8221; theme_builder_area=&#8221;post_content&#8221;]<\/p>\n<p style=\"text-align: center;\"><em>Slika 1. Uvodni govor od strane vode\u0107eg partnera projekta, HGI-CGS<\/em><\/p>\n<p>[\/et_pb_text][\/et_pb_column][et_pb_column type=&#8221;1_2&#8243; _builder_version=&#8221;4.24.2&#8243; _module_preset=&#8221;default&#8221; global_colors_info=&#8221;{}&#8221; theme_builder_area=&#8221;post_content&#8221;][et_pb_image src=&#8221;https:\/\/www.hgi-cgs.hr\/wp-content\/uploads\/2024\/03\/Picture2.jpg&#8221; title_text=&#8221;Picture2&#8243; _builder_version=&#8221;4.24.2&#8243; _module_preset=&#8221;default&#8221; global_colors_info=&#8221;{}&#8221; theme_builder_area=&#8221;post_content&#8221;][\/et_pb_image][et_pb_text _builder_version=&#8221;4.24.2&#8243; _module_preset=&#8221;default&#8221; text_font_size=&#8221;13px&#8221; custom_margin=&#8221;-20px||||false|false&#8221; global_colors_info=&#8221;{}&#8221; theme_builder_area=&#8221;post_content&#8221;]<\/p>\n<p style=\"text-align: center;\"><em>Slika 2. Vodocrpili\u0161te I\u0161evnic<\/em>a<\/p>\n<p style=\"text-align: center;\"><em>\u00a0<\/em><\/p>\n<p>[\/et_pb_text][\/et_pb_column][\/et_pb_row][et_pb_row column_structure=&#8221;1_2,1_2&#8243; _builder_version=&#8221;4.24.2&#8243; _module_preset=&#8221;default&#8221; global_colors_info=&#8221;{}&#8221; theme_builder_area=&#8221;post_content&#8221;][et_pb_column type=&#8221;1_2&#8243; _builder_version=&#8221;4.24.2&#8243; _module_preset=&#8221;default&#8221; global_colors_info=&#8221;{}&#8221; theme_builder_area=&#8221;post_content&#8221;][et_pb_image src=&#8221;https:\/\/www.hgi-cgs.hr\/wp-content\/uploads\/2024\/03\/Picture3.jpg&#8221; title_text=&#8221;Picture3&#8243; _builder_version=&#8221;4.24.2&#8243; _module_preset=&#8221;default&#8221; global_colors_info=&#8221;{}&#8221; theme_builder_area=&#8221;post_content&#8221;][\/et_pb_image][et_pb_text _builder_version=&#8221;4.24.2&#8243; _module_preset=&#8221;default&#8221; text_font_size=&#8221;13px&#8221; custom_margin=&#8221;-20px||||false|false&#8221; global_colors_info=&#8221;{}&#8221; theme_builder_area=&#8221;post_content&#8221;]<\/p>\n<p style=\"text-align: center;\"><em>Slika 3. Izvor Kupice<\/em><\/p>\n<p style=\"text-align: center;\"><em>\u00a0<\/em><\/p>\n<p>[\/et_pb_text][\/et_pb_column][et_pb_column type=&#8221;1_2&#8243; _builder_version=&#8221;4.24.2&#8243; _module_preset=&#8221;default&#8221; global_colors_info=&#8221;{}&#8221; theme_builder_area=&#8221;post_content&#8221;][et_pb_image src=&#8221;https:\/\/www.hgi-cgs.hr\/wp-content\/uploads\/2024\/03\/Picture4.jpg&#8221; title_text=&#8221;Picture4&#8243; _builder_version=&#8221;4.24.2&#8243; _module_preset=&#8221;default&#8221; global_colors_info=&#8221;{}&#8221; theme_builder_area=&#8221;post_content&#8221;][\/et_pb_image][et_pb_text _builder_version=&#8221;4.24.2&#8243; _module_preset=&#8221;default&#8221; text_font_size=&#8221;13px&#8221; custom_margin=&#8221;-20px||||false|false&#8221; global_colors_info=&#8221;{}&#8221; theme_builder_area=&#8221;post_content&#8221;]<\/p>\n<p style=\"text-align: center;\"><em>Slika 4. Ponor rje\u010dice Lokvarke<\/em><\/p>\n<p style=\"text-align: center;\"><em>\u00a0<\/em><\/p>\n<p>[\/et_pb_text][\/et_pb_column][\/et_pb_row][et_pb_row _builder_version=&#8221;4.24.2&#8243; _module_preset=&#8221;default&#8221; global_colors_info=&#8221;{}&#8221; theme_builder_area=&#8221;post_content&#8221;][et_pb_column type=&#8221;4_4&#8243; _builder_version=&#8221;4.24.2&#8243; _module_preset=&#8221;default&#8221; global_colors_info=&#8221;{}&#8221; theme_builder_area=&#8221;post_content&#8221;][et_pb_image src=&#8221;https:\/\/www.hgi-cgs.hr\/wp-content\/uploads\/2024\/03\/Picture5.jpg&#8221; title_text=&#8221;Picture5&#8243; align=&#8221;center&#8221; _builder_version=&#8221;4.24.2&#8243; _module_preset=&#8221;default&#8221; width=&#8221;55%&#8221; global_colors_info=&#8221;{}&#8221; theme_builder_area=&#8221;post_content&#8221;][\/et_pb_image][et_pb_text _builder_version=&#8221;4.24.2&#8243; _module_preset=&#8221;default&#8221; text_font_size=&#8221;13px&#8221; custom_margin=&#8221;-20px||||false|false&#8221; global_colors_info=&#8221;{}&#8221; theme_builder_area=&#8221;post_content&#8221;]<\/p>\n<p style=\"text-align: center;\"><em>Slika 5. Kick-off sastanak<\/em><\/p>\n<p style=\"text-align: center;\"><em>\u00a0<\/em><\/p>\n<p style=\"text-align: center;\"><em>\u00a0<\/em><\/p>\n<p>[\/et_pb_text][\/et_pb_column][\/et_pb_row][\/et_pb_section]<\/p>\n","protected":false},"excerpt":{"rendered":"<p>DOKUMENTISporazumi i ugovori Hrvatskog geolo\u0161kog instituta sa me\u0111unarodnim institucijama i i institucijama u Republici Hrvatskoj Me\u0111unarodni sporazumi i ugovori Hrvatskog geolo\u0161kog instituta o znanstvenoj i poslovno-tehni\u010dkoj suradnji: &nbsp; Geolo\u0161ki Zavod Republike Makedonije &#8211; Memorandum o znanstveno-tehni\u010dkoj suradnji Rudarsko-geolo\u0161ko-gra\u0111evinski fakultet Univerziteta u Tuzli &#8211; Sporazum o poslovno-tehni\u010dkoj suradnji Geological Survey of Austria &#8211; Memorandum of understanding [&hellip;]<\/p>\n","protected":false},"author":1,"featured_media":0,"parent":0,"menu_order":0,"comment_status":"closed","ping_status":"closed","template":"","meta":{"_et_pb_use_builder":"on","_et_pb_old_content":"","_et_gb_content_width":"","footnotes":""},"class_list":["post-43535","page","type-page","status-publish","hentry"],"aioseo_notices":[],"_links":{"self":[{"href":"https:\/\/www.hgi-cgs.hr\/en\/wp-json\/wp\/v2\/pages\/43535","targetHints":{"allow":["GET"]}}],"collection":[{"href":"https:\/\/www.hgi-cgs.hr\/en\/wp-json\/wp\/v2\/pages"}],"about":[{"href":"https:\/\/www.hgi-cgs.hr\/en\/wp-json\/wp\/v2\/types\/page"}],"author":[{"embeddable":true,"href":"https:\/\/www.hgi-cgs.hr\/en\/wp-json\/wp\/v2\/users\/1"}],"replies":[{"embeddable":true,"href":"https:\/\/www.hgi-cgs.hr\/en\/wp-json\/wp\/v2\/comments?post=43535"}],"version-history":[{"count":2,"href":"https:\/\/www.hgi-cgs.hr\/en\/wp-json\/wp\/v2\/pages\/43535\/revisions"}],"predecessor-version":[{"id":43538,"href":"https:\/\/www.hgi-cgs.hr\/en\/wp-json\/wp\/v2\/pages\/43535\/revisions\/43538"}],"wp:attachment":[{"href":"https:\/\/www.hgi-cgs.hr\/en\/wp-json\/wp\/v2\/media?parent=43535"}],"curies":[{"name":"wp","href":"https:\/\/api.w.org\/{rel}","templated":true}]}}