{"id":43433,"date":"2024-03-21T07:10:22","date_gmt":"2024-03-21T07:10:22","guid":{"rendered":"https:\/\/www.hgi-cgs.hr\/?page_id=43433"},"modified":"2024-04-19T09:52:47","modified_gmt":"2024-04-19T09:52:47","slug":"microdrink-capacity-building-for-management-and-governance-of-microplastics-in-drinking-water-resources-of-danube-region","status":"publish","type":"page","link":"https:\/\/www.hgi-cgs.hr\/en\/microdrink-capacity-building-for-management-and-governance-of-microplastics-in-drinking-water-resources-of-danube-region\/","title":{"rendered":"MicroDrink \u2013 Capacity building for management and governance of MICROplastics in DRINKing water resources of Danube Region"},"content":{"rendered":"<p>[et_pb_section fb_built=&#8221;1&#8243; fullwidth=&#8221;on&#8221; _builder_version=&#8221;4.16&#8243; custom_padding=&#8221;0px||0px|||&#8221; global_colors_info=&#8221;{}&#8221;][et_pb_fullwidth_slider _builder_version=&#8221;4.16&#8243; min_height=&#8221;112px&#8221; height=&#8221;400px&#8221; custom_margin=&#8221;0px||||false|false&#8221; custom_padding=&#8221;0px||18px||false|false&#8221; auto=&#8221;on&#8221; auto_ignore_hover=&#8221;on&#8221; locked=&#8221;off&#8221; global_colors_info=&#8221;{}&#8221;][et_pb_slide heading=&#8221;Hrvatski geolo\u0161ki institut&#8221; _builder_version=&#8221;4.16&#8243; header_font=&#8221;|||on|||||&#8221; background_image=&#8221;https:\/\/www.hgi-cgs.hr\/wp-content\/uploads\/2020\/03\/Br\u010di\u0107_Drvenik02-scaled.jpg&#8221; background_enable_image=&#8221;on&#8221; locked=&#8221;off&#8221; global_colors_info=&#8221;{}&#8221; sticky_transition=&#8221;on&#8221;][\/et_pb_slide][et_pb_slide heading=&#8221;Hrvatski geolo\u0161ki institut&#8221; _builder_version=&#8221;4.16&#8243; header_font=&#8221;|||on|||||&#8221; background_image=&#8221;https:\/\/www.hgi-cgs.hr\/wp-content\/uploads\/2020\/03\/ban2-scaled.jpg&#8221; background_enable_image=&#8221;on&#8221; locked=&#8221;off&#8221; global_colors_info=&#8221;{}&#8221; sticky_transition=&#8221;on&#8221;][\/et_pb_slide][et_pb_slide heading=&#8221;Hrvatski geolo\u0161ki institut&#8221; _builder_version=&#8221;4.16&#8243; header_font=&#8221;|||on|||||&#8221; background_image=&#8221;https:\/\/www.hgi-cgs.hr\/wp-content\/uploads\/2020\/03\/20190228_094232-scaled.jpg&#8221; background_enable_image=&#8221;on&#8221; locked=&#8221;off&#8221; global_colors_info=&#8221;{}&#8221; sticky_transition=&#8221;on&#8221;][\/et_pb_slide][et_pb_slide heading=&#8221;Hrvatski geolo\u0161ki institut&#8221; _builder_version=&#8221;4.16&#8243; header_font=&#8221;|||on|||||&#8221; background_image=&#8221;https:\/\/www.hgi-cgs.hr\/wp-content\/uploads\/2020\/03\/ban3-scaled.jpg&#8221; background_enable_image=&#8221;on&#8221; locked=&#8221;off&#8221; global_colors_info=&#8221;{}&#8221; sticky_transition=&#8221;on&#8221;][\/et_pb_slide][et_pb_slide heading=&#8221;Hrvatski geolo\u0161ki institut&#8221; _builder_version=&#8221;4.16&#8243; header_font=&#8221;|||on|||||&#8221; background_image=&#8221;https:\/\/www.hgi-cgs.hr\/wp-content\/uploads\/2020\/03\/Bijele_stijene-Gorski_kotar-scaled.jpg&#8221; background_enable_image=&#8221;on&#8221; locked=&#8221;off&#8221; global_colors_info=&#8221;{}&#8221; sticky_transition=&#8221;on&#8221;][\/et_pb_slide][et_pb_slide heading=&#8221;Hrvatski geolo\u0161ki institut&#8221; _builder_version=&#8221;4.16&#8243; header_font=&#8221;|||on|||||&#8221; background_image=&#8221;https:\/\/www.hgi-cgs.hr\/wp-content\/uploads\/2020\/03\/ban4-scaled.jpg&#8221; background_enable_image=&#8221;on&#8221; locked=&#8221;off&#8221; global_colors_info=&#8221;{}&#8221; sticky_transition=&#8221;on&#8221;][\/et_pb_slide][et_pb_slide heading=&#8221;Hrvatski geolo\u0161ki institut&#8221; _builder_version=&#8221;4.16&#8243; header_font=&#8221;|||on|||||&#8221; background_image=&#8221;https:\/\/www.hgi-cgs.hr\/wp-content\/uploads\/2020\/03\/ban5-scaled.jpg&#8221; background_enable_image=&#8221;on&#8221; locked=&#8221;off&#8221; global_colors_info=&#8221;{}&#8221; sticky_transition=&#8221;on&#8221;][\/et_pb_slide][\/et_pb_fullwidth_slider][\/et_pb_section][et_pb_section fb_built=&#8221;1&#8243; _builder_version=&#8221;4.16&#8243; global_colors_info=&#8221;{}&#8221;][et_pb_row _builder_version=&#8221;4.16&#8243; global_colors_info=&#8221;{}&#8221;][et_pb_column type=&#8221;4_4&#8243; _builder_version=&#8221;4.16&#8243; global_colors_info=&#8221;{}&#8221;][et_pb_text _builder_version=&#8221;4.24.2&#8243; text_font_size=&#8221;32px&#8221; header_2_text_color=&#8221;#1e5096&#8243; global_colors_info=&#8221;{}&#8221;]<\/p>\n<h2 style=\"text-align: center; color: #1e5096;\"><strong>ZAVOD ZA HIDROGEOLOGIJU I IN\u017dENJERSKU GEOLOGIJU<br \/><\/strong><\/h2>\n<h2 style=\"text-align: center; color: #1e5096;\"><strong>Projekti EU fondova<br \/><\/strong><\/h2>\n<p>[\/et_pb_text][\/et_pb_column][\/et_pb_row][\/et_pb_section][et_pb_section fb_built=&#8221;1&#8243; _builder_version=&#8221;4.16&#8243; custom_margin=&#8221;-7px|||||&#8221; custom_padding=&#8221;6px||41px|||&#8221; global_colors_info=&#8221;{}&#8221;][et_pb_row _builder_version=&#8221;4.16&#8243; custom_padding=&#8221;24px||50px|||&#8221; global_colors_info=&#8221;{}&#8221;][et_pb_column type=&#8221;4_4&#8243; _builder_version=&#8221;4.16&#8243; custom_padding=&#8221;|||&#8221; global_colors_info=&#8221;{}&#8221; custom_padding__hover=&#8221;|||&#8221;][et_pb_text _builder_version=&#8221;4.24.2&#8243; text_font=&#8221;|300|||||||&#8221; ul_font=&#8221;||||||||&#8221; header_font=&#8221;||||||||&#8221; header_text_align=&#8221;center&#8221; header_2_font=&#8221;|800|||||||&#8221; header_2_text_align=&#8221;center&#8221; header_2_text_color=&#8221;#1e5096&#8243; header_2_font_size=&#8221;54px&#8221; header_3_font=&#8221;|300|||||||&#8221; header_3_line_height=&#8221;1.4em&#8221; text_orientation=&#8221;center&#8221; custom_margin=&#8221;-14px||41px|||&#8221; custom_padding=&#8221;4px|||||&#8221; animation_direction=&#8221;bottom&#8221; header_2_font_size_tablet=&#8221;&#8221; header_2_font_size_phone=&#8221;30px&#8221; header_2_font_size_last_edited=&#8221;on|phone&#8221; header_2_text_shadow_style=&#8221;preset1&#8243; header_2_text_shadow_horizontal_length=&#8221;0.03em&#8221; header_2_text_shadow_vertical_length=&#8221;0.03em&#8221; header_2_text_shadow_blur_strength=&#8221;0.05em&#8221; header_2_text_shadow_color=&#8221;rgba(0,0,0,0.3)&#8221; global_colors_info=&#8221;{}&#8221;]<\/p>\n<h3 style=\"text-align: center;\"><strong>MicroDrink \u2013 Capacity building for management and governance of MICROplastics in DRINKing water resources of Danube Region<\/strong><\/h3>\n<p>[\/et_pb_text][et_pb_image src=&#8221;https:\/\/www.hgi-cgs.hr\/wp-content\/uploads\/2024\/03\/microdrink-2.png&#8221; alt=&#8221;EMODnet logo&#8221; title_text=&#8221;microdrink&#8221; align=&#8221;center&#8221; _builder_version=&#8221;4.24.2&#8243; _module_preset=&#8221;default&#8221; width=&#8221;40%&#8221; custom_margin=&#8221;||45px|||&#8221; global_colors_info=&#8221;{}&#8221;][\/et_pb_image][et_pb_tabs _builder_version=&#8221;4.24.3&#8243; hover_enabled=&#8221;0&#8243; global_colors_info=&#8221;{}&#8221; sticky_enabled=&#8221;0&#8243;][et_pb_tab title=&#8221;O projektu&#8221; _builder_version=&#8221;4.24.3&#8243; hover_enabled=&#8221;0&#8243; global_colors_info=&#8221;{}&#8221; sticky_enabled=&#8221;0&#8243;]<\/p>\n<p>Projekt MicroDrink, odobren u prvom pozivu Interreg programa transnacionalne suradnje dunavske regije 2021.-2027., zapo\u010deo je u sije\u010dnju 2024. godine. Projekt vrijedan 2.351.480,00 \u20ac sufinanciran je od strane Interreg programa i Europske Unije. Predvo\u0111en Zavodom za hidrogeologiju i in\u017eenjersku geologiju Hrvatskog geolo\u0161kog instituta kao vode\u0107im partnerom, projekt \u0107e se implementirati kroz dvije i pol godine, tijekom \u010dega \u0107e blisku suradnju ostvariti 11 projektnih i 19 pridru\u017eenih partnera iz 9 zemalja (Austrija, Bosna i Hercegovina, \u010ce\u0161ka, Hrvatska, Ma\u0111arska, Njema\u010dka, Slovenija, Srbija, Crna Gora).<\/p>\n<p>U fokusu projekta je sveprisutan i rastu\u0107i problem mikroplastike u vodnim resursima kori\u0161tenima za vodoopskrbu. Na podru\u010dju Europe svake godine se u okoli\u0161 ispusti stotine tisu\u0107a tona mikroplastike, \u010dija je pojava zabilje\u017eena u svim pritokama i rijeci Dunav. Izlo\u017eenost mikroplastici posljedi\u010dno mo\u017ee uzrokovati (eko)toksi\u010dne poreme\u0107aje u izlo\u017eenim organizmima, a nedostatak standardiziranih metoda uzorkovanja, pra\u0107enja i regulacije u vodi za pi\u0107e predstavlja jedan od klju\u010dnih izazova za zemlje dunavske regije. Me\u0111unarodna suradnja je od izrazite va\u017enosti s obzirom da one\u010di\u0161\u0107enje mikroplastikom ne poznaje administrativne granice. MicroDrink projektom osna\u017eit \u0107e se suradnja javnih uprava, vodoopskrbnih subjekata i znanstvene zajednice, te odnosi zemalja dunavske regije.<\/p>\n<p>Istra\u017eivanja mikroplastike u vodnim resursima kori\u0161tenima u vodoopskrbi provest \u0107e se na 9 pilot podru\u010dja u 8 zemalja. Hrvatsko pilot podru\u010dje nalazi se u Gorskom kotaru gdje \u0107e se u suradnji s vodocrpili\u0161nom stanicom I\u0161evnica odre\u0111ivati koli\u010dina \u010destica mikroplastike u vodi izvora Kupice koji se koristi za vodoopskrbu ve\u0107eg dijela regije. U svrhu unaprje\u0111enja razine znanja o mikroplastici, MicroDrink \u0107e izraditi online bazu podataka sa sveobuhvatnim pregledom metoda uzorkovanja, laboratorijskih instrumenata i analiti\u010dkih postupaka. Projektom \u0107e se uspostaviti temelji budu\u0107ih aktivnosti pra\u0107enja mikroplastike i pridonijeti u\u010dinkovitoj provedbi recentnih izmjena EU Direktive o vodi za pi\u0107e koje se odnose na obvezu pra\u0107enja mikroplastike.<\/p>\n<p>&nbsp;<\/p>\n<p>&nbsp;<\/p>\n<p>[\/et_pb_tab][et_pb_tab title=&#8221;Voditelj&#8221; _builder_version=&#8221;4.24.2&#8243; global_colors_info=&#8221;{}&#8221;]<\/p>\n<p><span><strong><em>Voditelj iz Insituta:<\/em><\/strong> dr. sc. Jasmina Luka\u010d Reberski<\/span><strong><em><\/em><\/strong><\/p>\n<p>[\/et_pb_tab][et_pb_tab title=&#8221;Suradnici&#8221; _builder_version=&#8221;4.24.2&#8243; global_colors_info=&#8221;{}&#8221;]<\/p>\n<p><strong>Hrvatski geolo\u0161ki institut<\/strong><\/p>\n<p>Jasmina Luka\u010d Reberski<\/p>\n<p>Ivana Boljat<\/p>\n<p>Ana Selak<\/p>\n<p>Mirna \u0160vec<\/p>\n<p>Josip Terzi\u0107<\/p>\n<p><strong>Institut za javno zdravstvo Zadar<\/strong><\/p>\n<p><strong>Sveu\u010dili\u0161te u Ljubljani (Univerza v Ljubljani, Slovenija)<\/strong><\/p>\n<p><strong>Javno poduze\u0107e Kovod Postojna, vodovod, kanalizacija, d.o.o., Postojna (Javno podjetje Kovod Postojna, vodovod, kanalizacija, d.o.o., Postojna, Slovenija)<\/strong><\/p>\n<p><strong>Sveu\u010dili\u0161te u Erlangenu (Friedrich-Alexander-Universit\u00e4t Erlangen-N\u00fcrnberg, Njema\u010dka)<\/strong><\/p>\n<p><strong>Agencija za za\u0161titu okoli\u0161a Austrija (Umweltbundesamt GmbH, Austrija)<\/strong><\/p>\n<ol><\/ol>\n<p><strong> T.G. Masaryk institut za istra\u017eivanje voda (V\u00fdzkumn\u00fd \u00fastav vodohospod\u00e1\u0159sk\u00fd T. G. Masaryka, v.v.i., \u010ce\u0161ka)<\/strong><\/p>\n<ol><\/ol>\n<p><strong>Eurofins (Eurofins Analytical Services Hungary Kft, Ma\u0111arska)<\/strong><\/p>\n<p><strong>Sveu\u010dili\u0161te u Beogradu, Rudarsko-geolo\u0161ki fakultet (Univerzitet u Beogradu, Rudarsko-geolo\u0161ki fakultet, Srbija)<\/strong><\/p>\n<p><strong>Zavod za javno zdravstvo Federacije Bosne i Hercegovine (Zavod za javno zdravstvo Federacije BiH, Bosna i Hercegovina)<\/strong><\/p>\n<p><strong>Javno poduze\u0107e \u201eDrugi oktobar\u201c Vr\u0161ac (Javno komunalno preduze\u0107e \u201eDrugi oktobar\u201c Vr\u0161ac, Srbija)<\/strong><\/p>\n<p>[\/et_pb_tab][et_pb_tab title=&#8221;Trajanje projekta&#8221; _builder_version=&#8221;4.24.2&#8243; global_colors_info=&#8221;{}&#8221;]<\/p>\n<p style=\"text-align: left;\"><span><strong>Trajanje projekta: <\/strong><\/span><span>1\/2024-6\/2026<\/span><\/p>\n<p style=\"text-align: left;\"><span>\u00a0<\/span><\/p>\n<p>[\/et_pb_tab][et_pb_tab title=&#8221;Kategorija&#8221; _builder_version=&#8221;4.24.2&#8243; global_colors_info=&#8221;{}&#8221;]<\/p>\n<p style=\"text-align: left;\"><strong>Kategorija projekta:\u00a0<\/strong>EU Interreg projekt<\/p>\n<p><span>\u00a0<\/span><\/p>\n<p><span>\u00a0<\/span><\/p>\n<p>[\/et_pb_tab][et_pb_tab title=&#8221;Iznos financiranja&#8221; _builder_version=&#8221;4.24.2&#8243; global_colors_info=&#8221;{}&#8221;]<\/p>\n<p><strong>Ugovoreni iznos financiranja: <\/strong>2.351.480,00 \u20ac<\/p>\n<p>Projekt je u sklopu Programa transnacionalne suradnje dunavske regije 2021.-2027. sufinanciran sredstvima Interreg fonda.<\/p>\n<p><span><\/span><span><em><strong><\/strong><\/em><br \/><\/span><\/p>\n<p>[\/et_pb_tab][et_pb_tab title=&#8221;Status&#8221; _builder_version=&#8221;4.24.0&#8243; global_colors_info=&#8221;{}&#8221;]<\/p>\n<p><span><strong>Status:<\/strong> <em>Aktivan<br \/><\/em><\/span><\/p>\n<p>[\/et_pb_tab][\/et_pb_tabs][\/et_pb_column][\/et_pb_row][\/et_pb_section]<\/p>\n","protected":false},"excerpt":{"rendered":"<p>ZAVOD ZA HIDROGEOLOGIJU I IN\u017dENJERSKU GEOLOGIJU Projekti EU fondovaMicroDrink \u2013 Capacity building for management and governance of MICROplastics in DRINKing water resources of Danube RegionProjekt MicroDrink, odobren u prvom pozivu Interreg programa transnacionalne suradnje dunavske regije 2021.-2027., zapo\u010deo je u sije\u010dnju 2024. godine. Projekt vrijedan 2.351.480,00 \u20ac sufinanciran je od strane Interreg programa i Europske [&hellip;]<\/p>\n","protected":false},"author":1,"featured_media":0,"parent":0,"menu_order":0,"comment_status":"closed","ping_status":"closed","template":"","meta":{"_et_pb_use_builder":"on","_et_pb_old_content":"","_et_gb_content_width":"","footnotes":""},"class_list":["post-43433","page","type-page","status-publish","hentry"],"aioseo_notices":[],"_links":{"self":[{"href":"https:\/\/www.hgi-cgs.hr\/en\/wp-json\/wp\/v2\/pages\/43433","targetHints":{"allow":["GET"]}}],"collection":[{"href":"https:\/\/www.hgi-cgs.hr\/en\/wp-json\/wp\/v2\/pages"}],"about":[{"href":"https:\/\/www.hgi-cgs.hr\/en\/wp-json\/wp\/v2\/types\/page"}],"author":[{"embeddable":true,"href":"https:\/\/www.hgi-cgs.hr\/en\/wp-json\/wp\/v2\/users\/1"}],"replies":[{"embeddable":true,"href":"https:\/\/www.hgi-cgs.hr\/en\/wp-json\/wp\/v2\/comments?post=43433"}],"version-history":[{"count":6,"href":"https:\/\/www.hgi-cgs.hr\/en\/wp-json\/wp\/v2\/pages\/43433\/revisions"}],"predecessor-version":[{"id":43574,"href":"https:\/\/www.hgi-cgs.hr\/en\/wp-json\/wp\/v2\/pages\/43433\/revisions\/43574"}],"wp:attachment":[{"href":"https:\/\/www.hgi-cgs.hr\/en\/wp-json\/wp\/v2\/media?parent=43433"}],"curies":[{"name":"wp","href":"https:\/\/api.w.org\/{rel}","templated":true}]}}