{"id":43313,"date":"2024-03-13T10:44:32","date_gmt":"2024-03-13T10:44:32","guid":{"rendered":"https:\/\/www.hgi-cgs.hr\/?page_id=43313"},"modified":"2024-03-13T10:51:03","modified_gmt":"2024-03-13T10:51:03","slug":"osnovna-hidrogeoloska-karta-baranje-baka","status":"publish","type":"page","link":"https:\/\/www.hgi-cgs.hr\/en\/osnovna-hidrogeoloska-karta-baranje-baka\/","title":{"rendered":"Basic Hydrogeological Map of Baranja - BAKA"},"content":{"rendered":"<p>[et_pb_section fb_built=&#8221;1&#8243; fullwidth=&#8221;on&#8221; _builder_version=&#8221;4.16&#8243; custom_padding=&#8221;0px||0px|||&#8221; global_colors_info=&#8221;{}&#8221;][et_pb_fullwidth_slider _builder_version=&#8221;4.16&#8243; min_height=&#8221;112px&#8221; height=&#8221;400px&#8221; custom_margin=&#8221;0px||||false|false&#8221; custom_padding=&#8221;0px||18px||false|false&#8221; auto=&#8221;on&#8221; auto_ignore_hover=&#8221;on&#8221; locked=&#8221;off&#8221; global_colors_info=&#8221;{}&#8221;][et_pb_slide heading=&#8221;Hrvatski geolo\u0161ki institut&#8221; _builder_version=&#8221;4.16&#8243; header_font=&#8221;|||on|||||&#8221; background_image=&#8221;https:\/\/www.hgi-cgs.hr\/wp-content\/uploads\/2020\/03\/Br\u010di\u0107_Drvenik02-scaled.jpg&#8221; background_enable_image=&#8221;on&#8221; locked=&#8221;off&#8221; global_colors_info=&#8221;{}&#8221; sticky_transition=&#8221;on&#8221;][\/et_pb_slide][et_pb_slide heading=&#8221;Hrvatski geolo\u0161ki institut&#8221; _builder_version=&#8221;4.16&#8243; header_font=&#8221;|||on|||||&#8221; background_image=&#8221;https:\/\/www.hgi-cgs.hr\/wp-content\/uploads\/2020\/03\/ban2-scaled.jpg&#8221; background_enable_image=&#8221;on&#8221; locked=&#8221;off&#8221; global_colors_info=&#8221;{}&#8221; sticky_transition=&#8221;on&#8221;][\/et_pb_slide][et_pb_slide heading=&#8221;Hrvatski geolo\u0161ki institut&#8221; _builder_version=&#8221;4.16&#8243; header_font=&#8221;|||on|||||&#8221; background_image=&#8221;https:\/\/www.hgi-cgs.hr\/wp-content\/uploads\/2020\/03\/20190228_094232-scaled.jpg&#8221; background_enable_image=&#8221;on&#8221; locked=&#8221;off&#8221; global_colors_info=&#8221;{}&#8221; sticky_transition=&#8221;on&#8221;][\/et_pb_slide][et_pb_slide heading=&#8221;Hrvatski geolo\u0161ki institut&#8221; _builder_version=&#8221;4.16&#8243; header_font=&#8221;|||on|||||&#8221; background_image=&#8221;https:\/\/www.hgi-cgs.hr\/wp-content\/uploads\/2020\/03\/ban3-scaled.jpg&#8221; background_enable_image=&#8221;on&#8221; locked=&#8221;off&#8221; global_colors_info=&#8221;{}&#8221; sticky_transition=&#8221;on&#8221;][\/et_pb_slide][et_pb_slide heading=&#8221;Hrvatski geolo\u0161ki institut&#8221; _builder_version=&#8221;4.16&#8243; header_font=&#8221;|||on|||||&#8221; background_image=&#8221;https:\/\/www.hgi-cgs.hr\/wp-content\/uploads\/2020\/03\/Bijele_stijene-Gorski_kotar-scaled.jpg&#8221; background_enable_image=&#8221;on&#8221; locked=&#8221;off&#8221; global_colors_info=&#8221;{}&#8221; sticky_transition=&#8221;on&#8221;][\/et_pb_slide][et_pb_slide heading=&#8221;Hrvatski geolo\u0161ki institut&#8221; _builder_version=&#8221;4.16&#8243; header_font=&#8221;|||on|||||&#8221; background_image=&#8221;https:\/\/www.hgi-cgs.hr\/wp-content\/uploads\/2020\/03\/ban4-scaled.jpg&#8221; background_enable_image=&#8221;on&#8221; locked=&#8221;off&#8221; global_colors_info=&#8221;{}&#8221; sticky_transition=&#8221;on&#8221;][\/et_pb_slide][et_pb_slide heading=&#8221;Hrvatski geolo\u0161ki institut&#8221; _builder_version=&#8221;4.16&#8243; header_font=&#8221;|||on|||||&#8221; background_image=&#8221;https:\/\/www.hgi-cgs.hr\/wp-content\/uploads\/2020\/03\/ban5-scaled.jpg&#8221; background_enable_image=&#8221;on&#8221; locked=&#8221;off&#8221; global_colors_info=&#8221;{}&#8221; sticky_transition=&#8221;on&#8221;][\/et_pb_slide][\/et_pb_fullwidth_slider][\/et_pb_section][et_pb_section fb_built=&#8221;1&#8243; _builder_version=&#8221;4.16&#8243; custom_padding=&#8221;||7px|||&#8221; global_colors_info=&#8221;{}&#8221;][et_pb_row _builder_version=&#8221;4.16&#8243; global_colors_info=&#8221;{}&#8221;][et_pb_column type=&#8221;4_4&#8243; _builder_version=&#8221;4.16&#8243; global_colors_info=&#8221;{}&#8221;][et_pb_text _builder_version=&#8221;4.24.0&#8243; text_font_size=&#8221;32px&#8221; header_2_text_color=&#8221;#1e5096&#8243; global_colors_info=&#8221;{}&#8221;]<\/p>\n<h2 style=\"text-align: center; color: #1e5096;\"><strong>\u00a0<\/strong><\/h2>\n<h2 style=\"text-align: center; color: #1e5096;\"><strong>INTERNI ISTRA\u017dIVA\u010cKI PROJEKTI<br \/><\/strong><\/h2>\n<p>[\/et_pb_text][\/et_pb_column][\/et_pb_row][\/et_pb_section][et_pb_section fb_built=&#8221;1&#8243; _builder_version=&#8221;4.16&#8243; custom_padding=&#8221;5px||41px|||&#8221; global_colors_info=&#8221;{}&#8221;][et_pb_row _builder_version=&#8221;4.16&#8243; custom_margin=&#8221;||20px&#8221; custom_padding=&#8221;||50px&#8221; global_colors_info=&#8221;{}&#8221;][et_pb_column type=&#8221;4_4&#8243; _builder_version=&#8221;4.16&#8243; custom_padding=&#8221;|||&#8221; global_colors_info=&#8221;{}&#8221; custom_padding__hover=&#8221;|||&#8221;][et_pb_text _builder_version=&#8221;4.24.2&#8243; text_font=&#8221;|300|||||||&#8221; ul_font=&#8221;||||||||&#8221; header_font=&#8221;||||||||&#8221; header_text_align=&#8221;center&#8221; header_2_font=&#8221;|800|||||||&#8221; header_2_text_align=&#8221;center&#8221; header_2_text_color=&#8221;#1e5096&#8243; header_2_font_size=&#8221;54px&#8221; header_3_font=&#8221;|300|||||||&#8221; header_3_line_height=&#8221;1.3em&#8221; text_orientation=&#8221;center&#8221; custom_margin=&#8221;-4px||18px|||&#8221; custom_padding=&#8221;||22px|||&#8221; animation_direction=&#8221;bottom&#8221; hover_enabled=&#8221;0&#8243; header_2_font_size_tablet=&#8221;&#8221; header_2_font_size_phone=&#8221;30px&#8221; header_2_font_size_last_edited=&#8221;on|phone&#8221; header_2_text_shadow_style=&#8221;preset1&#8243; header_2_text_shadow_horizontal_length=&#8221;0.03em&#8221; header_2_text_shadow_vertical_length=&#8221;0.03em&#8221; header_2_text_shadow_blur_strength=&#8221;0.05em&#8221; header_2_text_shadow_color=&#8221;rgba(0,0,0,0.3)&#8221; global_colors_info=&#8221;{}&#8221; sticky_enabled=&#8221;0&#8243;]<\/p>\n<h3><strong>Osnovna hidrogeolo\u0161ka karta Baranje \u2013 BAKA<\/strong><\/h3>\n<p><strong><\/strong><\/p>\n<p>[\/et_pb_text][et_pb_tabs _builder_version=&#8221;4.24.2&#8243; custom_margin=&#8221;-15px||||false|false&#8221; global_colors_info=&#8221;{}&#8221;][et_pb_tab title=&#8221;O projektu&#8221; _builder_version=&#8221;4.24.2&#8243; _module_preset=&#8221;default&#8221; global_colors_info=&#8221;{}&#8221;]<\/p>\n<p>Za potrebe razvoja gospodarstva, osobito poljoprivrede, nu\u017eno je imati javno dostupne podatke o morfolo\u0161kim i hidrogeolo\u0161kim uvjetima podru\u010dja (popis objekata, transmisivnost i za\u0161tita vodonosnika, dostupne zalihe vode, kakvo\u0107a podzemne vode, geomorfolo\u0161ke zna\u010dajke itd.). Potencijal poljoprivrednog razvoja isto\u010dne Hrvatske je visok, ali nedostaje karakterizacija osnovnog strate\u0161kog resursa, podzemne vode, na lokalnoj razini.<\/p>\n<p>Na podru\u010dju Baranje, povijesno poljoprivredne regije s brzim razvojem modernog gospodarstva i turizma, na raspolaganju je velika koli\u010dina podzemne vode. To je vidljivo iz dostupne literature, ali podatci o vodozahvatima su lokalnog karaktera. Zato je neophodno objediniti podatke i izraditi hidrogeolo\u0161ke karte i baze podataka lokalnog i regionalnog mjerila.<\/p>\n<p>U sklopu projekta BAKA provodit \u0107e se detaljna regionalna i lokalna karakterizacija vodonosnih sustava i podzemne vode. Metodolo\u0161ki pristup \u0107e uklju\u010divati:<\/p>\n<ol>\n<li>prikupljanje i reinterpretaciju dostupnih geolo\u0161kih i hidrogeolo\u0161kih podataka i izradu baze podataka standardiziranom metodologijom;<\/li>\n<li>hidrogeomorfolo\u0161ku i pedolo\u0161ku karakterizaciju povr\u0161ine terena;<\/li>\n<li>geofizi\u010dka istra\u017eivanja;<\/li>\n<li>geolo\u0161ku i hidrogeolo\u0161ku rekonstrukciju vodonosnih sustava;<\/li>\n<li>hidrogeolo\u0161ki i hidrokemijski monitoring podzemne vode.<\/li>\n<\/ol>\n<p>Glavni cilj istra\u017eivanja je izrada Osnovne hidrogeolo\u0161ke karte (OHGK) Baranje kori\u0161tenjem multidisciplinarnog pristupa istra\u017eivanju (hidrogeologija, hidrokemija, geofizika, pedologija, geomorfologija). Hidrogeolo\u0161ka istra\u017eivanja omogu\u0107iti \u0107e generalno razumijevanje hidrogeolo\u0161kih sustava i njihovu hidrauli\u010dku parametrizaciju; hidrokemijska istra\u017eivanja definirat \u0107e kvalitetu podzemne vode; geofizika, pedologija i geomorfologija \u0107e opisati povr\u0161inske i podzemne zna\u010dajke terena i vezu izme\u0111u podzemnih i povr\u0161inskih voda. Rezultati navedenih istra\u017eivanja bit \u0107e objedinjeni na OHGK Baranje koja \u0107e biti dokument s klju\u010dnom ulogom u odr\u017eivom upravljanju vodnim resursima i za\u0161titi okoli\u0161a.<\/p>\n<p>Objavljena OHGK Baranje bit \u0107e temelj budu\u0107ih detaljnih istra\u017eivanja (hidrogeolo\u0161ko modeliranje, procjena zaliha, hidrokemijski procesi, projektiranje budu\u0107ih vodozahvata i integrirano upravljanje vodoopskrbom itd.) i me\u0111unarodne suradnje na projektima istra\u017eivanja prekograni\u010dnih vodonosnika.<\/p>\n<p>[\/et_pb_tab][et_pb_tab title=&#8221;Voditelj&#8221; _builder_version=&#8221;4.24.2&#8243; global_colors_info=&#8221;{}&#8221;]<\/p>\n<p><em><strong>Glavni istra\u017eiva\u010dica \/ voditeljica projekta:\u00a0<\/strong><\/em>dr. sc. Kosta Urumovi\u0107<\/p>\n<p>[\/et_pb_tab][et_pb_tab title=&#8221;Suradnici&#8221; _builder_version=&#8221;4.24.2&#8243; global_colors_info=&#8221;{}&#8221;]<\/p>\n<p><strong>Hrvatski geolo\u0161ki institut:<\/strong><\/p>\n<p>dr. sc. Marco Pola,<\/p>\n<p>dr. sc. Igor Karlovi\u0107,<\/p>\n<p>dr. sc. Branko Kordi\u0107,<\/p>\n<p>Ivan Kosovi\u0107,<\/p>\n<p>Marko Copi\u0107<\/p>\n<p><strong>Agronomski fakultet Sveu\u010dili\u0161ta u Zagrebu:<\/strong><\/p>\n<p>prof. dr. sc. Vedran Rubini\u0107<\/p>\n<p>[\/et_pb_tab][et_pb_tab title=&#8221;Trajanje projekta&#8221; _builder_version=&#8221;4.24.0&#8243; global_colors_info=&#8221;{}&#8221;]<\/p>\n<p><strong>Trajanje projekta:<\/strong> 01.01.2024.\u201331.12.2027.<\/p>\n<p>&nbsp;<\/p>\n<p style=\"text-align: left;\"><span><strong><\/strong><br \/><\/span><\/p>\n<p><span>\u00a0<\/span><\/p>\n<p>[\/et_pb_tab][et_pb_tab title=&#8221;Kategorija&#8221; _builder_version=&#8221;4.24.0&#8243; global_colors_info=&#8221;{}&#8221;]<\/p>\n<p><span><strong>Kategorija projekta: <\/strong><\/span>istra\u017eiva\u010dki projekt pra\u0107en od strane Ministarstva znanosti i obrazovanja Republike Hrvatske; sredstva iz Nacionalnog plana oporavka i otpornosti 2021.\u20132026. \u2013 NextGenerationEU<\/p>\n<p><span>\u00a0<\/span><\/p>\n<p><span>\u00a0<\/span><\/p>\n<p>[\/et_pb_tab][et_pb_tab title=&#8221;Iznos financiranja&#8221; _builder_version=&#8221;4.24.2&#8243; global_colors_info=&#8221;{}&#8221;]<\/p>\n<p><em><strong>Financiranje: <\/strong><\/em>97.200,00 \u20ac<\/p>\n<ol start=\"2024\"><\/ol>\n<p>[\/et_pb_tab][et_pb_tab title=&#8221;Status&#8221; _builder_version=&#8221;4.24.0&#8243; global_colors_info=&#8221;{}&#8221;]<\/p>\n<p><span><strong>Status:<\/strong> Aktivan<em><\/em><\/span><\/p>\n<p>[\/et_pb_tab][\/et_pb_tabs][et_pb_image src=&#8221;https:\/\/www.hgi-cgs.hr\/wp-content\/uploads\/2024\/02\/Picture1.png&#8221; title_text=&#8221;Picture1&#8243; align=&#8221;center&#8221; _builder_version=&#8221;4.24.0&#8243; _module_preset=&#8221;default&#8221; width=&#8221;25%&#8221; global_colors_info=&#8221;{}&#8221;][\/et_pb_image][\/et_pb_column][\/et_pb_row][\/et_pb_section]<\/p>\n","protected":false},"excerpt":{"rendered":"<p>\u00a0 INTERNI ISTRA\u017dIVA\u010cKI PROJEKTIOsnovna hidrogeolo\u0161ka karta Baranje \u2013 BAKA Za potrebe razvoja gospodarstva, osobito poljoprivrede, nu\u017eno je imati javno dostupne podatke o morfolo\u0161kim i hidrogeolo\u0161kim uvjetima podru\u010dja (popis objekata, transmisivnost i za\u0161tita vodonosnika, dostupne zalihe vode, kakvo\u0107a podzemne vode, geomorfolo\u0161ke zna\u010dajke itd.). Potencijal poljoprivrednog razvoja isto\u010dne Hrvatske je visok, ali nedostaje karakterizacija osnovnog strate\u0161kog resursa, [&hellip;]<\/p>\n","protected":false},"author":1,"featured_media":0,"parent":0,"menu_order":0,"comment_status":"closed","ping_status":"closed","template":"","meta":{"_et_pb_use_builder":"on","_et_pb_old_content":"","_et_gb_content_width":"","footnotes":""},"class_list":["post-43313","page","type-page","status-publish","hentry"],"aioseo_notices":[],"_links":{"self":[{"href":"https:\/\/www.hgi-cgs.hr\/en\/wp-json\/wp\/v2\/pages\/43313","targetHints":{"allow":["GET"]}}],"collection":[{"href":"https:\/\/www.hgi-cgs.hr\/en\/wp-json\/wp\/v2\/pages"}],"about":[{"href":"https:\/\/www.hgi-cgs.hr\/en\/wp-json\/wp\/v2\/types\/page"}],"author":[{"embeddable":true,"href":"https:\/\/www.hgi-cgs.hr\/en\/wp-json\/wp\/v2\/users\/1"}],"replies":[{"embeddable":true,"href":"https:\/\/www.hgi-cgs.hr\/en\/wp-json\/wp\/v2\/comments?post=43313"}],"version-history":[{"count":5,"href":"https:\/\/www.hgi-cgs.hr\/en\/wp-json\/wp\/v2\/pages\/43313\/revisions"}],"predecessor-version":[{"id":43319,"href":"https:\/\/www.hgi-cgs.hr\/en\/wp-json\/wp\/v2\/pages\/43313\/revisions\/43319"}],"wp:attachment":[{"href":"https:\/\/www.hgi-cgs.hr\/en\/wp-json\/wp\/v2\/media?parent=43313"}],"curies":[{"name":"wp","href":"https:\/\/api.w.org\/{rel}","templated":true}]}}