{"id":43262,"date":"2024-03-12T07:00:21","date_gmt":"2024-03-12T07:00:21","guid":{"rendered":"https:\/\/www.hgi-cgs.hr\/?page_id=43262"},"modified":"2025-08-18T10:29:59","modified_gmt":"2025-08-18T10:29:59","slug":"globalni-dogadaji-u-naslagama-jadranske-karbonatne-platforme-geacap","status":"publish","type":"page","link":"https:\/\/www.hgi-cgs.hr\/en\/globalni-dogadaji-u-naslagama-jadranske-karbonatne-platforme-geacap\/","title":{"rendered":"Globalni doga\u0111aji u naslagama Jadranske karbonatne platforme (GEACAP)"},"content":{"rendered":"<p>[et_pb_section fb_built=&#8221;1&#8243; fullwidth=&#8221;on&#8221; _builder_version=&#8221;4.16&#8243; custom_padding=&#8221;0px||0px|||&#8221; global_colors_info=&#8221;{}&#8221;][et_pb_fullwidth_slider _builder_version=&#8221;4.16&#8243; min_height=&#8221;112px&#8221; height=&#8221;400px&#8221; custom_margin=&#8221;0px||||false|false&#8221; custom_padding=&#8221;0px||18px||false|false&#8221; auto=&#8221;on&#8221; auto_ignore_hover=&#8221;on&#8221; locked=&#8221;off&#8221; global_colors_info=&#8221;{}&#8221;][et_pb_slide heading=&#8221;Hrvatski geolo\u0161ki institut&#8221; _builder_version=&#8221;4.16&#8243; header_font=&#8221;|||on|||||&#8221; background_image=&#8221;https:\/\/www.hgi-cgs.hr\/wp-content\/uploads\/2020\/03\/Br\u010di\u0107_Drvenik02-scaled.jpg&#8221; background_enable_image=&#8221;on&#8221; locked=&#8221;off&#8221; global_colors_info=&#8221;{}&#8221; sticky_transition=&#8221;on&#8221;][\/et_pb_slide][et_pb_slide heading=&#8221;Hrvatski geolo\u0161ki institut&#8221; _builder_version=&#8221;4.16&#8243; header_font=&#8221;|||on|||||&#8221; background_image=&#8221;https:\/\/www.hgi-cgs.hr\/wp-content\/uploads\/2020\/03\/ban2-scaled.jpg&#8221; background_enable_image=&#8221;on&#8221; locked=&#8221;off&#8221; global_colors_info=&#8221;{}&#8221; sticky_transition=&#8221;on&#8221;][\/et_pb_slide][et_pb_slide heading=&#8221;Hrvatski geolo\u0161ki institut&#8221; _builder_version=&#8221;4.16&#8243; header_font=&#8221;|||on|||||&#8221; background_image=&#8221;https:\/\/www.hgi-cgs.hr\/wp-content\/uploads\/2020\/03\/20190228_094232-scaled.jpg&#8221; background_enable_image=&#8221;on&#8221; locked=&#8221;off&#8221; global_colors_info=&#8221;{}&#8221; sticky_transition=&#8221;on&#8221;][\/et_pb_slide][et_pb_slide heading=&#8221;Hrvatski geolo\u0161ki institut&#8221; _builder_version=&#8221;4.16&#8243; header_font=&#8221;|||on|||||&#8221; background_image=&#8221;https:\/\/www.hgi-cgs.hr\/wp-content\/uploads\/2020\/03\/ban3-scaled.jpg&#8221; background_enable_image=&#8221;on&#8221; locked=&#8221;off&#8221; global_colors_info=&#8221;{}&#8221; sticky_transition=&#8221;on&#8221;][\/et_pb_slide][et_pb_slide heading=&#8221;Hrvatski geolo\u0161ki institut&#8221; _builder_version=&#8221;4.16&#8243; header_font=&#8221;|||on|||||&#8221; background_image=&#8221;https:\/\/www.hgi-cgs.hr\/wp-content\/uploads\/2020\/03\/Bijele_stijene-Gorski_kotar-scaled.jpg&#8221; background_enable_image=&#8221;on&#8221; locked=&#8221;off&#8221; global_colors_info=&#8221;{}&#8221; sticky_transition=&#8221;on&#8221;][\/et_pb_slide][et_pb_slide heading=&#8221;Hrvatski geolo\u0161ki institut&#8221; _builder_version=&#8221;4.16&#8243; header_font=&#8221;|||on|||||&#8221; background_image=&#8221;https:\/\/www.hgi-cgs.hr\/wp-content\/uploads\/2020\/03\/ban4-scaled.jpg&#8221; background_enable_image=&#8221;on&#8221; locked=&#8221;off&#8221; global_colors_info=&#8221;{}&#8221; sticky_transition=&#8221;on&#8221;][\/et_pb_slide][et_pb_slide heading=&#8221;Hrvatski geolo\u0161ki institut&#8221; _builder_version=&#8221;4.16&#8243; header_font=&#8221;|||on|||||&#8221; background_image=&#8221;https:\/\/www.hgi-cgs.hr\/wp-content\/uploads\/2020\/03\/ban5-scaled.jpg&#8221; background_enable_image=&#8221;on&#8221; locked=&#8221;off&#8221; global_colors_info=&#8221;{}&#8221; sticky_transition=&#8221;on&#8221;][\/et_pb_slide][\/et_pb_fullwidth_slider][\/et_pb_section][et_pb_section fb_built=&#8221;1&#8243; _builder_version=&#8221;4.16&#8243; custom_padding=&#8221;||7px|||&#8221; global_colors_info=&#8221;{}&#8221;][et_pb_row _builder_version=&#8221;4.16&#8243; global_colors_info=&#8221;{}&#8221;][et_pb_column type=&#8221;4_4&#8243; _builder_version=&#8221;4.16&#8243; global_colors_info=&#8221;{}&#8221;][et_pb_text _builder_version=&#8221;4.24.0&#8243; text_font_size=&#8221;32px&#8221; header_2_text_color=&#8221;#1e5096&#8243; global_colors_info=&#8221;{}&#8221;]<\/p>\n<h2 style=\"text-align: center; color: #1e5096;\"><strong>\u00a0<\/strong><\/h2>\n<h2 style=\"text-align: center; color: #1e5096;\"><strong>INTERNI ISTRA\u017dIVA\u010cKI PROJEKTI<br \/><\/strong><\/h2>\n<p>[\/et_pb_text][\/et_pb_column][\/et_pb_row][\/et_pb_section][et_pb_section fb_built=&#8221;1&#8243; _builder_version=&#8221;4.16&#8243; custom_padding=&#8221;5px||41px|||&#8221; global_colors_info=&#8221;{}&#8221;][et_pb_row _builder_version=&#8221;4.16&#8243; custom_margin=&#8221;||20px&#8221; custom_padding=&#8221;||50px&#8221; global_colors_info=&#8221;{}&#8221;][et_pb_column type=&#8221;4_4&#8243; _builder_version=&#8221;4.16&#8243; custom_padding=&#8221;|||&#8221; global_colors_info=&#8221;{}&#8221; custom_padding__hover=&#8221;|||&#8221;][et_pb_text _builder_version=&#8221;4.24.2&#8243; text_font=&#8221;|300|||||||&#8221; ul_font=&#8221;||||||||&#8221; header_font=&#8221;||||||||&#8221; header_text_align=&#8221;center&#8221; header_2_font=&#8221;|800|||||||&#8221; header_2_text_align=&#8221;center&#8221; header_2_text_color=&#8221;#1e5096&#8243; header_2_font_size=&#8221;54px&#8221; header_3_font=&#8221;|300|||||||&#8221; header_3_line_height=&#8221;1.3em&#8221; text_orientation=&#8221;center&#8221; custom_margin=&#8221;-4px||18px|||&#8221; custom_padding=&#8221;||22px|||&#8221; animation_direction=&#8221;bottom&#8221; header_2_font_size_tablet=&#8221;&#8221; header_2_font_size_phone=&#8221;30px&#8221; header_2_font_size_last_edited=&#8221;on|phone&#8221; header_2_text_shadow_style=&#8221;preset1&#8243; header_2_text_shadow_horizontal_length=&#8221;0.03em&#8221; header_2_text_shadow_vertical_length=&#8221;0.03em&#8221; header_2_text_shadow_blur_strength=&#8221;0.05em&#8221; header_2_text_shadow_color=&#8221;rgba(0,0,0,0.3)&#8221; global_colors_info=&#8221;{}&#8221;]<\/p>\n<h3><strong>Globalni doga\u0111aji u naslagama Jadranske karbonatne platforme <\/strong><strong><\/strong><strong>(GEACAP)<\/strong><\/h3>\n<p>[\/et_pb_text][et_pb_image src=&#8221;https:\/\/www.hgi-cgs.hr\/wp-content\/uploads\/2024\/03\/Logo_a-scaled.jpg&#8221; title_text=&#8221;Logo_a&#8221; align=&#8221;center&#8221; _builder_version=&#8221;4.24.2&#8243; _module_preset=&#8221;default&#8221; width=&#8221;25%&#8221; custom_margin=&#8221;||65px|||&#8221; global_colors_info=&#8221;{}&#8221;][\/et_pb_image][et_pb_tabs _builder_version=&#8221;4.27.4&#8243; custom_margin=&#8221;-15px||||false|false&#8221; hover_enabled=&#8221;0&#8243; global_colors_info=&#8221;{}&#8221; sticky_enabled=&#8221;0&#8243;][et_pb_tab title=&#8221;O projektu&#8221; _builder_version=&#8221;4.27.4&#8243; _module_preset=&#8221;default&#8221; hover_enabled=&#8221;0&#8243; global_colors_info=&#8221;{}&#8221; sticky_enabled=&#8221;0&#8243;]<\/p>\n<p>Oceanski anoksi\u010dni doga\u0111aji predstavljaju globalna krizna razdoblja planeta Zemlje. Glavne karakteristike ovih relativno kratkotrajnih epizoda su stratifikacija vodenog stupca i pad oksigenacije u razli\u010ditim horizontima oceana. Inicijalni uzrok su masivne vulkanske erupcije, a direktna posljedica izumiranje pojedinih skupina organizama i evolucija niza novih biljnih i \u017eivotinjskih vrsta. Projekt GEACAP fokusirat \u0107e se na tri glavna anoksi\u010dna doga\u0111aja koji su ostavili mjerljive i dokazane tragove (geokemijske, biolo\u0161ke, litolo\u0161ke) u paleookoli\u0161ima plitkomorske JKP: T-OAE, OAE2 i OAE3. Specifi\u010dnost globalnih anoksija u plitkomorskim naslagama JKP su intervali bogati organskom tvari s negativnim otklonom koncentracije omjera stabilnih izotopa ugljika, o\u0161tra granica izumiranja pojedinih organizama i promjene facijesa. Povezanost boksitnih le\u017ei\u0161ta JKP-a s vulkanoklasti\u010dnim doga\u0111ajima otvara nove mogu\u0107nosti u rekonstrukciji klimatskih uvjeta i preciznijeg datiranja emerzijskih horizonata. Apsolutna datiranja detritalnih cirkona iz boksitnih le\u017ei\u0161ta kao i brojne analiti\u010dke metode \u201eboksitnog matriksa\u201c do sada su pokazala da ove pojave imaju karakter relativno kratkotrajnih vulkanskih i specifi\u010dnih klimatskih epizoda. Metode potrebne za provedbu projekta su: geokemija stabilnih izotopa, geokronologija (LA-ICP-MS), SEM-EDS, XRD, Whole-rock geokemija, te\u0161ka-laka frakcionacija, geolo\u0161ko kartiranje, snimanja geolo\u0161kih stupova, mikropaleontologija i mikropetrografija. Istra\u017eivanja spomenutih doga\u0111aja aktualizmom se mogu povezati s recentnim klimatskim promjenama, hidrolo\u0161kim ciklusima, stratifikacijom u morskim okoli\u0161ima te sve \u010de\u0161\u0107im pojavama disoksi\u010dnih podru\u010dja.<\/p>\n<p>Cilj ovog projekta je podizanje produktivnosti i kvalitete znanstvenih istra\u017eivanja te razvoj ljudskih potencijala Zavoda za geologiju Hrvatskog geolo\u0161kog instituta (Strategija pametne specijalizacije RH \u2013 S.3., Osnovni strate\u0161ki ciljevi HGI-a \u2013 C.1., C.5.). Preciznije, cilj projekta su specijalizirana i ciljana istra\u017eivanja globalno prepoznatih tema koje su u RH nedovoljno istra\u017eene. Financiranjem terenskog rada projektnog tima, analitike u HGI-u i referentnim stranim laboratorijima omogu\u0107it \u0107e se open access publiciranje niza radova na spomenutu temu (minimalno 5 \u2013 maksimalno 10 radova, Q1\/Q2). Uspostavom projektnog tima i suradnjom razli\u010ditih specijalizacija na rje\u0161avanju kompleksne tematike (kartiranje, paleontologija, geokemija, geokronologija, paleoekologija, strukturna geologija, mineralogija, vulkanologija) pove\u0107at \u0107e se trenuta\u010dni ljudski potencijal HGI-a. Povezivanje s istra\u017eiva\u010dima u inozemnim me\u0111unarodno prepoznatljivim znanstvenim institucijama (Smith College &#8211; SAD, Georg-August-Universit\u00e4t G\u00f6ttingen &#8211; Njema\u010dka) dovest \u0107e do potencijalno novih suradnji na budu\u0107im vanjskim i doma\u0107im znanstvenim projektima. Implikacije projekta na recentne klimatske i oceanske promjene tako\u0111er mogu pove\u0107ati va\u017enost spomenutih istra\u017eivanja.<\/p>\n<p>Mre\u017ena stranica projekta: <em><a href=\"https:\/\/geacap.hgi-cgs.hr\/\">https:\/\/geacap.hgi-cgs.hr\/<\/a><\/em><\/p>\n<p>[\/et_pb_tab][et_pb_tab title=&#8221;Voditelj&#8221; _builder_version=&#8221;4.24.2&#8243; global_colors_info=&#8221;{}&#8221;]<\/p>\n<p><em><strong>Glavni istra\u017eiva\u010d \/ voditelj projekta: <\/strong><\/em>dr. sc. Vlatko Br\u010di\u0107<\/p>\n<p>[\/et_pb_tab][et_pb_tab title=&#8221;Suradnici&#8221; _builder_version=&#8221;4.24.2&#8243; global_colors_info=&#8221;{}&#8221;]<\/p>\n<p>dr. sc. Mihovil Brlek,<\/p>\n<p>dr. sc. Vikt\u00f3ria Baranyi,<\/p>\n<p>dr. sc. Duje Kuko\u010d,<\/p>\n<p>dr. sc. Marko \u0160peli\u0107,<\/p>\n<p>Nina Trinajsti\u0107,<\/p>\n<p>Marko Budi\u0107,<\/p>\n<p>dr. sc. Jelena \u0160pani\u010dek,<\/p>\n<p>dr. sc. Lazar Jasmina Martin\u010devi\u0107<\/p>\n<p>[\/et_pb_tab][et_pb_tab title=&#8221;Trajanje projekta&#8221; _builder_version=&#8221;4.24.0&#8243; global_colors_info=&#8221;{}&#8221;]<\/p>\n<p><strong>Trajanje projekta:<\/strong> 01.01.2024.\u201331.12.2027.<\/p>\n<p>&nbsp;<\/p>\n<p style=\"text-align: left;\"><span><strong><\/strong><br \/><\/span><\/p>\n<p><span>\u00a0<\/span><\/p>\n<p>[\/et_pb_tab][et_pb_tab title=&#8221;Kategorija&#8221; _builder_version=&#8221;4.24.0&#8243; global_colors_info=&#8221;{}&#8221;]<\/p>\n<p><span><strong>Kategorija projekta: <\/strong><\/span>istra\u017eiva\u010dki projekt pra\u0107en od strane Ministarstva znanosti i obrazovanja Republike Hrvatske; sredstva iz Nacionalnog plana oporavka i otpornosti 2021.\u20132026. \u2013 NextGenerationEU<\/p>\n<p><span>\u00a0<\/span><\/p>\n<p><span>\u00a0<\/span><\/p>\n<p>[\/et_pb_tab][et_pb_tab title=&#8221;Iznos financiranja&#8221; _builder_version=&#8221;4.24.2&#8243; global_colors_info=&#8221;{}&#8221;]<\/p>\n<p><em><strong>Financiranje: <\/strong><\/em>60.852,00 \u20ac<\/p>\n<ol start=\"2024\"><\/ol>\n<p>[\/et_pb_tab][et_pb_tab title=&#8221;Status&#8221; _builder_version=&#8221;4.24.0&#8243; global_colors_info=&#8221;{}&#8221;]<\/p>\n<p><span><strong>Status:<\/strong> Aktivan<em><\/em><\/span><\/p>\n<p>[\/et_pb_tab][\/et_pb_tabs][et_pb_image src=&#8221;https:\/\/www.hgi-cgs.hr\/wp-content\/uploads\/2024\/02\/Picture1.png&#8221; title_text=&#8221;Picture1&#8243; align=&#8221;center&#8221; _builder_version=&#8221;4.24.0&#8243; _module_preset=&#8221;default&#8221; width=&#8221;25%&#8221; global_colors_info=&#8221;{}&#8221;][\/et_pb_image][\/et_pb_column][\/et_pb_row][\/et_pb_section]<\/p>\n","protected":false},"excerpt":{"rendered":"<p>\u00a0 INTERNI ISTRA\u017dIVA\u010cKI PROJEKTIGlobalni doga\u0111aji u naslagama Jadranske karbonatne platforme (GEACAP)Oceanski anoksi\u010dni doga\u0111aji predstavljaju globalna krizna razdoblja planeta Zemlje. Glavne karakteristike ovih relativno kratkotrajnih epizoda su stratifikacija vodenog stupca i pad oksigenacije u razli\u010ditim horizontima oceana. Inicijalni uzrok su masivne vulkanske erupcije, a direktna posljedica izumiranje pojedinih skupina organizama i evolucija niza novih biljnih i [&hellip;]<\/p>\n","protected":false},"author":1,"featured_media":0,"parent":0,"menu_order":0,"comment_status":"closed","ping_status":"closed","template":"","meta":{"_et_pb_use_builder":"on","_et_pb_old_content":"","_et_gb_content_width":"","footnotes":""},"class_list":["post-43262","page","type-page","status-publish","hentry"],"aioseo_notices":[],"_links":{"self":[{"href":"https:\/\/www.hgi-cgs.hr\/en\/wp-json\/wp\/v2\/pages\/43262","targetHints":{"allow":["GET"]}}],"collection":[{"href":"https:\/\/www.hgi-cgs.hr\/en\/wp-json\/wp\/v2\/pages"}],"about":[{"href":"https:\/\/www.hgi-cgs.hr\/en\/wp-json\/wp\/v2\/types\/page"}],"author":[{"embeddable":true,"href":"https:\/\/www.hgi-cgs.hr\/en\/wp-json\/wp\/v2\/users\/1"}],"replies":[{"embeddable":true,"href":"https:\/\/www.hgi-cgs.hr\/en\/wp-json\/wp\/v2\/comments?post=43262"}],"version-history":[{"count":4,"href":"https:\/\/www.hgi-cgs.hr\/en\/wp-json\/wp\/v2\/pages\/43262\/revisions"}],"predecessor-version":[{"id":46090,"href":"https:\/\/www.hgi-cgs.hr\/en\/wp-json\/wp\/v2\/pages\/43262\/revisions\/46090"}],"wp:attachment":[{"href":"https:\/\/www.hgi-cgs.hr\/en\/wp-json\/wp\/v2\/media?parent=43262"}],"curies":[{"name":"wp","href":"https:\/\/api.w.org\/{rel}","templated":true}]}}