{"id":43200,"date":"2024-03-06T10:26:42","date_gmt":"2024-03-06T10:26:42","guid":{"rendered":"https:\/\/www.hgi-cgs.hr\/?page_id=43200"},"modified":"2025-04-01T09:09:00","modified_gmt":"2025-04-01T09:09:00","slug":"razvoj-miocenskih-paleookolisa-na-prostoru-hrvatske-i-njihova-povezanost-s-globalnim-dogadajima-rampa","status":"publish","type":"page","link":"https:\/\/www.hgi-cgs.hr\/en\/razvoj-miocenskih-paleookolisa-na-prostoru-hrvatske-i-njihova-povezanost-s-globalnim-dogadajima-rampa\/","title":{"rendered":"Razvoj miocenskih paleookoli\u0161a na prostoru Hrvatske i njihova povezanost s globalnim doga\u0111ajima (RAMPA)"},"content":{"rendered":"<p>[et_pb_section fb_built=&#8221;1&#8243; fullwidth=&#8221;on&#8221; _builder_version=&#8221;4.16&#8243; custom_padding=&#8221;0px||0px|||&#8221; global_colors_info=&#8221;{}&#8221;][et_pb_fullwidth_slider _builder_version=&#8221;4.16&#8243; min_height=&#8221;112px&#8221; height=&#8221;400px&#8221; custom_margin=&#8221;0px||||false|false&#8221; custom_padding=&#8221;0px||18px||false|false&#8221; auto=&#8221;on&#8221; auto_ignore_hover=&#8221;on&#8221; locked=&#8221;off&#8221; global_colors_info=&#8221;{}&#8221;][et_pb_slide heading=&#8221;Hrvatski geolo\u0161ki institut&#8221; _builder_version=&#8221;4.16&#8243; header_font=&#8221;|||on|||||&#8221; background_image=&#8221;https:\/\/www.hgi-cgs.hr\/wp-content\/uploads\/2020\/03\/Br\u010di\u0107_Drvenik02-scaled.jpg&#8221; background_enable_image=&#8221;on&#8221; locked=&#8221;off&#8221; global_colors_info=&#8221;{}&#8221; sticky_transition=&#8221;on&#8221;][\/et_pb_slide][et_pb_slide heading=&#8221;Hrvatski geolo\u0161ki institut&#8221; _builder_version=&#8221;4.16&#8243; header_font=&#8221;|||on|||||&#8221; background_image=&#8221;https:\/\/www.hgi-cgs.hr\/wp-content\/uploads\/2020\/03\/ban2-scaled.jpg&#8221; background_enable_image=&#8221;on&#8221; locked=&#8221;off&#8221; global_colors_info=&#8221;{}&#8221; sticky_transition=&#8221;on&#8221;][\/et_pb_slide][et_pb_slide heading=&#8221;Hrvatski geolo\u0161ki institut&#8221; _builder_version=&#8221;4.16&#8243; header_font=&#8221;|||on|||||&#8221; background_image=&#8221;https:\/\/www.hgi-cgs.hr\/wp-content\/uploads\/2020\/03\/20190228_094232-scaled.jpg&#8221; background_enable_image=&#8221;on&#8221; locked=&#8221;off&#8221; global_colors_info=&#8221;{}&#8221; sticky_transition=&#8221;on&#8221;][\/et_pb_slide][et_pb_slide heading=&#8221;Hrvatski geolo\u0161ki institut&#8221; _builder_version=&#8221;4.16&#8243; header_font=&#8221;|||on|||||&#8221; background_image=&#8221;https:\/\/www.hgi-cgs.hr\/wp-content\/uploads\/2020\/03\/ban3-scaled.jpg&#8221; background_enable_image=&#8221;on&#8221; locked=&#8221;off&#8221; global_colors_info=&#8221;{}&#8221; sticky_transition=&#8221;on&#8221;][\/et_pb_slide][et_pb_slide heading=&#8221;Hrvatski geolo\u0161ki institut&#8221; _builder_version=&#8221;4.16&#8243; header_font=&#8221;|||on|||||&#8221; background_image=&#8221;https:\/\/www.hgi-cgs.hr\/wp-content\/uploads\/2020\/03\/Bijele_stijene-Gorski_kotar-scaled.jpg&#8221; background_enable_image=&#8221;on&#8221; locked=&#8221;off&#8221; global_colors_info=&#8221;{}&#8221; sticky_transition=&#8221;on&#8221;][\/et_pb_slide][et_pb_slide heading=&#8221;Hrvatski geolo\u0161ki institut&#8221; _builder_version=&#8221;4.16&#8243; header_font=&#8221;|||on|||||&#8221; background_image=&#8221;https:\/\/www.hgi-cgs.hr\/wp-content\/uploads\/2020\/03\/ban4-scaled.jpg&#8221; background_enable_image=&#8221;on&#8221; locked=&#8221;off&#8221; global_colors_info=&#8221;{}&#8221; sticky_transition=&#8221;on&#8221;][\/et_pb_slide][et_pb_slide heading=&#8221;Hrvatski geolo\u0161ki institut&#8221; _builder_version=&#8221;4.16&#8243; header_font=&#8221;|||on|||||&#8221; background_image=&#8221;https:\/\/www.hgi-cgs.hr\/wp-content\/uploads\/2020\/03\/ban5-scaled.jpg&#8221; background_enable_image=&#8221;on&#8221; locked=&#8221;off&#8221; global_colors_info=&#8221;{}&#8221; sticky_transition=&#8221;on&#8221;][\/et_pb_slide][\/et_pb_fullwidth_slider][\/et_pb_section][et_pb_section fb_built=&#8221;1&#8243; _builder_version=&#8221;4.16&#8243; custom_padding=&#8221;||7px|||&#8221; global_colors_info=&#8221;{}&#8221;][et_pb_row _builder_version=&#8221;4.16&#8243; global_colors_info=&#8221;{}&#8221;][et_pb_column type=&#8221;4_4&#8243; _builder_version=&#8221;4.16&#8243; global_colors_info=&#8221;{}&#8221;][et_pb_text _builder_version=&#8221;4.24.0&#8243; text_font_size=&#8221;32px&#8221; header_2_text_color=&#8221;#1e5096&#8243; global_colors_info=&#8221;{}&#8221;]<\/p>\n<h2 style=\"text-align: center; color: #1e5096;\"><strong>\u00a0<\/strong><\/h2>\n<h2 style=\"text-align: center; color: #1e5096;\"><strong>INTERNI ISTRA\u017dIVA\u010cKI PROJEKTI<br \/><\/strong><\/h2>\n<p>[\/et_pb_text][\/et_pb_column][\/et_pb_row][\/et_pb_section][et_pb_section fb_built=&#8221;1&#8243; _builder_version=&#8221;4.16&#8243; custom_padding=&#8221;5px||41px|||&#8221; global_colors_info=&#8221;{}&#8221;][et_pb_row _builder_version=&#8221;4.16&#8243; custom_margin=&#8221;||20px&#8221; custom_padding=&#8221;||50px&#8221; global_colors_info=&#8221;{}&#8221;][et_pb_column type=&#8221;4_4&#8243; _builder_version=&#8221;4.16&#8243; custom_padding=&#8221;|||&#8221; global_colors_info=&#8221;{}&#8221; custom_padding__hover=&#8221;|||&#8221;][et_pb_text _builder_version=&#8221;4.24.0&#8243; text_font=&#8221;|300|||||||&#8221; ul_font=&#8221;||||||||&#8221; header_font=&#8221;||||||||&#8221; header_text_align=&#8221;center&#8221; header_2_font=&#8221;|800|||||||&#8221; header_2_text_align=&#8221;center&#8221; header_2_text_color=&#8221;#1e5096&#8243; header_2_font_size=&#8221;54px&#8221; header_3_font=&#8221;|300|||||||&#8221; header_3_line_height=&#8221;1.3em&#8221; text_orientation=&#8221;center&#8221; custom_margin=&#8221;-4px||18px|||&#8221; custom_padding=&#8221;||22px|||&#8221; animation_direction=&#8221;bottom&#8221; header_2_font_size_tablet=&#8221;&#8221; header_2_font_size_phone=&#8221;30px&#8221; header_2_font_size_last_edited=&#8221;on|phone&#8221; header_2_text_shadow_style=&#8221;preset1&#8243; header_2_text_shadow_horizontal_length=&#8221;0.03em&#8221; header_2_text_shadow_vertical_length=&#8221;0.03em&#8221; header_2_text_shadow_blur_strength=&#8221;0.05em&#8221; header_2_text_shadow_color=&#8221;rgba(0,0,0,0.3)&#8221; global_colors_info=&#8221;{}&#8221;]<\/p>\n<h3><strong>Razvoj miocenskih paleookoli\u0161a na prostoru Hrvatske i njihova povezanost s globalnim doga\u0111ajima (<\/strong><strong>RAMPA)<\/strong><\/h3>\n<p>[\/et_pb_text][et_pb_image src=&#8221;https:\/\/www.hgi-cgs.hr\/wp-content\/uploads\/2024\/03\/rampa.png&#8221; title_text=&#8221;rampa&#8221; align=&#8221;center&#8221; _builder_version=&#8221;4.24.0&#8243; _module_preset=&#8221;default&#8221; custom_margin=&#8221;||65px|||&#8221; global_colors_info=&#8221;{}&#8221;][\/et_pb_image][et_pb_tabs _builder_version=&#8221;4.27.4&#8243; custom_margin=&#8221;-15px||||false|false&#8221; hover_enabled=&#8221;0&#8243; global_colors_info=&#8221;{}&#8221; sticky_enabled=&#8221;0&#8243;][et_pb_tab title=&#8221;O projektu&#8221; _builder_version=&#8221;4.27.4&#8243; _module_preset=&#8221;default&#8221; hover_enabled=&#8221;0&#8243; global_colors_info=&#8221;{}&#8221; sticky_enabled=&#8221;0&#8243;]<\/p>\n<p>U relativno kratkom geolo\u0161kom razdoblju tijekom donjeg miocena globalni i lokalni doga\u0111aji utjecali su na razvoj dva bazenska prostora s razli\u010ditom povije\u0161\u0107u talo\u017eenja: Hrvatsko zagorje (HZB) i Sjevernohrvatski bazen (SHB). Uvrije\u017eeno je mi\u0161ljenje da su donjomiocenske marinske naslage na prostoru Hrvatske jedino istalo\u017eene na malom prostoru u HZB, koji je bio dio Centralnog Paratethysa od po\u010detka miocena,\u00a0 dok\u00a0 u SHB, razvoj bazena zapo\u010dinje u otnangu s formiranjem kontinentalnih sredina nakon dugotrajne emerzije, a marinska sedimentacija zapo\u010dela je u donjem badenu. Najnovija istra\u017eivanja dokumentiraju raniju transgresiju na prostoru SHB krajem donjeg miocena te ukazuju na potrebu redefiniranja po\u010detka transgresije i rekonstrukciju paleookoli\u0161a. Promjene smjera cirkulacije i razli\u010diti karakteri prihranjivanja miocenskih bazena Hrvatske rezultirali su promjenama abioti\u010dkih i bioti\u010dkih \u010dimbenika koji odre\u0111uju razli\u010dite tipove paleookoli\u0161a. Povezivanjem sedimentolo\u0161kih, mineralo\u0161kih, geokemijskih i fosilnih podataka definirat \u0107emo paleookoli\u0161e kroz prostor i vrijeme. Koncentrirat \u0107emo se\u00a0 na prepoznavanje globalnih doga\u0111aja koji su obilje\u017eili vrijeme miocena, a posebna pa\u017enja bit \u0107e usmjerena na temperature vode u dugovje\u010dnim jezerima i moru kao i prosje\u010dne godi\u0161nje temperature\u00a0 koje su bile u skladu s promjenama globalne temperature uzrokovane fluktuacijama u sadr\u017eaju uglji\u010dnog dioksida u atmosferi. Istra\u017eivanja \u0107e se provoditi unutar dva radna paketa. Istra\u017eivanjem mineralo\u0161kih, geokemijskih i sedimentolo\u0161kih podataka te razli\u010ditih skupina fosila\u00a0 (vapnena\u010dki nanoplankton, palinomorfe, foraminifere, ostrakodi, otoliti riba i meku\u0161ci) \u00a0definirat \u0107emo tipove paleookoli\u0161a i njihov me\u0111usobni prostorni i vremenski odnos; napraviti paleoklimatsku rekonstrukciju naslaga miocena; utvrditi paleobiogeografska kretanja najzna\u010dajnijih fosilnih grupa; utvrditi glavne zonalne fosile i marker vrste pojedinih fosilnih skupina te razmotriti korelaciju s op\u0107e prihva\u0107enom zonacijom u Paratethysu i Mediteranu. Glavni cilj projekta je povezivanje\u00a0 dobivenih rezultata istra\u017eivanja s poznatim globalnim i regionalnim miocenskim doga\u0111ajima: kao \u0161to su miocenski klimatski optimum, srednjomiocenska klimatska tranzicija, badenska kriza saliniteta, doga\u0111aje izumiranja faune na granicama badena i sarmata te sarmata i panona, \u201ewashhouse\u201c doga\u0111aj u gornjem miocenu, pomak izotopa ugljika u kasnom miocenu, zahla\u0111enje u gornjem miocenu i mesinsku krizu saliniteta.<\/p>\n<p><a href=\"https:\/\/www.hgi-cgs.hr\/rampa-novosti-i-obavijesti\/\"><em><strong>RAMPA &#8211; Novosti i obavijesti<\/strong><\/em><\/a><\/p>\n<p>[\/et_pb_tab][et_pb_tab title=&#8221;Voditelj&#8221; _builder_version=&#8221;4.24.0&#8243; global_colors_info=&#8221;{}&#8221;]<\/p>\n<p><em><strong>Glavni istra\u017eiva\u010d \/ voditelj projekta:<\/strong><\/em>\u00a0<em>D<\/em><em>r. sc. Valentina Hajek-Tadesse<\/em><\/p>\n<p>[\/et_pb_tab][et_pb_tab title=&#8221;Suradnici&#8221; _builder_version=&#8221;4.24.0&#8243; global_colors_info=&#8221;{}&#8221;]<\/p>\n<p><strong>Hrvatski geolo\u0161ki institut, Zagreb:<\/strong><\/p>\n<p>Bakra\u010d Koraljka,<\/p>\n<p>Grizelj Anita,<\/p>\n<p>Galovi\u0107 Ines,<\/p>\n<p>Kure\u010di\u0107 Tomislav,<\/p>\n<p>Wacha Lara,<\/p>\n<p>\u010cai\u0107 Jankovi\u0107 Ana,<\/p>\n<p>Feri\u0107 Pavle,<\/p>\n<p>Filjak Radovan,<\/p>\n<p>Milo\u0161evi\u0107 Monika (doktorandica),<\/p>\n<p>Mu\u017eek Katja (doktorandica)<\/p>\n<p><strong>Vanjski suradnici:<\/strong><\/p>\n<p>Oleg Mandic, <em>Prirodoslovni muzej Be\u010d<\/em>;<\/p>\n<p>Bettina Richenbacher, <em>Ludwig-Maximilian &#8211;<\/em> <em>Sveu\u010dili\u0161te, M\u00fcnchen, Njema\u010dka; <\/em><\/p>\n<p>Maud Meijers,<em> Earth Sciences Sveu\u010dili\u0161te u Grazu; <\/em><\/p>\n<p>Elsa Gliozzi, <em>ROMA TRE Sveu\u010dili\u0161te; <\/em><\/p>\n<p>Ljupko Rundi\u0107, <em>Rudarsko geolo\u0161ki fakultet, Univerzitet u Beogradu; <\/em><\/p>\n<p>Miha Marin\u0161ek, <em>Geolo\u0161ki zavod Slovenije; <\/em><\/p>\n<p>Marianna Kov\u00e1\u010dov\u00e1, <em>Sveu\u010dili\u0161te Comenius u Bratislavi, Slova\u010dka;<\/em><\/p>\n<p>Marijan Kova\u010di\u0107, <em>Prirodoslovno-matemati\u010dki fakultet Sveu\u010dili\u0161ta u Zagrebu.<\/em><\/p>\n<p>[\/et_pb_tab][et_pb_tab title=&#8221;Trajanje projekta&#8221; _builder_version=&#8221;4.24.0&#8243; global_colors_info=&#8221;{}&#8221;]<\/p>\n<p><strong>Trajanje projekta:<\/strong> 01.01.2024.\u201331.12.2027.<\/p>\n<p>&nbsp;<\/p>\n<p style=\"text-align: left;\"><span><strong><\/strong><br \/><\/span><\/p>\n<p><span>\u00a0<\/span><\/p>\n<p>[\/et_pb_tab][et_pb_tab title=&#8221;Kategorija&#8221; _builder_version=&#8221;4.24.0&#8243; global_colors_info=&#8221;{}&#8221;]<\/p>\n<p><span><strong>Kategorija projekta: <\/strong><\/span>istra\u017eiva\u010dki projekt pra\u0107en od strane Ministarstva znanosti i obrazovanja Republike Hrvatske; sredstva iz Nacionalnog plana oporavka i otpornosti 2021.\u20132026. \u2013 NextGenerationEU<\/p>\n<p><span>\u00a0<\/span><\/p>\n<p><span>\u00a0<\/span><\/p>\n<p>[\/et_pb_tab][et_pb_tab title=&#8221;Iznos financiranja&#8221; _builder_version=&#8221;4.24.0&#8243; global_colors_info=&#8221;{}&#8221;]<\/p>\n<p><em><strong>Financiranje:\u00a0 <\/strong><\/em>60.800,00 \u20ac<\/p>\n<ol start=\"2024\"><\/ol>\n<p>[\/et_pb_tab][et_pb_tab title=&#8221;Status&#8221; _builder_version=&#8221;4.24.0&#8243; global_colors_info=&#8221;{}&#8221;]<\/p>\n<p><span><strong>Status:<\/strong> Aktivan<em><\/em><\/span><\/p>\n<p>[\/et_pb_tab][\/et_pb_tabs][et_pb_image src=&#8221;https:\/\/www.hgi-cgs.hr\/wp-content\/uploads\/2024\/02\/Picture1.png&#8221; title_text=&#8221;Picture1&#8243; align=&#8221;center&#8221; _builder_version=&#8221;4.24.0&#8243; _module_preset=&#8221;default&#8221; width=&#8221;25%&#8221; global_colors_info=&#8221;{}&#8221;][\/et_pb_image][\/et_pb_column][\/et_pb_row][\/et_pb_section]<\/p>\n","protected":false},"excerpt":{"rendered":"<p>\u00a0 INTERNI ISTRA\u017dIVA\u010cKI PROJEKTIRazvoj miocenskih paleookoli\u0161a na prostoru Hrvatske i njihova povezanost s globalnim doga\u0111ajima (RAMPA)U relativno kratkom geolo\u0161kom razdoblju tijekom donjeg miocena globalni i lokalni doga\u0111aji utjecali su na razvoj dva bazenska prostora s razli\u010ditom povije\u0161\u0107u talo\u017eenja: Hrvatsko zagorje (HZB) i Sjevernohrvatski bazen (SHB). Uvrije\u017eeno je mi\u0161ljenje da su donjomiocenske marinske naslage na prostoru [&hellip;]<\/p>\n","protected":false},"author":1,"featured_media":0,"parent":0,"menu_order":0,"comment_status":"closed","ping_status":"closed","template":"","meta":{"_et_pb_use_builder":"on","_et_pb_old_content":"","_et_gb_content_width":"","footnotes":""},"class_list":["post-43200","page","type-page","status-publish","hentry"],"aioseo_notices":[],"_links":{"self":[{"href":"https:\/\/www.hgi-cgs.hr\/en\/wp-json\/wp\/v2\/pages\/43200","targetHints":{"allow":["GET"]}}],"collection":[{"href":"https:\/\/www.hgi-cgs.hr\/en\/wp-json\/wp\/v2\/pages"}],"about":[{"href":"https:\/\/www.hgi-cgs.hr\/en\/wp-json\/wp\/v2\/types\/page"}],"author":[{"embeddable":true,"href":"https:\/\/www.hgi-cgs.hr\/en\/wp-json\/wp\/v2\/users\/1"}],"replies":[{"embeddable":true,"href":"https:\/\/www.hgi-cgs.hr\/en\/wp-json\/wp\/v2\/comments?post=43200"}],"version-history":[{"count":4,"href":"https:\/\/www.hgi-cgs.hr\/en\/wp-json\/wp\/v2\/pages\/43200\/revisions"}],"predecessor-version":[{"id":44972,"href":"https:\/\/www.hgi-cgs.hr\/en\/wp-json\/wp\/v2\/pages\/43200\/revisions\/44972"}],"wp:attachment":[{"href":"https:\/\/www.hgi-cgs.hr\/en\/wp-json\/wp\/v2\/media?parent=43200"}],"curies":[{"name":"wp","href":"https:\/\/api.w.org\/{rel}","templated":true}]}}