{"id":43190,"date":"2024-03-05T12:00:40","date_gmt":"2024-03-05T12:00:40","guid":{"rendered":"https:\/\/www.hgi-cgs.hr\/?page_id=43190"},"modified":"2025-02-27T08:14:25","modified_gmt":"2025-02-27T08:14:25","slug":"paleolimnologija-hrvatskih-krskih-jezera-pracenje-promjena-okolisa-plate","status":"publish","type":"page","link":"https:\/\/www.hgi-cgs.hr\/en\/paleolimnologija-hrvatskih-krskih-jezera-pracenje-promjena-okolisa-plate\/","title":{"rendered":"Paleolimnology of Croatian karst lakes: tracing environmental change (PLATE)"},"content":{"rendered":"<p>[et_pb_section fb_built=&#8221;1&#8243; fullwidth=&#8221;on&#8221; _builder_version=&#8221;4.16&#8243; custom_padding=&#8221;0px||0px|||&#8221; global_colors_info=&#8221;{}&#8221;][et_pb_fullwidth_slider _builder_version=&#8221;4.16&#8243; min_height=&#8221;112px&#8221; height=&#8221;400px&#8221; custom_margin=&#8221;0px||||false|false&#8221; custom_padding=&#8221;0px||18px||false|false&#8221; auto=&#8221;on&#8221; auto_ignore_hover=&#8221;on&#8221; locked=&#8221;off&#8221; global_colors_info=&#8221;{}&#8221;][et_pb_slide heading=&#8221;Hrvatski geolo\u0161ki institut&#8221; _builder_version=&#8221;4.16&#8243; header_font=&#8221;|||on|||||&#8221; background_image=&#8221;https:\/\/www.hgi-cgs.hr\/wp-content\/uploads\/2020\/03\/Br\u010di\u0107_Drvenik02-scaled.jpg&#8221; background_enable_image=&#8221;on&#8221; locked=&#8221;off&#8221; global_colors_info=&#8221;{}&#8221; sticky_transition=&#8221;on&#8221;][\/et_pb_slide][et_pb_slide heading=&#8221;Hrvatski geolo\u0161ki institut&#8221; _builder_version=&#8221;4.16&#8243; header_font=&#8221;|||on|||||&#8221; background_image=&#8221;https:\/\/www.hgi-cgs.hr\/wp-content\/uploads\/2020\/03\/ban2-scaled.jpg&#8221; background_enable_image=&#8221;on&#8221; locked=&#8221;off&#8221; global_colors_info=&#8221;{}&#8221; sticky_transition=&#8221;on&#8221;][\/et_pb_slide][et_pb_slide heading=&#8221;Hrvatski geolo\u0161ki institut&#8221; _builder_version=&#8221;4.16&#8243; header_font=&#8221;|||on|||||&#8221; background_image=&#8221;https:\/\/www.hgi-cgs.hr\/wp-content\/uploads\/2020\/03\/20190228_094232-scaled.jpg&#8221; background_enable_image=&#8221;on&#8221; locked=&#8221;off&#8221; global_colors_info=&#8221;{}&#8221; sticky_transition=&#8221;on&#8221;][\/et_pb_slide][et_pb_slide heading=&#8221;Hrvatski geolo\u0161ki institut&#8221; _builder_version=&#8221;4.16&#8243; header_font=&#8221;|||on|||||&#8221; background_image=&#8221;https:\/\/www.hgi-cgs.hr\/wp-content\/uploads\/2020\/03\/ban3-scaled.jpg&#8221; background_enable_image=&#8221;on&#8221; locked=&#8221;off&#8221; global_colors_info=&#8221;{}&#8221; sticky_transition=&#8221;on&#8221;][\/et_pb_slide][et_pb_slide heading=&#8221;Hrvatski geolo\u0161ki institut&#8221; _builder_version=&#8221;4.16&#8243; header_font=&#8221;|||on|||||&#8221; background_image=&#8221;https:\/\/www.hgi-cgs.hr\/wp-content\/uploads\/2020\/03\/Bijele_stijene-Gorski_kotar-scaled.jpg&#8221; background_enable_image=&#8221;on&#8221; locked=&#8221;off&#8221; global_colors_info=&#8221;{}&#8221; sticky_transition=&#8221;on&#8221;][\/et_pb_slide][et_pb_slide heading=&#8221;Hrvatski geolo\u0161ki institut&#8221; _builder_version=&#8221;4.16&#8243; header_font=&#8221;|||on|||||&#8221; background_image=&#8221;https:\/\/www.hgi-cgs.hr\/wp-content\/uploads\/2020\/03\/ban4-scaled.jpg&#8221; background_enable_image=&#8221;on&#8221; locked=&#8221;off&#8221; global_colors_info=&#8221;{}&#8221; sticky_transition=&#8221;on&#8221;][\/et_pb_slide][et_pb_slide heading=&#8221;Hrvatski geolo\u0161ki institut&#8221; _builder_version=&#8221;4.16&#8243; header_font=&#8221;|||on|||||&#8221; background_image=&#8221;https:\/\/www.hgi-cgs.hr\/wp-content\/uploads\/2020\/03\/ban5-scaled.jpg&#8221; background_enable_image=&#8221;on&#8221; locked=&#8221;off&#8221; global_colors_info=&#8221;{}&#8221; sticky_transition=&#8221;on&#8221;][\/et_pb_slide][\/et_pb_fullwidth_slider][\/et_pb_section][et_pb_section fb_built=&#8221;1&#8243; _builder_version=&#8221;4.16&#8243; custom_padding=&#8221;||7px|||&#8221; global_colors_info=&#8221;{}&#8221;][et_pb_row _builder_version=&#8221;4.16&#8243; global_colors_info=&#8221;{}&#8221;][et_pb_column type=&#8221;4_4&#8243; _builder_version=&#8221;4.16&#8243; global_colors_info=&#8221;{}&#8221;][et_pb_text _builder_version=&#8221;4.24.0&#8243; text_font_size=&#8221;32px&#8221; header_2_text_color=&#8221;#1e5096&#8243; global_colors_info=&#8221;{}&#8221;]<\/p>\n<h2 style=\"text-align: center; color: #1e5096;\"><strong>\u00a0<\/strong><\/h2>\n<h2 style=\"text-align: center; color: #1e5096;\"><strong>INTERNI ISTRA\u017dIVA\u010cKI PROJEKTI<br \/><\/strong><\/h2>\n<p>[\/et_pb_text][\/et_pb_column][\/et_pb_row][\/et_pb_section][et_pb_section fb_built=&#8221;1&#8243; _builder_version=&#8221;4.16&#8243; custom_padding=&#8221;5px||41px|||&#8221; global_colors_info=&#8221;{}&#8221;][et_pb_row _builder_version=&#8221;4.16&#8243; custom_margin=&#8221;||20px&#8221; custom_padding=&#8221;||50px&#8221; global_colors_info=&#8221;{}&#8221;][et_pb_column type=&#8221;4_4&#8243; _builder_version=&#8221;4.16&#8243; custom_padding=&#8221;|||&#8221; global_colors_info=&#8221;{}&#8221; custom_padding__hover=&#8221;|||&#8221;][et_pb_text _builder_version=&#8221;4.24.0&#8243; text_font=&#8221;|300|||||||&#8221; ul_font=&#8221;||||||||&#8221; header_font=&#8221;||||||||&#8221; header_text_align=&#8221;center&#8221; header_2_font=&#8221;|800|||||||&#8221; header_2_text_align=&#8221;center&#8221; header_2_text_color=&#8221;#1e5096&#8243; header_2_font_size=&#8221;54px&#8221; header_3_font=&#8221;|300|||||||&#8221; header_3_line_height=&#8221;1.3em&#8221; text_orientation=&#8221;center&#8221; custom_margin=&#8221;-4px||18px|||&#8221; custom_padding=&#8221;||22px|||&#8221; animation_direction=&#8221;bottom&#8221; header_2_font_size_tablet=&#8221;&#8221; header_2_font_size_phone=&#8221;30px&#8221; header_2_font_size_last_edited=&#8221;on|phone&#8221; header_2_text_shadow_style=&#8221;preset1&#8243; header_2_text_shadow_horizontal_length=&#8221;0.03em&#8221; header_2_text_shadow_vertical_length=&#8221;0.03em&#8221; header_2_text_shadow_blur_strength=&#8221;0.05em&#8221; header_2_text_shadow_color=&#8221;rgba(0,0,0,0.3)&#8221; global_colors_info=&#8221;{}&#8221;]<\/p>\n<h3><strong>Paleolimnologija hrvatskih kr\u0161kih jezera: pra\u0107enje promjena okoli\u0161a(PLATE)<\/strong><\/h3>\n<p>[\/et_pb_text][et_pb_image src=&#8221;https:\/\/www.hgi-cgs.hr\/wp-content\/uploads\/2025\/02\/PLATE_final.jpg&#8221; title_text=&#8221;PLATE_final&#8221; align=&#8221;center&#8221; _builder_version=&#8221;4.27.4&#8243; _module_preset=&#8221;default&#8221; hover_enabled=&#8221;0&#8243; global_colors_info=&#8221;{}&#8221; width=&#8221;50%&#8221; sticky_enabled=&#8221;0&#8243;][\/et_pb_image][et_pb_tabs _builder_version=&#8221;4.24.0&#8243; custom_margin=&#8221;-15px||||false|false&#8221; global_colors_info=&#8221;{}&#8221;][et_pb_tab title=&#8221;O projektu&#8221; _builder_version=&#8221;4.24.0&#8243; _module_preset=&#8221;default&#8221; global_colors_info=&#8221;{}&#8221;]<\/p>\n<p>Jezgre sedimenta jezera pru\u017eaju sveobuhvatan zapis o promjenama okoli\u0161a u kasnom pleistocenu\/holocenu zbog kontinuiranog nakupljanja sedimenata. U sklopu predlo\u017eenog projekta izvr\u0161it \u0107e se detaljne geokemijske (elementna analiza, organski ugljik, stabilni izotopi, biomarkeri) i radiokarbonske analize u kr\u0161kim jezerima, mo\u010dvarama i poljima (Visova\u010dko jezero, Vransko jezero kod Biograda, Nadinsko blato). Geofizi\u010dka istra\u017eivanja u jezerima i poljima (geolo\u0161ki i vi\u0161enospni dubinomjer, georadar) omogu\u0107uju odre\u0111ivanje detaljne geomorfolo\u0161ke karakteristike te 2D, kao i 3D vizualizaciju geomorfologije dna jezera i polja. Elementni, izotopni ili molekularni sastojci jezerskih sedimenata odra\u017eavaju vanjski dosos materijala, kao i unutarnje biogeokemijske cikluse jezera. Geokemijske, mineralo\u0161ke i sedimentolo\u0161ke karakteristike, zajedno s paleontolo\u0161kim fosilnim ostacima (ostrakodi) i fosilnim molekulama (biomarkeri) ekstrahiranim iz sedimentnih arhiva, koristit \u0107e se za rekonstrukciju pro\u0161lih uvjeta okoli\u0161a. Cilj projekta je rekonstruirati pro\u0161le promjene okoli\u0161a u jezerima kombinacijom geofizi\u010dkih daljinskih istra\u017eivanja i multi-proxy podataka analizama jezgri sedimenata, objaviti rezultate projekta i dobiti osnovu za prijavu znanstvenog projekta. Paleolimnolo\u0161ka mre\u017ea obuhvatila bi istra\u017eivanje slatkovodnog Visova\u010dkog jezera, prijelaznog slatkovodno-mo\u010dvarnog jezera (Vransko jezero kod Biograda, podru\u010dje Jasena) i kr\u0161kog polja Nadinsko blato u kr\u0161kom dijelu Hrvatske.<\/p>\n<p>[\/et_pb_tab][et_pb_tab title=&#8221;Voditelj&#8221; _builder_version=&#8221;4.24.0&#8243; global_colors_info=&#8221;{}&#8221;]<\/p>\n<p><em><strong>Glavni istra\u017eiva\u010d \/ voditelj projekta:<\/strong><\/em> <span>dr. sc. Nikolina Ilijani\u0107<\/span><\/p>\n<p>[\/et_pb_tab][et_pb_tab title=&#8221;Suradnici&#8221; _builder_version=&#8221;4.24.0&#8243; global_colors_info=&#8221;{}&#8221;]<\/p>\n<p><span> dr. sc. Dea Brunovi\u0107,<\/span><\/p>\n<p><span> dr. sc. Ozren Hasa, <\/span><\/p>\n<p><span>dr. sc. Slobodan Miko, <\/span><\/p>\n<p><span>dr. sc. Sa\u0161a Mesi\u0107, <\/span><\/p>\n<p><span>dr. sc. Tamara Markovi\u0107, <\/span><\/p>\n<p><span>Natalia Smrkulj, mag. geol., <\/span><\/p>\n<p><span>Ivona Ivki\u0107 Filipovi\u0107, mag. geol., <\/span><\/p>\n<p><span>mr.sc. Martina \u0160parica Miko, <\/span><\/p>\n<p><span>Ana-Maria Heski, mag. ing. cheming, <\/span><\/p>\n<p><span>Filip \u0160egovi\u0107, mag. ing. geol.<\/span><\/p>\n<p>[\/et_pb_tab][et_pb_tab title=&#8221;Trajanje projekta&#8221; _builder_version=&#8221;4.24.0&#8243; global_colors_info=&#8221;{}&#8221;]<\/p>\n<p><strong>Trajanje projekta:<\/strong> 01.01.2024.\u201331.12.2027.<\/p>\n<p>&nbsp;<\/p>\n<p style=\"text-align: left;\"><span><strong><\/strong><br \/><\/span><\/p>\n<p><span>\u00a0<\/span><\/p>\n<p>[\/et_pb_tab][et_pb_tab title=&#8221;Kategorija&#8221; _builder_version=&#8221;4.24.0&#8243; global_colors_info=&#8221;{}&#8221;]<\/p>\n<p><span><strong>Kategorija projekta: <\/strong><\/span>istra\u017eiva\u010dki projekt pra\u0107en od strane Ministarstva znanosti i obrazovanja Republike Hrvatske; sredstva iz Nacionalnog plana oporavka i otpornosti 2021.\u20132026. \u2013 NextGenerationEU<\/p>\n<p><span>\u00a0<\/span><\/p>\n<p><span>\u00a0<\/span><\/p>\n<p>[\/et_pb_tab][et_pb_tab title=&#8221;Iznos financiranja&#8221; _builder_version=&#8221;4.24.0&#8243; global_colors_info=&#8221;{}&#8221;]<\/p>\n<p><em><strong>Financiranje:\u00a0\u00a0<\/strong><\/em><span>59.400,00 <\/span> \u20ac<\/p>\n<ol start=\"2024\"><\/ol>\n<p>[\/et_pb_tab][et_pb_tab title=&#8221;Status&#8221; _builder_version=&#8221;4.24.0&#8243; global_colors_info=&#8221;{}&#8221;]<\/p>\n<p><span><strong>Status:<\/strong> Aktivan<em><\/em><\/span><\/p>\n<p>[\/et_pb_tab][\/et_pb_tabs][et_pb_image src=&#8221;https:\/\/www.hgi-cgs.hr\/wp-content\/uploads\/2024\/02\/Picture1.png&#8221; title_text=&#8221;Picture1&#8243; align=&#8221;center&#8221; _builder_version=&#8221;4.24.0&#8243; _module_preset=&#8221;default&#8221; width=&#8221;25%&#8221; global_colors_info=&#8221;{}&#8221;][\/et_pb_image][\/et_pb_column][\/et_pb_row][\/et_pb_section]<\/p>\n","protected":false},"excerpt":{"rendered":"<p>\u00a0 INTERNI ISTRA\u017dIVA\u010cKI PROJEKTIPaleolimnologija hrvatskih kr\u0161kih jezera: pra\u0107enje promjena okoli\u0161a(PLATE)Jezgre sedimenta jezera pru\u017eaju sveobuhvatan zapis o promjenama okoli\u0161a u kasnom pleistocenu\/holocenu zbog kontinuiranog nakupljanja sedimenata. U sklopu predlo\u017eenog projekta izvr\u0161it \u0107e se detaljne geokemijske (elementna analiza, organski ugljik, stabilni izotopi, biomarkeri) i radiokarbonske analize u kr\u0161kim jezerima, mo\u010dvarama i poljima (Visova\u010dko jezero, Vransko jezero kod [&hellip;]<\/p>\n","protected":false},"author":1,"featured_media":0,"parent":0,"menu_order":0,"comment_status":"closed","ping_status":"closed","template":"","meta":{"_et_pb_use_builder":"on","_et_pb_old_content":"","_et_gb_content_width":"","footnotes":""},"class_list":["post-43190","page","type-page","status-publish","hentry"],"aioseo_notices":[],"_links":{"self":[{"href":"https:\/\/www.hgi-cgs.hr\/en\/wp-json\/wp\/v2\/pages\/43190","targetHints":{"allow":["GET"]}}],"collection":[{"href":"https:\/\/www.hgi-cgs.hr\/en\/wp-json\/wp\/v2\/pages"}],"about":[{"href":"https:\/\/www.hgi-cgs.hr\/en\/wp-json\/wp\/v2\/types\/page"}],"author":[{"embeddable":true,"href":"https:\/\/www.hgi-cgs.hr\/en\/wp-json\/wp\/v2\/users\/1"}],"replies":[{"embeddable":true,"href":"https:\/\/www.hgi-cgs.hr\/en\/wp-json\/wp\/v2\/comments?post=43190"}],"version-history":[{"count":7,"href":"https:\/\/www.hgi-cgs.hr\/en\/wp-json\/wp\/v2\/pages\/43190\/revisions"}],"predecessor-version":[{"id":44673,"href":"https:\/\/www.hgi-cgs.hr\/en\/wp-json\/wp\/v2\/pages\/43190\/revisions\/44673"}],"wp:attachment":[{"href":"https:\/\/www.hgi-cgs.hr\/en\/wp-json\/wp\/v2\/media?parent=43190"}],"curies":[{"name":"wp","href":"https:\/\/api.w.org\/{rel}","templated":true}]}}