{"id":43184,"date":"2024-03-04T13:24:42","date_gmt":"2024-03-04T13:24:42","guid":{"rendered":"https:\/\/www.hgi-cgs.hr\/?page_id=43184"},"modified":"2025-01-23T09:35:32","modified_gmt":"2025-01-23T09:35:32","slug":"geoloska-evolucija-sinorogenetskih-i-postorogenetskih-taloznih-sustava-otoka-raba-i-krka-gorik","status":"publish","type":"page","link":"https:\/\/www.hgi-cgs.hr\/en\/geoloska-evolucija-sinorogenetskih-i-postorogenetskih-taloznih-sustava-otoka-raba-i-krka-gorik\/","title":{"rendered":"Geolo\u0161ka evolucija sinorogenetskih i postorogenetskih talo\u017enih sustava otoka Raba i Krka (GORIK)"},"content":{"rendered":"<p>[et_pb_section fb_built=&#8221;1&#8243; fullwidth=&#8221;on&#8221; _builder_version=&#8221;4.16&#8243; custom_padding=&#8221;0px||0px|||&#8221; global_colors_info=&#8221;{}&#8221;][et_pb_fullwidth_slider _builder_version=&#8221;4.16&#8243; min_height=&#8221;112px&#8221; height=&#8221;400px&#8221; custom_margin=&#8221;0px||||false|false&#8221; custom_padding=&#8221;0px||18px||false|false&#8221; auto=&#8221;on&#8221; auto_ignore_hover=&#8221;on&#8221; locked=&#8221;off&#8221; global_colors_info=&#8221;{}&#8221;][et_pb_slide heading=&#8221;Hrvatski geolo\u0161ki institut&#8221; _builder_version=&#8221;4.16&#8243; header_font=&#8221;|||on|||||&#8221; background_image=&#8221;https:\/\/www.hgi-cgs.hr\/wp-content\/uploads\/2020\/03\/Br\u010di\u0107_Drvenik02-scaled.jpg&#8221; background_enable_image=&#8221;on&#8221; locked=&#8221;off&#8221; global_colors_info=&#8221;{}&#8221; sticky_transition=&#8221;on&#8221;][\/et_pb_slide][et_pb_slide heading=&#8221;Hrvatski geolo\u0161ki institut&#8221; _builder_version=&#8221;4.16&#8243; header_font=&#8221;|||on|||||&#8221; background_image=&#8221;https:\/\/www.hgi-cgs.hr\/wp-content\/uploads\/2020\/03\/ban2-scaled.jpg&#8221; background_enable_image=&#8221;on&#8221; locked=&#8221;off&#8221; global_colors_info=&#8221;{}&#8221; sticky_transition=&#8221;on&#8221;][\/et_pb_slide][et_pb_slide heading=&#8221;Hrvatski geolo\u0161ki institut&#8221; _builder_version=&#8221;4.16&#8243; header_font=&#8221;|||on|||||&#8221; background_image=&#8221;https:\/\/www.hgi-cgs.hr\/wp-content\/uploads\/2020\/03\/20190228_094232-scaled.jpg&#8221; background_enable_image=&#8221;on&#8221; locked=&#8221;off&#8221; global_colors_info=&#8221;{}&#8221; sticky_transition=&#8221;on&#8221;][\/et_pb_slide][et_pb_slide heading=&#8221;Hrvatski geolo\u0161ki institut&#8221; _builder_version=&#8221;4.16&#8243; header_font=&#8221;|||on|||||&#8221; background_image=&#8221;https:\/\/www.hgi-cgs.hr\/wp-content\/uploads\/2020\/03\/ban3-scaled.jpg&#8221; background_enable_image=&#8221;on&#8221; locked=&#8221;off&#8221; global_colors_info=&#8221;{}&#8221; sticky_transition=&#8221;on&#8221;][\/et_pb_slide][et_pb_slide heading=&#8221;Hrvatski geolo\u0161ki institut&#8221; _builder_version=&#8221;4.16&#8243; header_font=&#8221;|||on|||||&#8221; background_image=&#8221;https:\/\/www.hgi-cgs.hr\/wp-content\/uploads\/2020\/03\/Bijele_stijene-Gorski_kotar-scaled.jpg&#8221; background_enable_image=&#8221;on&#8221; locked=&#8221;off&#8221; global_colors_info=&#8221;{}&#8221; sticky_transition=&#8221;on&#8221;][\/et_pb_slide][et_pb_slide heading=&#8221;Hrvatski geolo\u0161ki institut&#8221; _builder_version=&#8221;4.16&#8243; header_font=&#8221;|||on|||||&#8221; background_image=&#8221;https:\/\/www.hgi-cgs.hr\/wp-content\/uploads\/2020\/03\/ban4-scaled.jpg&#8221; background_enable_image=&#8221;on&#8221; locked=&#8221;off&#8221; global_colors_info=&#8221;{}&#8221; sticky_transition=&#8221;on&#8221;][\/et_pb_slide][et_pb_slide heading=&#8221;Hrvatski geolo\u0161ki institut&#8221; _builder_version=&#8221;4.16&#8243; header_font=&#8221;|||on|||||&#8221; background_image=&#8221;https:\/\/www.hgi-cgs.hr\/wp-content\/uploads\/2020\/03\/ban5-scaled.jpg&#8221; background_enable_image=&#8221;on&#8221; locked=&#8221;off&#8221; global_colors_info=&#8221;{}&#8221; sticky_transition=&#8221;on&#8221;][\/et_pb_slide][\/et_pb_fullwidth_slider][\/et_pb_section][et_pb_section fb_built=&#8221;1&#8243; _builder_version=&#8221;4.16&#8243; custom_padding=&#8221;||7px|||&#8221; global_colors_info=&#8221;{}&#8221;][et_pb_row _builder_version=&#8221;4.16&#8243; global_colors_info=&#8221;{}&#8221;][et_pb_column type=&#8221;4_4&#8243; _builder_version=&#8221;4.16&#8243; global_colors_info=&#8221;{}&#8221;][et_pb_text _builder_version=&#8221;4.24.0&#8243; text_font_size=&#8221;32px&#8221; header_2_text_color=&#8221;#1e5096&#8243; global_colors_info=&#8221;{}&#8221;]<\/p>\n<h2 style=\"text-align: center; color: #1e5096;\"><strong>\u00a0<\/strong><\/h2>\n<h2 style=\"text-align: center; color: #1e5096;\"><strong>INTERNI ISTRA\u017dIVA\u010cKI PROJEKTI<br \/><\/strong><\/h2>\n<p>[\/et_pb_text][\/et_pb_column][\/et_pb_row][\/et_pb_section][et_pb_section fb_built=&#8221;1&#8243; _builder_version=&#8221;4.16&#8243; custom_padding=&#8221;5px||41px|||&#8221; global_colors_info=&#8221;{}&#8221;][et_pb_row _builder_version=&#8221;4.16&#8243; custom_margin=&#8221;||20px&#8221; custom_padding=&#8221;||50px&#8221; global_colors_info=&#8221;{}&#8221;][et_pb_column type=&#8221;4_4&#8243; _builder_version=&#8221;4.16&#8243; custom_padding=&#8221;|||&#8221; global_colors_info=&#8221;{}&#8221; custom_padding__hover=&#8221;|||&#8221;][et_pb_text _builder_version=&#8221;4.24.0&#8243; text_font=&#8221;|300|||||||&#8221; ul_font=&#8221;||||||||&#8221; header_font=&#8221;||||||||&#8221; header_text_align=&#8221;center&#8221; header_2_font=&#8221;|800|||||||&#8221; header_2_text_align=&#8221;center&#8221; header_2_text_color=&#8221;#1e5096&#8243; header_2_font_size=&#8221;54px&#8221; header_3_font=&#8221;|300|||||||&#8221; header_3_line_height=&#8221;1.3em&#8221; text_orientation=&#8221;center&#8221; custom_margin=&#8221;-4px||18px|||&#8221; custom_padding=&#8221;||22px|||&#8221; animation_direction=&#8221;bottom&#8221; header_2_font_size_tablet=&#8221;&#8221; header_2_font_size_phone=&#8221;30px&#8221; header_2_font_size_last_edited=&#8221;on|phone&#8221; header_2_text_shadow_style=&#8221;preset1&#8243; header_2_text_shadow_horizontal_length=&#8221;0.03em&#8221; header_2_text_shadow_vertical_length=&#8221;0.03em&#8221; header_2_text_shadow_blur_strength=&#8221;0.05em&#8221; header_2_text_shadow_color=&#8221;rgba(0,0,0,0.3)&#8221; global_colors_info=&#8221;{}&#8221;]<\/p>\n<h3><strong>&#8220;Geolo\u0161ka evolucija sinorogenetskih i postorogenetskih talo\u017enih sustava otoka Raba i Krka\u201c (GORIK) <\/strong><\/h3>\n<h3><\/h3>\n<p>[\/et_pb_text][et_pb_image src=&#8221;https:\/\/www.hgi-cgs.hr\/wp-content\/uploads\/2025\/01\/GORIK_logo-01.jpg&#8221; _builder_version=&#8221;4.27.4&#8243; _module_preset=&#8221;default&#8221; title_text=&#8221;GORIK_logo-01&#8243; width=&#8221;17%&#8221; module_alignment=&#8221;center&#8221; custom_padding=&#8221;||20px||false|false&#8221; hover_enabled=&#8221;0&#8243; sticky_enabled=&#8221;0&#8243;][\/et_pb_image][et_pb_tabs _builder_version=&#8221;4.24.0&#8243; custom_margin=&#8221;-15px||||false|false&#8221; global_colors_info=&#8221;{}&#8221;][et_pb_tab title=&#8221;O projektu&#8221; _builder_version=&#8221;4.24.0&#8243; _module_preset=&#8221;default&#8221; global_colors_info=&#8221;{}&#8221;]<\/p>\n<p><span>Cilj projekta GORIK je istra\u017eivanje utjecaja tektonike na stvaranje i evoluciju sin- i postorogenetskih talo\u017enih bazena na podru\u010dju otoka Raba i Krka. Sinorogenetske naslage paleogena dio su pojasa koji se pru\u017ea sjeverozapad \u2013 jugoistok, du\u017e isto\u010dne obale Jadranskog mora. Tijekom paleogena su, uslijed orogenetskih procesa, formirani dinarski predgorski bazeni u kojima su istalo\u017eene naslage koje sadr\u017ee vrijedan zapis o tektonskoj evoluciji Perijadranskog (Dinarskog) prostora. Tektonske faze koje su se odvijale tijekom paleogena, kao i sam prostorni raspored te sastav paleogenskih naslaga, imali su zna\u010dajan utjecaj na geolo\u0161ku i strukturnu gra\u0111u. U cilju boljeg i suvremenijeg razumijevanja tektonske evolucije prostora pristupit \u0107e se istra\u017eivanju paleogenskih naslaga kroz detaljne strukturne, sedimentolo\u0161ke i paleontolo\u0161ke analize te geolo\u0161ko kartiranje. Kartiranjem \u0107e se, osim navedenih naslaga, obuhvatiti i karbonatne naslage talo\u017eene na mezozojskoj karbonatnoj platformi, \u0161to je nu\u017eno za razumijevanje \u0161ireg strukturnog sklopa. Nadalje, istra\u017eivanjima \u0107e se obuhvatiti i kvartarni sedimenti koji sadr\u017ee zapise o postorogenetskim doga\u0111ajima, a koji su vezani uz promjene klime i oscilacije razine mora tijekom kvartara. Rezultati istra\u017eivanja bit \u0107e objavljeni u znanstvenim publikacijama te kao list Osnovne geolo\u0161ke karte RH M 1:50.000 otoka Raba, koja je ujedno i nu\u017ena osnova za sva daljnja usmjerena primijenjena i znanstvena geolo\u0161ka istra\u017eivanja.<\/span><\/p>\n<p>[\/et_pb_tab][et_pb_tab title=&#8221;Voditelj&#8221; _builder_version=&#8221;4.24.0&#8243; global_colors_info=&#8221;{}&#8221;]<\/p>\n<p><em><strong>Glavni istra\u017eiva\u010d \/ voditelj projekta:<\/strong><\/em> dr. sc. Kre\u0161imir Petrinjak<\/p>\n<p><strong><em>\u00a0<\/em><\/strong><\/p>\n<p>[\/et_pb_tab][et_pb_tab title=&#8221;Suradnici&#8221; _builder_version=&#8221;4.24.0&#8243; global_colors_info=&#8221;{}&#8221;]<\/p>\n<p><strong>Hrvatski geolo\u0161ki institut, Zagreb:<\/strong><\/p>\n<p>Ladislav Fu\u010dek,<\/p>\n<p>Tvrtko Korbar,<\/p>\n<p>Lara Wacha,<\/p>\n<p>Damir Palenik,<\/p>\n<p>Tomislav Kure\u010di\u0107,<\/p>\n<p>Marko Budi\u0107,<\/p>\n<p>Stanislav Bergant,<\/p>\n<p>Jelena \u0160pani\u010dek<\/p>\n<p>&nbsp;<\/p>\n<p><strong>Rudarsko-geolo\u0161ko-naftni fakultet, Zagreb:<\/strong><\/p>\n<p>Igor Vlahovi\u0107,<\/p>\n<p>Bojan Mato\u0161,<\/p>\n<p>Darko Mate\u0161i\u0107<\/p>\n<p>[\/et_pb_tab][et_pb_tab title=&#8221;Trajanje projekta&#8221; _builder_version=&#8221;4.24.0&#8243; global_colors_info=&#8221;{}&#8221;]<\/p>\n<p><strong>Trajanje projekta:<\/strong> 01.01.2024.\u201331.12.2027.<\/p>\n<p>&nbsp;<\/p>\n<p style=\"text-align: left;\"><span><strong><\/strong><br \/><\/span><\/p>\n<p><span>\u00a0<\/span><\/p>\n<p>[\/et_pb_tab][et_pb_tab title=&#8221;Kategorija&#8221; _builder_version=&#8221;4.24.0&#8243; global_colors_info=&#8221;{}&#8221;]<\/p>\n<p><span><strong>Kategorija projekta: <\/strong><\/span>istra\u017eiva\u010dki projekt pra\u0107en od strane Ministarstva znanosti i obrazovanja Republike Hrvatske; sredstva iz Nacionalnog plana oporavka i otpornosti 2021.\u20132026. \u2013 NextGenerationEU<\/p>\n<p><span>\u00a0<\/span><\/p>\n<p><span>\u00a0<\/span><\/p>\n<p>[\/et_pb_tab][et_pb_tab title=&#8221;Iznos financiranja&#8221; _builder_version=&#8221;4.24.0&#8243; global_colors_info=&#8221;{}&#8221;]<\/p>\n<p><em><strong>Financiranje:\u00a0<\/strong><\/em>60,825.00 \u20ac\u00a0<\/p>\n<ol start=\"2024\"><\/ol>\n<p>[\/et_pb_tab][et_pb_tab title=&#8221;Status&#8221; _builder_version=&#8221;4.24.0&#8243; global_colors_info=&#8221;{}&#8221;]<\/p>\n<p><span><strong>Status:<\/strong> Aktivan<em><\/em><\/span><\/p>\n<p>[\/et_pb_tab][\/et_pb_tabs][et_pb_image src=&#8221;https:\/\/www.hgi-cgs.hr\/wp-content\/uploads\/2024\/02\/Picture1.png&#8221; title_text=&#8221;Picture1&#8243; align=&#8221;center&#8221; _builder_version=&#8221;4.24.0&#8243; _module_preset=&#8221;default&#8221; width=&#8221;25%&#8221; global_colors_info=&#8221;{}&#8221;][\/et_pb_image][\/et_pb_column][\/et_pb_row][\/et_pb_section]<\/p>\n","protected":false},"excerpt":{"rendered":"<p>\u00a0 INTERNI ISTRA\u017dIVA\u010cKI PROJEKTI&#8221;Geolo\u0161ka evolucija sinorogenetskih i postorogenetskih talo\u017enih sustava otoka Raba i Krka\u201c (GORIK) Cilj projekta GORIK je istra\u017eivanje utjecaja tektonike na stvaranje i evoluciju sin- i postorogenetskih talo\u017enih bazena na podru\u010dju otoka Raba i Krka. Sinorogenetske naslage paleogena dio su pojasa koji se pru\u017ea sjeverozapad \u2013 jugoistok, du\u017e isto\u010dne obale Jadranskog mora. Tijekom [&hellip;]<\/p>\n","protected":false},"author":1,"featured_media":0,"parent":0,"menu_order":0,"comment_status":"closed","ping_status":"closed","template":"","meta":{"_et_pb_use_builder":"on","_et_pb_old_content":"","_et_gb_content_width":"","footnotes":""},"class_list":["post-43184","page","type-page","status-publish","hentry"],"aioseo_notices":[],"_links":{"self":[{"href":"https:\/\/www.hgi-cgs.hr\/en\/wp-json\/wp\/v2\/pages\/43184","targetHints":{"allow":["GET"]}}],"collection":[{"href":"https:\/\/www.hgi-cgs.hr\/en\/wp-json\/wp\/v2\/pages"}],"about":[{"href":"https:\/\/www.hgi-cgs.hr\/en\/wp-json\/wp\/v2\/types\/page"}],"author":[{"embeddable":true,"href":"https:\/\/www.hgi-cgs.hr\/en\/wp-json\/wp\/v2\/users\/1"}],"replies":[{"embeddable":true,"href":"https:\/\/www.hgi-cgs.hr\/en\/wp-json\/wp\/v2\/comments?post=43184"}],"version-history":[{"count":4,"href":"https:\/\/www.hgi-cgs.hr\/en\/wp-json\/wp\/v2\/pages\/43184\/revisions"}],"predecessor-version":[{"id":44481,"href":"https:\/\/www.hgi-cgs.hr\/en\/wp-json\/wp\/v2\/pages\/43184\/revisions\/44481"}],"wp:attachment":[{"href":"https:\/\/www.hgi-cgs.hr\/en\/wp-json\/wp\/v2\/media?parent=43184"}],"curies":[{"name":"wp","href":"https:\/\/api.w.org\/{rel}","templated":true}]}}