{"id":42927,"date":"2024-01-24T15:40:21","date_gmt":"2024-01-24T15:40:21","guid":{"rendered":"https:\/\/www.hgi-cgs.hr\/?page_id=42927"},"modified":"2024-01-24T15:50:37","modified_gmt":"2024-01-24T15:50:37","slug":"republika-hrvatska-postala-punopravna-clanica-epos-eric-a-hgi-imenovan-nacionalnim-koordinatorom","status":"publish","type":"page","link":"https:\/\/www.hgi-cgs.hr\/en\/republika-hrvatska-postala-punopravna-clanica-epos-eric-a-hgi-imenovan-nacionalnim-koordinatorom\/","title":{"rendered":"Republika Hrvatska postala punopravna \u010dlanica EPOS ERIC-a &#8211; HGI imenovan nacionalnim koordinatorom"},"content":{"rendered":"<p>[et_pb_section fb_built=&#8221;1&#8243; _builder_version=&#8221;4.19.1&#8243; _module_preset=&#8221;default&#8221; global_colors_info=&#8221;{}&#8221;][\/et_pb_section][et_pb_section fb_built=&#8221;1&#8243; fullwidth=&#8221;on&#8221; _builder_version=&#8221;4.16&#8243; custom_padding=&#8221;0px||0px|||&#8221; global_colors_info=&#8221;{}&#8221;][et_pb_fullwidth_slider _builder_version=&#8221;4.16&#8243; min_height=&#8221;112px&#8221; height=&#8221;400px&#8221; custom_margin=&#8221;0px||||false|false&#8221; custom_padding=&#8221;0px||18px||false|false&#8221; auto=&#8221;on&#8221; auto_ignore_hover=&#8221;on&#8221; locked=&#8221;off&#8221; global_colors_info=&#8221;{}&#8221;][et_pb_slide heading=&#8221;Hrvatski geolo\u0161ki institut&#8221; _builder_version=&#8221;4.16&#8243; header_font=&#8221;|||on|||||&#8221; background_image=&#8221;https:\/\/www.hgi-cgs.hr\/wp-content\/uploads\/2020\/03\/Br\u010di\u0107_Drvenik02-scaled.jpg&#8221; background_enable_image=&#8221;on&#8221; locked=&#8221;off&#8221; global_colors_info=&#8221;{}&#8221; sticky_transition=&#8221;on&#8221;][\/et_pb_slide][et_pb_slide heading=&#8221;Hrvatski geolo\u0161ki institut&#8221; _builder_version=&#8221;4.16&#8243; header_font=&#8221;|||on|||||&#8221; background_image=&#8221;https:\/\/www.hgi-cgs.hr\/wp-content\/uploads\/2020\/03\/ban2-scaled.jpg&#8221; background_enable_image=&#8221;on&#8221; locked=&#8221;off&#8221; global_colors_info=&#8221;{}&#8221; sticky_transition=&#8221;on&#8221;][\/et_pb_slide][et_pb_slide heading=&#8221;Hrvatski geolo\u0161ki institut&#8221; _builder_version=&#8221;4.16&#8243; header_font=&#8221;|||on|||||&#8221; background_image=&#8221;https:\/\/www.hgi-cgs.hr\/wp-content\/uploads\/2020\/03\/20190228_094232-scaled.jpg&#8221; background_enable_image=&#8221;on&#8221; locked=&#8221;off&#8221; global_colors_info=&#8221;{}&#8221; sticky_transition=&#8221;on&#8221;][\/et_pb_slide][et_pb_slide heading=&#8221;Hrvatski geolo\u0161ki institut&#8221; _builder_version=&#8221;4.16&#8243; header_font=&#8221;|||on|||||&#8221; background_image=&#8221;https:\/\/www.hgi-cgs.hr\/wp-content\/uploads\/2020\/03\/ban3-scaled.jpg&#8221; background_enable_image=&#8221;on&#8221; locked=&#8221;off&#8221; global_colors_info=&#8221;{}&#8221; sticky_transition=&#8221;on&#8221;][\/et_pb_slide][et_pb_slide heading=&#8221;Hrvatski geolo\u0161ki institut&#8221; _builder_version=&#8221;4.16&#8243; header_font=&#8221;|||on|||||&#8221; background_image=&#8221;https:\/\/www.hgi-cgs.hr\/wp-content\/uploads\/2020\/03\/Bijele_stijene-Gorski_kotar-scaled.jpg&#8221; background_enable_image=&#8221;on&#8221; locked=&#8221;off&#8221; global_colors_info=&#8221;{}&#8221; sticky_transition=&#8221;on&#8221;][\/et_pb_slide][et_pb_slide heading=&#8221;Hrvatski geolo\u0161ki institut&#8221; _builder_version=&#8221;4.16&#8243; header_font=&#8221;|||on|||||&#8221; background_image=&#8221;https:\/\/www.hgi-cgs.hr\/wp-content\/uploads\/2020\/03\/ban4-scaled.jpg&#8221; background_enable_image=&#8221;on&#8221; locked=&#8221;off&#8221; global_colors_info=&#8221;{}&#8221; sticky_transition=&#8221;on&#8221;][\/et_pb_slide][et_pb_slide heading=&#8221;Hrvatski geolo\u0161ki institut&#8221; _builder_version=&#8221;4.16&#8243; header_font=&#8221;|||on|||||&#8221; background_image=&#8221;https:\/\/www.hgi-cgs.hr\/wp-content\/uploads\/2020\/03\/ban5-scaled.jpg&#8221; background_enable_image=&#8221;on&#8221; locked=&#8221;off&#8221; global_colors_info=&#8221;{}&#8221; sticky_transition=&#8221;on&#8221;][\/et_pb_slide][\/et_pb_fullwidth_slider][\/et_pb_section][et_pb_section fb_built=&#8221;1&#8243; _builder_version=&#8221;4.16&#8243; custom_padding=&#8221;||0px|||&#8221; global_colors_info=&#8221;{}&#8221;][et_pb_row _builder_version=&#8221;4.16&#8243; global_colors_info=&#8221;{}&#8221;][et_pb_column type=&#8221;4_4&#8243; _builder_version=&#8221;4.16&#8243; global_colors_info=&#8221;{}&#8221;][et_pb_text _builder_version=&#8221;4.20.4&#8243; text_font_size=&#8221;32px&#8221; header_2_text_color=&#8221;#1e5096&#8243; global_colors_info=&#8221;{}&#8221;]<\/p>\n<h2 style=\"text-align: center; color: #1e5096;\"><strong>NOVOSTI<br \/><\/strong><\/h2>\n<p>[\/et_pb_text][\/et_pb_column][\/et_pb_row][et_pb_row _builder_version=&#8221;4.16&#8243; global_colors_info=&#8221;{}&#8221;][et_pb_column type=&#8221;4_4&#8243; _builder_version=&#8221;4.16&#8243; global_colors_info=&#8221;{}&#8221;][et_pb_text _builder_version=&#8221;4.23.4&#8243; text_font_size=&#8221;32px&#8221; header_2_text_color=&#8221;#1e5096&#8243; header_2_line_height=&#8221;1.3em&#8221; custom_margin=&#8221;||17px|||&#8221; hover_enabled=&#8221;0&#8243; global_colors_info=&#8221;{}&#8221; sticky_enabled=&#8221;0&#8243;]<\/p>\n<h2 style=\"text-align: center; color: #1e5096;\"><strong>Republika Hrvatska postala punopravna \u010dlanica EPOS ERIC-a<\/strong><\/h2>\n<p style=\"text-align: center;\"><strong>HGI imenovan nacionalnim koordinatorom<\/strong><\/p>\n<p>[\/et_pb_text][et_pb_image src=&#8221;https:\/\/www.hgi-cgs.hr\/wp-content\/uploads\/2024\/01\/1.png&#8221; title_text=&#8221;1&#8243; align=&#8221;center&#8221; _builder_version=&#8221;4.23.4&#8243; _module_preset=&#8221;default&#8221; width=&#8221;35%&#8221; global_colors_info=&#8221;{}&#8221;][\/et_pb_image][\/et_pb_column][\/et_pb_row][\/et_pb_section][et_pb_section fb_built=&#8221;1&#8243; _builder_version=&#8221;4.16&#8243; custom_padding=&#8221;0px||41px|||&#8221; global_colors_info=&#8221;{}&#8221;][et_pb_row _builder_version=&#8221;4.16&#8243; min_height=&#8221;192px&#8221; custom_margin=&#8221;12px|auto||auto||&#8221; custom_padding=&#8221;0px||0px|||&#8221; global_colors_info=&#8221;{}&#8221;][et_pb_column type=&#8221;4_4&#8243; _builder_version=&#8221;4.16&#8243; global_colors_info=&#8221;{}&#8221;][et_pb_text _builder_version=&#8221;4.23.4&#8243; text_font=&#8221;||||||||&#8221; link_font=&#8221;||||||||&#8221; link_text_color=&#8221;#e09900&#8243; custom_margin=&#8221;8px|||||&#8221; custom_padding=&#8221;|10px||10px|false|true&#8221; global_colors_info=&#8221;{}&#8221;]<\/p>\n<p>Sustav za promatranje europske tektonske plo\u010de (The European Plate Observing System \u2013 EPOS<em> <a href=\"https:\/\/www.epos-eu.org\/epos-eric\">https:\/\/www.epos-eu.org\/epos-eric<\/a>)<\/em> multidisciplinarni je i distribuirani Konzorcij europskih istra\u017eiva\u010dkih infrastruktura (ERIC), kojem je dugoro\u010dni cilj omogu\u0107iti i unaprijediti integriranu uporabu podataka, podatkovnih proizvoda i opreme koji slu\u017ee znanstvenoj zajednici koja se bavi prou\u010davanjem Zemlje u Europi. Kandidatura Republike Hrvatske za punopravno \u010dlanstvo u ovome konzorciju slu\u017ebeno je prihva\u0107ena na Generalnoj skup\u0161tini EPOS ERIC-a odr\u017eanoj u Rimu 6. i 7. prosinca 2023., kada je uz Republiku Hrvatsku punopravnom \u010dlanicom postala i Republika Bugarska. U sije\u010dnju 2024. godine punopravno \u010dlanstvo prihvatila je i Europska komisija, \u010dime je EPOS ERIC dosegao zavidnu brojku od ukupno 19 dr\u017eava \u010dlanica, uz jednu zemlju promatra\u010da.<\/p>\n<p>&nbsp;<\/p>\n<p>EPOS ERIC okuplja niz dionika iz podru\u010dja znanosti o Zemlji koji zajedno rade na integraciji skupa razli\u010ditih nacionalnih i transnacionalnih istra\u017eiva\u010dkih infrastruktura znanosti o Zemlji u jednu odr\u017eivu i interoperabilnu istra\u017eiva\u010dku platformu. Specifi\u010dni cilj konzorcija je razviti planove provedbe i koristiti nove mogu\u0107nosti e-znanosti za pra\u0107enje i razumijevanje dinami\u010dnoga i slo\u017eenoga Zemljina sustava, a posebna pa\u017enja posve\u0107ena je rukovanju metapodacima i inteligentnom upravljanju distribuiranim resursima. Stoga je \u0161irenje dosega i sudjelovanje sve ve\u0107eg broja europskih dr\u017eava \u010dlanica u konzorciju te njihova predanost aktivnom sudjelovanju u njegovim aktivnostima klju\u010dna za postizanje strate\u0161kih ciljeva EPOS-a.<\/p>\n<p>&nbsp;<\/p>\n<p>Pristupanje Republike Hrvatske EPOS ERIC-u u svojstvu punopravne \u010dlanice pridonijet \u0107e, s druge strane, uspostavi nacionalne mre\u017ee dionika kojom \u0107e se potaknuti sna\u017enija suradnja svih disciplina znanosti o Zemlji u Hrvatskoj, ali i njihovo djelovanje u sklopu \u0161ire, europske znanstvene zajednice. Nacionalni koordinator zadu\u017een za umre\u017eavanje i koordinaciju svih relevantnih dionika hrvatske znanstvene zajednice te provo\u0111enje aktivnosti i inicijativa koje proizlaze iz \u010dlanstva u konzorciju je Hrvatski geolo\u0161ki institut u Zagrebu, kao najve\u0107i istra\u017eiva\u010dki institut u podru\u010dju geoznanosti i geolo\u0161kog in\u017eenjerstva u Republici Hrvatskoj.<\/p>\n<p><em><a href=\"https:\/\/mzo.gov.hr\/vijesti\/republika-hrvatska-postala-punopravna-clanica-epos-eric-a\/5972%20\">https:\/\/mzo.gov.hr\/vijesti\/republika-hrvatska-postala-punopravna-clanica-epos-eric-a\/5972<\/a><\/em><\/p>\n<p>[\/et_pb_text][\/et_pb_column][\/et_pb_row][\/et_pb_section]<\/p>\n","protected":false},"excerpt":{"rendered":"<p>NOVOSTIRepublika Hrvatska postala punopravna \u010dlanica EPOS ERIC-a HGI imenovan nacionalnim koordinatoromSustav za promatranje europske tektonske plo\u010de (The European Plate Observing System \u2013 EPOS https:\/\/www.epos-eu.org\/epos-eric) multidisciplinarni je i distribuirani Konzorcij europskih istra\u017eiva\u010dkih infrastruktura (ERIC), kojem je dugoro\u010dni cilj omogu\u0107iti i unaprijediti integriranu uporabu podataka, podatkovnih proizvoda i opreme koji slu\u017ee znanstvenoj zajednici koja se bavi prou\u010davanjem [&hellip;]<\/p>\n","protected":false},"author":1,"featured_media":0,"parent":0,"menu_order":0,"comment_status":"closed","ping_status":"closed","template":"","meta":{"_et_pb_use_builder":"on","_et_pb_old_content":"","_et_gb_content_width":"","footnotes":""},"class_list":["post-42927","page","type-page","status-publish","hentry"],"aioseo_notices":[],"_links":{"self":[{"href":"https:\/\/www.hgi-cgs.hr\/en\/wp-json\/wp\/v2\/pages\/42927","targetHints":{"allow":["GET"]}}],"collection":[{"href":"https:\/\/www.hgi-cgs.hr\/en\/wp-json\/wp\/v2\/pages"}],"about":[{"href":"https:\/\/www.hgi-cgs.hr\/en\/wp-json\/wp\/v2\/types\/page"}],"author":[{"embeddable":true,"href":"https:\/\/www.hgi-cgs.hr\/en\/wp-json\/wp\/v2\/users\/1"}],"replies":[{"embeddable":true,"href":"https:\/\/www.hgi-cgs.hr\/en\/wp-json\/wp\/v2\/comments?post=42927"}],"version-history":[{"count":4,"href":"https:\/\/www.hgi-cgs.hr\/en\/wp-json\/wp\/v2\/pages\/42927\/revisions"}],"predecessor-version":[{"id":42941,"href":"https:\/\/www.hgi-cgs.hr\/en\/wp-json\/wp\/v2\/pages\/42927\/revisions\/42941"}],"wp:attachment":[{"href":"https:\/\/www.hgi-cgs.hr\/en\/wp-json\/wp\/v2\/media?parent=42927"}],"curies":[{"name":"wp","href":"https:\/\/api.w.org\/{rel}","templated":true}]}}