{"id":42772,"date":"2023-12-27T11:53:41","date_gmt":"2023-12-27T11:53:41","guid":{"rendered":"https:\/\/www.hgi-cgs.hr\/?page_id=42772"},"modified":"2023-12-27T11:56:09","modified_gmt":"2023-12-27T11:56:09","slug":"the-early-history-of-the-neotethys-archived-in-the-ophiolitic-melange-of-northwestern-croatia","status":"publish","type":"page","link":"https:\/\/www.hgi-cgs.hr\/en\/the-early-history-of-the-neotethys-archived-in-the-ophiolitic-melange-of-northwestern-croatia\/","title":{"rendered":"The early history of the Neotethys archived in the ophiolitic m\u00e9lange of northwestern Croatia"},"content":{"rendered":"<p>[et_pb_section fb_built=&#8221;1&#8243; fullwidth=&#8221;on&#8221; _builder_version=&#8221;4.16&#8243; custom_padding=&#8221;0px||0px|||&#8221; global_colors_info=&#8221;{}&#8221; theme_builder_area=&#8221;post_content&#8221;][et_pb_fullwidth_slider _builder_version=&#8221;4.16&#8243; min_height=&#8221;112px&#8221; height=&#8221;400px&#8221; custom_margin=&#8221;0px||||false|false&#8221; custom_padding=&#8221;0px||18px||false|false&#8221; auto=&#8221;on&#8221; auto_ignore_hover=&#8221;on&#8221; locked=&#8221;off&#8221; global_colors_info=&#8221;{}&#8221; theme_builder_area=&#8221;post_content&#8221;][et_pb_slide heading=&#8221;Hrvatski geolo\u0161ki institut&#8221; _builder_version=&#8221;4.16&#8243; header_font=&#8221;|||on|||||&#8221; background_image=&#8221;https:\/\/www.hgi-cgs.hr\/wp-content\/uploads\/2020\/03\/Br\u010di\u0107_Drvenik02-scaled.jpg&#8221; background_enable_image=&#8221;on&#8221; locked=&#8221;off&#8221; global_colors_info=&#8221;{}&#8221; sticky_transition=&#8221;on&#8221; theme_builder_area=&#8221;post_content&#8221;][\/et_pb_slide][et_pb_slide heading=&#8221;Hrvatski geolo\u0161ki institut&#8221; _builder_version=&#8221;4.16&#8243; header_font=&#8221;|||on|||||&#8221; background_image=&#8221;https:\/\/www.hgi-cgs.hr\/wp-content\/uploads\/2020\/03\/ban2-scaled.jpg&#8221; background_enable_image=&#8221;on&#8221; locked=&#8221;off&#8221; global_colors_info=&#8221;{}&#8221; sticky_transition=&#8221;on&#8221; theme_builder_area=&#8221;post_content&#8221;][\/et_pb_slide][et_pb_slide heading=&#8221;Hrvatski geolo\u0161ki institut&#8221; _builder_version=&#8221;4.16&#8243; header_font=&#8221;|||on|||||&#8221; background_image=&#8221;https:\/\/www.hgi-cgs.hr\/wp-content\/uploads\/2020\/03\/20190228_094232-scaled.jpg&#8221; background_enable_image=&#8221;on&#8221; locked=&#8221;off&#8221; global_colors_info=&#8221;{}&#8221; sticky_transition=&#8221;on&#8221; theme_builder_area=&#8221;post_content&#8221;][\/et_pb_slide][et_pb_slide heading=&#8221;Hrvatski geolo\u0161ki institut&#8221; _builder_version=&#8221;4.16&#8243; header_font=&#8221;|||on|||||&#8221; background_image=&#8221;https:\/\/www.hgi-cgs.hr\/wp-content\/uploads\/2020\/03\/ban3-scaled.jpg&#8221; background_enable_image=&#8221;on&#8221; locked=&#8221;off&#8221; global_colors_info=&#8221;{}&#8221; sticky_transition=&#8221;on&#8221; theme_builder_area=&#8221;post_content&#8221;][\/et_pb_slide][et_pb_slide heading=&#8221;Hrvatski geolo\u0161ki institut&#8221; _builder_version=&#8221;4.16&#8243; header_font=&#8221;|||on|||||&#8221; background_image=&#8221;https:\/\/www.hgi-cgs.hr\/wp-content\/uploads\/2020\/03\/Bijele_stijene-Gorski_kotar-scaled.jpg&#8221; background_enable_image=&#8221;on&#8221; locked=&#8221;off&#8221; global_colors_info=&#8221;{}&#8221; sticky_transition=&#8221;on&#8221; theme_builder_area=&#8221;post_content&#8221;][\/et_pb_slide][et_pb_slide heading=&#8221;Hrvatski geolo\u0161ki institut&#8221; _builder_version=&#8221;4.16&#8243; header_font=&#8221;|||on|||||&#8221; background_image=&#8221;https:\/\/www.hgi-cgs.hr\/wp-content\/uploads\/2020\/03\/ban4-scaled.jpg&#8221; background_enable_image=&#8221;on&#8221; locked=&#8221;off&#8221; global_colors_info=&#8221;{}&#8221; sticky_transition=&#8221;on&#8221; theme_builder_area=&#8221;post_content&#8221;][\/et_pb_slide][et_pb_slide heading=&#8221;Hrvatski geolo\u0161ki institut&#8221; _builder_version=&#8221;4.16&#8243; header_font=&#8221;|||on|||||&#8221; background_image=&#8221;https:\/\/www.hgi-cgs.hr\/wp-content\/uploads\/2020\/03\/ban5-scaled.jpg&#8221; background_enable_image=&#8221;on&#8221; locked=&#8221;off&#8221; global_colors_info=&#8221;{}&#8221; sticky_transition=&#8221;on&#8221; theme_builder_area=&#8221;post_content&#8221;][\/et_pb_slide][\/et_pb_fullwidth_slider][\/et_pb_section][et_pb_section fb_built=&#8221;1&#8243; _builder_version=&#8221;4.16&#8243; global_colors_info=&#8221;{}&#8221; theme_builder_area=&#8221;post_content&#8221;][et_pb_row _builder_version=&#8221;4.16&#8243; global_colors_info=&#8221;{}&#8221; theme_builder_area=&#8221;post_content&#8221;][et_pb_column type=&#8221;4_4&#8243; _builder_version=&#8221;4.16&#8243; global_colors_info=&#8221;{}&#8221; theme_builder_area=&#8221;post_content&#8221;][et_pb_text _builder_version=&#8221;4.16&#8243; text_font_size=&#8221;32px&#8221; header_2_text_color=&#8221;#1e5096&#8243; global_colors_info=&#8221;{}&#8221; theme_builder_area=&#8221;post_content&#8221;]<\/p>\n<h2 style=\"text-align: center; color: #1e5096;\"><strong>NAJNOVIJI OBJAVLJENI RADOVI<\/strong><\/h2>\n<p>[\/et_pb_text][\/et_pb_column][\/et_pb_row][et_pb_row _builder_version=&#8221;4.16&#8243; global_colors_info=&#8221;{}&#8221; theme_builder_area=&#8221;post_content&#8221;][et_pb_column type=&#8221;4_4&#8243; _builder_version=&#8221;4.16&#8243; global_colors_info=&#8221;{}&#8221; theme_builder_area=&#8221;post_content&#8221;][et_pb_text _builder_version=&#8221;4.23.3&#8243; text_font_size=&#8221;32px&#8221; header_2_text_color=&#8221;#1e5096&#8243; header_2_line_height=&#8221;1.3em&#8221; hover_enabled=&#8221;0&#8243; global_colors_info=&#8221;{}&#8221; theme_builder_area=&#8221;post_content&#8221; sticky_enabled=&#8221;0&#8243;]<\/p>\n<h2 style=\"text-align: center; color: #1e5096;\">The early history of the Neotethys archived in the ophiolitic m\u00e9lange of northwestern Croatia<\/h2>\n<p>[\/et_pb_text][\/et_pb_column][\/et_pb_row][\/et_pb_section][et_pb_section fb_built=&#8221;1&#8243; _builder_version=&#8221;4.16&#8243; custom_padding=&#8221;20px||41px|||&#8221; global_colors_info=&#8221;{}&#8221; theme_builder_area=&#8221;post_content&#8221;][et_pb_row _builder_version=&#8221;4.16&#8243; custom_padding=&#8221;0px|||||&#8221; global_colors_info=&#8221;{}&#8221; theme_builder_area=&#8221;post_content&#8221;][et_pb_column type=&#8221;4_4&#8243; _builder_version=&#8221;4.16&#8243; global_colors_info=&#8221;{}&#8221; theme_builder_area=&#8221;post_content&#8221;][et_pb_image src=&#8221;https:\/\/www.hgi-cgs.hr\/wp-content\/uploads\/2023\/12\/LOGO.png&#8221; alt=&#8221;springer&#8221; title_text=&#8221;LOGO&#8221; align=&#8221;center&#8221; align_tablet=&#8221;center&#8221; align_phone=&#8221;&#8221; align_last_edited=&#8221;on|desktop&#8221; _builder_version=&#8221;4.23.1&#8243; width=&#8221;30%&#8221; max_width=&#8221;35%&#8221; module_alignment=&#8221;center&#8221; border_radii=&#8221;on|5px|5px|5px|5px&#8221; box_shadow_style=&#8221;preset1&#8243; box_shadow_blur=&#8221;15px&#8221; global_colors_info=&#8221;{}&#8221; theme_builder_area=&#8221;post_content&#8221;][\/et_pb_image][\/et_pb_column][\/et_pb_row][et_pb_row _builder_version=&#8221;4.16&#8243; min_height=&#8221;192px&#8221; custom_margin=&#8221;12px|auto||auto||&#8221; custom_padding=&#8221;0px|||||&#8221; global_colors_info=&#8221;{}&#8221; theme_builder_area=&#8221;post_content&#8221;][et_pb_column type=&#8221;4_4&#8243; _builder_version=&#8221;4.16&#8243; global_colors_info=&#8221;{}&#8221; theme_builder_area=&#8221;post_content&#8221;][et_pb_text _builder_version=&#8221;4.23.3&#8243; text_font=&#8221;||||||||&#8221; link_font=&#8221;||||||||&#8221; link_text_color=&#8221;#e09900&#8243; custom_margin=&#8221;18px|||||&#8221; custom_padding=&#8221;|10px||10px|false|true&#8221; hover_enabled=&#8221;0&#8243; global_colors_info=&#8221;{}&#8221; theme_builder_area=&#8221;post_content&#8221; sticky_enabled=&#8221;0&#8243;]<\/p>\n<p>U radu objavljenom u \u010dasopisu Journal of the Geological Society prezentirani su najnoviji biostratigrafski i geokemijski podaci iz ofiolitnog melan\u017ea Ivan\u0161\u010dice. Blokovi bazalta i ro\u017enjaka prepoznati su kao ostaci nekada\u0161nje oceanske kore i na njoj istalo\u017eenih dubokomorskih sedimenata sjeverozapadnog dijela Neotetis oceana. Bazaltne stijene geokemijski su okarakterizirane kao E-MORB \u010diji nastanak upu\u0107uje na formiranje srednjeoceanskog grebena i po\u010detak oceanizacije. Najstarije zajednice radiolarija iz ro\u017enjaka u kontaktu s bazaltima karakteristi\u010dne su za srednji trijas (kasni anizik \u2013 rani ladinik). Dobivene starosti korelativne su s najstarijim biostratigrafskim datacijama oceanske kore sjeverozapadnog Neotetis oceana sa\u010duvanim u ofiolitnim kompleksima Alpsko \u2013 Dinaridsko \u2013 Helenidskog pojasa, \u0161to upu\u0107uje na zajedni\u010dko porijeklo iz jedinstvenog oceanskog prostora koji se nalazio isto\u010dno od kontinentalnog ruba adrijske mikroplo\u010de. \u00a0<\/p>\n<p>Objavljeni podaci dio su istra\u017eivanja provedenog u sklopu HRZZ projekta GOST (IP-2019-04-3824) Hrvatske zaklade za znanost.<\/p>\n<p>Rad je dostupan na poveznici: <a href=\"https:\/\/www.lyellcollection.org\/doi\/10.1144\/jgs2023-143\"><em>https:\/\/www.lyellcollection.org\/doi\/10.1144\/jgs2023-143<\/em><\/a><\/p>\n<p>[\/et_pb_text][\/et_pb_column][\/et_pb_row][\/et_pb_section]<\/p>\n","protected":false},"excerpt":{"rendered":"<p>NAJNOVIJI OBJAVLJENI RADOVIThe early history of the Neotethys archived in the ophiolitic m\u00e9lange of northwestern CroatiaU radu objavljenom u \u010dasopisu Journal of the Geological Society prezentirani su najnoviji biostratigrafski i geokemijski podaci iz ofiolitnog melan\u017ea Ivan\u0161\u010dice. Blokovi bazalta i ro\u017enjaka prepoznati su kao ostaci nekada\u0161nje oceanske kore i na njoj istalo\u017eenih dubokomorskih sedimenata sjeverozapadnog dijela [&hellip;]<\/p>\n","protected":false},"author":1,"featured_media":0,"parent":0,"menu_order":0,"comment_status":"closed","ping_status":"closed","template":"","meta":{"_et_pb_use_builder":"on","_et_pb_old_content":"","_et_gb_content_width":"","footnotes":""},"class_list":["post-42772","page","type-page","status-publish","hentry"],"aioseo_notices":[],"_links":{"self":[{"href":"https:\/\/www.hgi-cgs.hr\/en\/wp-json\/wp\/v2\/pages\/42772","targetHints":{"allow":["GET"]}}],"collection":[{"href":"https:\/\/www.hgi-cgs.hr\/en\/wp-json\/wp\/v2\/pages"}],"about":[{"href":"https:\/\/www.hgi-cgs.hr\/en\/wp-json\/wp\/v2\/types\/page"}],"author":[{"embeddable":true,"href":"https:\/\/www.hgi-cgs.hr\/en\/wp-json\/wp\/v2\/users\/1"}],"replies":[{"embeddable":true,"href":"https:\/\/www.hgi-cgs.hr\/en\/wp-json\/wp\/v2\/comments?post=42772"}],"version-history":[{"count":3,"href":"https:\/\/www.hgi-cgs.hr\/en\/wp-json\/wp\/v2\/pages\/42772\/revisions"}],"predecessor-version":[{"id":42776,"href":"https:\/\/www.hgi-cgs.hr\/en\/wp-json\/wp\/v2\/pages\/42772\/revisions\/42776"}],"wp:attachment":[{"href":"https:\/\/www.hgi-cgs.hr\/en\/wp-json\/wp\/v2\/media?parent=42772"}],"curies":[{"name":"wp","href":"https:\/\/api.w.org\/{rel}","templated":true}]}}