{"id":42524,"date":"2023-10-06T11:39:21","date_gmt":"2023-10-06T11:39:21","guid":{"rendered":"https:\/\/www.hgi-cgs.hr\/?page_id=42524"},"modified":"2023-10-06T12:01:37","modified_gmt":"2023-10-06T12:01:37","slug":"zavrsen-7-hrvatski-geoloski-kongres-7-hgk","status":"publish","type":"page","link":"https:\/\/www.hgi-cgs.hr\/en\/zavrsen-7-hrvatski-geoloski-kongres-7-hgk\/","title":{"rendered":"Zavr\u0161en 7. hrvatski geolo\u0161ki kongres (7. HGK)"},"content":{"rendered":"<p>[et_pb_section fb_built=&#8221;1&#8243; _builder_version=&#8221;4.19.1&#8243; _module_preset=&#8221;default&#8221; global_colors_info=&#8221;{}&#8221; theme_builder_area=&#8221;post_content&#8221;][\/et_pb_section][et_pb_section fb_built=&#8221;1&#8243; fullwidth=&#8221;on&#8221; _builder_version=&#8221;4.16&#8243; custom_padding=&#8221;0px||0px|||&#8221; global_colors_info=&#8221;{}&#8221; theme_builder_area=&#8221;post_content&#8221;][et_pb_fullwidth_slider _builder_version=&#8221;4.16&#8243; min_height=&#8221;112px&#8221; height=&#8221;400px&#8221; custom_margin=&#8221;0px||||false|false&#8221; custom_padding=&#8221;0px||18px||false|false&#8221; auto=&#8221;on&#8221; auto_ignore_hover=&#8221;on&#8221; locked=&#8221;off&#8221; global_colors_info=&#8221;{}&#8221; theme_builder_area=&#8221;post_content&#8221;][et_pb_slide heading=&#8221;Hrvatski geolo\u0161ki institut&#8221; _builder_version=&#8221;4.16&#8243; header_font=&#8221;|||on|||||&#8221; background_image=&#8221;https:\/\/www.hgi-cgs.hr\/wp-content\/uploads\/2020\/03\/Br\u010di\u0107_Drvenik02-scaled.jpg&#8221; background_enable_image=&#8221;on&#8221; locked=&#8221;off&#8221; global_colors_info=&#8221;{}&#8221; sticky_transition=&#8221;on&#8221; theme_builder_area=&#8221;post_content&#8221;][\/et_pb_slide][et_pb_slide heading=&#8221;Hrvatski geolo\u0161ki institut&#8221; _builder_version=&#8221;4.16&#8243; header_font=&#8221;|||on|||||&#8221; background_image=&#8221;https:\/\/www.hgi-cgs.hr\/wp-content\/uploads\/2020\/03\/ban2-scaled.jpg&#8221; background_enable_image=&#8221;on&#8221; locked=&#8221;off&#8221; global_colors_info=&#8221;{}&#8221; sticky_transition=&#8221;on&#8221; theme_builder_area=&#8221;post_content&#8221;][\/et_pb_slide][et_pb_slide heading=&#8221;Hrvatski geolo\u0161ki institut&#8221; _builder_version=&#8221;4.16&#8243; header_font=&#8221;|||on|||||&#8221; background_image=&#8221;https:\/\/www.hgi-cgs.hr\/wp-content\/uploads\/2020\/03\/20190228_094232-scaled.jpg&#8221; background_enable_image=&#8221;on&#8221; locked=&#8221;off&#8221; global_colors_info=&#8221;{}&#8221; sticky_transition=&#8221;on&#8221; theme_builder_area=&#8221;post_content&#8221;][\/et_pb_slide][et_pb_slide heading=&#8221;Hrvatski geolo\u0161ki institut&#8221; _builder_version=&#8221;4.16&#8243; header_font=&#8221;|||on|||||&#8221; background_image=&#8221;https:\/\/www.hgi-cgs.hr\/wp-content\/uploads\/2020\/03\/ban3-scaled.jpg&#8221; background_enable_image=&#8221;on&#8221; locked=&#8221;off&#8221; global_colors_info=&#8221;{}&#8221; sticky_transition=&#8221;on&#8221; theme_builder_area=&#8221;post_content&#8221;][\/et_pb_slide][et_pb_slide heading=&#8221;Hrvatski geolo\u0161ki institut&#8221; _builder_version=&#8221;4.16&#8243; header_font=&#8221;|||on|||||&#8221; background_image=&#8221;https:\/\/www.hgi-cgs.hr\/wp-content\/uploads\/2020\/03\/Bijele_stijene-Gorski_kotar-scaled.jpg&#8221; background_enable_image=&#8221;on&#8221; locked=&#8221;off&#8221; global_colors_info=&#8221;{}&#8221; sticky_transition=&#8221;on&#8221; theme_builder_area=&#8221;post_content&#8221;][\/et_pb_slide][et_pb_slide heading=&#8221;Hrvatski geolo\u0161ki institut&#8221; _builder_version=&#8221;4.16&#8243; header_font=&#8221;|||on|||||&#8221; background_image=&#8221;https:\/\/www.hgi-cgs.hr\/wp-content\/uploads\/2020\/03\/ban4-scaled.jpg&#8221; background_enable_image=&#8221;on&#8221; locked=&#8221;off&#8221; global_colors_info=&#8221;{}&#8221; sticky_transition=&#8221;on&#8221; theme_builder_area=&#8221;post_content&#8221;][\/et_pb_slide][et_pb_slide heading=&#8221;Hrvatski geolo\u0161ki institut&#8221; _builder_version=&#8221;4.16&#8243; header_font=&#8221;|||on|||||&#8221; background_image=&#8221;https:\/\/www.hgi-cgs.hr\/wp-content\/uploads\/2020\/03\/ban5-scaled.jpg&#8221; background_enable_image=&#8221;on&#8221; locked=&#8221;off&#8221; global_colors_info=&#8221;{}&#8221; sticky_transition=&#8221;on&#8221; theme_builder_area=&#8221;post_content&#8221;][\/et_pb_slide][\/et_pb_fullwidth_slider][\/et_pb_section][et_pb_section fb_built=&#8221;1&#8243; _builder_version=&#8221;4.16&#8243; custom_padding=&#8221;||0px|||&#8221; global_colors_info=&#8221;{}&#8221; theme_builder_area=&#8221;post_content&#8221;][et_pb_row _builder_version=&#8221;4.16&#8243; global_colors_info=&#8221;{}&#8221; theme_builder_area=&#8221;post_content&#8221;][et_pb_column type=&#8221;4_4&#8243; _builder_version=&#8221;4.16&#8243; global_colors_info=&#8221;{}&#8221; theme_builder_area=&#8221;post_content&#8221;][et_pb_text _builder_version=&#8221;4.20.4&#8243; text_font_size=&#8221;32px&#8221; header_2_text_color=&#8221;#1e5096&#8243; global_colors_info=&#8221;{}&#8221; theme_builder_area=&#8221;post_content&#8221;]<\/p>\n<h2 style=\"text-align: center; color: #1e5096;\"><strong>NOVOSTI<br \/><\/strong><\/h2>\n<p>[\/et_pb_text][\/et_pb_column][\/et_pb_row][et_pb_row _builder_version=&#8221;4.16&#8243; global_colors_info=&#8221;{}&#8221; theme_builder_area=&#8221;post_content&#8221;][et_pb_column type=&#8221;4_4&#8243; _builder_version=&#8221;4.16&#8243; global_colors_info=&#8221;{}&#8221; theme_builder_area=&#8221;post_content&#8221;][et_pb_text _builder_version=&#8221;4.22.1&#8243; text_font_size=&#8221;32px&#8221; header_2_text_color=&#8221;#1e5096&#8243; header_2_line_height=&#8221;1.3em&#8221; hover_enabled=&#8221;0&#8243; global_colors_info=&#8221;{}&#8221; theme_builder_area=&#8221;post_content&#8221; sticky_enabled=&#8221;0&#8243; custom_margin=&#8221;||17px|||&#8221;]<\/p>\n<h2 style=\"text-align: center; color: #1e5096;\"><strong>Zavr\u0161en 7. hrvatski geolo\u0161ki kongres (7. HGK)<\/strong><\/h2>\n<p>[\/et_pb_text][et_pb_image src=&#8221;https:\/\/www.hgi-cgs.hr\/wp-content\/uploads\/2023\/10\/Banner_25092023b-scaled.jpg&#8221; _builder_version=&#8221;4.22.1&#8243; _module_preset=&#8221;default&#8221; theme_builder_area=&#8221;post_content&#8221; hover_enabled=&#8221;0&#8243; sticky_enabled=&#8221;0&#8243; title_text=&#8221;Banner_25092023b&#8221; width=&#8221;70%&#8221; module_alignment=&#8221;center&#8221;][\/et_pb_image][\/et_pb_column][\/et_pb_row][\/et_pb_section][et_pb_section fb_built=&#8221;1&#8243; _builder_version=&#8221;4.16&#8243; custom_padding=&#8221;20px||41px|||&#8221; global_colors_info=&#8221;{}&#8221; theme_builder_area=&#8221;post_content&#8221;][et_pb_row _builder_version=&#8221;4.16&#8243; min_height=&#8221;192px&#8221; custom_margin=&#8221;12px|auto||auto||&#8221; custom_padding=&#8221;0px||0px|||&#8221; global_colors_info=&#8221;{}&#8221; theme_builder_area=&#8221;post_content&#8221;][et_pb_column type=&#8221;4_4&#8243; _builder_version=&#8221;4.16&#8243; global_colors_info=&#8221;{}&#8221; theme_builder_area=&#8221;post_content&#8221;][et_pb_text _builder_version=&#8221;4.22.1&#8243; text_font=&#8221;||||||||&#8221; link_font=&#8221;||||||||&#8221; link_text_color=&#8221;#e09900&#8243; custom_margin=&#8221;8px|||||&#8221; custom_padding=&#8221;|10px||10px|false|true&#8221; hover_enabled=&#8221;0&#8243; global_colors_info=&#8221;{}&#8221; theme_builder_area=&#8221;post_content&#8221; sticky_enabled=&#8221;0&#8243;]<\/p>\n<ol start=\"7\">\n<li>HGK odr\u017ean je u hotelu Valamar Diamant Hotel &amp; Residence u Pore\u010du od 2. do 4. listopada 2023. godine. Ove je godine na 7. HGK sudjelovalo ukupno 210 sudionika. To potvr\u0111uje da kolege geolozi vole do\u0107i na HGK, na\u010diti ne\u0161to novo, ali i vidjeti se s kolegama iz cijele Hrvatske i inozemstva i provesti ugodna tri dana u me\u0111usobnom dru\u017eenju i razmjeni iskustava.<\/li>\n<\/ol>\n<p>Kongres je otvorio predsjednik Hrvatskog geolo\u0161kog dru\u0161tva i ravnatelj Hrvatskog geolo\u0161kog instituta dr. sc. Slobodan Miko. Prisutnima se obratila Tajana Huzak, tajnica kabineta ministra u Ministarstvu prostornoga ure\u0111enja, graditeljstva i dr\u017eavne imovine. U ime Istarske \u017eupanije, kongres je pozdravila zamjenica \u017eupana Jessica Acquavita. Prigodne govore odr\u017eali su Marijan Krpan (predsjednik Uprave Agencije za ugljikovodike), direktor istra\u017eivanja u INA-i Goran Jovi\u0107, te prodekan Rudarsko-geolo\u0161ko-naftnog fakulteta za znanost i me\u0111unarodnu suradnju izv. prof. dr. sc. Stanko Ru\u017ei\u010di\u0107. Sudionike kongresa je pozdravila i Sanja Skaramuca u ime Udr\u017eenja geologa BiH.<\/p>\n<p>U dvodevnom okupljanju obuhva\u0107ene su mnoge teme zna\u010dajne za znanstvena i stru\u010dna istra\u017eivanja geoznanosti u Hrvatskoj. Istaknuta su pozvana predavanja, od mikrofosilnih zajednica miocenskih naslaga sjvernohrvatskog bazena (Valentina Hajek Tadesse), erozije obala (Kristina Pikelj), akta o kriti\u010dnim mineralnim sirovinama na podru\u010dju ADRIA zemalja (Sibila Borojevi\u0107 \u0160o\u0161tari\u0107), do istra\u017eivanja ugljikovodika (Goran Jovi\u0107 &amp; Tomislav Baketari\u0107) te razvoja i primjena geotermalne energije (Martina Tuschl) u Hrvatskoj.<\/p>\n<p>Program kongresa bio je raspore\u0111en na 20 tema u sklopu kojih je bilo prijavljeno ukupno 160 sa\u017eetaka. Na kongresu su odr\u017eana 95 predavanja i prezentirano je 65 postera. Uz spomenute teme pozvanih predavanja, prvi dan kongresa bio je rezerviran za talo\u017ene stijene, stratigrafiju i talo\u017ene bazene, potom magmatske i metamorfne stijene, mineralogiju i geokemiju, paleontologiju i biostratigrafiju, daljinska istra\u017eivanja, mineralne sirovine, geologiju mora i kvartar. Drugi dan je bio rezerviran za hidrogeologiju i in\u017eenjersku geologiju, geohazarde, geofiziku i seizmologiju, geologiju nafte, geoenergetske sustave, geologiju kr\u0161a, paleontologiju, te geolo\u0161ku ba\u0161tinu, muzeologiju i obrazovanje i popularizaciju geologije. Predavanja su bila organizirana u dvije dvorane, te su sudionici stalno imali osje\u0107aj da ne\u0161to propu\u0161taju.<\/p>\n<p>Ove godine je uvedena i novost, u sklopu kongresa organizirana je radionica \u201eUvod u gemologiju\u201c, koju je vodila doc. dr. sc. Andrea \u010cobi\u0107 i kroz koju je u dva dana pro\u0161lo ukupno 35 sudionika. Tako\u0111er, za vrijeme trajanja kongresa je bio predstavljen na registracijskom stolu novi ud\u017ebenik iz geologije za 4. razrede prirodoslovnih gimnazija, koji su sudionici mogli pogledati i prelistati.<\/p>\n<p>Kongres je zavr\u0161en u srijedu, s organizirinim jednodevnim ekskurzijama na podru\u010dju Istre: Siva Istra (fli\u0161, geohazardi, hidrogeologija), Crvena Istra (regionalne diskordancije \u2013 kopneni materijali) i Bijela Istra (karbonatna platforma, AG kamen).<\/p>\n<p>Va\u017eno je istaknuti da je i ove godine velik zna\u010daj dan zajedni\u010dkom dru\u017eenju sudionika na organiziranoj sve\u010danoj ve\u010deri, na kojoj je DJ Lorenzo (Marko Kantoli\u0107) bio zadu\u017een za dobru atmosferu.<\/p>\n<p>Pokrovitelji kongresa bili su Ministarstvo znanosti i obrazovanja, Ministarstvo gospodarstva i odr\u017eivog razvoja, Ministarstvo prostornoga ure\u0111enja, graditeljstva i dr\u017eavne imovine te Istarska \u017eupanija. Glavni sponzor kongresa je bila INA \u2013 Industrija nafte d.d., zatim Agencija za ugljikovodike i Jadranski naftovod d.d., te ostali sponzori GEO-5 d.o.o. Rovinj, Geokon-Zagreb d.d., Kamen d.d. Pazin, Veli\u010dki kamen d.o.o. Velika i Wienerberger d.o.o. Karlovac. Donatori kongresa su bili Javna ustanova Natura Histrica iz Pule, LIMES plus iz Zagreba, Zagreba\u010dka pivovara, Aura proizvodi d.o.o. iz Buzeta i Vina Petrove\u010dki iz Svetog Kri\u017ea Za\u010dretje i Turisti\u010dka zajednica grada Pore\u010da.<\/p>\n<p>Predsjednik i tajnica HGD-a, Slobodan Miko i Nikolina Ilijani\u0107 gostovali su u radijskoj emisiji Oko znanosti, prvog programa Hrvatskog radija u srijedu 4. listopada, te su u danom medijskom prostoru iskoristili priliku za isticanjem potrebe istra\u017eivanja i primjene mineralnih sirovina u Hrvatskoj i svijetu, kao i najavu odr\u017eavanja 7. HGK u Pore\u010du: <a href=\"https:\/\/radio.hrt.hr\/slusaonica\/oko-znanosti\">https:\/\/radio.hrt.hr\/slusaonica\/oko-znanosti<\/a><\/p>\n<p>Zahvaljujemo svim kolegama, \u010dlanovima organizacijskog i programasko-znanstvenog odbora, voditeljima ekskurzija, urednicama Knjige sa\u017eetaka i Vodi\u010da ekskurzija, studentima-volonterima, te svim \u010dlanovima Hrvatskog geolo\u0161kog dru\u0161tva koji su sudjelovali na kongresu, sponzorima i donatorima, \u0161to svake \u010detiri godine posje\u0107uju hrvatski geolo\u0161ki kongres i na taj na\u010din pokazuju da cijene i prepoznaju HGK kao centralno znanstveno doga\u0111anje geologa, a HG(I)D-u kao organizatoru postavljaju visoke ciljeve u organizaciji, kojima se radujemo.<\/p>\n<p>Vidimo se za \u010detiri godine!<\/p>\n<p>[\/et_pb_text][\/et_pb_column][\/et_pb_row][et_pb_row _builder_version=&#8221;4.16&#8243; _module_preset=&#8221;default&#8221; global_colors_info=&#8221;{}&#8221; theme_builder_area=&#8221;post_content&#8221;][et_pb_column type=&#8221;4_4&#8243; _builder_version=&#8221;4.16&#8243; _module_preset=&#8221;default&#8221; global_colors_info=&#8221;{}&#8221; theme_builder_area=&#8221;post_content&#8221;][et_pb_image src=&#8221;https:\/\/www.hgi-cgs.hr\/wp-content\/uploads\/2023\/10\/HGK_ponedjeljak-scaled.jpg&#8221; title_text=&#8221;HGK_ponedjeljak&#8221; align=&#8221;center&#8221; _builder_version=&#8221;4.22.1&#8243; _module_preset=&#8221;default&#8221; width=&#8221;60%&#8221; module_alignment=&#8221;center&#8221; hover_enabled=&#8221;0&#8243; border_radii=&#8221;on|5px|5px|5px|5px&#8221; box_shadow_style=&#8221;preset1&#8243; box_shadow_blur=&#8221;15px&#8221; global_colors_info=&#8221;{}&#8221; theme_builder_area=&#8221;post_content&#8221; sticky_enabled=&#8221;0&#8243;][\/et_pb_image][\/et_pb_column][\/et_pb_row][et_pb_row _builder_version=&#8221;4.16&#8243; _module_preset=&#8221;default&#8221; global_colors_info=&#8221;{}&#8221; theme_builder_area=&#8221;post_content&#8221;][et_pb_column type=&#8221;4_4&#8243; _builder_version=&#8221;4.16&#8243; _module_preset=&#8221;default&#8221; global_colors_info=&#8221;{}&#8221; theme_builder_area=&#8221;post_content&#8221;][et_pb_text _builder_version=&#8221;4.22.1&#8243; _module_preset=&#8221;default&#8221; text_font_size=&#8221;13px&#8221; width=&#8221;67%&#8221; module_alignment=&#8221;center&#8221; custom_margin=&#8221;-29px|||||&#8221; hover_enabled=&#8221;0&#8243; global_colors_info=&#8221;{}&#8221; theme_builder_area=&#8221;post_content&#8221; sticky_enabled=&#8221;0&#8243;]<\/p>\n<p style=\"text-align: center;\"><em>Otvorenje 7. hrvatskog geolo\u0161kog kongresa<br \/><\/em><\/p>\n<p>[\/et_pb_text][\/et_pb_column][\/et_pb_row][\/et_pb_section]<\/p>\n","protected":false},"excerpt":{"rendered":"<p>NOVOSTIZavr\u0161en 7. hrvatski geolo\u0161ki kongres (7. HGK) HGK odr\u017ean je u hotelu Valamar Diamant Hotel &amp; Residence u Pore\u010du od 2. do 4. listopada 2023. godine. Ove je godine na 7. HGK sudjelovalo ukupno 210 sudionika. To potvr\u0111uje da kolege geolozi vole do\u0107i na HGK, na\u010diti ne\u0161to novo, ali i vidjeti se s kolegama iz [&hellip;]<\/p>\n","protected":false},"author":1,"featured_media":0,"parent":0,"menu_order":0,"comment_status":"closed","ping_status":"closed","template":"","meta":{"_et_pb_use_builder":"on","_et_pb_old_content":"","_et_gb_content_width":"","footnotes":""},"class_list":["post-42524","page","type-page","status-publish","hentry"],"aioseo_notices":[],"_links":{"self":[{"href":"https:\/\/www.hgi-cgs.hr\/en\/wp-json\/wp\/v2\/pages\/42524","targetHints":{"allow":["GET"]}}],"collection":[{"href":"https:\/\/www.hgi-cgs.hr\/en\/wp-json\/wp\/v2\/pages"}],"about":[{"href":"https:\/\/www.hgi-cgs.hr\/en\/wp-json\/wp\/v2\/types\/page"}],"author":[{"embeddable":true,"href":"https:\/\/www.hgi-cgs.hr\/en\/wp-json\/wp\/v2\/users\/1"}],"replies":[{"embeddable":true,"href":"https:\/\/www.hgi-cgs.hr\/en\/wp-json\/wp\/v2\/comments?post=42524"}],"version-history":[{"count":4,"href":"https:\/\/www.hgi-cgs.hr\/en\/wp-json\/wp\/v2\/pages\/42524\/revisions"}],"predecessor-version":[{"id":42534,"href":"https:\/\/www.hgi-cgs.hr\/en\/wp-json\/wp\/v2\/pages\/42524\/revisions\/42534"}],"wp:attachment":[{"href":"https:\/\/www.hgi-cgs.hr\/en\/wp-json\/wp\/v2\/media?parent=42524"}],"curies":[{"name":"wp","href":"https:\/\/api.w.org\/{rel}","templated":true}]}}