{"id":41995,"date":"2023-03-27T11:20:38","date_gmt":"2023-03-27T11:20:38","guid":{"rendered":"https:\/\/www.hgi-cgs.hr\/?page_id=41995"},"modified":"2023-03-27T12:43:00","modified_gmt":"2023-03-27T12:43:00","slug":"europska-komisija-predstavila-prijedlog-zakona-o-kriticnim-mineralnim-sirovinama","status":"publish","type":"page","link":"https:\/\/www.hgi-cgs.hr\/en\/europska-komisija-predstavila-prijedlog-zakona-o-kriticnim-mineralnim-sirovinama\/","title":{"rendered":"<strong>Europska komisija predstavila prijedlog Zakona o kriti\u010dnim mineralnim sirovinama<\/strong>"},"content":{"rendered":"<p>[et_pb_section fb_built=&#8221;1&#8243; _builder_version=&#8221;4.19.1&#8243; _module_preset=&#8221;default&#8221; global_colors_info=&#8221;{}&#8221;][\/et_pb_section][et_pb_section fb_built=&#8221;1&#8243; fullwidth=&#8221;on&#8221; _builder_version=&#8221;4.16&#8243; custom_padding=&#8221;0px||0px|||&#8221; global_colors_info=&#8221;{}&#8221;][et_pb_fullwidth_slider _builder_version=&#8221;4.16&#8243; min_height=&#8221;112px&#8221; height=&#8221;400px&#8221; custom_margin=&#8221;0px||||false|false&#8221; custom_padding=&#8221;0px||18px||false|false&#8221; auto=&#8221;on&#8221; auto_ignore_hover=&#8221;on&#8221; locked=&#8221;off&#8221; global_colors_info=&#8221;{}&#8221;][et_pb_slide heading=&#8221;Hrvatski geolo\u0161ki institut&#8221; _builder_version=&#8221;4.16&#8243; header_font=&#8221;|||on|||||&#8221; background_image=&#8221;https:\/\/www.hgi-cgs.hr\/wp-content\/uploads\/2020\/03\/Br\u010di\u0107_Drvenik02-scaled.jpg&#8221; background_enable_image=&#8221;on&#8221; locked=&#8221;off&#8221; global_colors_info=&#8221;{}&#8221; sticky_transition=&#8221;on&#8221;][\/et_pb_slide][et_pb_slide heading=&#8221;Hrvatski geolo\u0161ki institut&#8221; _builder_version=&#8221;4.16&#8243; header_font=&#8221;|||on|||||&#8221; background_image=&#8221;https:\/\/www.hgi-cgs.hr\/wp-content\/uploads\/2020\/03\/ban2-scaled.jpg&#8221; background_enable_image=&#8221;on&#8221; locked=&#8221;off&#8221; global_colors_info=&#8221;{}&#8221; sticky_transition=&#8221;on&#8221;][\/et_pb_slide][et_pb_slide heading=&#8221;Hrvatski geolo\u0161ki institut&#8221; _builder_version=&#8221;4.16&#8243; header_font=&#8221;|||on|||||&#8221; background_image=&#8221;https:\/\/www.hgi-cgs.hr\/wp-content\/uploads\/2020\/03\/20190228_094232-scaled.jpg&#8221; background_enable_image=&#8221;on&#8221; locked=&#8221;off&#8221; global_colors_info=&#8221;{}&#8221; sticky_transition=&#8221;on&#8221;][\/et_pb_slide][et_pb_slide heading=&#8221;Hrvatski geolo\u0161ki institut&#8221; _builder_version=&#8221;4.16&#8243; header_font=&#8221;|||on|||||&#8221; background_image=&#8221;https:\/\/www.hgi-cgs.hr\/wp-content\/uploads\/2020\/03\/ban3-scaled.jpg&#8221; background_enable_image=&#8221;on&#8221; locked=&#8221;off&#8221; global_colors_info=&#8221;{}&#8221; sticky_transition=&#8221;on&#8221;][\/et_pb_slide][et_pb_slide heading=&#8221;Hrvatski geolo\u0161ki institut&#8221; _builder_version=&#8221;4.16&#8243; header_font=&#8221;|||on|||||&#8221; background_image=&#8221;https:\/\/www.hgi-cgs.hr\/wp-content\/uploads\/2020\/03\/Bijele_stijene-Gorski_kotar-scaled.jpg&#8221; background_enable_image=&#8221;on&#8221; locked=&#8221;off&#8221; global_colors_info=&#8221;{}&#8221; sticky_transition=&#8221;on&#8221;][\/et_pb_slide][et_pb_slide heading=&#8221;Hrvatski geolo\u0161ki institut&#8221; _builder_version=&#8221;4.16&#8243; header_font=&#8221;|||on|||||&#8221; background_image=&#8221;https:\/\/www.hgi-cgs.hr\/wp-content\/uploads\/2020\/03\/ban4-scaled.jpg&#8221; background_enable_image=&#8221;on&#8221; locked=&#8221;off&#8221; global_colors_info=&#8221;{}&#8221; sticky_transition=&#8221;on&#8221;][\/et_pb_slide][et_pb_slide heading=&#8221;Hrvatski geolo\u0161ki institut&#8221; _builder_version=&#8221;4.16&#8243; header_font=&#8221;|||on|||||&#8221; background_image=&#8221;https:\/\/www.hgi-cgs.hr\/wp-content\/uploads\/2020\/03\/ban5-scaled.jpg&#8221; background_enable_image=&#8221;on&#8221; locked=&#8221;off&#8221; global_colors_info=&#8221;{}&#8221; sticky_transition=&#8221;on&#8221;][\/et_pb_slide][\/et_pb_fullwidth_slider][\/et_pb_section][et_pb_section fb_built=&#8221;1&#8243; _builder_version=&#8221;4.16&#8243; global_colors_info=&#8221;{}&#8221;][et_pb_row _builder_version=&#8221;4.16&#8243; global_colors_info=&#8221;{}&#8221;][et_pb_column type=&#8221;4_4&#8243; _builder_version=&#8221;4.16&#8243; global_colors_info=&#8221;{}&#8221;][et_pb_text _builder_version=&#8221;4.16&#8243; text_font_size=&#8221;32px&#8221; header_2_text_color=&#8221;#1e5096&#8243; global_colors_info=&#8221;{}&#8221;]<\/p>\n<h2 style=\"text-align: center; color: #1e5096;\"><strong>\u00a0NOVOSTI<\/strong><\/h2>\n<p>[\/et_pb_text][\/et_pb_column][\/et_pb_row][et_pb_row _builder_version=&#8221;4.16&#8243; custom_margin=&#8221;|auto|-9px|auto||&#8221; global_colors_info=&#8221;{}&#8221;][et_pb_column type=&#8221;4_4&#8243; _builder_version=&#8221;4.16&#8243; global_colors_info=&#8221;{}&#8221;][et_pb_text _builder_version=&#8221;4.19.4&#8243; text_font_size=&#8221;32px&#8221; header_2_text_color=&#8221;#1e5096&#8243; header_2_line_height=&#8221;1.3em&#8221; custom_margin=&#8221;||-10px|||&#8221; global_colors_info=&#8221;{}&#8221;]<\/p>\n<h2 style=\"text-align: center; color: #1e5096;\"><strong>Europska komisija predstavila prijedlog Zakona o kriti\u010dnim mineralnim sirovinama<\/strong><\/h2>\n<p>[\/et_pb_text][\/et_pb_column][\/et_pb_row][\/et_pb_section][et_pb_section fb_built=&#8221;1&#8243; _builder_version=&#8221;4.16&#8243; custom_padding=&#8221;20px||41px|||&#8221; global_colors_info=&#8221;{}&#8221;][et_pb_row _builder_version=&#8221;4.16&#8243; min_height=&#8221;192px&#8221; custom_margin=&#8221;-4px|auto||auto||&#8221; custom_padding=&#8221;0px|||||&#8221; global_colors_info=&#8221;{}&#8221;][et_pb_column type=&#8221;4_4&#8243; _builder_version=&#8221;4.16&#8243; global_colors_info=&#8221;{}&#8221;][et_pb_text _builder_version=&#8221;4.19.4&#8243; text_font=&#8221;||||||||&#8221; link_font=&#8221;||||||||&#8221; link_text_color=&#8221;#e09900&#8243; custom_margin=&#8221;18px|||||&#8221; custom_padding=&#8221;|10px||10px|false|true&#8221; hover_enabled=&#8221;0&#8243; global_colors_info=&#8221;{}&#8221; sticky_enabled=&#8221;0&#8243;]<\/p>\n<p>Europska komisija predstavila je 16. o\u017eujka 2023. prijedlog Uredbe za promicanje sigurne i odr\u017eive opskrbe kriti\u010dnim mineralnim sirovinama u EU &#8211; \u201cEuropski zakon o kriti\u010dnim mineralnim sirovinama\u201d (eng. \u201eEuropean Critical Raw Materials Act\u201c).<\/p>\n<p>Sigurna i odr\u017eiva opskrba kriti\u010dnim mineralnim sirovinama nu\u017ena je kako bi se omogu\u0107ile zelena i digitalna tranzicija, koje zahtijevaju nove tehnologije i nova energetska rje\u0161enja koja dovode do potra\u017enje za ve\u0107im koli\u010dinama i vrstama metala i minerala od onih prije kori\u0161tenih.<\/p>\n<p>Prijedlogom Uredbe su u zakonsku regulativu Europske unije uvr\u0161teni popisi kriti\u010dnih i strate\u0161kih mineralnih sirovina. Sve ve\u0107a potra\u017enja za kriti\u010dnim mineralnim sirovinama za provo\u0111enje cijelog seta strate\u0161kih ciljeva razli\u010ditih industrija potaknuli su Europsku komisiju da djeluje u nekoliko podru\u010dja, odnosno u krugu lanca vrijednosti povezanih s opskrbom sirovinama, a to su istra\u017eivanje i eksploatacija, obrada, recikliranje i ograni\u010denja kod uvoza kriti\u010dnih i strate\u0161kih mineralnih sirovina. Tako \u0107e se regulirati mjere u sljede\u0107im podru\u010djima:<\/p>\n<ul>\n<li>pove\u0107ano nacionalno rudarstvo i proizvodnja<\/li>\n<li>pove\u0107ana u\u010dinkovitost resursa i recikliranje<\/li>\n<li>diversifikacija trgovine.<\/li>\n<\/ul>\n<p>Prijedlogom Uredbe prepoznaje se uloga nacionalnih geolo\u0161kih instituta u prikupljanju, interpretaciji i pru\u017eanju geoznanstvenih podataka potrebnih za razumijevanje potpovr\u0161ine, kao i uloga udru\u017eenja Europskih geolo\u0161kih slu\u017ebi (EuroGeoSurveys i projekt Geolo\u0161ke slu\u017ebe za Europu) u dostavljanju harmoniziranih i uskla\u0111enih podataka koji su preduvjet za poticanje ulaganja u istra\u017eivanje i eksploataciju kriti\u010dnih mineralnih sirovina.<\/p>\n<p>Predvi\u0111eno je da \u0107e svaka dr\u017eava \u010dlanica biti obavezna izraditi Nacionalni program istra\u017eivanja kao mjere za pove\u0107anje dostupnih informacija o kriti\u010dnim mineralnim sirovinama u Europskoj uniji, \u0161to \u0107e trebati uklju\u010divati kartiranje mineralnih resursa, geokemijska istra\u017eivanja tla, sedimenata i stijena, geoznanstvena istra\u017eivanja, razvijanje karata predvidljivosti, kao i ponovnu obradu postoje\u0107ih podataka geoznanstvenih istra\u017eivanja. Cilj navedenog je pronala\u017eenje dosad neidentificiranih mineralnih pojava koje sadr\u017ee kriti\u010dne mineralne sirovine.<\/p>\n<p>Hrvatski geolo\u0161ki institut bi morao imati savjetodavnu ulogu u stvaranju i implementaciji Nacionalnog programa istra\u017eivanja kriti\u010dnih mineralnih sirovina za Vladu Republike Hrvatske i Ministarstvo gospodarstva i odr\u017eivog razvoja, koji \u0107e redovito komunicirati na godi\u0161njoj razini s Europskom komisijom o provedbi tih programa, javno dostupnih na mre\u017enim stranicama.<\/p>\n<p>Iz prijedloga Uredbe je vidljivo kako je prepoznat rad i zna\u010daj nacionalnih geolo\u0161kih instituta svake dr\u017eave \u010dlanice, koji \u0107e sukladno tome morati usmjeriti svoju djelatnost na planiranje i razradu istra\u017eivanja za utvr\u0111ivanje le\u017ei\u0161ta kriti\u010dnih mineralnih sirovina.<\/p>\n<p>O predlo\u017eenoj Uredbi raspravljat \u0107e Europski parlament i Vije\u0107e Europske unije te ga moraju odobriti svih 27 dr\u017eava \u010dlanica.<\/p>\n<p>Priop\u0107enje za medije Europske komisije:<\/p>\n<p><a href=\"https:\/\/ec.europa.eu\/commission\/presscorner\/detail\/en\/ip_23_1661\"><em>Press release European Critical Raw Materials Act (europa.eu)<\/em><\/a><a href=\"https:\/\/ec.europa.eu\/commission\/presscorner\/detail\/en\/ip_23_1661\"><em><\/em><\/a><\/p>\n<p>Za vi\u0161e informacija: <em><a href=\"https:\/\/single-market-economy.ec.europa.eu\/publications\/european-critical-raw-materials-act_en%20\">European Critical Raw Materials Act<\/a><\/em><\/p>\n<p>[\/et_pb_text][\/et_pb_column][\/et_pb_row][\/et_pb_section]<\/p>\n","protected":false},"excerpt":{"rendered":"<p>\u00a0NOVOSTIEuropska komisija predstavila prijedlog Zakona o kriti\u010dnim mineralnim sirovinamaEuropska komisija predstavila je 16. o\u017eujka 2023. prijedlog Uredbe za promicanje sigurne i odr\u017eive opskrbe kriti\u010dnim mineralnim sirovinama u EU &#8211; \u201cEuropski zakon o kriti\u010dnim mineralnim sirovinama\u201d (eng. \u201eEuropean Critical Raw Materials Act\u201c). Sigurna i odr\u017eiva opskrba kriti\u010dnim mineralnim sirovinama nu\u017ena je kako bi se omogu\u0107ile zelena [&hellip;]<\/p>\n","protected":false},"author":1,"featured_media":0,"parent":0,"menu_order":0,"comment_status":"closed","ping_status":"closed","template":"","meta":{"_et_pb_use_builder":"on","_et_pb_old_content":"","_et_gb_content_width":"","footnotes":""},"class_list":["post-41995","page","type-page","status-publish","hentry"],"aioseo_notices":[],"_links":{"self":[{"href":"https:\/\/www.hgi-cgs.hr\/en\/wp-json\/wp\/v2\/pages\/41995","targetHints":{"allow":["GET"]}}],"collection":[{"href":"https:\/\/www.hgi-cgs.hr\/en\/wp-json\/wp\/v2\/pages"}],"about":[{"href":"https:\/\/www.hgi-cgs.hr\/en\/wp-json\/wp\/v2\/types\/page"}],"author":[{"embeddable":true,"href":"https:\/\/www.hgi-cgs.hr\/en\/wp-json\/wp\/v2\/users\/1"}],"replies":[{"embeddable":true,"href":"https:\/\/www.hgi-cgs.hr\/en\/wp-json\/wp\/v2\/comments?post=41995"}],"version-history":[{"count":4,"href":"https:\/\/www.hgi-cgs.hr\/en\/wp-json\/wp\/v2\/pages\/41995\/revisions"}],"predecessor-version":[{"id":42006,"href":"https:\/\/www.hgi-cgs.hr\/en\/wp-json\/wp\/v2\/pages\/41995\/revisions\/42006"}],"wp:attachment":[{"href":"https:\/\/www.hgi-cgs.hr\/en\/wp-json\/wp\/v2\/media?parent=41995"}],"curies":[{"name":"wp","href":"https:\/\/api.w.org\/{rel}","templated":true}]}}