{"id":41761,"date":"2023-01-11T07:47:51","date_gmt":"2023-01-11T07:47:51","guid":{"rendered":"https:\/\/www.hgi-cgs.hr\/?page_id=41761"},"modified":"2023-01-13T08:37:49","modified_gmt":"2023-01-13T08:37:49","slug":"geochemical-records-in-subaerial-exposure-environments-in-croatia-using-discriminant-function-analysis-of-bauxite-data","status":"publish","type":"page","link":"https:\/\/www.hgi-cgs.hr\/en\/geochemical-records-in-subaerial-exposure-environments-in-croatia-using-discriminant-function-analysis-of-bauxite-data\/","title":{"rendered":"<strong>Geochemical records in subaerial exposure environments in Croatia using discriminant function analysis of bauxite data<\/strong>"},"content":{"rendered":"<p>[et_pb_section fb_built=&#8221;1&#8243; fullwidth=&#8221;on&#8221; _builder_version=&#8221;4.16&#8243; custom_padding=&#8221;0px||0px|||&#8221; global_colors_info=&#8221;{}&#8221;][et_pb_fullwidth_slider _builder_version=&#8221;4.16&#8243; min_height=&#8221;112px&#8221; height=&#8221;400px&#8221; custom_margin=&#8221;0px||||false|false&#8221; custom_padding=&#8221;0px||18px||false|false&#8221; auto=&#8221;on&#8221; auto_ignore_hover=&#8221;on&#8221; locked=&#8221;off&#8221; global_colors_info=&#8221;{}&#8221;][et_pb_slide heading=&#8221;Hrvatski geolo\u0161ki institut&#8221; _builder_version=&#8221;4.16&#8243; header_font=&#8221;|||on|||||&#8221; background_image=&#8221;https:\/\/www.hgi-cgs.hr\/wp-content\/uploads\/2020\/03\/Br\u010di\u0107_Drvenik02-scaled.jpg&#8221; background_enable_image=&#8221;on&#8221; locked=&#8221;off&#8221; global_colors_info=&#8221;{}&#8221; sticky_transition=&#8221;on&#8221;][\/et_pb_slide][et_pb_slide heading=&#8221;Hrvatski geolo\u0161ki institut&#8221; _builder_version=&#8221;4.16&#8243; header_font=&#8221;|||on|||||&#8221; background_image=&#8221;https:\/\/www.hgi-cgs.hr\/wp-content\/uploads\/2020\/03\/ban2-scaled.jpg&#8221; background_enable_image=&#8221;on&#8221; locked=&#8221;off&#8221; global_colors_info=&#8221;{}&#8221; sticky_transition=&#8221;on&#8221;][\/et_pb_slide][et_pb_slide heading=&#8221;Hrvatski geolo\u0161ki institut&#8221; _builder_version=&#8221;4.16&#8243; header_font=&#8221;|||on|||||&#8221; background_image=&#8221;https:\/\/www.hgi-cgs.hr\/wp-content\/uploads\/2020\/03\/20190228_094232-scaled.jpg&#8221; background_enable_image=&#8221;on&#8221; locked=&#8221;off&#8221; global_colors_info=&#8221;{}&#8221; sticky_transition=&#8221;on&#8221;][\/et_pb_slide][et_pb_slide heading=&#8221;Hrvatski geolo\u0161ki institut&#8221; _builder_version=&#8221;4.16&#8243; header_font=&#8221;|||on|||||&#8221; background_image=&#8221;https:\/\/www.hgi-cgs.hr\/wp-content\/uploads\/2020\/03\/ban3-scaled.jpg&#8221; background_enable_image=&#8221;on&#8221; locked=&#8221;off&#8221; global_colors_info=&#8221;{}&#8221; sticky_transition=&#8221;on&#8221;][\/et_pb_slide][et_pb_slide heading=&#8221;Hrvatski geolo\u0161ki institut&#8221; _builder_version=&#8221;4.16&#8243; header_font=&#8221;|||on|||||&#8221; background_image=&#8221;https:\/\/www.hgi-cgs.hr\/wp-content\/uploads\/2020\/03\/Bijele_stijene-Gorski_kotar-scaled.jpg&#8221; background_enable_image=&#8221;on&#8221; locked=&#8221;off&#8221; global_colors_info=&#8221;{}&#8221; sticky_transition=&#8221;on&#8221;][\/et_pb_slide][et_pb_slide heading=&#8221;Hrvatski geolo\u0161ki institut&#8221; _builder_version=&#8221;4.16&#8243; header_font=&#8221;|||on|||||&#8221; background_image=&#8221;https:\/\/www.hgi-cgs.hr\/wp-content\/uploads\/2020\/03\/ban4-scaled.jpg&#8221; background_enable_image=&#8221;on&#8221; locked=&#8221;off&#8221; global_colors_info=&#8221;{}&#8221; sticky_transition=&#8221;on&#8221;][\/et_pb_slide][et_pb_slide heading=&#8221;Hrvatski geolo\u0161ki institut&#8221; _builder_version=&#8221;4.16&#8243; header_font=&#8221;|||on|||||&#8221; background_image=&#8221;https:\/\/www.hgi-cgs.hr\/wp-content\/uploads\/2020\/03\/ban5-scaled.jpg&#8221; background_enable_image=&#8221;on&#8221; locked=&#8221;off&#8221; global_colors_info=&#8221;{}&#8221; sticky_transition=&#8221;on&#8221;][\/et_pb_slide][\/et_pb_fullwidth_slider][\/et_pb_section][et_pb_section fb_built=&#8221;1&#8243; _builder_version=&#8221;4.16&#8243; global_colors_info=&#8221;{}&#8221;][et_pb_row _builder_version=&#8221;4.16&#8243; global_colors_info=&#8221;{}&#8221;][et_pb_column type=&#8221;4_4&#8243; _builder_version=&#8221;4.16&#8243; global_colors_info=&#8221;{}&#8221;][et_pb_text _builder_version=&#8221;4.16&#8243; text_font_size=&#8221;32px&#8221; header_2_text_color=&#8221;#1e5096&#8243; global_colors_info=&#8221;{}&#8221;]<\/p>\n<h2 style=\"text-align: center; color: #1e5096;\"><strong>NAJNOVIJI OBJAVLJENI RADOVI<\/strong><\/h2>\n<p>[\/et_pb_text][\/et_pb_column][\/et_pb_row][et_pb_row _builder_version=&#8221;4.16&#8243; global_colors_info=&#8221;{}&#8221;][et_pb_column type=&#8221;4_4&#8243; _builder_version=&#8221;4.16&#8243; global_colors_info=&#8221;{}&#8221;][et_pb_text _builder_version=&#8221;4.19.4&#8243; text_font_size=&#8221;32px&#8221; header_2_text_color=&#8221;#1e5096&#8243; header_2_line_height=&#8221;1.3em&#8221; global_colors_info=&#8221;{}&#8221;]<\/p>\n<h2 style=\"text-align: center; color: #1e5096;\"><strong>Geochemical records in subaerial exposure environments in Croatia using discriminant function analysis of bauxite data<\/strong><\/h2>\n<p>[\/et_pb_text][\/et_pb_column][\/et_pb_row][\/et_pb_section][et_pb_section fb_built=&#8221;1&#8243; _builder_version=&#8221;4.16&#8243; custom_padding=&#8221;20px||41px|||&#8221; global_colors_info=&#8221;{}&#8221;][et_pb_row _builder_version=&#8221;4.16&#8243; custom_padding=&#8221;0px|||||&#8221; global_colors_info=&#8221;{}&#8221;][et_pb_column type=&#8221;4_4&#8243; _builder_version=&#8221;4.16&#8243; global_colors_info=&#8221;{}&#8221;][et_pb_image src=&#8221;https:\/\/www.hgi-cgs.hr\/wp-content\/uploads\/2023\/01\/microsoftteams-image-5-2.webp&#8221; alt=&#8221;Geosciences logo&#8221; title_text=&#8221;microsoftteams-image-5-2&#8243; align=&#8221;center&#8221; align_tablet=&#8221;center&#8221; align_phone=&#8221;&#8221; align_last_edited=&#8221;on|desktop&#8221; _builder_version=&#8221;4.19.4&#8243; width=&#8221;30%&#8221; max_width=&#8221;35%&#8221; module_alignment=&#8221;center&#8221; border_radii=&#8221;on|5px|5px|5px|5px&#8221; box_shadow_style=&#8221;preset1&#8243; box_shadow_blur=&#8221;15px&#8221; global_colors_info=&#8221;{}&#8221;][\/et_pb_image][\/et_pb_column][\/et_pb_row][et_pb_row _builder_version=&#8221;4.16&#8243; min_height=&#8221;192px&#8221; custom_margin=&#8221;12px|auto||auto||&#8221; custom_padding=&#8221;0px|||||&#8221; global_colors_info=&#8221;{}&#8221;][et_pb_column type=&#8221;4_4&#8243; _builder_version=&#8221;4.16&#8243; global_colors_info=&#8221;{}&#8221;][et_pb_text _builder_version=&#8221;4.19.4&#8243; text_font=&#8221;||||||||&#8221; link_font=&#8221;||||||||&#8221; link_text_color=&#8221;#e09900&#8243; custom_margin=&#8221;18px|||||&#8221; custom_padding=&#8221;|10px||10px|false|true&#8221; global_colors_info=&#8221;{}&#8221;]<\/p>\n<p>Objavljen je rad pod naslovom \u201eGeochemical records in subaerial exposure environments in Croatia using discriminant function analysis of bauxite data\u201c, grupe autora Hrvatskog geolo\u0161kog instituta Nikolina Ilijani\u0107, Erli Kova\u010devi\u0107 Galovi\u0107, Nikola Gizdavec, Ivona Ivki\u0107 Filipovi\u0107, Slobodan Miko, Zoran Peh. Rad je objavljen u \u010dasopisu otvorenog pristupa Frontiers in Earth Science, pod sekcijom Sedimentology, Stratigraphy and Diagenesis, i mo\u017ee se vidjeti na <strong><em><a href=\"https:\/\/www.frontiersin.org\/articles\/10.3389\/feart.2022.1055435\/full\">poveznici<\/a><\/em>. <\/strong><\/p>\n<p>U radu je multivarijatnom statisti\u010dkom analizom geokemijskih podataka pokazana geokemijska varijacija izme\u0111u razli\u010ditih horizonata kr\u0161kih boksita u Hrvatskoj, s cljem utvr\u0111ivanja evolucije Jadransko-Dinarske karbonatne platforme (ADCP). Pokazano je da je vremenska os uklju\u010dena u tektonostratigrafsku shemu te da ukazuje na promjenjivu paleogeografiju i dinamiku talo\u017eenja na jadranskoj karbonatnoj platformi kroz razdoblje od gornjeg trijasa do miocena. Tri diskriminantne funkcije tuma\u010de se u smislu tipi\u010dnih procesa postanka boksita na karbonatnoj platformi tijekom emerzije, kao \u0161to su napredak boksitizacije i unos mafi\u010dnog materijala u sastav protoboksita, procesi progresivne feralitizacije i, kona\u010dno, desilikacija. U kona\u010dnici, gornjokredni boksiti su najrazvijeni boksiti s vrlo visokim udjelom aluminija i niskim sadr\u017eajem silicijevog dioksida, koji je u rangu samo s paleogenskim boksitima. Me\u0111utim, sve ostale skupine boksita, osim miocenskih, impliciraju &#8220;nedovr\u0161eni&#8221; proces kemijskog tro\u0161enja tijekom kratkih perioda emerzije karbonatne platforme. Gornjokredni boksiti pro\u0161li su proces deferalitizacije, dok geokemijski signal najmla\u0111ih miocenskih boksita, kao najmla\u0111eg produkta boksitizacije u hrvatskim kr\u0161kim Dinaridima tek neznatno odstupa od modernih tala (terra rossa) zahvaljuju\u0107i visokom sadr\u017eaju minerala glina, odnosno niskom stupnju boksitizacije. Dokazan je diskriminiraju\u0107i potencijal u geokemijskom sastavu boksita, koji ujedno ukazuje na mogu\u0107e promjene koje su utjecale na razvoj Jadransko-Dinarske karbonatne platforme tijekom razdoblja emerzija, \u0161to se mo\u017ee primijeniti i na razvoj drugih karbonatnih platformi.<\/p>\n<p>[\/et_pb_text][\/et_pb_column][\/et_pb_row][\/et_pb_section]<\/p>\n","protected":false},"excerpt":{"rendered":"<p>NAJNOVIJI OBJAVLJENI RADOVIGeochemical records in subaerial exposure environments in Croatia using discriminant function analysis of bauxite dataObjavljen je rad pod naslovom \u201eGeochemical records in subaerial exposure environments in Croatia using discriminant function analysis of bauxite data\u201c, grupe autora Hrvatskog geolo\u0161kog instituta Nikolina Ilijani\u0107, Erli Kova\u010devi\u0107 Galovi\u0107, Nikola Gizdavec, Ivona Ivki\u0107 Filipovi\u0107, Slobodan Miko, Zoran Peh. [&hellip;]<\/p>\n","protected":false},"author":1,"featured_media":0,"parent":0,"menu_order":0,"comment_status":"closed","ping_status":"closed","template":"","meta":{"_et_pb_use_builder":"on","_et_pb_old_content":"","_et_gb_content_width":"","footnotes":""},"class_list":["post-41761","page","type-page","status-publish","hentry"],"aioseo_notices":[],"_links":{"self":[{"href":"https:\/\/www.hgi-cgs.hr\/en\/wp-json\/wp\/v2\/pages\/41761","targetHints":{"allow":["GET"]}}],"collection":[{"href":"https:\/\/www.hgi-cgs.hr\/en\/wp-json\/wp\/v2\/pages"}],"about":[{"href":"https:\/\/www.hgi-cgs.hr\/en\/wp-json\/wp\/v2\/types\/page"}],"author":[{"embeddable":true,"href":"https:\/\/www.hgi-cgs.hr\/en\/wp-json\/wp\/v2\/users\/1"}],"replies":[{"embeddable":true,"href":"https:\/\/www.hgi-cgs.hr\/en\/wp-json\/wp\/v2\/comments?post=41761"}],"version-history":[{"count":3,"href":"https:\/\/www.hgi-cgs.hr\/en\/wp-json\/wp\/v2\/pages\/41761\/revisions"}],"predecessor-version":[{"id":41796,"href":"https:\/\/www.hgi-cgs.hr\/en\/wp-json\/wp\/v2\/pages\/41761\/revisions\/41796"}],"wp:attachment":[{"href":"https:\/\/www.hgi-cgs.hr\/en\/wp-json\/wp\/v2\/media?parent=41761"}],"curies":[{"name":"wp","href":"https:\/\/api.w.org\/{rel}","templated":true}]}}