{"id":41060,"date":"2022-05-10T11:09:53","date_gmt":"2022-05-10T11:09:53","guid":{"rendered":"https:\/\/www.hgi-cgs.hr\/?page_id=41060"},"modified":"2022-05-10T11:23:53","modified_gmt":"2022-05-10T11:23:53","slug":"gea-2022","status":"publish","type":"page","link":"https:\/\/www.hgi-cgs.hr\/en\/gea-2022\/","title":{"rendered":"GEA 2022"},"content":{"rendered":"<p>[et_pb_section fb_built=&#8221;1&#8243; fullwidth=&#8221;on&#8221; _builder_version=&#8221;4.16&#8243; custom_padding=&#8221;0px||0px|||&#8221; global_colors_info=&#8221;{}&#8221;][et_pb_fullwidth_slider _builder_version=&#8221;4.16&#8243; min_height=&#8221;112px&#8221; height=&#8221;400px&#8221; custom_margin=&#8221;0px||||false|false&#8221; custom_padding=&#8221;0px||18px||false|false&#8221; auto=&#8221;on&#8221; auto_ignore_hover=&#8221;on&#8221; locked=&#8221;off&#8221; global_colors_info=&#8221;{}&#8221;][et_pb_slide heading=&#8221;Hrvatski geolo\u0161ki institut&#8221; _builder_version=&#8221;4.16&#8243; header_font=&#8221;|||on|||||&#8221; background_image=&#8221;https:\/\/www.hgi-cgs.hr\/wp-content\/uploads\/2020\/03\/Br\u010di\u0107_Drvenik02-scaled.jpg&#8221; background_enable_image=&#8221;on&#8221; locked=&#8221;off&#8221; global_colors_info=&#8221;{}&#8221; sticky_transition=&#8221;on&#8221;][\/et_pb_slide][et_pb_slide heading=&#8221;Hrvatski geolo\u0161ki institut&#8221; _builder_version=&#8221;4.16&#8243; header_font=&#8221;|||on|||||&#8221; background_image=&#8221;https:\/\/www.hgi-cgs.hr\/wp-content\/uploads\/2020\/03\/ban2-scaled.jpg&#8221; background_enable_image=&#8221;on&#8221; locked=&#8221;off&#8221; global_colors_info=&#8221;{}&#8221; sticky_transition=&#8221;on&#8221;][\/et_pb_slide][et_pb_slide heading=&#8221;Hrvatski geolo\u0161ki institut&#8221; _builder_version=&#8221;4.16&#8243; header_font=&#8221;|||on|||||&#8221; background_image=&#8221;https:\/\/www.hgi-cgs.hr\/wp-content\/uploads\/2020\/03\/20190228_094232-scaled.jpg&#8221; background_enable_image=&#8221;on&#8221; locked=&#8221;off&#8221; global_colors_info=&#8221;{}&#8221; sticky_transition=&#8221;on&#8221;][\/et_pb_slide][et_pb_slide heading=&#8221;Hrvatski geolo\u0161ki institut&#8221; _builder_version=&#8221;4.16&#8243; header_font=&#8221;|||on|||||&#8221; background_image=&#8221;https:\/\/www.hgi-cgs.hr\/wp-content\/uploads\/2020\/03\/ban3-scaled.jpg&#8221; background_enable_image=&#8221;on&#8221; locked=&#8221;off&#8221; global_colors_info=&#8221;{}&#8221; sticky_transition=&#8221;on&#8221;][\/et_pb_slide][et_pb_slide heading=&#8221;Hrvatski geolo\u0161ki institut&#8221; _builder_version=&#8221;4.16&#8243; header_font=&#8221;|||on|||||&#8221; background_image=&#8221;https:\/\/www.hgi-cgs.hr\/wp-content\/uploads\/2020\/03\/Bijele_stijene-Gorski_kotar-scaled.jpg&#8221; background_enable_image=&#8221;on&#8221; locked=&#8221;off&#8221; global_colors_info=&#8221;{}&#8221; sticky_transition=&#8221;on&#8221;][\/et_pb_slide][et_pb_slide heading=&#8221;Hrvatski geolo\u0161ki institut&#8221; _builder_version=&#8221;4.16&#8243; header_font=&#8221;|||on|||||&#8221; background_image=&#8221;https:\/\/www.hgi-cgs.hr\/wp-content\/uploads\/2020\/03\/ban4-scaled.jpg&#8221; background_enable_image=&#8221;on&#8221; locked=&#8221;off&#8221; global_colors_info=&#8221;{}&#8221; sticky_transition=&#8221;on&#8221;][\/et_pb_slide][et_pb_slide heading=&#8221;Hrvatski geolo\u0161ki institut&#8221; _builder_version=&#8221;4.16&#8243; header_font=&#8221;|||on|||||&#8221; background_image=&#8221;https:\/\/www.hgi-cgs.hr\/wp-content\/uploads\/2020\/03\/ban5-scaled.jpg&#8221; background_enable_image=&#8221;on&#8221; locked=&#8221;off&#8221; global_colors_info=&#8221;{}&#8221; sticky_transition=&#8221;on&#8221;][\/et_pb_slide][\/et_pb_fullwidth_slider][\/et_pb_section][et_pb_section fb_built=&#8221;1&#8243; _builder_version=&#8221;4.16&#8243; custom_padding=&#8221;||0px|||&#8221; global_colors_info=&#8221;{}&#8221;][et_pb_row _builder_version=&#8221;4.16&#8243; global_colors_info=&#8221;{}&#8221;][et_pb_column type=&#8221;4_4&#8243; _builder_version=&#8221;4.16&#8243; global_colors_info=&#8221;{}&#8221;][et_pb_text _builder_version=&#8221;4.16&#8243; text_font_size=&#8221;32px&#8221; header_2_text_color=&#8221;#1e5096&#8243; global_colors_info=&#8221;{}&#8221;]<\/p>\n<h2 style=\"text-align: center; color: #1e5096;\"><strong>NOVOSTI<\/strong><\/h2>\n<p>[\/et_pb_text][\/et_pb_column][\/et_pb_row][et_pb_row _builder_version=&#8221;4.16&#8243; global_colors_info=&#8221;{}&#8221;][et_pb_column type=&#8221;4_4&#8243; _builder_version=&#8221;4.16&#8243; global_colors_info=&#8221;{}&#8221;][et_pb_text _builder_version=&#8221;4.17.3&#8243; text_font_size=&#8221;32px&#8221; header_2_text_color=&#8221;#1e5096&#8243; header_2_line_height=&#8221;1.3em&#8221; hover_enabled=&#8221;0&#8243; global_colors_info=&#8221;{}&#8221; sticky_enabled=&#8221;0&#8243;]<\/p>\n<h2 style=\"text-align: center; color: #1e5096;\">FOTO- natje\u010daj GEA 2022.<\/h2>\n<p>[\/et_pb_text][\/et_pb_column][\/et_pb_row][\/et_pb_section][et_pb_section fb_built=&#8221;1&#8243; _builder_version=&#8221;4.16&#8243; custom_padding=&#8221;20px||41px|||&#8221; global_colors_info=&#8221;{}&#8221;][et_pb_row _builder_version=&#8221;4.16&#8243; _module_preset=&#8221;default&#8221; global_colors_info=&#8221;{}&#8221;][et_pb_column type=&#8221;4_4&#8243; _builder_version=&#8221;4.16&#8243; _module_preset=&#8221;default&#8221; global_colors_info=&#8221;{}&#8221;][et_pb_text _builder_version=&#8221;4.17.3&#8243; _module_preset=&#8221;default&#8221; custom_margin=&#8221;7px|||||&#8221; custom_padding=&#8221;0px|||||&#8221; global_colors_info=&#8221;{}&#8221;]<\/p>\n<p>Pozivamo vas na sudjelovanje u\u00a0<strong>foto \u2013 natje\u010daju GEA 2022<\/strong>. Tema ovogodi\u0161njeg natje\u010daja je\u00a0<em>Kamen kao znamen<\/em>.<\/p>\n<p>Od sudionika o\u010dekujemo fotografije kamena koji svojim oblikom, obradom ili namjenom sadr\u017ei jasnu simboliku, odnosno predstavlja odre\u0111eni biljeg, trag, znak ili arhetip.<br \/>Pravo sudjelovanja na ovoj izlo\u017ebi otvorenog tipa, osim \u010dlanova HGD-a, imaju i svi ostali zaljubljenici u fotografiju, geoznanosti, prirodne ljepote. \u010clanovi Organizacijskog odbora nemaju pravo sudjelovanja.<\/p>\n<p>Uvjete natje\u010daja mo\u017eete pro\u010ditati na<em><a href=\"https:\/\/www.hgi-cgs.hr\/wp-content\/uploads\/2022\/05\/GEA_2022_Poziv.pdf\">\u00a0<\/a><\/em><span><em><a href=\"https:\/\/www.hgi-cgs.hr\/wp-content\/uploads\/2022\/05\/GEA_2022_Poziv.pdf\"><strong>poveznici<\/strong><\/a><\/em>. Rok za\u00a0slanje fotografija je\u00a0<strong>27. svibnja 2022.<\/strong>\u00a0godine, a treba ih poslati na adresu elektroni\u010dke po\u0161te:\u00a0<em><strong>hgd.gea@gmail.com<\/strong><\/em>.<\/span><\/p>\n<p>Izlo\u017eba \u0107e tradicionalno biti postavljena u Hrvatskom geolo\u0161kom institutu, kao i u ostalim institucijama koje zapo\u0161ljavaju geologe (INA \u2013 Industrija nafte d.d., Rudarsko-geolo\u0161ko-naftnom fakultetu, Hrvatskom prirodoslovnom muzeju, \u00a0Geolo\u0161kom odsjeku Prirodoslovno-matemati\u010dkog fakulteta, tijekom koje \u0107e biti mogu\u0107e glasati za tri najbolje fotografije. U prosincu \u0107e biti odr\u017eana aukcija fotografija, a prikupljena sredstva bit \u0107e donirana Udruzi osoba s intelektualnim te\u0161ko\u0107ama \u0160ibensko-kninske \u017eupanije \u201eKamen\u010di\u0107i\u201c. Glavni sponzor izlo\u017ebe fotografija je INA d.d.<\/p>\n<p><em><a href=\"https:\/\/mcusercontent.com\/474b21f2889254e7e994a0b76\/files\/21922025-71fd-488c-a21c-b4017c1a208d\/GEA_plakat_final.pdf\"><\/a><\/em><\/p>\n<p>[\/et_pb_text][et_pb_image src=&#8221;https:\/\/www.hgi-cgs.hr\/wp-content\/uploads\/2022\/05\/gea-plakat-2022.1-scaled.jpg&#8221; alt=&#8221;GEA 2022&#8243; title_text=&#8221;gea plakat 2022.(1)&#8221; align=&#8221;center&#8221; _builder_version=&#8221;4.17.3&#8243; _module_preset=&#8221;default&#8221; width=&#8221;40%&#8221; module_alignment=&#8221;center&#8221; border_radii=&#8221;on|5px|5px|5px|5px&#8221; box_shadow_style=&#8221;preset1&#8243; box_shadow_blur=&#8221;15px&#8221; global_colors_info=&#8221;{}&#8221;][\/et_pb_image][\/et_pb_column][\/et_pb_row][\/et_pb_section]<\/p>\n","protected":false},"excerpt":{"rendered":"<p>NOVOSTIFOTO- natje\u010daj GEA 2022.Pozivamo vas na sudjelovanje u\u00a0foto \u2013 natje\u010daju GEA 2022. Tema ovogodi\u0161njeg natje\u010daja je\u00a0Kamen kao znamen. Od sudionika o\u010dekujemo fotografije kamena koji svojim oblikom, obradom ili namjenom sadr\u017ei jasnu simboliku, odnosno predstavlja odre\u0111eni biljeg, trag, znak ili arhetip.Pravo sudjelovanja na ovoj izlo\u017ebi otvorenog tipa, osim \u010dlanova HGD-a, imaju i svi ostali zaljubljenici u [&hellip;]<\/p>\n","protected":false},"author":1,"featured_media":0,"parent":0,"menu_order":0,"comment_status":"closed","ping_status":"closed","template":"","meta":{"_et_pb_use_builder":"on","_et_pb_old_content":"","_et_gb_content_width":"","footnotes":""},"class_list":["post-41060","page","type-page","status-publish","hentry"],"aioseo_notices":[],"_links":{"self":[{"href":"https:\/\/www.hgi-cgs.hr\/en\/wp-json\/wp\/v2\/pages\/41060","targetHints":{"allow":["GET"]}}],"collection":[{"href":"https:\/\/www.hgi-cgs.hr\/en\/wp-json\/wp\/v2\/pages"}],"about":[{"href":"https:\/\/www.hgi-cgs.hr\/en\/wp-json\/wp\/v2\/types\/page"}],"author":[{"embeddable":true,"href":"https:\/\/www.hgi-cgs.hr\/en\/wp-json\/wp\/v2\/users\/1"}],"replies":[{"embeddable":true,"href":"https:\/\/www.hgi-cgs.hr\/en\/wp-json\/wp\/v2\/comments?post=41060"}],"version-history":[{"count":3,"href":"https:\/\/www.hgi-cgs.hr\/en\/wp-json\/wp\/v2\/pages\/41060\/revisions"}],"predecessor-version":[{"id":41070,"href":"https:\/\/www.hgi-cgs.hr\/en\/wp-json\/wp\/v2\/pages\/41060\/revisions\/41070"}],"wp:attachment":[{"href":"https:\/\/www.hgi-cgs.hr\/en\/wp-json\/wp\/v2\/media?parent=41060"}],"curies":[{"name":"wp","href":"https:\/\/api.w.org\/{rel}","templated":true}]}}