{"id":40838,"date":"2022-03-30T08:13:09","date_gmt":"2022-03-30T08:13:09","guid":{"rendered":"https:\/\/www.hgi-cgs.hr\/?page_id=40838"},"modified":"2022-03-30T08:15:27","modified_gmt":"2022-03-30T08:15:27","slug":"spatial-distribution-and-geometric-characteristics-of-landslides-with-special-reference-to-geological-units-in-the-area-of-slavonski-brod-croatia","status":"publish","type":"page","link":"https:\/\/www.hgi-cgs.hr\/en\/spatial-distribution-and-geometric-characteristics-of-landslides-with-special-reference-to-geological-units-in-the-area-of-slavonski-brod-croatia\/","title":{"rendered":"Spatial distribution and geometric  characteristics of landslides with special reference to geological units  in the area of Slavonski Brod, Croatia"},"content":{"rendered":"<p>[et_pb_section fb_built=&#8221;1&#8243; fullwidth=&#8221;on&#8221; _builder_version=&#8221;4.15&#8243; custom_padding=&#8221;0px||0px|||&#8221; global_colors_info=&#8221;{}&#8221; theme_builder_area=&#8221;post_content&#8221;][et_pb_fullwidth_slider _builder_version=&#8221;4.15&#8243; min_height=&#8221;112px&#8221; height=&#8221;400px&#8221; custom_margin=&#8221;0px||||false|false&#8221; custom_padding=&#8221;0px||18px||false|false&#8221; auto=&#8221;on&#8221; auto_ignore_hover=&#8221;on&#8221; locked=&#8221;off&#8221; global_colors_info=&#8221;{}&#8221; theme_builder_area=&#8221;post_content&#8221;][et_pb_slide heading=&#8221;Hrvatski geolo\u0161ki institut&#8221; _builder_version=&#8221;4.15&#8243; header_font=&#8221;|||on|||||&#8221; background_image=&#8221;https:\/\/www.hgi-cgs.hr\/wp-content\/uploads\/2020\/03\/Br\u010di\u0107_Drvenik02-scaled.jpg&#8221; background_enable_image=&#8221;on&#8221; locked=&#8221;off&#8221; global_colors_info=&#8221;{}&#8221; sticky_transition=&#8221;on&#8221; theme_builder_area=&#8221;post_content&#8221;][\/et_pb_slide][et_pb_slide heading=&#8221;Hrvatski geolo\u0161ki institut&#8221; _builder_version=&#8221;4.15&#8243; header_font=&#8221;|||on|||||&#8221; background_image=&#8221;https:\/\/www.hgi-cgs.hr\/wp-content\/uploads\/2020\/03\/ban2-scaled.jpg&#8221; background_enable_image=&#8221;on&#8221; locked=&#8221;off&#8221; global_colors_info=&#8221;{}&#8221; sticky_transition=&#8221;on&#8221; theme_builder_area=&#8221;post_content&#8221;][\/et_pb_slide][et_pb_slide heading=&#8221;Hrvatski geolo\u0161ki institut&#8221; _builder_version=&#8221;4.15&#8243; header_font=&#8221;|||on|||||&#8221; background_image=&#8221;https:\/\/www.hgi-cgs.hr\/wp-content\/uploads\/2020\/03\/20190228_094232-scaled.jpg&#8221; background_enable_image=&#8221;on&#8221; locked=&#8221;off&#8221; global_colors_info=&#8221;{}&#8221; sticky_transition=&#8221;on&#8221; theme_builder_area=&#8221;post_content&#8221;][\/et_pb_slide][et_pb_slide heading=&#8221;Hrvatski geolo\u0161ki institut&#8221; _builder_version=&#8221;4.15&#8243; header_font=&#8221;|||on|||||&#8221; background_image=&#8221;https:\/\/www.hgi-cgs.hr\/wp-content\/uploads\/2020\/03\/ban3-scaled.jpg&#8221; background_enable_image=&#8221;on&#8221; locked=&#8221;off&#8221; global_colors_info=&#8221;{}&#8221; sticky_transition=&#8221;on&#8221; theme_builder_area=&#8221;post_content&#8221;][\/et_pb_slide][et_pb_slide heading=&#8221;Hrvatski geolo\u0161ki institut&#8221; _builder_version=&#8221;4.15&#8243; header_font=&#8221;|||on|||||&#8221; background_image=&#8221;https:\/\/www.hgi-cgs.hr\/wp-content\/uploads\/2020\/03\/Bijele_stijene-Gorski_kotar-scaled.jpg&#8221; background_enable_image=&#8221;on&#8221; locked=&#8221;off&#8221; global_colors_info=&#8221;{}&#8221; sticky_transition=&#8221;on&#8221; theme_builder_area=&#8221;post_content&#8221;][\/et_pb_slide][et_pb_slide heading=&#8221;Hrvatski geolo\u0161ki institut&#8221; _builder_version=&#8221;4.15&#8243; header_font=&#8221;|||on|||||&#8221; background_image=&#8221;https:\/\/www.hgi-cgs.hr\/wp-content\/uploads\/2020\/03\/ban4-scaled.jpg&#8221; background_enable_image=&#8221;on&#8221; locked=&#8221;off&#8221; global_colors_info=&#8221;{}&#8221; sticky_transition=&#8221;on&#8221; theme_builder_area=&#8221;post_content&#8221;][\/et_pb_slide][et_pb_slide heading=&#8221;Hrvatski geolo\u0161ki institut&#8221; _builder_version=&#8221;4.15&#8243; header_font=&#8221;|||on|||||&#8221; background_image=&#8221;https:\/\/www.hgi-cgs.hr\/wp-content\/uploads\/2020\/03\/ban5-scaled.jpg&#8221; background_enable_image=&#8221;on&#8221; locked=&#8221;off&#8221; global_colors_info=&#8221;{}&#8221; sticky_transition=&#8221;on&#8221; theme_builder_area=&#8221;post_content&#8221;][\/et_pb_slide][\/et_pb_fullwidth_slider][\/et_pb_section][et_pb_section fb_built=&#8221;1&#8243; _builder_version=&#8221;4.15&#8243; global_colors_info=&#8221;{}&#8221; theme_builder_area=&#8221;post_content&#8221;][et_pb_row _builder_version=&#8221;4.15&#8243; global_colors_info=&#8221;{}&#8221; theme_builder_area=&#8221;post_content&#8221;][et_pb_column type=&#8221;4_4&#8243; _builder_version=&#8221;4.15&#8243; global_colors_info=&#8221;{}&#8221; theme_builder_area=&#8221;post_content&#8221;][et_pb_text _builder_version=&#8221;4.15&#8243; text_font_size=&#8221;32px&#8221; header_2_text_color=&#8221;#1e5096&#8243; global_colors_info=&#8221;{}&#8221; theme_builder_area=&#8221;post_content&#8221;]<\/p>\n<h2 style=\"text-align: center; color: #1e5096;\"><strong>NAJNOVIJI OBJAVLJENI RADOVI<\/strong><\/h2>\n<p>[\/et_pb_text][\/et_pb_column][\/et_pb_row][et_pb_row _builder_version=&#8221;4.15&#8243; global_colors_info=&#8221;{}&#8221; theme_builder_area=&#8221;post_content&#8221;][et_pb_column type=&#8221;4_4&#8243; _builder_version=&#8221;4.15&#8243; global_colors_info=&#8221;{}&#8221; theme_builder_area=&#8221;post_content&#8221;][et_pb_text _builder_version=&#8221;4.15.1&#8243; text_font_size=&#8221;32px&#8221; header_2_text_color=&#8221;#1e5096&#8243; header_2_line_height=&#8221;1.3em&#8221; hover_enabled=&#8221;0&#8243; global_colors_info=&#8221;{}&#8221; theme_builder_area=&#8221;post_content&#8221; sticky_enabled=&#8221;0&#8243;]<\/p>\n<h2 style=\"text-align: center; color: #1e5096;\">Spatial distribution and geometric characteristics of landslides with special reference to geological units in the area of Slavonski Brod, Croatia<\/h2>\n<p>[\/et_pb_text][\/et_pb_column][\/et_pb_row][\/et_pb_section][et_pb_section fb_built=&#8221;1&#8243; _builder_version=&#8221;4.15&#8243; custom_padding=&#8221;20px||41px|||&#8221; global_colors_info=&#8221;{}&#8221; theme_builder_area=&#8221;post_content&#8221;][et_pb_row _builder_version=&#8221;4.15&#8243; custom_padding=&#8221;0px|||||&#8221; global_colors_info=&#8221;{}&#8221; theme_builder_area=&#8221;post_content&#8221;][et_pb_column type=&#8221;4_4&#8243; _builder_version=&#8221;4.15&#8243; global_colors_info=&#8221;{}&#8221; theme_builder_area=&#8221;post_content&#8221;][et_pb_image src=&#8221;https:\/\/www.hgi-cgs.hr\/wp-content\/uploads\/2020\/11\/croatica_logo.jpg&#8221; alt=&#8221;Geologia Croatica logo&#8221; title_text=&#8221;croatica_logo&#8221; align=&#8221;center&#8221; align_tablet=&#8221;center&#8221; align_phone=&#8221;&#8221; align_last_edited=&#8221;on|desktop&#8221; _builder_version=&#8221;4.15.1&#8243; width=&#8221;25%&#8221; max_width=&#8221;35%&#8221; module_alignment=&#8221;center&#8221; hover_enabled=&#8221;0&#8243; border_radii=&#8221;on|5px|5px|5px|5px&#8221; box_shadow_style=&#8221;preset1&#8243; box_shadow_blur=&#8221;15px&#8221; global_colors_info=&#8221;{}&#8221; theme_builder_area=&#8221;post_content&#8221; sticky_enabled=&#8221;0&#8243;][\/et_pb_image][\/et_pb_column][\/et_pb_row][et_pb_row _builder_version=&#8221;4.15&#8243; min_height=&#8221;192px&#8221; custom_margin=&#8221;12px|auto||auto||&#8221; custom_padding=&#8221;0px|||||&#8221; global_colors_info=&#8221;{}&#8221; theme_builder_area=&#8221;post_content&#8221;][et_pb_column type=&#8221;4_4&#8243; _builder_version=&#8221;4.15&#8243; global_colors_info=&#8221;{}&#8221; theme_builder_area=&#8221;post_content&#8221;][et_pb_text _builder_version=&#8221;4.15.1&#8243; text_font=&#8221;||||||||&#8221; link_font=&#8221;||||||||&#8221; link_text_color=&#8221;#e09900&#8243; custom_margin=&#8221;18px|||||&#8221; custom_padding=&#8221;|10px||10px|false|true&#8221; hover_enabled=&#8221;0&#8243; global_colors_info=&#8221;{}&#8221; theme_builder_area=&#8221;post_content&#8221; sticky_enabled=&#8221;0&#8243;]<\/p>\n<p>U radu je prikazana prostorna analiza katastra klizi\u0161ta i njihovih geometrijskih zna\u010dajki na podru\u010dju Slavonskog Broda. Katastar klizi\u0161ta izra\u0111en je za podru\u010dje povr\u0161ine 55 km<sup>2<\/sup> na temelju vizualne interpretacije LiDAR-digitalnog modela terena visoke rezolucije. Ukupno je okontureno 854 poligona klizi\u0161ta s prosje\u010dnom povr\u0161inom od 839 m<sup>2<\/sup>. Ve\u0107ina klizi\u0161ta (85 %) nalazi se unutar dvije geolo\u0161ke jedinice (M<sub>6<\/sub><sup>2<\/sup>: Pijesci s proslojcima siltova i \u0161ljunaka; Pl: Gline, pijesci, \u0161ljunci i ugljen), za koje su uspore\u0111ene geometrijske zna\u010dajke klizi\u0161ta i provedene detaljnije prostorne analize nagiba, reljefa i drena\u017ene mre\u017ee. Na temelju gusto\u0107e klizi\u0161ta unutar pojedine klase ovih parametara odre\u0111ene su klase koje su najvi\u0161e podlo\u017ene pojavi klizi\u0161ta.<\/p>\n<p>LiDAR podloge kori\u0161tene u ovom radu rezultat su snimanja provedenog 2018. u sklopu projekta safEarth, Interreg IPA CBC programa Hrvatska-Bosna i Hercegovina-Crna Gora, sufinanciranog sredstvima ERDF i IPA II fondova EU.<\/p>\n<p>Rad je objavljen u \u010dasopisa <em>Geologia Croatica<\/em> i dostupan je na sljede\u0107oj poveznici: <a href=\"http:\/\/www.geologia-croatica.hr\/index.php\/GC\/article\/view\/1050\"><em>http:\/\/www.geologia-croatica.hr\/index.php\/GC\/article\/view\/1050<\/em><\/a><\/p>\n<p>[\/et_pb_text][\/et_pb_column][\/et_pb_row][\/et_pb_section]<\/p>\n","protected":false},"excerpt":{"rendered":"<p>NAJNOVIJI OBJAVLJENI RADOVISpatial distribution and geometric characteristics of landslides with special reference to geological units in the area of Slavonski Brod, CroatiaU radu je prikazana prostorna analiza katastra klizi\u0161ta i njihovih geometrijskih zna\u010dajki na podru\u010dju Slavonskog Broda. Katastar klizi\u0161ta izra\u0111en je za podru\u010dje povr\u0161ine 55 km2 na temelju vizualne interpretacije LiDAR-digitalnog modela terena visoke rezolucije. [&hellip;]<\/p>\n","protected":false},"author":1,"featured_media":0,"parent":0,"menu_order":0,"comment_status":"closed","ping_status":"closed","template":"","meta":{"_et_pb_use_builder":"on","_et_pb_old_content":"","_et_gb_content_width":"","footnotes":""},"class_list":["post-40838","page","type-page","status-publish","hentry"],"aioseo_notices":[],"_links":{"self":[{"href":"https:\/\/www.hgi-cgs.hr\/en\/wp-json\/wp\/v2\/pages\/40838","targetHints":{"allow":["GET"]}}],"collection":[{"href":"https:\/\/www.hgi-cgs.hr\/en\/wp-json\/wp\/v2\/pages"}],"about":[{"href":"https:\/\/www.hgi-cgs.hr\/en\/wp-json\/wp\/v2\/types\/page"}],"author":[{"embeddable":true,"href":"https:\/\/www.hgi-cgs.hr\/en\/wp-json\/wp\/v2\/users\/1"}],"replies":[{"embeddable":true,"href":"https:\/\/www.hgi-cgs.hr\/en\/wp-json\/wp\/v2\/comments?post=40838"}],"version-history":[{"count":2,"href":"https:\/\/www.hgi-cgs.hr\/en\/wp-json\/wp\/v2\/pages\/40838\/revisions"}],"predecessor-version":[{"id":40842,"href":"https:\/\/www.hgi-cgs.hr\/en\/wp-json\/wp\/v2\/pages\/40838\/revisions\/40842"}],"wp:attachment":[{"href":"https:\/\/www.hgi-cgs.hr\/en\/wp-json\/wp\/v2\/media?parent=40838"}],"curies":[{"name":"wp","href":"https:\/\/api.w.org\/{rel}","templated":true}]}}