{"id":40331,"date":"2021-10-15T09:49:47","date_gmt":"2021-10-15T09:49:47","guid":{"rendered":"https:\/\/www.hgi-cgs.hr\/?page_id=40331"},"modified":"2021-10-15T10:09:02","modified_gmt":"2021-10-15T10:09:02","slug":"projekti-eu-fondova-deepwater-ce","status":"publish","type":"page","link":"https:\/\/www.hgi-cgs.hr\/en\/projekti-eu-fondova-deepwater-ce\/","title":{"rendered":"Projekti EU fondova &#8211; DEEPWATER-CE"},"content":{"rendered":"<p>[et_pb_section fb_built=&#8221;1&#8243; fullwidth=&#8221;on&#8221; _builder_version=&#8221;4.4.1&#8243; custom_padding=&#8221;0px||0px|||&#8221; global_colors_info=&#8221;{}&#8221;][et_pb_fullwidth_slider _builder_version=&#8221;4.4.2&#8243; min_height=&#8221;112px&#8221; height=&#8221;400px&#8221; custom_margin=&#8221;0px||||false|false&#8221; custom_padding=&#8221;0px||18px||false|false&#8221; auto=&#8221;on&#8221; auto_ignore_hover=&#8221;on&#8221; locked=&#8221;off&#8221; global_colors_info=&#8221;{}&#8221;][et_pb_slide heading=&#8221;Hrvatski geolo\u0161ki institut&#8221; _builder_version=&#8221;4.4.1&#8243; header_font=&#8221;|||on|||||&#8221; background_image=&#8221;https:\/\/www.hgi-cgs.hr\/wp-content\/uploads\/2020\/03\/Br\u010di\u0107_Drvenik02-scaled.jpg&#8221; background_enable_image=&#8221;on&#8221; locked=&#8221;off&#8221; global_colors_info=&#8221;{}&#8221; sticky_transition=&#8221;on&#8221;][\/et_pb_slide][et_pb_slide heading=&#8221;Hrvatski geolo\u0161ki institut&#8221; _builder_version=&#8221;4.4.1&#8243; header_font=&#8221;|||on|||||&#8221; background_image=&#8221;https:\/\/www.hgi-cgs.hr\/wp-content\/uploads\/2020\/03\/ban2-scaled.jpg&#8221; background_enable_image=&#8221;on&#8221; locked=&#8221;off&#8221; global_colors_info=&#8221;{}&#8221; sticky_transition=&#8221;on&#8221;][\/et_pb_slide][et_pb_slide heading=&#8221;Hrvatski geolo\u0161ki institut&#8221; _builder_version=&#8221;4.4.1&#8243; header_font=&#8221;|||on|||||&#8221; background_image=&#8221;https:\/\/www.hgi-cgs.hr\/wp-content\/uploads\/2020\/03\/20190228_094232-scaled.jpg&#8221; background_enable_image=&#8221;on&#8221; locked=&#8221;off&#8221; global_colors_info=&#8221;{}&#8221; sticky_transition=&#8221;on&#8221;][\/et_pb_slide][et_pb_slide heading=&#8221;Hrvatski geolo\u0161ki institut&#8221; _builder_version=&#8221;4.4.1&#8243; header_font=&#8221;|||on|||||&#8221; background_image=&#8221;https:\/\/www.hgi-cgs.hr\/wp-content\/uploads\/2020\/03\/ban3-scaled.jpg&#8221; background_enable_image=&#8221;on&#8221; locked=&#8221;off&#8221; global_colors_info=&#8221;{}&#8221; sticky_transition=&#8221;on&#8221;][\/et_pb_slide][et_pb_slide heading=&#8221;Hrvatski geolo\u0161ki institut&#8221; _builder_version=&#8221;4.4.1&#8243; header_font=&#8221;|||on|||||&#8221; background_image=&#8221;https:\/\/www.hgi-cgs.hr\/wp-content\/uploads\/2020\/03\/Bijele_stijene-Gorski_kotar-scaled.jpg&#8221; background_enable_image=&#8221;on&#8221; locked=&#8221;off&#8221; global_colors_info=&#8221;{}&#8221; sticky_transition=&#8221;on&#8221;][\/et_pb_slide][et_pb_slide heading=&#8221;Hrvatski geolo\u0161ki institut&#8221; _builder_version=&#8221;4.4.1&#8243; header_font=&#8221;|||on|||||&#8221; background_image=&#8221;https:\/\/www.hgi-cgs.hr\/wp-content\/uploads\/2020\/03\/ban4-scaled.jpg&#8221; background_enable_image=&#8221;on&#8221; locked=&#8221;off&#8221; global_colors_info=&#8221;{}&#8221; sticky_transition=&#8221;on&#8221;][\/et_pb_slide][et_pb_slide heading=&#8221;Hrvatski geolo\u0161ki institut&#8221; _builder_version=&#8221;4.4.1&#8243; header_font=&#8221;|||on|||||&#8221; background_image=&#8221;https:\/\/www.hgi-cgs.hr\/wp-content\/uploads\/2020\/03\/ban5-scaled.jpg&#8221; background_enable_image=&#8221;on&#8221; locked=&#8221;off&#8221; global_colors_info=&#8221;{}&#8221; sticky_transition=&#8221;on&#8221;][\/et_pb_slide][\/et_pb_fullwidth_slider][\/et_pb_section][et_pb_section fb_built=&#8221;1&#8243; _builder_version=&#8221;4.4.2&#8243; custom_padding=&#8221;||7px|||&#8221; global_colors_info=&#8221;{}&#8221;][et_pb_row _builder_version=&#8221;4.4.2&#8243; global_colors_info=&#8221;{}&#8221;][et_pb_column type=&#8221;4_4&#8243; _builder_version=&#8221;4.4.2&#8243; global_colors_info=&#8221;{}&#8221;][et_pb_text _builder_version=&#8221;4.11.1&#8243; text_font_size=&#8221;32px&#8221; header_2_text_color=&#8221;#1e5096&#8243; global_colors_info=&#8221;{}&#8221;]<\/p>\n<h2 style=\"text-align: center; color: #1e5096;\"><strong>ZAVOD ZA HIDROGEOLOGIJU I IN\u017dENJERSKU GEOLOGIJU<\/strong><\/h2>\n<h2 style=\"text-align: center; color: #1e5096;\"><strong>Projekti EU fondova<\/strong><\/h2>\n<p>[\/et_pb_text][\/et_pb_column][\/et_pb_row][\/et_pb_section][et_pb_section fb_built=&#8221;1&#8243; _builder_version=&#8221;4.4.2&#8243; custom_padding=&#8221;5px||41px|||&#8221; global_colors_info=&#8221;{}&#8221;][et_pb_row _builder_version=&#8221;3.25&#8243; custom_margin=&#8221;||20px&#8221; custom_padding=&#8221;||50px&#8221; global_colors_info=&#8221;{}&#8221;][et_pb_column type=&#8221;4_4&#8243; _builder_version=&#8221;3.25&#8243; custom_padding=&#8221;|||&#8221; global_colors_info=&#8221;{}&#8221; custom_padding__hover=&#8221;|||&#8221;][et_pb_text _builder_version=&#8221;4.11.2&#8243; text_font=&#8221;|300|||||||&#8221; ul_font=&#8221;||||||||&#8221; header_font=&#8221;||||||||&#8221; header_text_align=&#8221;center&#8221; header_2_font=&#8221;|800|||||||&#8221; header_2_text_align=&#8221;center&#8221; header_2_text_color=&#8221;#1e5096&#8243; header_2_font_size=&#8221;54px&#8221; header_3_font=&#8221;|300|||||||&#8221; text_orientation=&#8221;center&#8221; custom_margin=&#8221;-4px||18px|||&#8221; custom_padding=&#8221;||0px|||&#8221; animation_direction=&#8221;bottom&#8221; hover_enabled=&#8221;0&#8243; header_2_font_size_tablet=&#8221;&#8221; header_2_font_size_phone=&#8221;30px&#8221; header_2_font_size_last_edited=&#8221;on|phone&#8221; header_2_text_shadow_style=&#8221;preset1&#8243; header_2_text_shadow_horizontal_length=&#8221;0.03em&#8221; header_2_text_shadow_vertical_length=&#8221;0.03em&#8221; header_2_text_shadow_blur_strength=&#8221;0.05em&#8221; header_2_text_shadow_color=&#8221;rgba(0,0,0,0.3)&#8221; global_colors_info=&#8221;{}&#8221; sticky_enabled=&#8221;0&#8243;]<\/p>\n<h3><strong>DEEPWATER-CE: Developing an integrated implementation framework for Managed Aquifer Recharge solutions to facilitate the protection of Central European water resources endangered by climate change and user conflict<\/strong><\/h3>\n<h3><\/h3>\n<p>[\/et_pb_text][et_pb_image src=&#8221;https:\/\/www.hgi-cgs.hr\/wp-content\/uploads\/2020\/09\/deepwater.jpg&#8221; alt=&#8221;Deepwater-CE logo&#8221; title_text=&#8221;deepwater&#8221; url_new_window=&#8221;on&#8221; align=&#8221;center&#8221; _builder_version=&#8221;4.11.2&#8243; width=&#8221;25%&#8221; custom_margin=&#8221;||50px||false|false&#8221; custom_padding=&#8221;||0px|||&#8221; hover_enabled=&#8221;0&#8243; global_colors_info=&#8221;{}&#8221; sticky_enabled=&#8221;0&#8243;][\/et_pb_image][et_pb_tabs _builder_version=&#8221;4.11.2&#8243; custom_margin=&#8221;-15px||||false|false&#8221; hover_enabled=&#8221;0&#8243; global_colors_info=&#8221;{}&#8221; sticky_enabled=&#8221;0&#8243;][et_pb_tab title=&#8221;O projektu&#8221; _builder_version=&#8221;4.11.2&#8243; _module_preset=&#8221;default&#8221; hover_enabled=&#8221;0&#8243; global_colors_info=&#8221;{}&#8221; sticky_enabled=&#8221;0&#8243;]<\/p>\n<p>Transnacionalni program suradnje INTERREG Sredi\u0161nja Europa prepoznao je klimatske promjene kao jedan od najzna\u010dajnijih negativnih utjecaja na resurse pitke vode. Negativne posljedice klimatskih promjena odrazit \u0107e se kroz promjene u oborinskim i temperaturnim trendovima, \u0161to \u0107e uzrokovati nepredvidljive varijacije u protocima, dostupnosti i kakvo\u0107i vode, uz mogu\u0107nost konflikata izme\u0111u korisnika i isporu\u010ditelja vodnih usluga. S obzirom na iznimnu va\u017enost resursa podzemne vode, rje\u0161enja koja se baziraju na obnavljanju, za\u0161titi i odr\u017eivom kori\u0161tenju podzemne vode daju znatan doprinos postizanju odr\u017eive vodoopskrbe na podru\u010dju Srednje Europe. Kao mogu\u0107e rje\u0161enje, niz zemalja posegnuo je za metodama umjetnog prihranjivanja vodonosnika. Umjetno prihranjivanje vodonosnika (eng. <em>MAR &#8211; managed aquifer recharge<\/em>) je dokazani koncept koji se bazira na prikupljanju oborina, voda ni\u017ee kakvo\u0107e ili povr\u0161inskih voda (npr. poplavnih voda) tijekom vla\u017enih perioda, njihovom skladi\u0161tenju te umjetnom prihranjivanju (npr. utisni zdenci ili infiltracijske zone) u vodonosnik. Ciljevi umjetnog prihranjivanja vodonosnika su pove\u0107anje kakvo\u0107e vode, pove\u0107anje dostupnosti vode ili pove\u0107anje kakvo\u0107e okoli\u0161a i ekosustava (npr. sprje\u010davanje prodora slane vode, obnova precrpljenih vodonosnika).<\/p>\n<p>Hrvatsko pilot podru\u010dje gdje \u0107e se istra\u017eiti mogu\u0107nosti umjetnog prihranjivanja vodonosnika je otok Vis, gdje su kvalitetni kr\u0161ki oto\u010dki vodonosnici zaslu\u017eni za samodostatnost otoka po pitanju vodoopskrbe. Unato\u010d tome, tijekom ljetnih mjeseci i hidrolo\u0161kih minimuma mo\u017ee do\u0107i do smanjenja crpnih koli\u010dina i redukcija vode za korisnike zbog pada razina podzemne vode i rizika od zaslanjenja vodonosnika. Terenska interdisciplinarna istra\u017eivanja zapo\u010dela su u rujnu 2019. godine s ciljem prikupljanja podataka koji \u0107e poslu\u017eiti za izradu konceptualnog modela umjetnog prihranjivanja kr\u0161kog vodonosnika na lokaciji Korita, te za izradu 3D hidrogeolo\u0161kog modela otoka. Na temelju prikupljenih podataka i izra\u0111enih 3D modela procijeniti \u0107e se mogu\u0107nost i ekonomska opravdanost primjene dvije metode umjetnog prihranjivanja: infiltracijsko jezero i infiltracija putem upojnih zdenaca.<\/p>\n<p>Projekt DEEPWATER-CE okuplja osam partnera iz pet zemalja Srednje Europe i pet pridru\u017eenih partnera. Va\u017ean doprinos projektu \u0107e dati i interdisciplinarne grupe stru\u010dnjaka, dionika i donosilaca odluka koje \u0107e biti uklju\u010dene u projekt od samoga po\u010detka te \u0107e sudjelovati kroz radionice, tematska predavanja i transnacionalne tematske panele, s namjerom postizanja ekolo\u0161kih, socijalnih i ekonomskih ciljeva projekta. Nadalje, DEEPWATER-CE \u0107e kapitalizirati i unaprijediti postoje\u0107e znanje iz prija\u0161njih projekata iz FP7 i H2020 okvira.<\/p>\n<p>[\/et_pb_tab][et_pb_tab title=&#8221;Voditelj&#8221; _builder_version=&#8221;4.11.2&#8243; hover_enabled=&#8221;0&#8243; global_colors_info=&#8221;{}&#8221; sticky_enabled=&#8221;0&#8243;]<\/p>\n<p><strong><em><span>Glavni istra\u017eiva\u010d \/ voditelj: <\/span><\/em><\/strong><em>d<\/em><em>r.sc. Sta\u0161a Borovi\u0107<\/em><strong><em><br \/><\/em><\/strong><\/p>\n<p>[\/et_pb_tab][et_pb_tab title=&#8221;Suradnici&#8221; _builder_version=&#8221;4.11.2&#8243; hover_enabled=&#8221;0&#8243; global_colors_info=&#8221;{}&#8221; sticky_enabled=&#8221;0&#8243;]<\/p>\n<p><strong><em>Hrvatski geolo\u0161ki institut:<\/em><\/strong><\/p>\n<p>Mihaela Ba\u0161i\u0107<\/p>\n<p>Maja Bri\u0161ki<\/p>\n<p>Marina Filipovi\u0107<\/p>\n<p>Ivan Kosovi\u0107<\/p>\n<p>Tomislav Novosel<\/p>\n<p>Matko Patekar<\/p>\n<p>Marco Pola<\/p>\n<p>Josip Terzi\u0107<\/p>\n<p>&nbsp;<\/p>\n<p><strong><em>Vodovod i kanalizacija Split:<\/em><\/strong><\/p>\n<p>Boris Bulovi\u0107<\/p>\n<p>Bo\u017eidar \u010capalija<\/p>\n<p>Mojca So\u017ea (vanjski ekspert)<\/p>\n<p>&nbsp;<\/p>\n<p><strong><em>Hrvatske vode:<\/em><\/strong><\/p>\n<p>Daria \u010cupi\u0107<\/p>\n<p>[\/et_pb_tab][et_pb_tab title=&#8221;Trajanje projekta&#8221; _builder_version=&#8221;4.11.2&#8243; hover_enabled=&#8221;0&#8243; global_colors_info=&#8221;{}&#8221; sticky_enabled=&#8221;0&#8243;]<\/p>\n<p style=\"text-align: left;\"><span><strong>Datum po\u010detka i kraja projekta: <\/strong>1. <\/span>svibnja 2019. \u2013 30. travnja 2022.<\/p>\n<p style=\"text-align: left;\"><span><strong><\/strong><br \/><\/span><\/p>\n<p><span>\u00a0<\/span><\/p>\n<p>[\/et_pb_tab][et_pb_tab title=&#8221;Kategorija&#8221; _builder_version=&#8221;4.11.1&#8243; global_colors_info=&#8221;{}&#8221;]<\/p>\n<p><span><strong>Kategorija projekta:<\/strong> EU Interreg projekt<\/span><\/p>\n<p><span>\u00a0<\/span><\/p>\n<p>[\/et_pb_tab][et_pb_tab title=&#8221;Iznos financiranja&#8221; _builder_version=&#8221;4.11.2&#8243; hover_enabled=&#8221;0&#8243; global_colors_info=&#8221;{}&#8221; sticky_enabled=&#8221;0&#8243;]<\/p>\n<p><span>Ugovoreni iznos financiranja: 1<\/span>.771.535,96 EUR<span>\u00a0<\/span><\/p>\n<p>[\/et_pb_tab][et_pb_tab title=&#8221;Status&#8221; _builder_version=&#8221;4.11.2&#8243; hover_enabled=&#8221;0&#8243; global_colors_info=&#8221;{}&#8221; sticky_enabled=&#8221;0&#8243;]<\/p>\n<p><span><strong>Status:<\/strong> Aktivan<em><\/em><\/span><\/p>\n<p>[\/et_pb_tab][\/et_pb_tabs][\/et_pb_column][\/et_pb_row][\/et_pb_section]<\/p>\n","protected":false},"excerpt":{"rendered":"<p>ZAVOD ZA HIDROGEOLOGIJU I IN\u017dENJERSKU GEOLOGIJU Projekti EU fondovaDEEPWATER-CE: Developing an integrated implementation framework for Managed Aquifer Recharge solutions to facilitate the protection of Central European water resources endangered by climate change and user conflict Transnacionalni program suradnje INTERREG Sredi\u0161nja Europa prepoznao je klimatske promjene kao jedan od najzna\u010dajnijih negativnih utjecaja na resurse pitke vode. [&hellip;]<\/p>\n","protected":false},"author":1,"featured_media":0,"parent":0,"menu_order":0,"comment_status":"closed","ping_status":"closed","template":"","meta":{"_et_pb_use_builder":"on","_et_pb_old_content":"","_et_gb_content_width":"","footnotes":""},"class_list":["post-40331","page","type-page","status-publish","hentry"],"aioseo_notices":[],"_links":{"self":[{"href":"https:\/\/www.hgi-cgs.hr\/en\/wp-json\/wp\/v2\/pages\/40331","targetHints":{"allow":["GET"]}}],"collection":[{"href":"https:\/\/www.hgi-cgs.hr\/en\/wp-json\/wp\/v2\/pages"}],"about":[{"href":"https:\/\/www.hgi-cgs.hr\/en\/wp-json\/wp\/v2\/types\/page"}],"author":[{"embeddable":true,"href":"https:\/\/www.hgi-cgs.hr\/en\/wp-json\/wp\/v2\/users\/1"}],"replies":[{"embeddable":true,"href":"https:\/\/www.hgi-cgs.hr\/en\/wp-json\/wp\/v2\/comments?post=40331"}],"version-history":[{"count":2,"href":"https:\/\/www.hgi-cgs.hr\/en\/wp-json\/wp\/v2\/pages\/40331\/revisions"}],"predecessor-version":[{"id":40333,"href":"https:\/\/www.hgi-cgs.hr\/en\/wp-json\/wp\/v2\/pages\/40331\/revisions\/40333"}],"wp:attachment":[{"href":"https:\/\/www.hgi-cgs.hr\/en\/wp-json\/wp\/v2\/media?parent=40331"}],"curies":[{"name":"wp","href":"https:\/\/api.w.org\/{rel}","templated":true}]}}