{"id":40287,"date":"2021-10-12T08:16:14","date_gmt":"2021-10-12T08:16:14","guid":{"rendered":"https:\/\/www.hgi-cgs.hr\/?page_id=40287"},"modified":"2021-10-12T08:30:23","modified_gmt":"2021-10-12T08:30:23","slug":"projekti-eu-fondova-ukv","status":"publish","type":"page","link":"https:\/\/www.hgi-cgs.hr\/en\/projekti-eu-fondova-ukv\/","title":{"rendered":"Projekti EU fondova &#8211; UKV"},"content":{"rendered":"<p>[et_pb_section fb_built=&#8221;1&#8243; fullwidth=&#8221;on&#8221; _builder_version=&#8221;4.4.1&#8243; custom_padding=&#8221;0px||0px|||&#8221; global_colors_info=&#8221;{}&#8221;][et_pb_fullwidth_slider _builder_version=&#8221;4.4.2&#8243; min_height=&#8221;112px&#8221; height=&#8221;400px&#8221; custom_margin=&#8221;0px||||false|false&#8221; custom_padding=&#8221;0px||18px||false|false&#8221; auto=&#8221;on&#8221; auto_ignore_hover=&#8221;on&#8221; locked=&#8221;off&#8221; global_colors_info=&#8221;{}&#8221;][et_pb_slide heading=&#8221;Hrvatski geolo\u0161ki institut&#8221; _builder_version=&#8221;4.4.1&#8243; header_font=&#8221;|||on|||||&#8221; background_image=&#8221;https:\/\/www.hgi-cgs.hr\/wp-content\/uploads\/2020\/03\/Br\u010di\u0107_Drvenik02-scaled.jpg&#8221; background_enable_image=&#8221;on&#8221; locked=&#8221;off&#8221; global_colors_info=&#8221;{}&#8221; sticky_transition=&#8221;on&#8221;][\/et_pb_slide][et_pb_slide heading=&#8221;Hrvatski geolo\u0161ki institut&#8221; _builder_version=&#8221;4.4.1&#8243; header_font=&#8221;|||on|||||&#8221; background_image=&#8221;https:\/\/www.hgi-cgs.hr\/wp-content\/uploads\/2020\/03\/ban2-scaled.jpg&#8221; background_enable_image=&#8221;on&#8221; locked=&#8221;off&#8221; global_colors_info=&#8221;{}&#8221; sticky_transition=&#8221;on&#8221;][\/et_pb_slide][et_pb_slide heading=&#8221;Hrvatski geolo\u0161ki institut&#8221; _builder_version=&#8221;4.4.1&#8243; header_font=&#8221;|||on|||||&#8221; background_image=&#8221;https:\/\/www.hgi-cgs.hr\/wp-content\/uploads\/2020\/03\/20190228_094232-scaled.jpg&#8221; background_enable_image=&#8221;on&#8221; locked=&#8221;off&#8221; global_colors_info=&#8221;{}&#8221; sticky_transition=&#8221;on&#8221;][\/et_pb_slide][et_pb_slide heading=&#8221;Hrvatski geolo\u0161ki institut&#8221; _builder_version=&#8221;4.4.1&#8243; header_font=&#8221;|||on|||||&#8221; background_image=&#8221;https:\/\/www.hgi-cgs.hr\/wp-content\/uploads\/2020\/03\/ban3-scaled.jpg&#8221; background_enable_image=&#8221;on&#8221; locked=&#8221;off&#8221; global_colors_info=&#8221;{}&#8221; sticky_transition=&#8221;on&#8221;][\/et_pb_slide][et_pb_slide heading=&#8221;Hrvatski geolo\u0161ki institut&#8221; _builder_version=&#8221;4.4.1&#8243; header_font=&#8221;|||on|||||&#8221; background_image=&#8221;https:\/\/www.hgi-cgs.hr\/wp-content\/uploads\/2020\/03\/Bijele_stijene-Gorski_kotar-scaled.jpg&#8221; background_enable_image=&#8221;on&#8221; locked=&#8221;off&#8221; global_colors_info=&#8221;{}&#8221; sticky_transition=&#8221;on&#8221;][\/et_pb_slide][et_pb_slide heading=&#8221;Hrvatski geolo\u0161ki institut&#8221; _builder_version=&#8221;4.4.1&#8243; header_font=&#8221;|||on|||||&#8221; background_image=&#8221;https:\/\/www.hgi-cgs.hr\/wp-content\/uploads\/2020\/03\/ban4-scaled.jpg&#8221; background_enable_image=&#8221;on&#8221; locked=&#8221;off&#8221; global_colors_info=&#8221;{}&#8221; sticky_transition=&#8221;on&#8221;][\/et_pb_slide][et_pb_slide heading=&#8221;Hrvatski geolo\u0161ki institut&#8221; _builder_version=&#8221;4.4.1&#8243; header_font=&#8221;|||on|||||&#8221; background_image=&#8221;https:\/\/www.hgi-cgs.hr\/wp-content\/uploads\/2020\/03\/ban5-scaled.jpg&#8221; background_enable_image=&#8221;on&#8221; locked=&#8221;off&#8221; global_colors_info=&#8221;{}&#8221; sticky_transition=&#8221;on&#8221;][\/et_pb_slide][\/et_pb_fullwidth_slider][\/et_pb_section][et_pb_section fb_built=&#8221;1&#8243; _builder_version=&#8221;4.4.2&#8243; custom_padding=&#8221;||7px|||&#8221; global_colors_info=&#8221;{}&#8221;][et_pb_row _builder_version=&#8221;4.4.2&#8243; global_colors_info=&#8221;{}&#8221;][et_pb_column type=&#8221;4_4&#8243; _builder_version=&#8221;4.4.2&#8243; global_colors_info=&#8221;{}&#8221;][et_pb_text _builder_version=&#8221;4.11.1&#8243; text_font_size=&#8221;32px&#8221; header_2_text_color=&#8221;#1e5096&#8243; global_colors_info=&#8221;{}&#8221;]<\/p>\n<h2 style=\"text-align: center; color: #1e5096;\"><strong>ZAVOD ZA HIDROGEOLOGIJU I IN\u017dENJERSKU GEOLOGIJU<\/strong><\/h2>\n<h2 style=\"text-align: center; color: #1e5096;\"><strong>Projekti EU fondova<\/strong><\/h2>\n<p>[\/et_pb_text][\/et_pb_column][\/et_pb_row][\/et_pb_section][et_pb_section fb_built=&#8221;1&#8243; _builder_version=&#8221;4.4.2&#8243; custom_padding=&#8221;5px||41px|||&#8221; global_colors_info=&#8221;{}&#8221;][et_pb_row _builder_version=&#8221;3.25&#8243; custom_margin=&#8221;||20px&#8221; custom_padding=&#8221;||50px&#8221; global_colors_info=&#8221;{}&#8221;][et_pb_column type=&#8221;4_4&#8243; _builder_version=&#8221;3.25&#8243; custom_padding=&#8221;|||&#8221; global_colors_info=&#8221;{}&#8221; custom_padding__hover=&#8221;|||&#8221;][et_pb_text _builder_version=&#8221;4.11.2&#8243; text_font=&#8221;|300|||||||&#8221; ul_font=&#8221;||||||||&#8221; header_font=&#8221;||||||||&#8221; header_text_align=&#8221;center&#8221; header_2_font=&#8221;|800|||||||&#8221; header_2_text_align=&#8221;center&#8221; header_2_text_color=&#8221;#1e5096&#8243; header_2_font_size=&#8221;54px&#8221; header_3_font=&#8221;|300|||||||&#8221; text_orientation=&#8221;center&#8221; custom_margin=&#8221;-4px||18px|||&#8221; custom_padding=&#8221;||0px|||&#8221; animation_direction=&#8221;bottom&#8221; hover_enabled=&#8221;0&#8243; header_2_font_size_tablet=&#8221;&#8221; header_2_font_size_phone=&#8221;30px&#8221; header_2_font_size_last_edited=&#8221;on|phone&#8221; header_2_text_shadow_style=&#8221;preset1&#8243; header_2_text_shadow_horizontal_length=&#8221;0.03em&#8221; header_2_text_shadow_vertical_length=&#8221;0.03em&#8221; header_2_text_shadow_blur_strength=&#8221;0.05em&#8221; header_2_text_shadow_color=&#8221;rgba(0,0,0,0.3)&#8221; global_colors_info=&#8221;{}&#8221; sticky_enabled=&#8221;0&#8243;]<\/p>\n<h3><strong>UKV &#8211; Upravljanje kr\u0161kim priobalnim vodonosnicima ugro\u017eenima klimatskim promjenama<\/strong><\/h3>\n<p>[\/et_pb_text][et_pb_image src=&#8221;https:\/\/www.hgi-cgs.hr\/wp-content\/uploads\/2020\/09\/ukvlogo2.jpg&#8221; alt=&#8221;UKV logo&#8221; title_text=&#8221;ukvlogo2&#8243; url_new_window=&#8221;on&#8221; align=&#8221;center&#8221; _builder_version=&#8221;4.11.2&#8243; width=&#8221;30%&#8221; custom_margin=&#8221;||19px|||&#8221; custom_padding=&#8221;||0px|||&#8221; hover_enabled=&#8221;0&#8243; global_colors_info=&#8221;{}&#8221; sticky_enabled=&#8221;0&#8243;][\/et_pb_image][et_pb_tabs _builder_version=&#8221;4.11.2&#8243; custom_margin=&#8221;3px||||false|false&#8221; hover_enabled=&#8221;0&#8243; global_colors_info=&#8221;{}&#8221; sticky_enabled=&#8221;0&#8243;][et_pb_tab title=&#8221;O projektu&#8221; _builder_version=&#8221;4.11.2&#8243; _module_preset=&#8221;default&#8221; hover_enabled=&#8221;0&#8243; global_colors_info=&#8221;{}&#8221; sticky_enabled=&#8221;0&#8243;]<\/p>\n<p style=\"margin: 0cm; margin-bottom: .0001pt; text-align: justify; vertical-align: baseline;\">Po\u010detkom 2020. godine u sklopu poziva \u201eShema za ja\u010danje primijenjenih istra\u017eivanja za mjere prilagodbe klimatskim promjenama\u201c odobren je projekt UKV \u201eUpravljanje kr\u0161kim priobalnim vodonosnicima ugro\u017eenima klimatskim promjenama\u201c koji \u0107e se sufinancirati iz Europskog fonda za regionalni razvoj. Nositelj projekta je Geotehni\u010dki fakultet, Sveu\u010dili\u0161ta u Zagrebu iz Vara\u017edina, dok su Dr\u017eavni hidrometeorolo\u0161ki zavod i Gra\u0111evinski fakultet Sveu\u010dili\u0161ta u Rijeci uz Hrvatski geolo\u0161ki institut partneri projekta.<o:p><\/o:p><\/p>\n<p style=\"margin: 0cm; margin-bottom: .0001pt; vertical-align: baseline;\">Projekt UKV usmjeren je na istra\u017eivanje ne\u017eeljenih posljedica klimatskih promjena, prvenstveno pove\u0107anja saliniteta, temperature i pogor\u0161anje kakvo\u0107e u priobalnim kr\u0161kim vodonosnicima. Promjena klime utje\u010de na povi\u0161enje prosje\u010dne temperature zraka i vode, promjenu razina mora, produljenje su\u0161nih razdoblja s kratkim ekstremnim oborinama, smanjenje ukupne vodne bilance tijekom razdoblja malih voda, smanjene infiltracije vode u podzemlje i sli\u010dno. Sve te promjene imaju direktan utjecaj na dinami\u010dku ravnote\u017eu slatke i slane vode u priobalnim vodonosnicima \u0161to rezultira zaslanjenjem vodonosnika.<o:p><\/o:p><\/p>\n<p style=\"margin: 0cm; margin-bottom: .0001pt; vertical-align: baseline;\">Sve u\u010destalija su\u0161na razdoblja s pojavama vrlo intenzivnih oborina u kr\u0161kim vodonosnicima uvjetuju probleme s mikrobiolo\u0161kim one\u010di\u0161\u0107enjima, one\u010di\u0161\u0107enjima te\u0161kim metalima i pojavom visokih mutno\u0107a podzemnih voda.<o:p><\/o:p><\/p>\n<p style=\"margin: 0cm; margin-bottom: .0001pt; vertical-align: baseline;\">U kr\u0161kom dijelu Republike Hrvatske ve\u0107ina vodoopskrbnih objekata nalazi se u priobalnom dijelu gdje \u017eivi ve\u0107ina populacije, naj\u010de\u0161\u0107e su to gradovi i naselja bez alternativne vodoopskrbe. Razvoj turizma i poljoprivrede pove\u0107ava sezonske eksploatacije vodonosnika, posebno tijekom ljetnih razdoblja kada su potrebe za vodom najve\u0107e.<o:p><\/o:p><\/p>\n<p style=\"margin: 0cm; margin-bottom: .0001pt; vertical-align: baseline;\">Projektom \u0107e se uspostaviti monitoring podzemnih i povr\u0161inskih voda na tri pilot podru\u010dja, podru\u010dje slijeva Bokanjac-Poli\u010dnik u zadarskom zale\u0111u, podru\u010dje Blatskog polja na otoku Kor\u010duli i Vranskog jezera na otoku Cresu za koja \u0107e se analizirati kakvo\u0107a i koli\u010dine povr\u0161inskih i podzemnih voda te izraditi klimatski i hidrolo\u0161ki modeli za razdoblje do kraja ovoga stolje\u0107a. Projektne aktivnosti rezultirat \u0107e mjerama prilagodbe za smanjenje ne\u017eeljenih posljedica klimatskih promjena u sektorima vodnog gospodarstva, turizma, poljoprivrede i zdravstva.<o:p><\/o:p><\/p>\n<p style=\"margin: 0cm; margin-bottom: .0001pt; vertical-align: baseline;\"><o:p>\u00a0<\/o:p><\/p>\n<p style=\"margin: 0cm; margin-bottom: .0001pt; vertical-align: baseline;\"><strong><em><a href=\"https:\/\/www.ukv-projekt.eu\/\">Vi\u0161e o projektu UKV<\/a><\/em><\/strong> <o:p><\/o:p><\/p>\n<p>[\/et_pb_tab][et_pb_tab title=&#8221;Voditelj&#8221; _builder_version=&#8221;4.11.2&#8243; hover_enabled=&#8221;0&#8243; global_colors_info=&#8221;{}&#8221; sticky_enabled=&#8221;0&#8243;]<\/p>\n<p><strong><em><span>Glavni istra\u017eiva\u010d \/ voditelj: <\/span><\/em><\/strong>Ranko Biondi\u0107<\/p>\n<p>&nbsp;<\/p>\n<p>[\/et_pb_tab][et_pb_tab title=&#8221;Suradnici&#8221; _builder_version=&#8221;4.11.2&#8243; hover_enabled=&#8221;0&#8243; global_colors_info=&#8221;{}&#8221; sticky_enabled=&#8221;0&#8243;]<\/p>\n<p><strong>Hrvatski geolo\u0161ki institute:<\/strong><\/p>\n<p>Josip Terzi\u0107<\/p>\n<p>Jasmina Luka\u010d Reberski<\/p>\n<p>Ivana Boljat<\/p>\n<p>Ozren Hasan<\/p>\n<p>Martina \u0160parica Miko<\/p>\n<p><strong>Geotehni\u010dki fakultet Vara\u017edin:<\/strong><\/p>\n<p>Ranko Biondi\u0107<\/p>\n<p>Lucija Plantak<\/p>\n<p>Hrboje Mea\u0161ki<\/p>\n<p>Ivana Gr\u010di\u0107<\/p>\n<p>Jelena Loborec<\/p>\n<p>Karlo Leskovar<\/p>\n<p><strong>Gra\u0111evinski fakultet Rijeka:<\/strong><\/p>\n<p>Josip Rubini\u0107<\/p>\n<p>Bojana Horvat<\/p>\n<p>Maja Radi\u0161i\u0107<\/p>\n<p>Duje Kalaj\u017ei\u0107<\/p>\n<p>Igor Ru\u017ei\u0107<\/p>\n<p><strong>Dr\u017eavni hidrometerolo\u0161ki zavod:<\/strong><\/p>\n<p>Kre\u0161o Pan\u0111i\u0107<\/p>\n<p>Ivan G\u00fcttler<\/p>\n<p>\u017deljka Klemar<\/p>\n<p>Tanja Likso<\/p>\n<p>Dijana Oskoru\u0161<\/p>\n<p>Melita Per\u010dec Tadi\u0107<\/p>\n<p>Lidija Srnec<\/p>\n<p>Ksenija Cindri\u0107 Kalin<\/p>\n<p>[\/et_pb_tab][et_pb_tab title=&#8221;Trajanje projekta&#8221; _builder_version=&#8221;4.11.2&#8243; hover_enabled=&#8221;0&#8243; global_colors_info=&#8221;{}&#8221; sticky_enabled=&#8221;0&#8243;]<\/p>\n<p style=\"text-align: left;\"><span><strong>Datum po\u010detka i kraja projekta: <\/strong>5\/2020 \u2013 10\/2022<\/span><\/p>\n<p style=\"text-align: left;\"><span><strong><\/strong><br \/><\/span><\/p>\n<p><span>\u00a0<\/span><\/p>\n<p>[\/et_pb_tab][et_pb_tab title=&#8221;Kategorija&#8221; _builder_version=&#8221;4.11.2&#8243; hover_enabled=&#8221;0&#8243; global_colors_info=&#8221;{}&#8221; sticky_enabled=&#8221;0&#8243;]<\/p>\n<p><span><strong>Kategorija projekta: <\/strong><\/span>Operativni program &#8221;Konkurentnost i kohezija&#8221; 2014.-2020.<br \/>Shema za ja\u010danje primijenjenih istra\u017eivanja za mjere prilagodbe klimatskim promjenama Europskog fonda za regionalni razvoj<\/p>\n<p>[\/et_pb_tab][et_pb_tab title=&#8221;Iznos financiranja&#8221; _builder_version=&#8221;4.11.2&#8243; hover_enabled=&#8221;0&#8243; global_colors_info=&#8221;{}&#8221; sticky_enabled=&#8221;0&#8243;]<\/p>\n<p><span>Ugovoreni iznos financiranja: <em>3.113.833,96 kn<\/em><\/span><\/p>\n<p>[\/et_pb_tab][et_pb_tab title=&#8221;Status&#8221; _builder_version=&#8221;4.11.1&#8243; global_colors_info=&#8221;{}&#8221;]<\/p>\n<p><span><strong>Status:<\/strong> Aktivan<em><\/em><\/span><\/p>\n<p>[\/et_pb_tab][\/et_pb_tabs][\/et_pb_column][\/et_pb_row][\/et_pb_section]<\/p>\n","protected":false},"excerpt":{"rendered":"<p>ZAVOD ZA HIDROGEOLOGIJU I IN\u017dENJERSKU GEOLOGIJU Projekti EU fondovaUKV &#8211; Upravljanje kr\u0161kim priobalnim vodonosnicima ugro\u017eenima klimatskim promjenamaPo\u010detkom 2020. godine u sklopu poziva \u201eShema za ja\u010danje primijenjenih istra\u017eivanja za mjere prilagodbe klimatskim promjenama\u201c odobren je projekt UKV \u201eUpravljanje kr\u0161kim priobalnim vodonosnicima ugro\u017eenima klimatskim promjenama\u201c koji \u0107e se sufinancirati iz Europskog fonda za regionalni razvoj. Nositelj projekta [&hellip;]<\/p>\n","protected":false},"author":1,"featured_media":0,"parent":0,"menu_order":0,"comment_status":"closed","ping_status":"closed","template":"","meta":{"_et_pb_use_builder":"on","_et_pb_old_content":"","_et_gb_content_width":"","footnotes":""},"class_list":["post-40287","page","type-page","status-publish","hentry"],"aioseo_notices":[],"_links":{"self":[{"href":"https:\/\/www.hgi-cgs.hr\/en\/wp-json\/wp\/v2\/pages\/40287","targetHints":{"allow":["GET"]}}],"collection":[{"href":"https:\/\/www.hgi-cgs.hr\/en\/wp-json\/wp\/v2\/pages"}],"about":[{"href":"https:\/\/www.hgi-cgs.hr\/en\/wp-json\/wp\/v2\/types\/page"}],"author":[{"embeddable":true,"href":"https:\/\/www.hgi-cgs.hr\/en\/wp-json\/wp\/v2\/users\/1"}],"replies":[{"embeddable":true,"href":"https:\/\/www.hgi-cgs.hr\/en\/wp-json\/wp\/v2\/comments?post=40287"}],"version-history":[{"count":2,"href":"https:\/\/www.hgi-cgs.hr\/en\/wp-json\/wp\/v2\/pages\/40287\/revisions"}],"predecessor-version":[{"id":40290,"href":"https:\/\/www.hgi-cgs.hr\/en\/wp-json\/wp\/v2\/pages\/40287\/revisions\/40290"}],"wp:attachment":[{"href":"https:\/\/www.hgi-cgs.hr\/en\/wp-json\/wp\/v2\/media?parent=40287"}],"curies":[{"name":"wp","href":"https:\/\/api.w.org\/{rel}","templated":true}]}}