{"id":40257,"date":"2021-10-11T07:15:58","date_gmt":"2021-10-11T07:15:58","guid":{"rendered":"https:\/\/www.hgi-cgs.hr\/?page_id=40257"},"modified":"2025-06-04T09:33:45","modified_gmt":"2025-06-04T09:33:45","slug":"nacionalni-kompetitivni-projekti-hythec","status":"publish","type":"page","link":"https:\/\/www.hgi-cgs.hr\/en\/nacionalni-kompetitivni-projekti-hythec\/","title":{"rendered":"Nacionalni kompetitivni projekti &#8211; HyTheC"},"content":{"rendered":"<p>[et_pb_section fb_built=&#8221;1&#8243; fullwidth=&#8221;on&#8221; _builder_version=&#8221;4.16&#8243; custom_padding=&#8221;0px||0px|||&#8221; global_colors_info=&#8221;{}&#8221;][et_pb_fullwidth_slider _builder_version=&#8221;4.16&#8243; min_height=&#8221;112px&#8221; height=&#8221;400px&#8221; custom_margin=&#8221;0px||||false|false&#8221; custom_padding=&#8221;0px||18px||false|false&#8221; auto=&#8221;on&#8221; auto_ignore_hover=&#8221;on&#8221; locked=&#8221;off&#8221; global_colors_info=&#8221;{}&#8221;][et_pb_slide heading=&#8221;Hrvatski geolo\u0161ki institut&#8221; _builder_version=&#8221;4.16&#8243; header_font=&#8221;|||on|||||&#8221; background_image=&#8221;https:\/\/www.hgi-cgs.hr\/wp-content\/uploads\/2020\/03\/Br\u010di\u0107_Drvenik02-scaled.jpg&#8221; background_enable_image=&#8221;on&#8221; locked=&#8221;off&#8221; global_colors_info=&#8221;{}&#8221; sticky_transition=&#8221;on&#8221;][\/et_pb_slide][et_pb_slide heading=&#8221;Hrvatski geolo\u0161ki institut&#8221; _builder_version=&#8221;4.16&#8243; header_font=&#8221;|||on|||||&#8221; background_image=&#8221;https:\/\/www.hgi-cgs.hr\/wp-content\/uploads\/2020\/03\/ban2-scaled.jpg&#8221; background_enable_image=&#8221;on&#8221; locked=&#8221;off&#8221; global_colors_info=&#8221;{}&#8221; sticky_transition=&#8221;on&#8221;][\/et_pb_slide][et_pb_slide heading=&#8221;Hrvatski geolo\u0161ki institut&#8221; _builder_version=&#8221;4.16&#8243; header_font=&#8221;|||on|||||&#8221; background_image=&#8221;https:\/\/www.hgi-cgs.hr\/wp-content\/uploads\/2020\/03\/20190228_094232-scaled.jpg&#8221; background_enable_image=&#8221;on&#8221; locked=&#8221;off&#8221; global_colors_info=&#8221;{}&#8221; sticky_transition=&#8221;on&#8221;][\/et_pb_slide][et_pb_slide heading=&#8221;Hrvatski geolo\u0161ki institut&#8221; _builder_version=&#8221;4.16&#8243; header_font=&#8221;|||on|||||&#8221; background_image=&#8221;https:\/\/www.hgi-cgs.hr\/wp-content\/uploads\/2020\/03\/ban3-scaled.jpg&#8221; background_enable_image=&#8221;on&#8221; locked=&#8221;off&#8221; global_colors_info=&#8221;{}&#8221; sticky_transition=&#8221;on&#8221;][\/et_pb_slide][et_pb_slide heading=&#8221;Hrvatski geolo\u0161ki institut&#8221; _builder_version=&#8221;4.16&#8243; header_font=&#8221;|||on|||||&#8221; background_image=&#8221;https:\/\/www.hgi-cgs.hr\/wp-content\/uploads\/2020\/03\/Bijele_stijene-Gorski_kotar-scaled.jpg&#8221; background_enable_image=&#8221;on&#8221; locked=&#8221;off&#8221; global_colors_info=&#8221;{}&#8221; sticky_transition=&#8221;on&#8221;][\/et_pb_slide][et_pb_slide heading=&#8221;Hrvatski geolo\u0161ki institut&#8221; _builder_version=&#8221;4.16&#8243; header_font=&#8221;|||on|||||&#8221; background_image=&#8221;https:\/\/www.hgi-cgs.hr\/wp-content\/uploads\/2020\/03\/ban4-scaled.jpg&#8221; background_enable_image=&#8221;on&#8221; locked=&#8221;off&#8221; global_colors_info=&#8221;{}&#8221; sticky_transition=&#8221;on&#8221;][\/et_pb_slide][et_pb_slide heading=&#8221;Hrvatski geolo\u0161ki institut&#8221; _builder_version=&#8221;4.16&#8243; header_font=&#8221;|||on|||||&#8221; background_image=&#8221;https:\/\/www.hgi-cgs.hr\/wp-content\/uploads\/2020\/03\/ban5-scaled.jpg&#8221; background_enable_image=&#8221;on&#8221; locked=&#8221;off&#8221; global_colors_info=&#8221;{}&#8221; sticky_transition=&#8221;on&#8221;][\/et_pb_slide][\/et_pb_fullwidth_slider][\/et_pb_section][et_pb_section fb_built=&#8221;1&#8243; _builder_version=&#8221;4.16&#8243; global_colors_info=&#8221;{}&#8221;][et_pb_row _builder_version=&#8221;4.16&#8243; global_colors_info=&#8221;{}&#8221;][et_pb_column type=&#8221;4_4&#8243; _builder_version=&#8221;4.16&#8243; global_colors_info=&#8221;{}&#8221;][et_pb_text _builder_version=&#8221;4.16&#8243; text_font_size=&#8221;32px&#8221; header_2_text_color=&#8221;#1e5096&#8243; global_colors_info=&#8221;{}&#8221;]<\/p>\n<h2 style=\"text-align: center; color: #1e5096;\"><strong>ZAVOD ZA HIDROGEOLOGIJU I IN\u017dENJERSKU GEOLOGIJU<\/strong><\/h2>\n<h2 style=\"text-align: center; color: #1e5096;\"><strong>Nacionalni kompetitivni projekti<\/strong><\/h2>\n<p>[\/et_pb_text][et_pb_image src=&#8221;https:\/\/www.hgi-cgs.hr\/wp-content\/uploads\/2020\/09\/hythec.jpg&#8221; alt=&#8221;HyTheC logo&#8221; title_text=&#8221;hythec&#8221; align=&#8221;center&#8221; _builder_version=&#8221;4.16&#8243; width=&#8221;20%&#8221; custom_margin=&#8221;-12px|||||&#8221; global_colors_info=&#8221;{}&#8221;][\/et_pb_image][\/et_pb_column][\/et_pb_row][\/et_pb_section][et_pb_section fb_built=&#8221;1&#8243; _builder_version=&#8221;4.16&#8243; global_colors_info=&#8221;{}&#8221;][et_pb_row _builder_version=&#8221;4.16&#8243; custom_margin=&#8221;-6px|auto||auto||&#8221; custom_padding=&#8221;6px||50px|||&#8221; global_colors_info=&#8221;{}&#8221;][et_pb_column type=&#8221;4_4&#8243; _builder_version=&#8221;4.16&#8243; custom_padding=&#8221;|||&#8221; global_colors_info=&#8221;{}&#8221; custom_padding__hover=&#8221;|||&#8221;][et_pb_text _builder_version=&#8221;4.16&#8243; text_font=&#8221;|300|||||||&#8221; ul_font=&#8221;||||||||&#8221; header_font=&#8221;||||||||&#8221; header_text_align=&#8221;center&#8221; header_2_font=&#8221;|800|||||||&#8221; header_2_text_align=&#8221;center&#8221; header_2_text_color=&#8221;#1e5096&#8243; header_2_font_size=&#8221;54px&#8221; header_3_font=&#8221;|300|||||||&#8221; header_3_line_height=&#8221;1.4em&#8221; text_orientation=&#8221;center&#8221; custom_margin=&#8221;||16px|||&#8221; animation_direction=&#8221;bottom&#8221; header_2_font_size_tablet=&#8221;&#8221; header_2_font_size_phone=&#8221;30px&#8221; header_2_font_size_last_edited=&#8221;on|phone&#8221; header_2_text_shadow_style=&#8221;preset1&#8243; header_2_text_shadow_horizontal_length=&#8221;0.03em&#8221; header_2_text_shadow_vertical_length=&#8221;0.03em&#8221; header_2_text_shadow_blur_strength=&#8221;0.05em&#8221; header_2_text_shadow_color=&#8221;rgba(0,0,0,0.3)&#8221; global_colors_info=&#8221;{}&#8221;]<\/p>\n<h3 style=\"text-align: center;\"><strong>Multidisciplinarni pristup izradi konceptualnih modela hidrotermalnih sustava (HyTheC)<\/strong><\/h3>\n<p>[\/et_pb_text][et_pb_tabs _builder_version=&#8221;4.27.4&#8243; custom_margin=&#8221;20px|||||&#8221; hover_enabled=&#8221;0&#8243; global_colors_info=&#8221;{}&#8221; sticky_enabled=&#8221;0&#8243;][et_pb_tab title=&#8221;O projektu&#8221; _builder_version=&#8221;4.16&#8243; global_colors_info=&#8221;{}&#8221;]<\/p>\n<p>Panonski dio Hrvatske ima povoljne geotermalne karakteristike, a prirodni izvori termalne vode temperatura do 65 \u00b0C pojavljuju se na dvadesetak lokacija. Te vode se koriste tisu\u0107lje\u0107ima, a u proteklih pedeset godina predstavljaju klju\u010dni resurs turisti\u010dkih i lje\u010dili\u0161nih centara. Pove\u0107anje potra\u017enje za termalnom vodom s vremenom je potaknulo crpljenje ve\u0107ih koli\u010dina. Me\u0111utim, termalna su izvori\u0161ta dio hidrotermalnih sustava koji uklju\u010duju: podru\u010dja prihranjivanja u planinskim zale\u0111ima izvora; geotermalne vodonosnike (uglavnom mezozojske karbonatne stijene) u kojima se voda zadr\u017eava i zagrijava zbog toplinskog toka iz Zemlje; i podru\u010dja istjecanja na mjestima povoljnih struktura ve\u0107e propusnosti. Kontinuirano funkcioniranje takvih sustava zavisi od osjetljive ravnote\u017ee izme\u0111u brzine toka podzemne vode, procesa talo\u017eenja \/ otapanja i tektonskih pokreta. Kako bi se ta ravnote\u017ea o\u010duvala i termalna izvori\u0161ta koristila na odr\u017eiv na\u010din, potrebno je razumijevanje na razini sustava te se opisana istra\u017eivanja predla\u017eu s tim ciljem.<\/p>\n<p>Multidisciplinarna metodologija (strukturna geologija, hidrogeologija, geotermalna, hidrogeokemijska, geofizi\u010dka i daljinska istra\u017eivanja) koristit \u0107e se za izradu konceptualnih modela sustava, 3D geolo\u0161ku rekonstrukciju, hidrogeolo\u0161ku i termalnu parametrizaciju jedinica i provedbu numeri\u010dkih simulacija funkcioniranja sustava u neporeme\u0107enim uvjetima i s razli\u010ditim scenarijima crpljenja. Metodologija \u0107e se testirati na tri pilot podru\u010dja u Hrvatskoj gdje se koristi termalna voda: Daruvar, Hrvatsko zagorje i Topusko. Kvalitetni konceptualni i numeri\u010dki modeli omogu\u0107uju ocrtavanje i za\u0161titu podru\u010dja prihranjivanja i odre\u0111ivanje odr\u017eivih crpnih koli\u010dina, \u0161to je preduvjet za dugoro\u010dno odr\u017eivo kori\u0161tenje hidrotermalnih sustava, a trenutno nije adekvatno regulirano u hrvatskom zakonodavnom okviru.<\/p>\n<p>Pove\u0107ano kori\u0161tenje termalne vode predvi\u0111eno je mnogim europskim i hrvatskim strate\u0161kim dokumentima iz podru\u010dja energetike, turizama i za\u0161tite okoli\u0161a. Stoga HGI-CGS \u017eeli uspostaviti multidisciplinarnu grupu za istra\u017eivanje hidrotermalnih sustava koja \u0107e doprinijeti odgovornom razvoju geotermalnih lokaliteta u na\u0161oj dr\u017eavi, te biti znanstveno produktivna i konkurentna u prijavama na natje\u010daje razli\u010ditih mehanizama financiranja.<\/p>\n<p><span><a href=\"https:\/\/hythec.wordpress.com\/\"><strong><em>HyTheC \u2013 Novosti i doga\u0111anja<\/em><\/strong><\/a><\/span><\/p>\n<p>[\/et_pb_tab][et_pb_tab title=&#8221;Voditelj&#8221; _builder_version=&#8221;4.16&#8243; global_colors_info=&#8221;{}&#8221;]<\/p>\n<p><strong><em><span>Voditeljica \/ Glavnaistra\u017eiva\u010dica:<\/span><\/em><\/strong><em>\u00a0d<\/em><em>r.sc. <\/em><em>Sta\u0161a Borovi\u0107<\/em><strong><em><br \/><\/em><\/strong><\/p>\n<p>[\/et_pb_tab][et_pb_tab title=&#8221;Suradnici&#8221; _builder_version=&#8221;4.18.0&#8243; global_colors_info=&#8221;{}&#8221;]<\/p>\n<p><strong>Hrvatski geolo\u0161ki institut:<\/strong> Maja Bri\u0161ki, Tihomir Frangen, Ivan Kosovi\u0107 Mirja Pavi\u0107, Marco Pola, Kosta Urumuovi\u0107<br \/><strong>Rudarsko-geolo\u0161ko naftni fakultet u Zagrebu:<\/strong> Bojan Mato\u0161, Ivica Pavi\u010di\u0107<\/p>\n<p><strong>Dublin Institute for Advanced Studies:<\/strong> Duygu Kiyan<\/p>\n<p><span><strong>GFZ German Research Centre for Geosciences:<\/strong> Mauro Cacace<\/span><\/p>\n<p>[\/et_pb_tab][et_pb_tab title=&#8221;Trajanje projekta&#8221; _builder_version=&#8221;4.27.4&#8243; global_colors_info=&#8221;{}&#8221;]<\/p>\n<p style=\"text-align: left;\"><span><strong>Datum po\u010detka i kraja projekta:<\/strong> velja\u010da 2020. \u2013 kolovoz 2025.<\/span><\/p>\n<p><span>\u00a0<\/span><\/p>\n<p><span>\u00a0<\/span><\/p>\n<p>[\/et_pb_tab][et_pb_tab title=&#8221;Kategorija&#8221; _builder_version=&#8221;4.16&#8243; global_colors_info=&#8221;{}&#8221;]<\/p>\n<p><span><strong>Kategorija projekta:<\/strong> Hrvatska zaklada za znanost (HRZZ)<br \/><\/span><\/p>\n<p>[\/et_pb_tab][et_pb_tab title=&#8221;Iznos financiranja&#8221; _builder_version=&#8221;4.16&#8243; global_colors_info=&#8221;{}&#8221;]<\/p>\n<p style=\"text-align: left;\"><span><strong>Ugovoreni iznos financiranja: <\/strong><\/span>1.999.912,00 <span>HRK<\/span><\/p>\n<p><span>\u00a0<\/span><\/p>\n<p><span>\u00a0<\/span><\/p>\n<p>[\/et_pb_tab][et_pb_tab title=&#8221;Status&#8221; _builder_version=&#8221;4.27.4&#8243; hover_enabled=&#8221;0&#8243; global_colors_info=&#8221;{}&#8221; sticky_enabled=&#8221;0&#8243;]<\/p>\n<p><span><strong>Status:<\/strong> Aktivan<em><br \/><\/em><\/span><\/p>\n<p>[\/et_pb_tab][\/et_pb_tabs][\/et_pb_column][\/et_pb_row][\/et_pb_section]<\/p>\n","protected":false},"excerpt":{"rendered":"<p>ZAVOD ZA HIDROGEOLOGIJU I IN\u017dENJERSKU GEOLOGIJU Nacionalni kompetitivni projektiMultidisciplinarni pristup izradi konceptualnih modela hidrotermalnih sustava (HyTheC)Panonski dio Hrvatske ima povoljne geotermalne karakteristike, a prirodni izvori termalne vode temperatura do 65 \u00b0C pojavljuju se na dvadesetak lokacija. Te vode se koriste tisu\u0107lje\u0107ima, a u proteklih pedeset godina predstavljaju klju\u010dni resurs turisti\u010dkih i lje\u010dili\u0161nih centara. Pove\u0107anje potra\u017enje [&hellip;]<\/p>\n","protected":false},"author":1,"featured_media":0,"parent":0,"menu_order":0,"comment_status":"closed","ping_status":"closed","template":"","meta":{"_et_pb_use_builder":"on","_et_pb_old_content":"","_et_gb_content_width":"","footnotes":""},"class_list":["post-40257","page","type-page","status-publish","hentry"],"aioseo_notices":[],"_links":{"self":[{"href":"https:\/\/www.hgi-cgs.hr\/en\/wp-json\/wp\/v2\/pages\/40257","targetHints":{"allow":["GET"]}}],"collection":[{"href":"https:\/\/www.hgi-cgs.hr\/en\/wp-json\/wp\/v2\/pages"}],"about":[{"href":"https:\/\/www.hgi-cgs.hr\/en\/wp-json\/wp\/v2\/types\/page"}],"author":[{"embeddable":true,"href":"https:\/\/www.hgi-cgs.hr\/en\/wp-json\/wp\/v2\/users\/1"}],"replies":[{"embeddable":true,"href":"https:\/\/www.hgi-cgs.hr\/en\/wp-json\/wp\/v2\/comments?post=40257"}],"version-history":[{"count":5,"href":"https:\/\/www.hgi-cgs.hr\/en\/wp-json\/wp\/v2\/pages\/40257\/revisions"}],"predecessor-version":[{"id":45519,"href":"https:\/\/www.hgi-cgs.hr\/en\/wp-json\/wp\/v2\/pages\/40257\/revisions\/45519"}],"wp:attachment":[{"href":"https:\/\/www.hgi-cgs.hr\/en\/wp-json\/wp\/v2\/media?parent=40257"}],"curies":[{"name":"wp","href":"https:\/\/api.w.org\/{rel}","templated":true}]}}