{"id":40240,"date":"2021-10-08T11:23:41","date_gmt":"2021-10-08T11:23:41","guid":{"rendered":"https:\/\/www.hgi-cgs.hr\/?page_id=40240"},"modified":"2021-10-12T08:34:37","modified_gmt":"2021-10-12T08:34:37","slug":"projekti-eu-fondova-mu-ha","status":"publish","type":"page","link":"https:\/\/www.hgi-cgs.hr\/en\/projekti-eu-fondova-mu-ha\/","title":{"rendered":"Projekti EU fondova &#8211; MU-HA"},"content":{"rendered":"<p>[et_pb_section fb_built=&#8221;1&#8243; fullwidth=&#8221;on&#8221; _builder_version=&#8221;4.4.1&#8243; custom_padding=&#8221;0px||0px|||&#8221; global_colors_info=&#8221;{}&#8221;][et_pb_fullwidth_slider _builder_version=&#8221;4.4.2&#8243; min_height=&#8221;112px&#8221; height=&#8221;400px&#8221; custom_margin=&#8221;0px||||false|false&#8221; custom_padding=&#8221;0px||18px||false|false&#8221; auto=&#8221;on&#8221; auto_ignore_hover=&#8221;on&#8221; locked=&#8221;off&#8221; global_colors_info=&#8221;{}&#8221;][et_pb_slide heading=&#8221;Hrvatski geolo\u0161ki institut&#8221; _builder_version=&#8221;4.4.1&#8243; header_font=&#8221;|||on|||||&#8221; background_image=&#8221;https:\/\/www.hgi-cgs.hr\/wp-content\/uploads\/2020\/03\/Br\u010di\u0107_Drvenik02-scaled.jpg&#8221; background_enable_image=&#8221;on&#8221; locked=&#8221;off&#8221; global_colors_info=&#8221;{}&#8221; sticky_transition=&#8221;on&#8221;][\/et_pb_slide][et_pb_slide heading=&#8221;Hrvatski geolo\u0161ki institut&#8221; _builder_version=&#8221;4.4.1&#8243; header_font=&#8221;|||on|||||&#8221; background_image=&#8221;https:\/\/www.hgi-cgs.hr\/wp-content\/uploads\/2020\/03\/ban2-scaled.jpg&#8221; background_enable_image=&#8221;on&#8221; locked=&#8221;off&#8221; global_colors_info=&#8221;{}&#8221; sticky_transition=&#8221;on&#8221;][\/et_pb_slide][et_pb_slide heading=&#8221;Hrvatski geolo\u0161ki institut&#8221; _builder_version=&#8221;4.4.1&#8243; header_font=&#8221;|||on|||||&#8221; background_image=&#8221;https:\/\/www.hgi-cgs.hr\/wp-content\/uploads\/2020\/03\/20190228_094232-scaled.jpg&#8221; background_enable_image=&#8221;on&#8221; locked=&#8221;off&#8221; global_colors_info=&#8221;{}&#8221; sticky_transition=&#8221;on&#8221;][\/et_pb_slide][et_pb_slide heading=&#8221;Hrvatski geolo\u0161ki institut&#8221; _builder_version=&#8221;4.4.1&#8243; header_font=&#8221;|||on|||||&#8221; background_image=&#8221;https:\/\/www.hgi-cgs.hr\/wp-content\/uploads\/2020\/03\/ban3-scaled.jpg&#8221; background_enable_image=&#8221;on&#8221; locked=&#8221;off&#8221; global_colors_info=&#8221;{}&#8221; sticky_transition=&#8221;on&#8221;][\/et_pb_slide][et_pb_slide heading=&#8221;Hrvatski geolo\u0161ki institut&#8221; _builder_version=&#8221;4.4.1&#8243; header_font=&#8221;|||on|||||&#8221; background_image=&#8221;https:\/\/www.hgi-cgs.hr\/wp-content\/uploads\/2020\/03\/Bijele_stijene-Gorski_kotar-scaled.jpg&#8221; background_enable_image=&#8221;on&#8221; locked=&#8221;off&#8221; global_colors_info=&#8221;{}&#8221; sticky_transition=&#8221;on&#8221;][\/et_pb_slide][et_pb_slide heading=&#8221;Hrvatski geolo\u0161ki institut&#8221; _builder_version=&#8221;4.4.1&#8243; header_font=&#8221;|||on|||||&#8221; background_image=&#8221;https:\/\/www.hgi-cgs.hr\/wp-content\/uploads\/2020\/03\/ban4-scaled.jpg&#8221; background_enable_image=&#8221;on&#8221; locked=&#8221;off&#8221; global_colors_info=&#8221;{}&#8221; sticky_transition=&#8221;on&#8221;][\/et_pb_slide][et_pb_slide heading=&#8221;Hrvatski geolo\u0161ki institut&#8221; _builder_version=&#8221;4.4.1&#8243; header_font=&#8221;|||on|||||&#8221; background_image=&#8221;https:\/\/www.hgi-cgs.hr\/wp-content\/uploads\/2020\/03\/ban5-scaled.jpg&#8221; background_enable_image=&#8221;on&#8221; locked=&#8221;off&#8221; global_colors_info=&#8221;{}&#8221; sticky_transition=&#8221;on&#8221;][\/et_pb_slide][\/et_pb_fullwidth_slider][\/et_pb_section][et_pb_section fb_built=&#8221;1&#8243; _builder_version=&#8221;4.4.2&#8243; custom_padding=&#8221;||7px|||&#8221; global_colors_info=&#8221;{}&#8221;][et_pb_row _builder_version=&#8221;4.4.2&#8243; global_colors_info=&#8221;{}&#8221;][et_pb_column type=&#8221;4_4&#8243; _builder_version=&#8221;4.4.2&#8243; global_colors_info=&#8221;{}&#8221;][et_pb_text _builder_version=&#8221;4.11.1&#8243; text_font_size=&#8221;32px&#8221; header_2_text_color=&#8221;#1e5096&#8243; global_colors_info=&#8221;{}&#8221;]<\/p>\n<h2 style=\"text-align: center; color: #1e5096;\"><strong>ZAVOD ZA HIDROGEOLOGIJU I IN\u017dENJERSKU GEOLOGIJU<\/strong><\/h2>\n<h2 style=\"text-align: center; color: #1e5096;\"><strong>Projekti EU fondova<\/strong><\/h2>\n<p>[\/et_pb_text][\/et_pb_column][\/et_pb_row][\/et_pb_section][et_pb_section fb_built=&#8221;1&#8243; _builder_version=&#8221;4.4.2&#8243; custom_padding=&#8221;5px||41px|||&#8221; global_colors_info=&#8221;{}&#8221;][et_pb_row _builder_version=&#8221;3.25&#8243; custom_margin=&#8221;||20px&#8221; custom_padding=&#8221;||50px&#8221; global_colors_info=&#8221;{}&#8221;][et_pb_column type=&#8221;4_4&#8243; _builder_version=&#8221;3.25&#8243; custom_padding=&#8221;|||&#8221; global_colors_info=&#8221;{}&#8221; custom_padding__hover=&#8221;|||&#8221;][et_pb_text _builder_version=&#8221;4.11.1&#8243; text_font=&#8221;|300|||||||&#8221; ul_font=&#8221;||||||||&#8221; header_font=&#8221;||||||||&#8221; header_text_align=&#8221;center&#8221; header_2_font=&#8221;|800|||||||&#8221; header_2_text_align=&#8221;center&#8221; header_2_text_color=&#8221;#1e5096&#8243; header_2_font_size=&#8221;54px&#8221; header_3_font=&#8221;|300|||||||&#8221; text_orientation=&#8221;center&#8221; custom_margin=&#8221;-4px||18px|||&#8221; custom_padding=&#8221;||0px|||&#8221; animation_direction=&#8221;bottom&#8221; header_2_font_size_tablet=&#8221;&#8221; header_2_font_size_phone=&#8221;30px&#8221; header_2_font_size_last_edited=&#8221;on|phone&#8221; header_2_text_shadow_style=&#8221;preset1&#8243; header_2_text_shadow_horizontal_length=&#8221;0.03em&#8221; header_2_text_shadow_vertical_length=&#8221;0.03em&#8221; header_2_text_shadow_blur_strength=&#8221;0.05em&#8221; header_2_text_shadow_color=&#8221;rgba(0,0,0,0.3)&#8221; global_colors_info=&#8221;{}&#8221;]<\/p>\n<h3><strong>MU-HA: Multihazard framework for water related risks management<\/strong><\/h3>\n<h3><\/h3>\n<p>[\/et_pb_text][et_pb_image src=&#8221;https:\/\/www.hgi-cgs.hr\/wp-content\/uploads\/2020\/05\/Logo-Adrion-Enviroment-MUHA.jpg&#8221; alt=&#8221;MUHA logo&#8221; title_text=&#8221;Logo Adrion Enviroment MUHA&#8221; url_new_window=&#8221;on&#8221; align=&#8221;center&#8221; _builder_version=&#8221;4.11.2&#8243; width=&#8221;30%&#8221; custom_margin=&#8221;||19px|||&#8221; custom_padding=&#8221;||0px|||&#8221; hover_enabled=&#8221;0&#8243; global_colors_info=&#8221;{}&#8221; sticky_enabled=&#8221;0&#8243;][\/et_pb_image][et_pb_tabs _builder_version=&#8221;4.11.1&#8243; custom_margin=&#8221;-15px||||false|false&#8221; global_colors_info=&#8221;{}&#8221;][et_pb_tab title=&#8221;O projektu&#8221; _builder_version=&#8221;4.11.1&#8243; _module_preset=&#8221;default&#8221; global_colors_info=&#8221;{}&#8221;]<\/p>\n<p>Projekt MUHA zapo\u010deo je u o\u017eujku 2020. u sklopu drugog poziva programa ADRION (2014.-2020.). U projektu sudjeluje deset partnera iz pet zemalja, iz Hrvatske punopravni partneri su Hrvatski geolo\u0161ki institut i Istarski vodovod Buzet dok Hrvatske vode, Slu\u017eba civilne za\u0161tite Vatrogasne zajednice Istarske \u017eupanije, Hrvatska grupacija vodovoda i kanalizacije, Vodovod Zadar i Sto\u017eer civilne za\u0161tite Zadarske \u017eupanije sudjeluju kao pridru\u017eeni partneri. Hrvatski geolo\u0161ki institut nositelj je komunikacijskog radnog paketa.<\/p>\n<p>Projekt MUHA usmjeren je upravljanju vodnih sustava tijekom rizika od hazarda ili tijekom samog hazarda, to su zaga\u0111enja, poplave, su\u0161e i potresi. Projektne aktivnosti rezultirat \u0107e izradom harmoniziranog akcijskog plana, metoda i alata kao odgovaraju\u0107ih mehanizama u slu\u010daju hazarda, radi pobolj\u0161anja Plana sigurnosti voda (Water Safety Plan). Glavni cilj je izrada jedinstvenog Plana ranog upozoravanja od pojava hazarda (Early Warning System) i mehanizama postupanja uslijed hazarda uskla\u0111enog za cijelu Jadransko-jonsku regiju, uskla\u0111uju\u0107i time protokole Sto\u017eera civilnih za\u0161tita, opskrbljiva\u010da vodom i nacionalnih tijela zadu\u017eenih za upravljanje vodama. Istra\u017eiva\u010di Zavoda za hidrogeologiju i in\u017eenjersku geologiju zajedno s pridru\u017eenim partnerima svoja \u0107e istra\u017eivanja provoditi u zadarskom zale\u0111u na prostoru slijeva Bokanjac \u2013 Poli\u010dnik, s naglaskom na podslijev kaptiranog priobalnog kr\u0161kog izvora Golubinka. Podru\u010dje istra\u017eivanja odabrano je zbog sve ve\u0107ih izazova stabilne vodoopskrbe uslijed klimatskih promjena. Tokom ljetnih perioda i hidrolo\u0161kih minimuma utjecaj su\u0161a sve je intenzivniji, a potrebe za pitkom vodom sve ve\u0107e uslijed turisti\u010dkih aktivnosti. U pojedinim dijelovima tog priobalnog podru\u010dja prisutna je i poljoprivreda s \u010dijim razvojem rastu i sezonske potrebe za vodom, ali se i pove\u0107ava rizik zaslanjenja vodonosnika.<\/p>\n<p>Hrvatski geolo\u0161ki institut ovim je projektom osigurao sredstva za nabavu laboratorijskog instrumenta, polarografa za automatsko odre\u0111ivanje metala u tragovima u vodi u vrijednosti od 550.000,00 kn, te je osigurao dva radna mjesta tokom trajanja projekta.<\/p>\n<p><strong>Web stranica projekta:<em><a href=\"https:\/\/muha.adrioninterreg.eu\/\"> https:\/\/muha.adrioninterreg.eu\/<\/a><\/em><\/strong><\/p>\n<p>[\/et_pb_tab][et_pb_tab title=&#8221;Voditelj&#8221; _builder_version=&#8221;4.11.1&#8243; global_colors_info=&#8221;{}&#8221;]<\/p>\n<p><strong><em><span>Glavni istra\u017eiva\u010d \/ voditelj: <\/span><\/em><\/strong><em>d<\/em><em>r.sc. Jasmina Luka\u010d Reberski<\/em><strong><em><br \/><\/em><\/strong><\/p>\n<p>[\/et_pb_tab][et_pb_tab title=&#8221;Suradnici&#8221; _builder_version=&#8221;4.11.1&#8243; global_colors_info=&#8221;{}&#8221;]<\/p>\n<p><strong>Hrvatski geolo\u0161ki institut<\/strong><\/p>\n<p>Ivana Boljat<\/p>\n<p>Jasmina Luka\u010d Reberski<\/p>\n<p>Luka Miklin,<\/p>\n<p>Josip Terzi\u0107,<\/p>\n<p>Patricia \u017divkovi\u0107<\/p>\n<p>\u00a0<strong>NATIONAL RESEARCH COUNCIL OF ITALY (ITALIJA)<\/strong><\/p>\n<p><strong>UNIVERSITY OF LJUBLJANA (SLOVENIJA)<\/strong><\/p>\n<p><strong>JAROSLAV \u010cERNI WATER INSTITUTE (SRBIJA)<\/strong><\/p>\n<p><strong>WATER UTILITY OF ISTRIA FOR THE PRODUCTION AND DISTRIBUTION OF WATER<span> (HRVATSKA)<\/span><\/strong><\/p>\n<p><strong>MUNICIPALITY OF KAMNIK (SLOVENIJA)<\/strong><\/p>\n<p><strong>UNIVERSITY OF THESSALY-SPECIAL ACCOUNT FUNDS FOR RESEARCH (GR\u010cKA)<\/strong><strong>\u00a0<\/strong><\/p>\n<p><strong>PUBLIC UTILITY \u201cVODOVOD I KANALIZACIJA\u201c NIK\u0160I\u0106 (CRNA GORA)<\/strong><\/p>\n<p><strong>CIVIL PROTECTION DEPARTMENT OF THE ITALIAN PRESIDENCY OF THE COUNCIL OF MINISTERS (ITALIJA)<\/strong><strong>\u00a0<\/strong><\/p>\n<p><strong>MUNICIPAL WATER SUPPLY AND SEWERAGE COMPANY OF LARISSA (GR\u010cKA)<\/strong><\/p>\n<p>[\/et_pb_tab][et_pb_tab title=&#8221;Trajanje projekta&#8221; _builder_version=&#8221;4.11.1&#8243; global_colors_info=&#8221;{}&#8221;]<\/p>\n<p style=\"text-align: left;\"><span><strong>Datum po\u010detka i kraja projekta: <\/strong>3\/2020. \u2013 8\/2022.<\/span><\/p>\n<p style=\"text-align: left;\"><span><strong><\/strong><br \/><\/span><\/p>\n<p><span>\u00a0<\/span><\/p>\n<p>[\/et_pb_tab][et_pb_tab title=&#8221;Kategorija&#8221; _builder_version=&#8221;4.11.1&#8243; global_colors_info=&#8221;{}&#8221;]<\/p>\n<p><span><strong>Kategorija projekta:<\/strong> EU Interreg projekt<\/span><\/p>\n<p><span>\u00a0<\/span><\/p>\n<p>[\/et_pb_tab][et_pb_tab title=&#8221;Status&#8221; _builder_version=&#8221;4.11.1&#8243; global_colors_info=&#8221;{}&#8221;]<\/p>\n<p><span><strong>Status:<\/strong> Aktivan<em><\/em><\/span><\/p>\n<p>[\/et_pb_tab][et_pb_tab title=&#8221;Iznos financiranja&#8221; _builder_version=&#8221;4.11.1&#8243; global_colors_info=&#8221;{}&#8221;]<\/p>\n<p><span>Ugovoreni iznos financiranja: <\/span>2.045.108,00 \u20ac<\/p>\n<p><span>Projekt je sufinanciran sredstvima ERDF i IPA II fondova Europske unije <\/span><\/p>\n<p><span>\u00a0<\/span><\/p>\n<p>[\/et_pb_tab][\/et_pb_tabs][\/et_pb_column][\/et_pb_row][\/et_pb_section]<\/p>\n","protected":false},"excerpt":{"rendered":"<p>ZAVOD ZA HIDROGEOLOGIJU I IN\u017dENJERSKU GEOLOGIJU Projekti EU fondovaMU-HA: Multihazard framework for water related risks management Projekt MUHA zapo\u010deo je u o\u017eujku 2020. u sklopu drugog poziva programa ADRION (2014.-2020.). U projektu sudjeluje deset partnera iz pet zemalja, iz Hrvatske punopravni partneri su Hrvatski geolo\u0161ki institut i Istarski vodovod Buzet dok Hrvatske vode, Slu\u017eba civilne [&hellip;]<\/p>\n","protected":false},"author":1,"featured_media":0,"parent":0,"menu_order":0,"comment_status":"closed","ping_status":"closed","template":"","meta":{"_et_pb_use_builder":"on","_et_pb_old_content":"","_et_gb_content_width":"","footnotes":""},"class_list":["post-40240","page","type-page","status-publish","hentry"],"aioseo_notices":[],"_links":{"self":[{"href":"https:\/\/www.hgi-cgs.hr\/en\/wp-json\/wp\/v2\/pages\/40240","targetHints":{"allow":["GET"]}}],"collection":[{"href":"https:\/\/www.hgi-cgs.hr\/en\/wp-json\/wp\/v2\/pages"}],"about":[{"href":"https:\/\/www.hgi-cgs.hr\/en\/wp-json\/wp\/v2\/types\/page"}],"author":[{"embeddable":true,"href":"https:\/\/www.hgi-cgs.hr\/en\/wp-json\/wp\/v2\/users\/1"}],"replies":[{"embeddable":true,"href":"https:\/\/www.hgi-cgs.hr\/en\/wp-json\/wp\/v2\/comments?post=40240"}],"version-history":[{"count":4,"href":"https:\/\/www.hgi-cgs.hr\/en\/wp-json\/wp\/v2\/pages\/40240\/revisions"}],"predecessor-version":[{"id":40293,"href":"https:\/\/www.hgi-cgs.hr\/en\/wp-json\/wp\/v2\/pages\/40240\/revisions\/40293"}],"wp:attachment":[{"href":"https:\/\/www.hgi-cgs.hr\/en\/wp-json\/wp\/v2\/media?parent=40240"}],"curies":[{"name":"wp","href":"https:\/\/api.w.org\/{rel}","templated":true}]}}