{"id":40227,"date":"2021-10-08T10:16:03","date_gmt":"2021-10-08T10:16:03","guid":{"rendered":"https:\/\/www.hgi-cgs.hr\/?page_id=40227"},"modified":"2023-02-02T11:33:13","modified_gmt":"2023-02-02T11:33:13","slug":"projekti-eu-fondova-boderec-ce","status":"publish","type":"page","link":"https:\/\/www.hgi-cgs.hr\/en\/projekti-eu-fondova-boderec-ce\/","title":{"rendered":"Projekti EU fondova &#8211; boDEREC-CE"},"content":{"rendered":"<p>[et_pb_section fb_built=&#8221;1&#8243; fullwidth=&#8221;on&#8221; _builder_version=&#8221;4.16&#8243; custom_padding=&#8221;0px||0px|||&#8221; global_colors_info=&#8221;{}&#8221;][et_pb_fullwidth_slider _builder_version=&#8221;4.16&#8243; min_height=&#8221;112px&#8221; height=&#8221;400px&#8221; custom_margin=&#8221;0px||||false|false&#8221; custom_padding=&#8221;0px||18px||false|false&#8221; auto=&#8221;on&#8221; auto_ignore_hover=&#8221;on&#8221; locked=&#8221;off&#8221; global_colors_info=&#8221;{}&#8221;][et_pb_slide heading=&#8221;Hrvatski geolo\u0161ki institut&#8221; _builder_version=&#8221;4.16&#8243; header_font=&#8221;|||on|||||&#8221; background_image=&#8221;https:\/\/www.hgi-cgs.hr\/wp-content\/uploads\/2020\/03\/Br\u010di\u0107_Drvenik02-scaled.jpg&#8221; background_enable_image=&#8221;on&#8221; locked=&#8221;off&#8221; global_colors_info=&#8221;{}&#8221; sticky_transition=&#8221;on&#8221;][\/et_pb_slide][et_pb_slide heading=&#8221;Hrvatski geolo\u0161ki institut&#8221; _builder_version=&#8221;4.16&#8243; header_font=&#8221;|||on|||||&#8221; background_image=&#8221;https:\/\/www.hgi-cgs.hr\/wp-content\/uploads\/2020\/03\/ban2-scaled.jpg&#8221; background_enable_image=&#8221;on&#8221; locked=&#8221;off&#8221; global_colors_info=&#8221;{}&#8221; sticky_transition=&#8221;on&#8221;][\/et_pb_slide][et_pb_slide heading=&#8221;Hrvatski geolo\u0161ki institut&#8221; _builder_version=&#8221;4.16&#8243; header_font=&#8221;|||on|||||&#8221; background_image=&#8221;https:\/\/www.hgi-cgs.hr\/wp-content\/uploads\/2020\/03\/20190228_094232-scaled.jpg&#8221; background_enable_image=&#8221;on&#8221; locked=&#8221;off&#8221; global_colors_info=&#8221;{}&#8221; sticky_transition=&#8221;on&#8221;][\/et_pb_slide][et_pb_slide heading=&#8221;Hrvatski geolo\u0161ki institut&#8221; _builder_version=&#8221;4.16&#8243; header_font=&#8221;|||on|||||&#8221; background_image=&#8221;https:\/\/www.hgi-cgs.hr\/wp-content\/uploads\/2020\/03\/ban3-scaled.jpg&#8221; background_enable_image=&#8221;on&#8221; locked=&#8221;off&#8221; global_colors_info=&#8221;{}&#8221; sticky_transition=&#8221;on&#8221;][\/et_pb_slide][et_pb_slide heading=&#8221;Hrvatski geolo\u0161ki institut&#8221; _builder_version=&#8221;4.16&#8243; header_font=&#8221;|||on|||||&#8221; background_image=&#8221;https:\/\/www.hgi-cgs.hr\/wp-content\/uploads\/2020\/03\/Bijele_stijene-Gorski_kotar-scaled.jpg&#8221; background_enable_image=&#8221;on&#8221; locked=&#8221;off&#8221; global_colors_info=&#8221;{}&#8221; sticky_transition=&#8221;on&#8221;][\/et_pb_slide][et_pb_slide heading=&#8221;Hrvatski geolo\u0161ki institut&#8221; _builder_version=&#8221;4.16&#8243; header_font=&#8221;|||on|||||&#8221; background_image=&#8221;https:\/\/www.hgi-cgs.hr\/wp-content\/uploads\/2020\/03\/ban4-scaled.jpg&#8221; background_enable_image=&#8221;on&#8221; locked=&#8221;off&#8221; global_colors_info=&#8221;{}&#8221; sticky_transition=&#8221;on&#8221;][\/et_pb_slide][et_pb_slide heading=&#8221;Hrvatski geolo\u0161ki institut&#8221; _builder_version=&#8221;4.16&#8243; header_font=&#8221;|||on|||||&#8221; background_image=&#8221;https:\/\/www.hgi-cgs.hr\/wp-content\/uploads\/2020\/03\/ban5-scaled.jpg&#8221; background_enable_image=&#8221;on&#8221; locked=&#8221;off&#8221; global_colors_info=&#8221;{}&#8221; sticky_transition=&#8221;on&#8221;][\/et_pb_slide][\/et_pb_fullwidth_slider][\/et_pb_section][et_pb_section fb_built=&#8221;1&#8243; _builder_version=&#8221;4.16&#8243; custom_padding=&#8221;||7px|||&#8221; global_colors_info=&#8221;{}&#8221;][et_pb_row _builder_version=&#8221;4.16&#8243; global_colors_info=&#8221;{}&#8221;][et_pb_column type=&#8221;4_4&#8243; _builder_version=&#8221;4.16&#8243; global_colors_info=&#8221;{}&#8221;][et_pb_text _builder_version=&#8221;4.16&#8243; text_font_size=&#8221;32px&#8221; header_2_text_color=&#8221;#1e5096&#8243; global_colors_info=&#8221;{}&#8221;]<\/p>\n<h2 style=\"text-align: center; color: #1e5096;\"><strong>ZAVOD ZA HIDROGEOLOGIJU I IN\u017dENJERSKU GEOLOGIJU<\/strong><\/h2>\n<h2 style=\"text-align: center; color: #1e5096;\"><strong>Projekti EU fondova<\/strong><\/h2>\n<p>[\/et_pb_text][\/et_pb_column][\/et_pb_row][\/et_pb_section][et_pb_section fb_built=&#8221;1&#8243; _builder_version=&#8221;4.16&#8243; custom_padding=&#8221;5px||41px|||&#8221; global_colors_info=&#8221;{}&#8221;][et_pb_row _builder_version=&#8221;4.16&#8243; custom_margin=&#8221;||20px&#8221; custom_padding=&#8221;||50px&#8221; global_colors_info=&#8221;{}&#8221;][et_pb_column type=&#8221;4_4&#8243; _builder_version=&#8221;4.16&#8243; custom_padding=&#8221;|||&#8221; global_colors_info=&#8221;{}&#8221; custom_padding__hover=&#8221;|||&#8221;][et_pb_text _builder_version=&#8221;4.16&#8243; text_font=&#8221;|300|||||||&#8221; ul_font=&#8221;||||||||&#8221; header_font=&#8221;||||||||&#8221; header_text_align=&#8221;center&#8221; header_2_font=&#8221;|800|||||||&#8221; header_2_text_align=&#8221;center&#8221; header_2_text_color=&#8221;#1e5096&#8243; header_2_font_size=&#8221;54px&#8221; header_3_font=&#8221;|300|||||||&#8221; text_orientation=&#8221;center&#8221; custom_margin=&#8221;-4px||18px|||&#8221; custom_padding=&#8221;||0px|||&#8221; animation_direction=&#8221;bottom&#8221; header_2_font_size_tablet=&#8221;&#8221; header_2_font_size_phone=&#8221;30px&#8221; header_2_font_size_last_edited=&#8221;on|phone&#8221; header_2_text_shadow_style=&#8221;preset1&#8243; header_2_text_shadow_horizontal_length=&#8221;0.03em&#8221; header_2_text_shadow_vertical_length=&#8221;0.03em&#8221; header_2_text_shadow_blur_strength=&#8221;0.05em&#8221; header_2_text_shadow_color=&#8221;rgba(0,0,0,0.3)&#8221; global_colors_info=&#8221;{}&#8221;]<\/p>\n<h3><strong>boDEREC-CE \u2013 Board for Detection and Assessment of Pharmaceutical Drug Residues in Drinking Water \u2013 Capacity Building for Water Management in Central Europe<\/strong><\/h3>\n<h3><\/h3>\n<p>[\/et_pb_text][et_pb_image src=&#8221;https:\/\/www.hgi-cgs.hr\/wp-content\/uploads\/2020\/11\/boderec_eu-1.jpg&#8221; alt=&#8221;boDEREC-CE logo&#8221; title_text=&#8221;boderec_eu&#8221; url_new_window=&#8221;on&#8221; align=&#8221;center&#8221; _builder_version=&#8221;4.16&#8243; width=&#8221;30%&#8221; custom_margin=&#8221;||19px|||&#8221; custom_padding=&#8221;||0px|||&#8221; global_colors_info=&#8221;{}&#8221;][\/et_pb_image][et_pb_tabs _builder_version=&#8221;4.19.4&#8243; custom_margin=&#8221;4px||||false|false&#8221; hover_enabled=&#8221;0&#8243; global_colors_info=&#8221;{}&#8221; sticky_enabled=&#8221;0&#8243;][et_pb_tab title=&#8221;O projektu&#8221; _builder_version=&#8221;4.16&#8243; _module_preset=&#8221;default&#8221; global_colors_info=&#8221;{}&#8221;]<\/p>\n<p>U sklopu EU programa Interreg Central Europe 2014-2020, prioritetne osi 3. Suradnja u podru\u010dju prirodnih i kulturnih resursa za odr\u017eivi rast u Sredi\u0161njoj Europi, odobreno je sufinanciranje projekta boDEREC-CE (engl. Board for Detection and Assessment of Pharmaceutical Drug Residues in Drinking Water \u2013 Capacity Building for Water Management in Central Europe) vrijednog 2.328.140,81 \u20ac. Trogodi\u0161nje trajanje projekta predvi\u0111eno je do 2022. godine, tijekom kojeg \u0107e suradnju ostvariti 12 partnera iz sedam dr\u017eava Europske Unije (Austrija, \u010ce\u0161ka, Italija, Njema\u010dka, Poljska, Slovenija i Hrvatska). Zavod za hidrogeologiju i in\u017eenjersku geologiju Hrvatskog geolo\u0161kog instituta ima ulogu vode\u0107eg partnera na projektu, dok \u0107e Vodovod i kanalizacija d.o.o. Split sudjelovati kao projektni partner.<\/p>\n<p>Voda, iako jedan od najvrednijih prirodnih resursa, pod sve ve\u0107im je pritiskom ubrzanog tehnolo\u0161kog razvoja. Novija istra\u017eivanja pokazuju kako vodeni okoli\u0161 sadr\u017ei tvari antropogenog podrijetla \u010dija prisutnost do prije nekoliko godina nije bila istra\u017eivana zbog ograni\u010denja postoje\u0107ih analiti\u010dkih metoda.<\/p>\n<p>Zaga\u0111enje farmaceutskim proizvodima i proizvodima za osobnu njegu (engl. Pharmaceuticals and personal care products &#8211; PPCP) dospijeva u okoli\u0161 kroz izlu\u010divanje \u017eivih organizama, otpad iz ku\u0107anstva i industrije, kanalizaciju, otpadne vode iz \u017eivotinjskih farmi te izravnim odlaganjem tih proizvoda. Premda se dio tih spojeva razgra\u0111uje i degradira, mnogi \u0107e ostati u tlu i vodi te stvoriti potencijalni rizik za okoli\u0161 i zdravlje. Ve\u0107ina postrojenja za pro\u010di\u0161\u0107avanje otpadnih voda ih ne mo\u017ee eliminirati. Problematici pra\u0107enja i uklanjanja PPCP-ova u vodi, projekt boDEREC-CE pristupit \u0107e razvijanjem zajedni\u010dkog smjera djelovanja i politike na razini EU-a.<\/p>\n<p>Ciljevi projektnih aktivnosti su unaprijediti znanja o identifikaciji, pra\u0107enju pona\u0161anja, modeliranju pronosa i tehnolo\u0161kim mogu\u0107nostima uklanjanja PPCP-ova u vodnim resursima kori\u0161tenim u vodoopskrbi<\/p>\n<p>Me\u0111u osam pilot podru\u010dja uspostavljenih u sedam dr\u017eava Europske Unije, nalazi se i hrvatsko pilot podru\u010dje slijeva rijeke Jadro, koji se koristi za vodoopskrbu grada Splita. U projektne aktivnosti planira se uklju\u010diti sve relevantne dionike kroz konferencije, webinare, panel diskusije te radionice za stru\u010dnjake i \u0161iru javnost.<\/p>\n<p>[\/et_pb_tab][et_pb_tab title=&#8221;Voditelj&#8221; _builder_version=&#8221;4.16&#8243; global_colors_info=&#8221;{}&#8221;]<\/p>\n<p><strong><em><span>Glavni istra\u017eiva\u010d \/ voditelj: <\/span><\/em><\/strong><em>d<\/em><em>r.sc. Josip Terzi\u0107<\/em><strong><em><br \/><\/em><\/strong><\/p>\n<p>[\/et_pb_tab][et_pb_tab title=&#8221;Suradnici&#8221; _builder_version=&#8221;4.16&#8243; global_colors_info=&#8221;{}&#8221;]<\/p>\n<p><strong>Hrvatski geolo\u0161ki institut<\/strong><\/p>\n<p>Ivana Boljat<\/p>\n<p>Marina Filipovi\u0107<\/p>\n<p>Jasmina Luka\u010d Reberski<\/p>\n<p>Tomislav Novosel<\/p>\n<p>Matko Patekar<\/p>\n<p>Nata\u0161a Pomper<\/p>\n<p>Ana Selak<\/p>\n<p>Vodovod i kanalizacija d.o.o. Split<\/p>\n<p>\u010ce\u0161ko sveu\u010dili\u0161te \u017eivotnih znanosti u Pragu (\u010cesk\u00e1 zem\u011bd\u011blsk\u00e1 univerzita v Praze)<\/p>\n<p>Javno poduze\u0107e Vodovod Kanalizacija Snaga Ljubljana (Javno podjetje VODOVOD KANALIZACIJA SNAGA d.o.o.)<\/p>\n<p>\u0160lesko sveu\u010dili\u0161te Katowice (Uniwersytet \u015al\u0105ski)<\/p>\n<p>Sveu\u010dili\u0161te u Ljubljani (Univerza v Ljubljani)<\/p>\n<p>\u0160leski vodovod PLC (G\u00f3rno\u015bl\u0105skie Przedsi\u0119biorstwo Wodoci\u0105g\u00f3w S.A.)<\/p>\n<p>Tehni\u010dko sveu\u010dili\u0161te u M\u00fcnchenu (Technische Universit\u00e4t M\u00fcnchen)<\/p>\n<p>Regionalna agencija za prevenciju, okoli\u0161 i energiju u Emilia-Romagni (Agenzia Regionale per la Prevenzione, l\u00b4Ambiente e l\u2019Energia dell\u00b4Emilia-Romagna)<\/p>\n<p>Okrug za upravljanje slijevom rijeke Po (Autorit\u00e0 di bacino distrettuale del fiume Po)<\/p>\n<p>Centar za primijenjenu znanost i tehnologiju na Sveu\u010dili\u0161tu primijenjenih znanosti Dresden (Zentrum f\u00fcr Angewandte Forschung und Technologie e.V. an der HTW Dresden)<\/p>\n<p>Sveu\u010dili\u0161te prirodnih resursa i \u017eivotnih znanosti Be\u010d (Universit\u00e4t f\u00fcr Bodenkultur Wien)<\/p>\n<p>&nbsp;<\/p>\n<p>[\/et_pb_tab][et_pb_tab title=&#8221;Trajanje projekta&#8221; _builder_version=&#8221;4.16&#8243; global_colors_info=&#8221;{}&#8221;]<\/p>\n<p style=\"text-align: left;\"><span><strong>Datum po\u010detka i kraja projekta: <\/strong><\/span>4\/2019 \u2013 3\/2022<\/p>\n<p style=\"text-align: left;\"><span><strong><\/strong><br \/><\/span><\/p>\n<p><span>\u00a0<\/span><\/p>\n<p>[\/et_pb_tab][et_pb_tab title=&#8221;Kategorija&#8221; _builder_version=&#8221;4.16&#8243; global_colors_info=&#8221;{}&#8221;]<\/p>\n<p><span><strong>Kategorija projekta:<\/strong> EU Interreg projekt<\/span><\/p>\n<p><span>\u00a0<\/span><\/p>\n<p>[\/et_pb_tab][et_pb_tab title=&#8221;Iznos financiranja&#8221; _builder_version=&#8221;4.16&#8243; global_colors_info=&#8221;{}&#8221;]<\/p>\n<p><span>Ugovoreni iznos financiranja: <\/span>2.328.140,81 \u20ac<\/p>\n<p>Projekt je sufinanciran sredstvima ERDF fonda Europske unije.<\/p>\n<p><span>\u00a0<\/span><\/p>\n<p>[\/et_pb_tab][et_pb_tab title=&#8221;Status&#8221; _builder_version=&#8221;4.19.4&#8243; hover_enabled=&#8221;0&#8243; global_colors_info=&#8221;{}&#8221; sticky_enabled=&#8221;0&#8243;]<\/p>\n<p><span><strong>Status:<\/strong> Zavr\u0161en<em><\/em><\/span><\/p>\n<p>[\/et_pb_tab][\/et_pb_tabs][\/et_pb_column][\/et_pb_row][\/et_pb_section]<\/p>\n","protected":false},"excerpt":{"rendered":"<p>ZAVOD ZA HIDROGEOLOGIJU I IN\u017dENJERSKU GEOLOGIJU Projekti EU fondovaboDEREC-CE \u2013 Board for Detection and Assessment of Pharmaceutical Drug Residues in Drinking Water \u2013 Capacity Building for Water Management in Central Europe U sklopu EU programa Interreg Central Europe 2014-2020, prioritetne osi 3. Suradnja u podru\u010dju prirodnih i kulturnih resursa za odr\u017eivi rast u Sredi\u0161njoj Europi, [&hellip;]<\/p>\n","protected":false},"author":1,"featured_media":0,"parent":0,"menu_order":0,"comment_status":"closed","ping_status":"closed","template":"","meta":{"_et_pb_use_builder":"on","_et_pb_old_content":"","_et_gb_content_width":"","footnotes":""},"class_list":["post-40227","page","type-page","status-publish","hentry"],"aioseo_notices":[],"_links":{"self":[{"href":"https:\/\/www.hgi-cgs.hr\/en\/wp-json\/wp\/v2\/pages\/40227","targetHints":{"allow":["GET"]}}],"collection":[{"href":"https:\/\/www.hgi-cgs.hr\/en\/wp-json\/wp\/v2\/pages"}],"about":[{"href":"https:\/\/www.hgi-cgs.hr\/en\/wp-json\/wp\/v2\/types\/page"}],"author":[{"embeddable":true,"href":"https:\/\/www.hgi-cgs.hr\/en\/wp-json\/wp\/v2\/users\/1"}],"replies":[{"embeddable":true,"href":"https:\/\/www.hgi-cgs.hr\/en\/wp-json\/wp\/v2\/comments?post=40227"}],"version-history":[{"count":6,"href":"https:\/\/www.hgi-cgs.hr\/en\/wp-json\/wp\/v2\/pages\/40227\/revisions"}],"predecessor-version":[{"id":41853,"href":"https:\/\/www.hgi-cgs.hr\/en\/wp-json\/wp\/v2\/pages\/40227\/revisions\/41853"}],"wp:attachment":[{"href":"https:\/\/www.hgi-cgs.hr\/en\/wp-json\/wp\/v2\/media?parent=40227"}],"curies":[{"name":"wp","href":"https:\/\/api.w.org\/{rel}","templated":true}]}}